{"id":125,"date":"2018-09-18T11:48:11","date_gmt":"2018-09-18T09:48:11","guid":{"rendered":"http:\/\/wordpress.nibis.de\/gsoldendorf\/?page_id=125"},"modified":"2026-01-17T14:06:54","modified_gmt":"2026-01-17T13:06:54","slug":"ganztag","status":"publish","type":"page","link":"https:\/\/wordpress.nibis.de\/gsoldendorf\/ganztag\/","title":{"rendered":"Ganztag"},"content":{"rendered":"\n<p class=\"has-medium-font-size\"><strong>Lernzeit<\/strong><\/p>\n\n\n\n<p>In der Zeit von 13:45 Uhr bis 14:30 Uhr haben die Sch\u00fclerinnen und Sch\u00fcler die M\u00f6glichkeit ihre Hausaufgaben zu erledigen.<\/p>\n\n\n\n<p class=\"has-medium-font-size\"><strong>Arbeitsgemeinschaft<\/strong><\/p>\n\n\n\n<p>Von montags bis donnerstags werden von 14:30 Uhr bis 15:30 Uhr verschiedene Arbeitsgemeinschaften angeboten.<\/p>\n\n\n\n<p>Im 2. Schulhalbjahr 2025\/2026 werden folgende AGs angeboten:<\/p>\n\n\n\n<p><strong>Montags:<\/strong><\/p>\n\n\n\n<p class=\"has-black-color has-pale-cyan-blue-background-color has-text-color has-background\">Bingo und Spiele<\/p>\n\n\n\n<p><strong>Dienstags:<\/strong><\/p>\n\n\n\n<p class=\"has-light-green-cyan-background-color has-background\">Theater und mehr<\/p>\n\n\n\n<p class=\"has-pale-cyan-blue-background-color has-background\">Lego-Robotik<\/p>\n\n\n\n<p><strong>Mittwochs:<\/strong><\/p>\n\n\n\n<p class=\"has-pale-cyan-blue-background-color has-background\">Kleine Experimente<\/p>\n\n\n\n<p class=\"has-light-green-cyan-background-color has-background\">Theater und mehr<\/p>\n\n\n\n<p><strong>Donnerstags:<\/strong><\/p>\n\n\n\n<p class=\"has-pale-cyan-blue-background-color has-background\">Gruppenspiele<\/p>\n\n\n\n<p class=\"has-light-green-cyan-background-color has-background\">Lego<\/p>\n\n\n\n<p><\/p>\n","protected":false},"excerpt":{"rendered":"<p>Lernzeit In der Zeit von 13:45 Uhr bis 14:30 Uhr haben die Sch\u00fclerinnen und Sch\u00fcler die M\u00f6glichkeit ihre Hausaufgaben zu erledigen. Arbeitsgemeinschaft Von montags bis donnerstags werden von 14:30 Uhr bis 15:30 Uhr verschiedene Arbeitsgemeinschaften angeboten. Im 2. Schulhalbjahr 2025\/2026 werden folgende AGs angeboten: Montags: Bingo und Spiele Dienstags: Theater und mehr Lego-Robotik Mittwochs: Kleine [&hellip;]<\/p>\n","protected":false},"author":9192721,"featured_media":0,"parent":0,"menu_order":0,"comment_status":"closed","ping_status":"closed","template":"","meta":{"footnotes":""},"class_list":["post-125","page","type-page","status-publish","hentry"],"_links":{"self":[{"href":"https:\/\/wordpress.nibis.de\/gsoldendorf\/wp-json\/wp\/v2\/pages\/125","targetHints":{"allow":["GET"]}}],"collection":[{"href":"https:\/\/wordpress.nibis.de\/gsoldendorf\/wp-json\/wp\/v2\/pages"}],"about":[{"href":"https:\/\/wordpress.nibis.de\/gsoldendorf\/wp-json\/wp\/v2\/types\/page"}],"author":[{"embeddable":true,"href":"https:\/\/wordpress.nibis.de\/gsoldendorf\/wp-json\/wp\/v2\/users\/9192721"}],"replies":[{"embeddable":true,"href":"https:\/\/wordpress.nibis.de\/gsoldendorf\/wp-json\/wp\/v2\/comments?post=125"}],"version-history":[{"count":18,"href":"https:\/\/wordpress.nibis.de\/gsoldendorf\/wp-json\/wp\/v2\/pages\/125\/revisions"}],"predecessor-version":[{"id":3539,"href":"https:\/\/wordpress.nibis.de\/gsoldendorf\/wp-json\/wp\/v2\/pages\/125\/revisions\/3539"}],"wp:attachment":[{"href":"https:\/\/wordpress.nibis.de\/gsoldendorf\/wp-json\/wp\/v2\/media?parent=125"}],"curies":[{"name":"wp","href":"https:\/\/api.w.org\/{rel}","templated":true}]}}