{"id":130,"date":"2018-09-18T11:56:18","date_gmt":"2018-09-18T09:56:18","guid":{"rendered":"http:\/\/wordpress.nibis.de\/gsoldendorf\/?page_id=130"},"modified":"2018-09-18T14:07:26","modified_gmt":"2018-09-18T12:07:26","slug":"datenschutz","status":"publish","type":"page","link":"https:\/\/wordpress.nibis.de\/gsoldendorf\/datenschutz\/","title":{"rendered":"Datenschutz"},"content":{"rendered":"<p><strong><span style=\"font-size: 14pt\">Datenschutzerkl\u00e4rung<\/span><\/strong><br \/>\n<strong><span style=\"font-size: 12pt\">Name<\/span> und Anschrift des Verantwortlichen<\/strong><\/p>\n<p>Grundschule Oldendorf<br \/>\nAm Kreimerhof 14<br \/>\n49324 Melle<\/p>\n<p>Tel:05422\/8395<\/p>\n<p>&#x73;&#101;k&#x72;&#101;t&#x61;&#x72;&#105;&#x61;&#x74;&#64;g&#x73;&#45;o&#x6c;&#x64;&#101;&#x6e;&#x64;&#111;r&#x66;&#46;d&#x65;<\/p>\n<p><strong>Vertretungsberechtigt<\/strong><br \/>\nChristiane Langener-H\u00f6lscher<br \/>\nSchulleiterin<\/p>\n<p><strong>Verantwortliche datenverarbeitende Stelle \/ beh\u00f6rdliche\/-r Datenschutzbeauftragte-\/r\u00a0\u00a0\u00a0\u00a0\u00a0\u00a0\u00a0\u00a0\u00a0\u00a0\u00a0\u00a0\u00a0\u00a0\u00a0\u00a0\u00a0\u00a0\u00a0\u00a0\u00a0\u00a0\u00a0\u00a0\u00a0\u00a0\u00a0\u00a0\u00a0\u00a0\u00a0\u00a0\u00a0\u00a0\u00a0\u00a0\u00a0\u00a0\u00a0\u00a0\u00a0\u00a0\u00a0\u00a0\u00a0\u00a0\u00a0\u00a0\u00a0\u00a0\u00a0\u00a0\u00a0\u00a0<\/strong><br \/>\nDie Stadt Melle als verantwortliche datenverarbeitende Stelle k\u00f6nnen Sie per E-Mail &#x75;&#x6e;&#116;&#101;r\u00a0&#x69;&#110;&#102;o&#x40;&#x73;&#x74;&#97;&#100;t&#x2d;&#x6d;&#x65;&#108;&#108;e&#x2e;&#x64;&#x65;\u00a0bzw. postalisch unter\u00a0Stadt Melle, Sch\u00fcrenkamp 16, 49324 Melle, kontaktieren.<br \/>\nSie k\u00f6nnen au\u00dferdem den Datenschutzbeauftragten der Stadt Melle per E-Mail &#x75;&#x6e;&#x74;&#x65;&#x72;\u00a0&#x64;&#x61;&#x74;&#x65;&#x6e;&#x73;&#x63;&#104;&#117;&#116;&#122;&#64;&#115;&#116;&#97;&#100;&#116;&#45;melle&#46;de\u00a0bzw. postalisch unter Stadt Melle,\u00a0 Datenschutzbeauftragter,\u00a0Sch\u00fcrenkamp 16, 49324 Melle, kontaktieren.<\/p>\n<p><strong>Name und Anschrift unseres Host-Providers<\/strong><br \/>\nNieders\u00e4chsisches Landesinstitut f\u00fcr schulische Qualit\u00e4tsentwicklung (NLQ)<br \/>\nvertreten durch die Pr\u00e4sidentin Frau Dr. Elke Richlick<br \/>\nKe\u00dflerstra\u00dfe 52<br \/>\n31134 Hildesheim<\/p>\n<p><strong>Bereitstellung der Website und Erstellung von Logfiles<\/strong><br \/>\nBei jedem Aufruf unserer Internetseite erfasst unser System automatisiert Daten und Informationen vom Computersystem des aufrufenden Rechners. Folgende Daten werden hierbei erhoben:<br \/>\n(1) Datum und Uhrzeit des Zugriffes<br \/>\n(2) Vom System protokollierte Fehler beim Aufruf unserer Seiten<br \/>\n(3) Die IP-Adresse des Nutzers<br \/>\n(4) Die Betriebssystemversion des Nutzers<br \/>\n(5) Der Browsertyp des Nutzers<br \/>\n(6) Die vom Nutzer aufgerufene Seite<br \/>\n(7) Die Weiterleitung auf eine externe Seite<br \/>\nDie Daten werden in den Logfiles gespeichert. Eine Speicherung dieser Daten zusammen mit anderen personenbezogenen Daten des Nutzers findet nicht statt. Zweck der Datenspeicherung ist technische Optimierung unserer Internetseite. Rechtsgrundlage f\u00fcr die vor\u00fcbergehende Speicherung der Daten ist Art. 6 Abs.1 lit.f DSGVO.<br \/>\nDie Daten werden f\u00fcr 52 Wochen gespeichert, sie werden lediglich statistisch ausgewertet. Danach werden sie gel\u00f6scht.<\/p>\n<p><strong>Verwendung von Cookies<\/strong><br \/>\nBeim Anmelden in WordPress werden Cookies eingerichtet, um die Anmeldeinformationen und Anzeigeoptionen zu speichern. Anmelde-Cookies verfallen nach zwei Tagen und Cookies f\u00fcr die Anzeigeoptionen nach einem Jahr. Falls Sie bei der Anmeldung \u201eAngemeldet bleiben\u201c ausgew\u00e4hlt haben, wird Ihre Anmeldung zwei Wochen lang aufrechterhalten. Mit der Abmeldung aus Ihrem Konto werden die Anmelde-Cookies gel\u00f6scht.<\/p>\n<p><strong>Speicherung personenbezogener Daten bei Kontaktaufnahme<\/strong><br \/>\nSofern Sie per E-Mail den Kontakt mit uns aufnehmen, werden die von Ihnen \u00fcbermittelten personenbezogenen Daten automatisch gespeichert. Diese Daten werden f\u00fcr Zwecke der Bearbeitung Ihres Anliegens und der Kontaktaufnahme mit Ihnen gespeichert.<br \/>\nWenn Sie Gebrauch von unserem Kontaktformular machen, werden die folgenden personenbezogenen Daten von Ihnen gespeichert: Ihr Name, Ihre Anschrift, Ihre E-Mail-Adresse.<br \/>\nDie L\u00f6schung der Daten erfolgt, sobald deren Speicherung f\u00fcr die Bearbeitung Ihres Anliegens nicht mehr erforderlich ist.<\/p>\n<p><strong>Medien<\/strong><br \/>\nWenn Sie ein registrierter Benutzer sind und Fotos auf diese Website laden, sollten Sie vermeiden Fotos mit einer EXIF-GPS-Standort hochzuladen. Besucher dieser Website k\u00f6nnten Fotos, die auf dieser Website gespeichert sind, herunterladen und deren Standort-Informationen extrahieren.<\/p>\n<p style=\"padding-left: 30px\">\n<strong>Eingebettete Inhalte von anderen Websites<\/strong><br \/>\nBeitr\u00e4ge auf dieser Website k\u00f6nnen eingebettete Inhalte beinhalten (z. B. Videos, Bilder, Beitr\u00e4ge etc.). Eingebettete Inhalte von anderen Websites verhalten sich exakt so, als ob der Besucher die andere Website besucht h\u00e4tte. Diese Websites k\u00f6nnen Daten \u00fcber Sie sammeln, Cookies benutzen, zus\u00e4tzliche Tracking-Dienste von Dritten einbetten und Ihre Interaktion mit diesem eingebetteten Inhalt aufzeichnen, inklusive Ihrer Interaktion mit dem eingebetteten Inhalt, falls Sie ein Konto haben und auf dieser Website angemeldet sind.<\/p>\n<p style=\"padding-left: 30px\"><strong>Betroffenenrechte<\/strong><br \/>\nSie k\u00f6nnen folgende Rechte geltend machen:<\/p>\n<ul>\n<li>Auskunft\/ Akteneinsicht<br \/>\nGem. Art. 15 DSGVO haben Sie das Recht, Auskunft bzw. Akteneinsicht \u00fcber die von uns verarbeiteten personenbezogenen Daten zu erhalten.<br \/>\nBerichtigung<br \/>\nSind bei uns gespeicherte personenbezogene Daten unrichtig oder unvollst\u00e4ndig, haben Sie gem. Art. 16 DSGVO das Recht, diese berichtigen bzw. vervollst\u00e4ndigen zu lassen.<\/li>\n<li>L\u00f6schung<br \/>\nArt. 17 DSGVO normiert das Recht auf L\u00f6schung personenbezogener Daten. Dieses Recht steht Ihnen insbesondere dann zu, wenn die Speicherung der personenbezogenen Daten zur Erf\u00fcllung unserer gesetzlichen Aufgaben nicht mehr erforderlich ist oder Sie Ihre Einwilligung zur Datenverarbeitung mit Wirkung f\u00fcr die Zukunft widerrufen haben.<\/li>\n<li>Einschr\u00e4nkung der Verarbeitung<br \/>\nGem. Art. 18 DSGVO k\u00f6nnen Sie die Einschr\u00e4nkung der personenbezogenen Daten verlangen, wenn<br \/>\n\u2013 die Richtigkeit der Daten von Ihnen bestritten wird<br \/>\n\u2013 die Verarbeitung unrechtm\u00e4\u00dfig ist, Sie aber deren L\u00f6schung ablehnen<br \/>\n\u2013 wir die Daten nicht mehr ben\u00f6tigen, Sie jedoch diese zur Geltendmachung, Aus\u00fcbung oder Verteidigung von Rechtsanspr\u00fcchen ben\u00f6tigen<br \/>\n\u2013 oder Sie gem\u00e4\u00df Art. 21 DSGVO Widerspruch gegen die Verarbeitung eingelegt haben<\/li>\n<li>Widerspruch<br \/>\nSie k\u00f6nnen bei Gr\u00fcnden, die sich aus Ihrer besonderen Situation ergeben, ein Widerspruchsrecht geltend machen. Gem. Art. 21 DSGVO ist jedoch zu ber\u00fccksichtigten, ob schutzw\u00fcrdige Gr\u00fcnde f\u00fcr die Verarbeitung vorliegen oder die Verarbeitung der Geltendmachung, Aus\u00fcbung oder Verteidigung von Rechtsanspr\u00fcchen dient.<\/li>\n<li>Daten\u00fcbertragbarkeit<br \/>\nIst die Verarbeitung Ihrer Daten mit Hilfe eines automatisierten Verfahrens erfolgt, haben Sie gem. Art. 20 DSGVO das Recht, die Daten in einem g\u00e4ngigen und maschinenlesbaren Format zu erhalten und an eine andere Schule zu \u00fcbermitteln bzw. durch uns \u00fcbermitteln zu lassen.<br \/>\nWiderruf der Einwilligung<br \/>\nSie haben gem. Art. 7 Absatz 3 DSGVO das Recht, uns erteilte Einwilligungen jederzeit mit Wirkung f\u00fcr die Zukunft zu widerrufen.<\/li>\n<li>Beschwerde<br \/>\nArt. 77 DSGVO normiert ein Beschwerderecht bei der Aufsichtsbeh\u00f6rde. Die f\u00fcr uns zust\u00e4ndige Aufsichtsbeh\u00f6rde ist die Landesbeauftragte f\u00fcr den Datenschutz Niedersachsen,Prinzenstra\u00dfe 5, 30159 Hannover. E-Mail:&#x70;&#111;s&#x74;&#115;t&#x65;&#108;l&#x65;&#x40;&#108;&#x66;&#x64;&#46;n&#x69;&#101;d&#x65;&#114;s&#x61;&#x63;&#104;&#x73;&#x65;&#110;&#46;&#x64;<\/li>\n<\/ul>\n","protected":false},"excerpt":{"rendered":"<p>Datenschutzerkl\u00e4rung Name und Anschrift des Verantwortlichen Grundschule Oldendorf Am Kreimerhof 14 49324 Melle Tel:05422\/8395 se&#107;&#114;&#x65;&#x74;&#x61;&#x72;ia&#116;&#64;&#x67;&#x73;&#x2d;&#x6f;ld&#101;&#110;&#100;&#x6f;&#x72;&#x66;&#x2e;de Vertretungsberechtigt Christiane Langener-H\u00f6lscher Schulleiterin Verantwortliche datenverarbeitende Stelle \/ beh\u00f6rdliche\/-r Datenschutzbeauftragte-\/r\u00a0\u00a0\u00a0\u00a0\u00a0\u00a0\u00a0\u00a0\u00a0\u00a0\u00a0\u00a0\u00a0\u00a0\u00a0\u00a0\u00a0\u00a0\u00a0\u00a0\u00a0\u00a0\u00a0\u00a0\u00a0\u00a0\u00a0\u00a0\u00a0\u00a0\u00a0\u00a0\u00a0\u00a0\u00a0\u00a0\u00a0\u00a0\u00a0\u00a0\u00a0\u00a0\u00a0\u00a0\u00a0\u00a0\u00a0\u00a0\u00a0\u00a0\u00a0\u00a0\u00a0\u00a0 Die Stadt Melle als verantwortliche datenverarbeitende Stelle k\u00f6nnen Sie per E-Mail un&#116;&#101;&#114;\u00a0&#x69;&#x6e;fo&#64;&#115;&#116;&#x61;&#x64;&#x74;&#x2d;me&#108;&#108;&#101;&#x2e;&#x64;&#x65;\u00a0bzw. postalisch unter\u00a0Stadt Melle, Sch\u00fcrenkamp 16, 49324 Melle, kontaktieren. Sie k\u00f6nnen au\u00dferdem den Datenschutzbeauftragten der Stadt Melle per E-Mail [&hellip;]<\/p>\n","protected":false},"author":9192749,"featured_media":0,"parent":0,"menu_order":0,"comment_status":"closed","ping_status":"closed","template":"","meta":{"footnotes":""},"class_list":["post-130","page","type-page","status-publish","hentry"],"_links":{"self":[{"href":"https:\/\/wordpress.nibis.de\/gsoldendorf\/wp-json\/wp\/v2\/pages\/130","targetHints":{"allow":["GET"]}}],"collection":[{"href":"https:\/\/wordpress.nibis.de\/gsoldendorf\/wp-json\/wp\/v2\/pages"}],"about":[{"href":"https:\/\/wordpress.nibis.de\/gsoldendorf\/wp-json\/wp\/v2\/types\/page"}],"author":[{"embeddable":true,"href":"https:\/\/wordpress.nibis.de\/gsoldendorf\/wp-json\/wp\/v2\/users\/9192749"}],"replies":[{"embeddable":true,"href":"https:\/\/wordpress.nibis.de\/gsoldendorf\/wp-json\/wp\/v2\/comments?post=130"}],"version-history":[{"count":2,"href":"https:\/\/wordpress.nibis.de\/gsoldendorf\/wp-json\/wp\/v2\/pages\/130\/revisions"}],"predecessor-version":[{"id":168,"href":"https:\/\/wordpress.nibis.de\/gsoldendorf\/wp-json\/wp\/v2\/pages\/130\/revisions\/168"}],"wp:attachment":[{"href":"https:\/\/wordpress.nibis.de\/gsoldendorf\/wp-json\/wp\/v2\/media?parent=130"}],"curies":[{"name":"wp","href":"https:\/\/api.w.org\/{rel}","templated":true}]}}