{"id":577,"date":"2019-02-21T14:35:52","date_gmt":"2019-02-21T13:35:52","guid":{"rendered":"https:\/\/wordpress.nibis.de\/gsoldendorf\/?page_id=577"},"modified":"2019-03-18T15:05:48","modified_gmt":"2019-03-18T14:05:48","slug":"schulfahrtenkonzept","status":"publish","type":"page","link":"https:\/\/wordpress.nibis.de\/gsoldendorf\/schulfahrtenkonzept\/","title":{"rendered":"Schulfahrtenkonzept"},"content":{"rendered":"<p><strong><span style=\"font-size: 14pt\">Schulfahrtenkonzept der Grundschule Oldendorf\u00a0\u00a0\u00a0\u00a0\u00a0<\/span><\/strong><\/p>\n<p>1. Vorbemerkung<\/p>\n<p>Klassen- und Schulfahrten werden im Schulgesetz unter dem Begriff Schulfahrten gef\u00fchrt (vgl. RdErl. d. MK v. 1.11.2015). Schulfahrten sind Schulveranstaltungen, mit denen definierte Bildungs- und Erziehungsziele verfolgt werden; dazu z\u00e4hlen auch Sch\u00fclerfahrten und Schullandheimaufenthalte. Unterrichtsbedingte Fahrten zu au\u00dferschulischen Lernorten sind keine Schulfahrten im Sinne dieses Erlasses. Dar\u00fcber hinaus gibt es die Einrichtung von klassenbezogenen Wandertagen.<\/p>\n<p>2. Leitziele<\/p>\n<p>Schulfahrten an der Grundschule Oldendorf sollen der Klassen- und Schulgemeinschaft dienen und sie f\u00f6rdern. Auch weist jede Fahrt einen unterrichtlichen und\/oder p\u00e4dagogischen Bezug zur schulischen Arbeit mit der entsprechenden Lerngruppe auf. Im Rahmen einer Schulfahrt sollen Sch\u00fcler\/Innen einander au\u00dferschulisch kennen lernen und das aufgeschlossene solidarische Miteinander praktizieren.<\/p>\n<p>\u00a0<\/p>\n<p>3. Grunds\u00e4tzliches zu Schulfahrten<\/p>\n<p>Grunds\u00e4tzlich wird zwischen klassenbezogenen Fahrten und klassen\u00fcbergreifenden Fahrten unterschieden. An der Grundschule Oldendorf werden laut Konferenzbeschluss (Gremien: DV, Gesamtkonferenz\/Schulvorstand) unterschiedliche Schulfahrten im Laufe der Grundschulzeit eines Kindes durchgef\u00fchrt (s. Tabelle).<\/p>\n<p>Alle Klassenfahrten\/Klassen\u00fcbernachtungen werden nur durch die Schulleitung genehmigt, wenn mindestens zwei Aufsichtspersonen pro Klasse anwesend sind. Bei Personalmangel k\u00f6nnen \u00dcbernachtungen\/ Klassenfahrten nicht stattfinden. \u00dcber die p\u00e4dagogischen Ziele soll auf der Gesamtkonferenz\/Schulvorstandssitzung (20.4.2019) Einvernehmen hergestellt werden.<\/p>\n<p>4. P\u00e4dagogische Ziele<\/p>\n<p>\u00b7\u00a0\u00a0\u00a0\u00a0\u00a0\u00a0\u00a0\u00a0 Zusammenhalt der Klasse f\u00f6rdern<\/p>\n<p>\u00b7\u00a0\u00a0\u00a0\u00a0\u00a0\u00a0\u00a0\u00a0 Selbstst\u00e4ndigkeit und Weiterentwicklung der einzelnen Kinder <br \/>\u00a0\u00a0\u00a0\u00a0\u00a0\u00a0\u00a0\u00a0\u00a0 f\u00f6rdern<\/p>\n<p>\u00b7\u00a0\u00a0\u00a0\u00a0\u00a0\u00a0\u00a0\u00a0 Erweiterung der Personalkompetenz und F\u00f6rdern der Ich-St\u00e4rke <br \/>\u00a0\u00a0\u00a0\u00a0\u00a0\u00a0\u00a0\u00a0\u00a0 sowie des Selbstvertrauens<\/p>\n<p>\u00b7\u00a0\u00a0\u00a0\u00a0\u00a0\u00a0\u00a0\u00a0 Verantwortung und Aufgaben innerhalb einer Gruppe \u00fcbernehmen<\/p>\n<p>\u00b7\u00a0\u00a0\u00a0\u00a0\u00a0\u00a0\u00a0\u00a0 Regelverhalten ein\u00fcben<\/p>\n<p>\u00b7\u00a0\u00a0\u00a0\u00a0\u00a0\u00a0\u00a0\u00a0 Unterschiede zwischen Gruppenmitgliedern akzeptieren<\/p>\n<p>\u00b7\u00a0\u00a0\u00a0\u00a0\u00a0\u00a0\u00a0\u00a0 Lernverhalten in anderer Umgebung erfahren<\/p>\n<p>\u00b7\u00a0\u00a0\u00a0\u00a0\u00a0\u00a0\u00a0\u00a0 Kennenlernen einer Landschaft Niedersachsens<\/p>\n<p>\u00b7\u00a0\u00a0\u00a0\u00a0\u00a0\u00a0\u00a0\u00a0 Erweiterung von Erfahrungen und der Sachkompetenz der Kinder<\/p>\n<p>\u00a0<\/p>\n<p>5. Schulfahrten<\/p>\n<p>Entsprechend der Schulfahrten gelten folgende schulische Veranstaltungen, die au\u00dferhalb der Schule stattfinden, als Schulfahrt:<\/p>\n<p>&#8211; Wandertage<\/p>\n<p>&#8211; Exkursionen<\/p>\n<p>&#8211; Fahrten zur Teilnahme an Veranstaltungen schulischer Wettbewerbe<\/p>\n<p>&#8211; Klassenfahrten<\/p>\n<p>&#8211; Theaterfahrt<\/p>\n<p>\u00a0<\/p>\n<p>5.1 Wandertage<\/p>\n<p>Wandertage sollen die Sch\u00fclerinnen und Sch\u00fcler mit der Natur, Kultur und Geschichte der n\u00e4heren Region vertraut machen. Ein wesentliches Ziel ist die Festigung der Gruppenbeziehungen. Inhalte und zeitlicher Umfang sollen der Reife der Sch\u00fclerinnen und Sch\u00fcler angemessen sein.<\/p>\n<p>\u00a0<\/p>\n<p>5.2 Klassenfahrten<\/p>\n<p>Klassenfahrten sind von mehrt\u00e4giger Dauer (maximal 5 Tage). In deren Rahmen die Kinder neue Lebens- und Lernr\u00e4ume erfahren und anderen Menschen begegnen. \u00dcber das Zusammensein \u00fcber mindestens 24 Stunden mit den Klassenkameraden und den Lehrkr\u00e4ften erleben sich alle Beteiligten neu und es entsteht ein anderes Miteinander, welches das Gemeinschaftsgef\u00fchl st\u00e4rkt und den Gruppenzusammenhalt f\u00f6rdert. Alle Beteiligten \u00e4ndern ihr Verhalten und erhalten die Chance, sich pers\u00f6nlich weiter zu entwickeln.<\/p>\n<p>W\u00e4hrend einer Klassenfahrt erleben Kinder viele neue Situationen, die von ihnen selbstst\u00e4ndig und ohne die Hilfe der Eltern bew\u00e4ltigen m\u00fcssen (auf die eigenen Sachen achtgeben, Ordnung halten, sich an Regeln halten, sich f\u00fcr einen \u00fcberschaubaren Zeitraum von ihrer gewohnten Umgebung l\u00f6sen\u2026). Gleichzeitig erleben sie, dass sie in manchen Situationen auf die Zuverl\u00e4ssigkeit, die Verantwortungsbereitschaft und Solidarit\u00e4t ihrer Mitsch\u00fcler\/innen angewiesen sind.<\/p>\n<p>Klassenfahrten erm\u00f6glichen den Kindern viele Erfahrungen, die der F\u00f6rderung zahlreicher Kompetenzen dienen. Des Weiteren f\u00f6rdern Klassenfahrten das Gemeinschaftsgef\u00fchl einer Lerngruppe. Aus diesen Gr\u00fcnden geh\u00f6ren Klassenfahrten zum festen Baustein des p\u00e4dagogischen Konzepts der Grundschule Oldendorf.<\/p>\n<p>\u200b\u00dcber spontane oder geplante Projektthemen k\u00f6nnen Kinder ihre Eigenverantwortung und ihre Selbstbestimmung st\u00e4rken. Wanderungen, singen, spielen, basteln und andere gemeinschaftliche Aktivit\u00e4ten f\u00fchren zur St\u00e4rkung einer positiven Grundstimmung.<\/p>\n<p>\u200bIn der Regel erlebt jedes Kind der Grundschule Oldendorf eine Klassenfahrt in der dritten oder vierten Klasse. Rechtzeitig vor Antritt der Klassenfahrt findet ein Elternabend zur Information statt.<\/p>\n<p>\u00a0<\/p>\n<p>5.3 Theaterfahrten<\/p>\n<p>Die gesamte Grundschule besucht (optional) zweimal im Schuljahr ein Theater. Das Theaterst\u00fcck kann in den F\u00e4chern Deutsch und Kunst in den Unterricht einflie\u00dfen und erarbeitet werden.<\/p>\n<p>\u00a0<\/p>\n<p>6. Grunds\u00e4tze der Planung<\/p>\n<p>Die Planung einer Schulfahrt sollte gemeinsam mit den Sch\u00fclerinnen und Sch\u00fclern als auch den Eltern erfolgen. Eltern sind \u00fcber die Dauer, das Ziel und die finanzielle Belastung zu informieren. Die Kosten sind im Vorfeld mit den Eltern zu er\u00f6rtern. Es ist Gelegenheit zur geheimen Abstimmung zu geben. Die Kosten sind so zu w\u00e4hlen, dass keine unzumutbaren Belastungen entstehen, die einzelne von der Teilnahme ausschlie\u00dfen w\u00fcrden.<\/p>\n<p>Achtung: Vertr\u00e4ge, insbesondere mit Bef\u00f6rderungs- und Beherbergungsunternehmen, werden durch die Schulleitung im Namen des Schultr\u00e4gers geschlossen. Vor Vertragsabschl\u00fcssen ist die schriftliche Zustimmung zur Teilnahme bzw. zu den Kosten einzuholen! \u00a0Die Leitung einer Schulfahrt obliegt grunds\u00e4tzlich der Lehrkraft. Die schriftliche Beauftragung zus\u00e4tzlicher Begleitpersonen, die nicht im Schuldienst sind, erfolgt durch die Schulleitung.<\/p>\n<p>\u00a0<\/p>\n<p>7. \u00dcbersicht der Schulfahrten<\/p>\n<table style=\"border-collapse: collapse;width: 0%;height: 869px\" border=\"1\">\n<tbody>\n<tr style=\"height: 27px\">\n<td style=\"width: 16.6667%;text-align: center;height: 27px\">Jahrgangsstufe<\/td>\n<td style=\"width: 14.8446%;text-align: center;height: 27px\">Wandertage<\/td>\n<td style=\"width: 16.3452%;text-align: center;height: 27px\">Klassenfahrten<\/td>\n<td style=\"width: 17.8457%;text-align: center;height: 27px\">Zielort<\/td>\n<td style=\"width: 17.6313%;height: 27px\">Verantwortliche<\/td>\n<td style=\"width: 16.6667%;text-align: center;height: 27px\">Zeitraum<\/td>\n<\/tr>\n<tr style=\"height: 27px\">\n<td style=\"width: 16.6667%;text-align: center;height: 27px\">1<\/td>\n<td style=\"width: 14.8446%;text-align: center;height: 27px\">1-3<\/td>\n<td style=\"width: 16.3452%;text-align: center;height: 27px\">keine<\/td>\n<td style=\"width: 17.8457%;text-align: center;height: 27px\">n\u00e4here Region<\/td>\n<td style=\"width: 17.6313%;height: 27px\">Klassenlehrkraft,\n<p>\u00a0<\/p>\n<p>Begleitperson, <br \/>Eltern<\/p>\n<\/td>\n<td style=\"width: 16.6667%;text-align: center;height: 27px\">innerhalb des\n<p>\u00a0<\/p>\n<p>\u00a0<\/p>\n<p>Schuljahres<\/p>\n<\/td>\n<\/tr>\n<tr style=\"height: 27px\">\n<td style=\"width: 16.6667%;text-align: center;height: 27px\">2<\/td>\n<td style=\"width: 14.8446%;text-align: center;height: 27px\">1-3<\/td>\n<td style=\"width: 16.3452%;text-align: center;height: 27px\">keine<\/td>\n<td style=\"width: 17.8457%;text-align: center;height: 27px\">n\u00e4here Region<\/td>\n<td style=\"width: 17.6313%;height: 27px\">Klassenlehrkraft,\n<p>\u00a0<\/p>\n<p>Begleitperson, <br \/>Eltern<\/p>\n<\/td>\n<td style=\"width: 16.6667%;text-align: center;height: 27px\">innerhalb des\n<p>\u00a0<\/p>\n<p>\u00a0<\/p>\n<p>Schuljahres<\/p>\n<\/td>\n<\/tr>\n<tr style=\"height: 24px\">\n<td style=\"width: 16.6667%;text-align: center;height: 24px\">3<\/td>\n<td style=\"width: 14.8446%;text-align: center;height: 24px\">1-3<\/td>\n<td style=\"width: 16.3452%;text-align: center;height: 24px\">\u00a0<\/td>\n<td style=\"width: 17.8457%;text-align: center;height: 24px\">innerhalb Nieder-sachsens<\/td>\n<td style=\"width: 17.6313%;height: 24px\">Klassenlehrkraft,\n<p>\u00a0<\/p>\n<p>Begleitperson, <br \/>Eltern<\/p>\n<\/td>\n<td style=\"width: 16.6667%;text-align: center;height: 24px\">innerhalb des\n<p>\u00a0<\/p>\n<p>\u00a0<\/p>\n<p>Schuljahres<\/p>\n<\/td>\n<\/tr>\n<tr style=\"height: 27px\">\n<td style=\"width: 16.6667%;text-align: center;height: 27px\">4<\/td>\n<td style=\"width: 14.8446%;text-align: center;height: 27px\">1-3<\/td>\n<td style=\"width: 16.3452%;text-align: center;height: 27px\">1<\/td>\n<td style=\"width: 17.8457%;text-align: center;height: 27px\">innerhalb Nieder-sachsens<\/td>\n<td style=\"width: 17.6313%;height: 27px\">Klassenlehrkraft,\n<p>\u00a0<\/p>\n<p>Begleitperson, <br \/>Eltern<\/p>\n<\/td>\n<td style=\"width: 16.6667%;text-align: center;height: 27px\">innerhalb des\n<p>\u00a0<\/p>\n<p>\u00a0<\/p>\n<p>Schuljahres<\/p>\n<\/td>\n<\/tr>\n<tr style=\"height: 27px\">\n<td style=\"width: 16.6667%;text-align: center;height: 27px\">1-4<\/td>\n<td style=\"width: 14.8446%;text-align: center;height: 27px\">vormittags<\/td>\n<td style=\"width: 16.3452%;text-align: center;height: 27px\">Schulfahrt<\/td>\n<td style=\"width: 17.8457%;text-align: center;height: 27px\">Theater Osnabr\u00fcck<\/td>\n<td style=\"width: 17.6313%;height: 27px\">Schulleitung,\u00a0\u00a0<br \/>Lehrkr\u00e4fte, <br \/>PM<\/td>\n<td style=\"width: 16.6667%;text-align: center;height: 27px\">innerhalb des\n<p>\u00a0<\/p>\n<p>\u00a0<\/p>\n<p>Schuljahres<\/p>\n<\/td>\n<\/tr>\n<tr style=\"height: 27px\">\n<td style=\"width: 16.6667%;text-align: center;height: 27px\">1-4<\/td>\n<td style=\"width: 14.8446%;text-align: center;height: 27px\">ganztags<\/td>\n<td style=\"width: 16.3452%;text-align: center;height: 27px\">Schulfahrt<\/td>\n<td style=\"width: 17.8457%;text-align: center;height: 27px\">Museumsdorf Cloppenburg \/<br \/>\n<p>Heimat-Tier-Park Oldendissen<\/p>\n<\/td>\n<td style=\"width: 17.6313%;height: 27px\">Schulleitung,\u00a0\u00a0<br \/>Lehrkr\u00e4fte, <br \/>PM<\/td>\n<td style=\"width: 16.6667%;text-align: center;height: 27px\">alle zwei\n<p>\u00a0<\/p>\n<p>\u00a0<\/p>\n<p>Jahre<\/p>\n<\/td>\n<\/tr>\n<\/tbody>\n<\/table>\n<p>Stand: 21.02.2019<\/p>\n\n\n<p><\/p>\n","protected":false},"excerpt":{"rendered":"<p>Schulfahrtenkonzept der Grundschule Oldendorf\u00a0\u00a0\u00a0\u00a0\u00a0 1. Vorbemerkung Klassen- und Schulfahrten werden im Schulgesetz unter dem Begriff Schulfahrten gef\u00fchrt (vgl. RdErl. d. MK v. 1.11.2015). Schulfahrten sind Schulveranstaltungen, mit denen definierte Bildungs- und Erziehungsziele verfolgt werden; dazu z\u00e4hlen auch Sch\u00fclerfahrten und Schullandheimaufenthalte. Unterrichtsbedingte Fahrten zu au\u00dferschulischen Lernorten sind keine Schulfahrten im Sinne dieses Erlasses. Dar\u00fcber hinaus gibt [&hellip;]<\/p>\n","protected":false},"author":9192776,"featured_media":0,"parent":0,"menu_order":0,"comment_status":"closed","ping_status":"closed","template":"","meta":{"footnotes":""},"class_list":["post-577","page","type-page","status-publish","hentry"],"_links":{"self":[{"href":"https:\/\/wordpress.nibis.de\/gsoldendorf\/wp-json\/wp\/v2\/pages\/577","targetHints":{"allow":["GET"]}}],"collection":[{"href":"https:\/\/wordpress.nibis.de\/gsoldendorf\/wp-json\/wp\/v2\/pages"}],"about":[{"href":"https:\/\/wordpress.nibis.de\/gsoldendorf\/wp-json\/wp\/v2\/types\/page"}],"author":[{"embeddable":true,"href":"https:\/\/wordpress.nibis.de\/gsoldendorf\/wp-json\/wp\/v2\/users\/9192776"}],"replies":[{"embeddable":true,"href":"https:\/\/wordpress.nibis.de\/gsoldendorf\/wp-json\/wp\/v2\/comments?post=577"}],"version-history":[{"count":5,"href":"https:\/\/wordpress.nibis.de\/gsoldendorf\/wp-json\/wp\/v2\/pages\/577\/revisions"}],"predecessor-version":[{"id":644,"href":"https:\/\/wordpress.nibis.de\/gsoldendorf\/wp-json\/wp\/v2\/pages\/577\/revisions\/644"}],"wp:attachment":[{"href":"https:\/\/wordpress.nibis.de\/gsoldendorf\/wp-json\/wp\/v2\/media?parent=577"}],"curies":[{"name":"wp","href":"https:\/\/api.w.org\/{rel}","templated":true}]}}