{"id":955,"date":"2019-12-09T13:49:30","date_gmt":"2019-12-09T12:49:30","guid":{"rendered":"https:\/\/wordpress.nibis.de\/gsoldendorf\/?page_id=955"},"modified":"2026-01-15T18:57:13","modified_gmt":"2026-01-15T17:57:13","slug":"unterrichtszeiten","status":"publish","type":"page","link":"https:\/\/wordpress.nibis.de\/gsoldendorf\/unterrichtszeiten\/","title":{"rendered":"Unterrichtszeiten"},"content":{"rendered":"\n<h4 class=\"wp-block-heading\"><strong>Unterrichtszeiten am Vormittag:<\/strong><\/h4>\n\n\n\n<figure class=\"wp-block-table alignleft is-style-regular\"><table><tbody><tr><td>Fr\u00fchaufsicht:<\/td><td> 08.00 Uhr &#8211; 08.15 Uhr <\/td><\/tr><tr><td>1. Stunde:          <\/td><td> 08.15 Uhr &#8211; 09.00 Uhr <\/td><\/tr><tr><td>2. Stunde:        <\/td><td> 09.00 Uhr &#8211; 09.45 Uhr <\/td><\/tr><tr><td>Fr\u00fchst\u00fcck:      <\/td><td> 09.45 Uhr &#8211; 09.55 Uhr <\/td><\/tr><tr><td>Pause:              <\/td><td> 09.55 Uhr &#8211; 10.10 Uhr <\/td><\/tr><tr><td>3. Stunde:        <\/td><td> 10.10 Uhr &#8211; 10.55 Uhr <\/td><\/tr><tr><td>4. Stunde:       <\/td><td> 11.00 Uhr &#8211; 11.45 Uhr <\/td><\/tr><tr><td>Pause:               <\/td><td> 11.45 Uhr &#8211; 12.00 Uhr <\/td><\/tr><tr><td>5. Stunde:         <\/td><td> 12.00 Uhr &#8211; 12.45 Uhr <\/td><\/tr><tr><td>6. Stunde:         <br>(freitags)<\/td><td>12.45 Uhr &#8211; 13.30 Uhr <\/td><\/tr><\/tbody><\/table><\/figure>\n\n\n\n<p><\/p>\n\n\n\n<p>\u00a0<\/p>\n<p>\u00a0<\/p>\n<p>\u00a0<\/p>\n<p>\u00a0<\/p>\n<p>\u00a0<\/p>\n<p>\u00a0<\/p>\n<p>\u00a0<\/p>\n<p>\u00a0<\/p>\n\n\n\n\n\n<p><strong>Unterrichtszeiten im Rahmen der offenen Ganztagsschule:<\/strong><br><\/p>\n\n\n\n<figure class=\"wp-block-table is-style-regular\"><table><tbody><tr><td>Verl\u00e4ssliche Grundschule:     <\/td><td> 08.00 Uhr &#8211; 13.00 Uhr    <\/td><\/tr><tr><td>Mittagessen u. Pause:             <\/td><td> 13.00 Uhr &#8211; 13.45 Uhr   <\/td><\/tr><tr><td>Lernzeit:                                             <\/td><td> 13.45 Uhr &#8211; 14.30 Uhr  <\/td><\/tr><tr><td>Arbeitsgemeinschaft:            <\/td><td> 14.30 Uhr  &#8211; 15.30 Uhr   <\/td><\/tr><\/tbody><\/table><\/figure>\n","protected":false},"excerpt":{"rendered":"<p>Unterrichtszeiten am Vormittag: Fr\u00fchaufsicht: 08.00 Uhr &#8211; 08.15 Uhr 1. Stunde: 08.15 Uhr &#8211; 09.00 Uhr 2. Stunde: 09.00 Uhr &#8211; 09.45 Uhr Fr\u00fchst\u00fcck: 09.45 Uhr &#8211; 09.55 Uhr Pause: 09.55 Uhr &#8211; 10.10 Uhr 3. Stunde: 10.10 Uhr &#8211; 10.55 Uhr 4. Stunde: 11.00 Uhr &#8211; 11.45 Uhr Pause: 11.45 Uhr &#8211; 12.00 Uhr [&hellip;]<\/p>\n","protected":false},"author":9192749,"featured_media":0,"parent":0,"menu_order":0,"comment_status":"closed","ping_status":"closed","template":"","meta":{"footnotes":""},"class_list":["post-955","page","type-page","status-publish","hentry"],"_links":{"self":[{"href":"https:\/\/wordpress.nibis.de\/gsoldendorf\/wp-json\/wp\/v2\/pages\/955","targetHints":{"allow":["GET"]}}],"collection":[{"href":"https:\/\/wordpress.nibis.de\/gsoldendorf\/wp-json\/wp\/v2\/pages"}],"about":[{"href":"https:\/\/wordpress.nibis.de\/gsoldendorf\/wp-json\/wp\/v2\/types\/page"}],"author":[{"embeddable":true,"href":"https:\/\/wordpress.nibis.de\/gsoldendorf\/wp-json\/wp\/v2\/users\/9192749"}],"replies":[{"embeddable":true,"href":"https:\/\/wordpress.nibis.de\/gsoldendorf\/wp-json\/wp\/v2\/comments?post=955"}],"version-history":[{"count":22,"href":"https:\/\/wordpress.nibis.de\/gsoldendorf\/wp-json\/wp\/v2\/pages\/955\/revisions"}],"predecessor-version":[{"id":3533,"href":"https:\/\/wordpress.nibis.de\/gsoldendorf\/wp-json\/wp\/v2\/pages\/955\/revisions\/3533"}],"wp:attachment":[{"href":"https:\/\/wordpress.nibis.de\/gsoldendorf\/wp-json\/wp\/v2\/media?parent=955"}],"curies":[{"name":"wp","href":"https:\/\/api.w.org\/{rel}","templated":true}]}}