{"id":45,"date":"2019-09-06T14:33:08","date_gmt":"2019-09-06T12:33:08","guid":{"rendered":"https:\/\/wordpress.nibis.de\/gsostertal\/?page_id=45"},"modified":"2026-03-16T13:10:40","modified_gmt":"2026-03-16T12:10:40","slug":"impressum","status":"publish","type":"page","link":"https:\/\/wordpress.nibis.de\/gsostertal\/impressum\/","title":{"rendered":"Kontakt | Impressum"},"content":{"rendered":"\n<div class=\"entry-content\">\n<h4 style=\"text-align: center\" align=\"LEFT\"><img loading=\"lazy\" decoding=\"async\" class=\" wp-image-1388 alignright\" src=\"https:\/\/wordpress.nibis.de\/gsostertal\/files\/2023\/12\/Stundenplan-300x255.jpg\" alt=\"\" width=\"423\" height=\"359\" srcset=\"https:\/\/wordpress.nibis.de\/gsostertal\/files\/2023\/12\/Stundenplan-300x255.jpg 300w, https:\/\/wordpress.nibis.de\/gsostertal\/files\/2023\/12\/Stundenplan-1024x871.jpg 1024w, https:\/\/wordpress.nibis.de\/gsostertal\/files\/2023\/12\/Stundenplan-768x653.jpg 768w, https:\/\/wordpress.nibis.de\/gsostertal\/files\/2023\/12\/Stundenplan-1536x1307.jpg 1536w, https:\/\/wordpress.nibis.de\/gsostertal\/files\/2023\/12\/Stundenplan-2048x1742.jpg 2048w\" sizes=\"auto, (max-width: 423px) 100vw, 423px\" \/><\/h4>\n<h4><span style=\"background-color: #ffffff\"><strong>Grundschule Am Ostertal<\/strong><\/span><\/h4>\n<h4><span style=\"background-color: #ffffff\">Hinteres Ostertal 2 | 38226 Salzgitter<\/span><\/h4>\n<h4><span style=\"background-color: #ffffff\">Telefon: 05341 44686\u00a0 | Telefax: 05341 401421<\/span><\/h4>\n<h4><span style=\"background-color: #ffffff\">E-Mail: sekretariat(at)gs-ostertal.de<\/span><\/h4>\n<h4>\u00a0<\/h4>\n<h4><span style=\"background-color: #ffffff\"><strong>Au\u00dfenstelle Salder<\/strong><\/span><\/h4>\n<h4><span style=\"background-color: #ffffff\">Museumstr. 21 | 38229 Salzgitter<\/span><\/h4>\n<h4><span style=\"background-color: #ffffff\"><strong><span class=\"xr_tl\">Sekretariat<\/span><\/strong><\/span><\/h4>\n<h4><span style=\"background-color: #ffffff\">Fr. Plehn<span class=\"xr_tl\"><br \/><\/span><span class=\"xr_tl\">\u00d6ffnungszeiten:<\/span> <span class=\"xr_tl\">Montag \u2013 Freitag 8:00 \u2013 13:00 Uhr<\/span><\/span><\/h4>\n<h4>\u00a0<\/h4>\n<h4><span style=\"background-color: #ffffff\"><strong>Schulleiterin<\/strong><\/span><\/h4>\n<h4><span style=\"background-color: #ffffff\">schulleitung(at)gs-ostertal.de<\/span><\/h4>\n<p align=\"LEFT\">\u00a0<\/p>\n<h4 style=\"text-align: center\" align=\"LEFT\"><strong>IMPRESSUM<\/strong><\/h4>\n<p align=\"LEFT\">Land Niedersachsen<\/p>\n<p align=\"LEFT\">(Diensteanbieter im Sinne des Telemediengesetzes)<\/p>\n<p align=\"LEFT\">Das Land Niedersachsen ist eine juristische Person des \u00f6ffentlichen Rechts\u00a0vertreten durch<\/p>\n<h5>I. Name und Anschrift des Verantwortlichen<\/h5>\n<p>Grundschule Am Ostertal<\/p>\n<p>Hinteres Ostertal 2, 38226 Salzgitter<\/p>\n<p>Telefon: 05341 44686\u00a0 | Telefax: 05341 401421<\/p>\n<p>E-Mail: sekretaria(at)gs-ostertal.de<\/p>\n<h5>Vertretungsberechtigt<\/h5>\n<p>schulleitung(at)gs-ostertal.de<\/p>\n<h5>II. Kontaktdaten der oder des Datenschutzbeauftragten<\/h5>\n<p>Tel.: 05341 401421<br \/>E-Mail: schulleitung(at)gs-ostertal.de<\/p>\n<h5>III. Bereitstellung der Website und Erstellung von Logfiles<\/h5>\n<p>Bei jedem Aufruf unserer Internetseite erfasst unser System automatisiert Daten und Informationen vom Computersystem des aufrufenden Rechners. Folgende Daten werden hierbei erhoben:<\/p>\n<ol>\n<li>Datum und Uhrzeit des Zugriffes<\/li>\n<li>Die IP-Adresse des Nutzers<\/li>\n<li>Die Betriebssystemversion des Nutzers<\/li>\n<li>Der Browsertyp des Nutzers<\/li>\n<li>Die vom Nutzer aufgerufene Seite<\/li>\n<\/ol>\n<p>Die Daten werden in den Logfiles unseres Systems gespeichert. Eine Speicherung dieser Daten zusammen mit anderen personenbezogenen Daten des Nutzers findet nicht statt. Zweck der Datenspeicherung ist die technische Optimierung unserer Internetseite. Rechtsgrundlage f\u00fcr die vor\u00fcbergehende Speicherung der Daten ist Art. 6 Abs.1 lit.f DSGVO.<\/p>\n<p>Die Daten werden f\u00fcr zwei Monate gespeichert, sie werden lediglich statistisch ausgewertet.<\/p>\n<h5>IV. Verwendung von Cookies<\/h5>\n<p>Unsere Website verwendet Cookies. Dies sind kleine Textdateien, die automatisch von Ihrem Browser auf Ihrem Rechner gespeichert werden. Diese dienen z.B. der Optimierung der Benutzerfreundlichkeit. Einige Funktionen unserer Internetseite k\u00f6nnen ohne den Einsatz von Cookies nicht angeboten werden. F\u00fcr diese ist es erforderlich, dass der Browser auch in einer neuen Sitzung wiedererkannt wird.<\/p>\n<p>Die durch diese Cookies verarbeiteten Daten sind f\u00fcr die genannten Zwecke zur Wahrung unserer berechtigten Interessen nach Art. 6 Abs. 1 S. 1 lit. f DSGVO erforderlich. Diese bestehen in einer technischen Optimierung der Bereitstellung unserer Internetseite.<\/p>\n<p>Es besteht die M\u00f6glichkeit, den Browser so einzustellen, dass keine Cookies gespeichert werden. In diesem Fall besteht allerdings die M\u00f6glichkeit, dass Sie nicht den vollen Funktionsumfang unserer Internetseiten nutzen k\u00f6nnen.<\/p>\n<h5>V. Speicherung personenbezogener Daten bei Kontaktaufnahme<\/h5>\n<p>Sofern Sie per E-Mail den Kontakt mit uns aufnehmen, werden die von Ihnen \u00fcbermittelten personenbezogenen Daten automatisch gespeichert. Diese Daten werden f\u00fcr Zwecke der Bearbeitung Ihres Anliegens und der Kontaktaufnahme mit Ihnen gespeichert.<\/p>\n<h5><strong>VI. Betroffenenrechte<\/strong><\/h5>\n<p>Sie k\u00f6nnen folgende Rechte geltend machen:<\/p>\n<h5>Auskunft\/ Akteneinsicht<\/h5>\n<p>Gem. Art. 15 DSGVO haben Sie das Recht, Auskunft bzw. Akteneinsicht \u00fcber die von uns verarbeiteten personenbezogenen Daten zu erhalten.<\/p>\n<h5>Berichtigung<\/h5>\n<p>Sind bei uns gespeicherte personenbezogene Daten unrichtig oder unvollst\u00e4ndig, haben Sie gem. Art. 16 DSGVO das Recht, diese berichtigen bzw. vervollst\u00e4ndigen zu lassen.<\/p>\n<h5>L\u00f6schung<\/h5>\n<p>Art. 17 DSGVO normiert das Recht auf L\u00f6schung personenbezogener Daten. Dieses Recht steht Ihnen insbesondere dann zu, wenn die Speicherung der personenbezogenen Daten zur Erf\u00fcllung unserer gesetzlichen Aufgaben nicht mehr erforderlich ist oder Sie Ihre Einwilligung zur Datenverarbeitung mit Wirkung f\u00fcr die Zukunft widerrufen haben.<\/p>\n<h5>Einschr\u00e4nkung der Verarbeitung<\/h5>\n<p>Gem. Art. 18 DSGVO k\u00f6nnen Sie die Einschr\u00e4nkung der personenbezogenen Daten verlangen, wenn<\/p>\n<ul>\n<li>die Richtigkeit der Daten von Ihnen bestritten wird<\/li>\n<li>die Verarbeitung unrechtm\u00e4\u00dfig ist, Sie aber deren L\u00f6schung ablehnen<\/li>\n<li>wir die Daten nicht mehr ben\u00f6tigen, Sie jedoch diese zur Geltendmachung, Aus\u00fcbung oder Verteidigung von Rechtsanspr\u00fcchen ben\u00f6tigen<\/li>\n<li>oder Sie gem\u00e4\u00df Art. 21 DSGVO Widerspruch gegen die Verarbeitung eingelegt haben<\/li>\n<\/ul>\n<h5>Widerspruch<\/h5>\n<p>Sie k\u00f6nnen bei Gr\u00fcnden, die sich aus Ihrer besonderen Situation ergeben, ein Widerspruchsrecht geltend machen. Gem. Art. 21 DSGVO ist jedoch zu ber\u00fccksichtigten, ob schutzw\u00fcrdige Gr\u00fcnde f\u00fcr die Verarbeitung vorliegen oder die Verarbeitung der Geltendmachung, Aus\u00fcbung oder Verteidigung von Rechtsanspr\u00fcchen dient.<\/p>\n<h5>Daten\u00fcbertragbarkeit<\/h5>\n<p>Ist die Verarbeitung Ihrer Daten mit \u00a0Hilfe eines automatisierten Verfahrens erfolgt, haben Sie gem. Art. 20 DSGVO das Recht, die Daten in einem g\u00e4ngigen und maschinenlesbaren Format zu erhalten und an eine andere Schule zu \u00fcbermitteln bzw. durch uns \u00fcbermitteln zu lassen.<\/p>\n<h5>Widerruf der Einwilligung<\/h5>\n<p>Sie haben gem. Art. 7 Absatz 3 DSGVO das Recht, uns erteilte Einwilligungen jederzeit mit Wirkung f\u00fcr die Zukunft zu widerrufen.<\/p>\n<h5>Beschwerde<\/h5>\n<p>Art. 77 DSGVO normiert ein Beschwerderecht bei der Aufsichtsbeh\u00f6rde. Die f\u00fcr uns zust\u00e4ndige Aufsichtsbeh\u00f6rde ist die Landesbeauftragte f\u00fcr den Datenschutz Niedersachsen, Prinzenstra\u00dfe 5, 30159 Hannover.<\/p>\n<p>E-Mail: poststelle&#64;lfd&#46;niedersac&#104;&#115;&#101;&#110;&#46;&#100;&#101;<\/p>\n<h5 align=\"LEFT\">Disclaimer<\/h5>\n<p align=\"LEFT\">Diese Website beinhaltet externe Links. Deren Inhalte entziehen sich unserer Einflussnahme, sodass eine Gew\u00e4hr f\u00fcr solche Inhalte von uns nicht \u00fcbernommen werden kann.<\/p>\n<p align=\"LEFT\">Die Verantwortung liegt stets beim jeweiligen Betreiber der externen Seiten. Zum Zeitpunkt der Verkn\u00fcpfung der externen Links waren keine Rechtsverst\u00f6\u00dfe ersichtlich. Die permanente \u00dcberwachung fremder Inhalte auf Rechtsverst\u00f6\u00dfe ohne konkrete Hinweise ist uns nicht zumutbar.<\/p>\n<p align=\"LEFT\">Sollten wir Kenntnis von Rechtsverletzungen erlangen, werden wir die entsprechenden externen Links unverz\u00fcglich entfernen.<\/p>\n<\/div>\n","protected":false},"excerpt":{"rendered":"<p>Grundschule Am Ostertal Hinteres Ostertal 2 | 38226 Salzgitter Telefon: 05341 44686\u00a0 | Telefax: 05341 401421 E-Mail: sekretariat(at)gs-ostertal.de \u00a0 Au\u00dfenstelle Salder Museumstr. 21 | 38229 Salzgitter Sekretariat Fr. Plehn\u00d6ffnungszeiten: Montag \u2013 Freitag 8:00 \u2013 13:00 Uhr \u00a0 Schulleiterin schulleitung(at)gs-ostertal.de \u00a0 IMPRESSUM Land Niedersachsen (Diensteanbieter im Sinne des Telemediengesetzes) Das Land Niedersachsen ist eine juristische Person &#8230; <a title=\"Kontakt | Impressum\" class=\"read-more\" href=\"https:\/\/wordpress.nibis.de\/gsostertal\/impressum\/\" aria-label=\"Mehr Informationen \u00fcber Kontakt | Impressum\">Weiterlesen<\/a><\/p>\n","protected":false},"author":9193274,"featured_media":0,"parent":0,"menu_order":0,"comment_status":"closed","ping_status":"closed","template":"","meta":{"footnotes":""},"class_list":["post-45","page","type-page","status-publish"],"_links":{"self":[{"href":"https:\/\/wordpress.nibis.de\/gsostertal\/wp-json\/wp\/v2\/pages\/45","targetHints":{"allow":["GET"]}}],"collection":[{"href":"https:\/\/wordpress.nibis.de\/gsostertal\/wp-json\/wp\/v2\/pages"}],"about":[{"href":"https:\/\/wordpress.nibis.de\/gsostertal\/wp-json\/wp\/v2\/types\/page"}],"author":[{"embeddable":true,"href":"https:\/\/wordpress.nibis.de\/gsostertal\/wp-json\/wp\/v2\/users\/9193274"}],"replies":[{"embeddable":true,"href":"https:\/\/wordpress.nibis.de\/gsostertal\/wp-json\/wp\/v2\/comments?post=45"}],"version-history":[{"count":12,"href":"https:\/\/wordpress.nibis.de\/gsostertal\/wp-json\/wp\/v2\/pages\/45\/revisions"}],"predecessor-version":[{"id":1981,"href":"https:\/\/wordpress.nibis.de\/gsostertal\/wp-json\/wp\/v2\/pages\/45\/revisions\/1981"}],"wp:attachment":[{"href":"https:\/\/wordpress.nibis.de\/gsostertal\/wp-json\/wp\/v2\/media?parent=45"}],"curies":[{"name":"wp","href":"https:\/\/api.w.org\/{rel}","templated":true}]}}