{"id":632,"date":"2020-09-24T11:15:55","date_gmt":"2020-09-24T09:15:55","guid":{"rendered":"https:\/\/wordpress.nibis.de\/gsostertal\/?page_id=632"},"modified":"2025-09-03T09:33:46","modified_gmt":"2025-09-03T07:33:46","slug":"kooperationspartner","status":"publish","type":"page","link":"https:\/\/wordpress.nibis.de\/gsostertal\/kooperationspartner\/","title":{"rendered":"brotZeit und weitere Kooperationspartner"},"content":{"rendered":"\n<div class=\"wp-block-image\"><figure class=\"alignright size-large is-resized\"><img loading=\"lazy\" decoding=\"async\" src=\"https:\/\/wordpress.nibis.de\/gsostertal\/files\/2024\/09\/Logo_brotzeit-1024x575.jpg\" alt=\"\" class=\"wp-image-1535\" width=\"611\" height=\"342\" srcset=\"https:\/\/wordpress.nibis.de\/gsostertal\/files\/2024\/09\/Logo_brotzeit-1024x575.jpg 1024w, https:\/\/wordpress.nibis.de\/gsostertal\/files\/2024\/09\/Logo_brotzeit-300x169.jpg 300w, https:\/\/wordpress.nibis.de\/gsostertal\/files\/2024\/09\/Logo_brotzeit-1536x863.jpg 1536w, https:\/\/wordpress.nibis.de\/gsostertal\/files\/2024\/09\/Logo_brotzeit.jpg 1678w\" sizes=\"auto, (max-width: 611px) 100vw, 611px\" \/><figcaption>Mehr Informationen zur Arbeit von brotZeit finden Sie hier: <a href=\"http:\/\/www.brotzeitfuerkinder.com\/\">www.brotzeitfuerkinder.com<\/a>&nbsp;<\/figcaption><\/figure><\/div>\n\n\n\n<p><\/p>\n\n\n\n<div class=\"wp-block-image\"><figure class=\"alignleft size-large is-resized\"><img loading=\"lazy\" decoding=\"async\" src=\"https:\/\/wordpress.nibis.de\/gsostertal\/files\/2024\/09\/Team-BrotZeit-1024x859.jpg\" alt=\"\" class=\"wp-image-1539\" width=\"639\" height=\"536\" srcset=\"https:\/\/wordpress.nibis.de\/gsostertal\/files\/2024\/09\/Team-BrotZeit-1024x859.jpg 1024w, https:\/\/wordpress.nibis.de\/gsostertal\/files\/2024\/09\/Team-BrotZeit-300x252.jpg 300w, https:\/\/wordpress.nibis.de\/gsostertal\/files\/2024\/09\/Team-BrotZeit-768x644.jpg 768w, https:\/\/wordpress.nibis.de\/gsostertal\/files\/2024\/09\/Team-BrotZeit-1536x1289.jpg 1536w, https:\/\/wordpress.nibis.de\/gsostertal\/files\/2024\/09\/Team-BrotZeit-2048x1718.jpg 2048w\" sizes=\"auto, (max-width: 639px) 100vw, 639px\" \/><\/figure><\/div>\n\n\n<p><em>\u201eUnser Projekt <strong>brotZeit<\/strong> l\u00e4uft weiterhin sehr erfolgreich, schicken Sie gern Ihre Kinder auf ein <\/em><\/p>\n<p><em>gem\u00fctliches und gesundes Fr\u00fchst\u00fcck vorbei! Unsere netten Fr\u00fchst\u00fcckshelfer:innen freuen sich auf Ihre Kinder!<\/em><\/p>\n<p><em>Der Verein brotZeit e.V. bietet ab&nbsp;<\/em><strong><em>7.15 Uhr morgens<\/em><\/strong><em>&nbsp;f\u00fcr unsere Sch\u00fcler:innen ein&nbsp;<\/em><strong><em>kostenloses Fr\u00fchst\u00fccksbuffet<\/em><\/strong><em>&nbsp;an. <\/em><\/p>\n<p><em>Bei uns im Multifunktionsraum k\u00f6nnen&nbsp;<\/em><strong><em>alle<\/em><\/strong><em>&nbsp;Sch\u00fcler:innen unserer Schule morgens ein gesundes Fr\u00fchst\u00fcck essen (Vollkorntoast, K\u00e4se, Wurst, \u00c4pfel, Gurken, Joghurt usw.).<\/em><\/p>\n<p><em>Fr\u00fchst\u00fcck gibt es jeden Tag&nbsp;<\/em><strong><em>von 7:15 Uhr bis 7:45 Uhr<\/em><\/strong><em>&nbsp;im&nbsp;<\/em><strong><em>Multifunktionsraum<\/em><\/strong><em>&nbsp;<\/em><\/p>\n<p><em>(<\/em><strong><em>bitte bis sp\u00e4testens 7:30 Uhr da sein!<\/em><\/strong><em>)<\/em><em><br><\/em><\/p>\n<p><em>Keiner muss sich zu dem Fr\u00fchst\u00fcck anmelden,&nbsp;<\/em><strong><em>alle<\/em><\/strong><em>&nbsp;k\u00f6nnen also spontan kommen.<\/em><em><br><\/em><em>Das Fr\u00fchst\u00fcck wird&nbsp;<\/em><strong><em>jeden Tag<\/em><\/strong><em>&nbsp;vor dem Unterricht&nbsp;<\/em><strong><em>kostenlos&nbsp;<\/em><\/strong><em>angeboten.<\/em><em><br><\/em><\/p>\n<p><em>Es d\u00fcrfen&nbsp;<\/em><strong><em>alle<\/em><\/strong><em>&nbsp;Sch\u00fcler:innen der Grundschule Am Ostertal kommen.<\/em><em><br><\/em><em>Es wird ein einfaches, aber ausgewogenes Fr\u00fchst\u00fcck in Buffetform angeboten.<\/em><em><br><\/em><em>Alle Lebensmittel enthalten&nbsp;<\/em><strong><em>kein Schweinefleisch<\/em><\/strong><em>&nbsp;und&nbsp;<\/em><strong><em>keine Gelatine<\/em><\/strong><em>.<\/em><em><br><\/em><\/p>\n<p><em>W\u00e4hrend des Fr\u00fchst\u00fccks stellen sich die Kinder ihr eigenes Fr\u00fchst\u00fcck selbst vom B\u00fcffet zusammen.<\/em><\/p>\n<p>Mehr Informationen zur Arbeit von brotZeit finden Sie hier: <a href=\"http:\/\/www.brotzeitfuerkinder.com\/\">www.brotzeitfuerkinder.com<\/a>&nbsp;<\/p>\n\n\n<figure class=\"wp-block-image size-full\"><img loading=\"lazy\" decoding=\"async\" width=\"500\" height=\"110\" src=\"https:\/\/wordpress.nibis.de\/gsostertal\/files\/2024\/06\/IMG_9534.png\" alt=\"\" class=\"wp-image-1482\" srcset=\"https:\/\/wordpress.nibis.de\/gsostertal\/files\/2024\/06\/IMG_9534.png 500w, https:\/\/wordpress.nibis.de\/gsostertal\/files\/2024\/06\/IMG_9534-300x66.png 300w\" sizes=\"auto, (max-width: 500px) 100vw, 500px\" \/><\/figure>\n\n\n\n<figure class=\"wp-block-image size-large\"><img loading=\"lazy\" decoding=\"async\" width=\"987\" height=\"1024\" src=\"https:\/\/wordpress.nibis.de\/gsostertal\/files\/2024\/04\/IMG_8835-987x1024.jpeg\" alt=\"\" class=\"wp-image-1466\" srcset=\"https:\/\/wordpress.nibis.de\/gsostertal\/files\/2024\/04\/IMG_8835-987x1024.jpeg 987w, https:\/\/wordpress.nibis.de\/gsostertal\/files\/2024\/04\/IMG_8835-289x300.jpeg 289w, https:\/\/wordpress.nibis.de\/gsostertal\/files\/2024\/04\/IMG_8835-768x797.jpeg 768w, https:\/\/wordpress.nibis.de\/gsostertal\/files\/2024\/04\/IMG_8835.jpeg 1074w\" sizes=\"auto, (max-width: 987px) 100vw, 987px\" \/><\/figure>\n\n\n\n<figure class=\"wp-block-image size-full\"><img loading=\"lazy\" decoding=\"async\" width=\"526\" height=\"294\" src=\"https:\/\/wordpress.nibis.de\/gsostertal\/files\/2024\/04\/IMG_8836.jpeg\" alt=\"\" class=\"wp-image-1468\" srcset=\"https:\/\/wordpress.nibis.de\/gsostertal\/files\/2024\/04\/IMG_8836.jpeg 526w, https:\/\/wordpress.nibis.de\/gsostertal\/files\/2024\/04\/IMG_8836-300x168.jpeg 300w\" sizes=\"auto, (max-width: 526px) 100vw, 526px\" \/><\/figure>\n\n\n\n<figure class=\"wp-block-image size-full is-style-rounded\"><img decoding=\"async\" src=\"https:\/\/wordpress.nibis.de\/gsostertal\/files\/2023\/12\/IMG_1047.jpeg\" alt=\"\" class=\"wp-image-1364\" \/><figcaption>Starker Verein &#8211; Starker Partner f\u00fcr unsere Sch\u00fclerinnen und Sch\u00fcler am Nachmittag &#8211; von Montag bis Donnerstag \ud83d\ude42 <\/figcaption><\/figure>\n\n\n\n<p><b>Bildung ganzheitlich : Schauspiel, Bewegung, Spa\u00df und Sprache&nbsp;<\/b><\/p>\n<p><b>Kooperation mit : TPZ Braunschweig und LOT Theater in Braunschweig<\/b><\/p>\n\n\n\n\n\n<div class=\"wp-block-image\"><figure class=\"aligncenter size-large is-resized\"><img loading=\"lazy\" decoding=\"async\" src=\"https:\/\/wordpress.nibis.de\/gsostertal\/files\/2020\/09\/4851A9F9-59DB-42B7-A47B-FABB19A6936C.jpeg\" alt=\"\" class=\"wp-image-643\" width=\"326\" height=\"174\" srcset=\"https:\/\/wordpress.nibis.de\/gsostertal\/files\/2020\/09\/4851A9F9-59DB-42B7-A47B-FABB19A6936C.jpeg 1024w, https:\/\/wordpress.nibis.de\/gsostertal\/files\/2020\/09\/4851A9F9-59DB-42B7-A47B-FABB19A6936C-300x161.jpeg 300w, https:\/\/wordpress.nibis.de\/gsostertal\/files\/2020\/09\/4851A9F9-59DB-42B7-A47B-FABB19A6936C-768x412.jpeg 768w\" sizes=\"auto, (max-width: 326px) 100vw, 326px\" \/><\/figure><\/div>\n\n\n\n<p><b>#jederMenscheinSchatz : Programm 1000 Schatz<\/b><\/p>\n\n\n\n<div class=\"wp-block-image\"><figure class=\"aligncenter size-large is-resized\"><img loading=\"lazy\" decoding=\"async\" src=\"https:\/\/wordpress.nibis.de\/gsostertal\/files\/2020\/09\/B446F2B0-F39F-4962-A2E8-9A73AF6C9C01.jpeg\" alt=\"\" class=\"wp-image-656\" width=\"374\" height=\"249\" srcset=\"https:\/\/wordpress.nibis.de\/gsostertal\/files\/2020\/09\/B446F2B0-F39F-4962-A2E8-9A73AF6C9C01.jpeg 480w, https:\/\/wordpress.nibis.de\/gsostertal\/files\/2020\/09\/B446F2B0-F39F-4962-A2E8-9A73AF6C9C01-300x200.jpeg 300w\" sizes=\"auto, (max-width: 374px) 100vw, 374px\" \/><figcaption>1000 Sch\u00e4tze<\/figcaption><\/figure><\/div>\n\n\n\n\n\n\n\n\n\n<figure class=\"wp-block-gallery has-nested-images columns-default is-cropped wp-block-gallery-1 is-layout-flex wp-block-gallery-is-layout-flex\">\n<figure class=\"wp-block-image size-large\"><img loading=\"lazy\" decoding=\"async\" width=\"920\" height=\"845\" data-id=\"1365\" src=\"https:\/\/wordpress.nibis.de\/gsostertal\/files\/2023\/12\/IMG_1047-1.jpeg\" alt=\"\" class=\"wp-image-1365\" srcset=\"https:\/\/wordpress.nibis.de\/gsostertal\/files\/2023\/12\/IMG_1047-1.jpeg 920w, https:\/\/wordpress.nibis.de\/gsostertal\/files\/2023\/12\/IMG_1047-1-300x276.jpeg 300w, https:\/\/wordpress.nibis.de\/gsostertal\/files\/2023\/12\/IMG_1047-1-768x705.jpeg 768w\" sizes=\"auto, (max-width: 920px) 100vw, 920px\" \/><\/figure>\n<\/figure>\n","protected":false},"excerpt":{"rendered":"<p>\u201eUnser Projekt brotZeit l\u00e4uft weiterhin sehr erfolgreich, schicken Sie gern Ihre Kinder auf ein gem\u00fctliches und gesundes Fr\u00fchst\u00fcck vorbei! Unsere netten Fr\u00fchst\u00fcckshelfer:innen freuen sich auf Ihre Kinder! Der Verein brotZeit e.V. bietet ab&nbsp;7.15 Uhr morgens&nbsp;f\u00fcr unsere Sch\u00fcler:innen ein&nbsp;kostenloses Fr\u00fchst\u00fccksbuffet&nbsp;an. Bei uns im Multifunktionsraum k\u00f6nnen&nbsp;alle&nbsp;Sch\u00fcler:innen unserer Schule morgens ein gesundes Fr\u00fchst\u00fcck essen (Vollkorntoast, K\u00e4se, Wurst, \u00c4pfel, &#8230; <a title=\"brotZeit und weitere Kooperationspartner\" class=\"read-more\" href=\"https:\/\/wordpress.nibis.de\/gsostertal\/kooperationspartner\/\" aria-label=\"Mehr Informationen \u00fcber brotZeit und weitere Kooperationspartner\">Weiterlesen<\/a><\/p>\n","protected":false},"author":9193274,"featured_media":0,"parent":0,"menu_order":0,"comment_status":"closed","ping_status":"closed","template":"","meta":{"footnotes":""},"class_list":["post-632","page","type-page","status-publish"],"_links":{"self":[{"href":"https:\/\/wordpress.nibis.de\/gsostertal\/wp-json\/wp\/v2\/pages\/632","targetHints":{"allow":["GET"]}}],"collection":[{"href":"https:\/\/wordpress.nibis.de\/gsostertal\/wp-json\/wp\/v2\/pages"}],"about":[{"href":"https:\/\/wordpress.nibis.de\/gsostertal\/wp-json\/wp\/v2\/types\/page"}],"author":[{"embeddable":true,"href":"https:\/\/wordpress.nibis.de\/gsostertal\/wp-json\/wp\/v2\/users\/9193274"}],"replies":[{"embeddable":true,"href":"https:\/\/wordpress.nibis.de\/gsostertal\/wp-json\/wp\/v2\/comments?post=632"}],"version-history":[{"count":22,"href":"https:\/\/wordpress.nibis.de\/gsostertal\/wp-json\/wp\/v2\/pages\/632\/revisions"}],"predecessor-version":[{"id":1753,"href":"https:\/\/wordpress.nibis.de\/gsostertal\/wp-json\/wp\/v2\/pages\/632\/revisions\/1753"}],"wp:attachment":[{"href":"https:\/\/wordpress.nibis.de\/gsostertal\/wp-json\/wp\/v2\/media?parent=632"}],"curies":[{"name":"wp","href":"https:\/\/api.w.org\/{rel}","templated":true}]}}