{"id":113,"date":"2019-05-27T14:50:38","date_gmt":"2019-05-27T12:50:38","guid":{"rendered":"https:\/\/wordpress.nibis.de\/gsovgcol\/?page_id=113"},"modified":"2025-09-12T08:19:10","modified_gmt":"2025-09-12T06:19:10","slug":"unsere-schule","status":"publish","type":"page","link":"https:\/\/wordpress.nibis.de\/gsovgcol\/unsere-schule\/","title":{"rendered":"Unsere Schule"},"content":{"rendered":"\n<figure class=\"wp-block-image\"><img loading=\"lazy\" decoding=\"async\" width=\"477\" height=\"319\" src=\"https:\/\/wordpress.nibis.de\/gsovgcol\/files\/2019\/05\/csm_Grundschule_Overledinger_Geest_608ed7b441-e1558703430427.jpg\" alt=\"\" class=\"wp-image-105\" srcset=\"https:\/\/wordpress.nibis.de\/gsovgcol\/files\/2019\/05\/csm_Grundschule_Overledinger_Geest_608ed7b441-e1558703430427.jpg 477w, https:\/\/wordpress.nibis.de\/gsovgcol\/files\/2019\/05\/csm_Grundschule_Overledinger_Geest_608ed7b441-e1558703430427-300x201.jpg 300w, https:\/\/wordpress.nibis.de\/gsovgcol\/files\/2019\/05\/csm_Grundschule_Overledinger_Geest_608ed7b441-e1558703430427-75x50.jpg 75w\" sizes=\"auto, (max-width: 477px) 100vw, 477px\" \/><\/figure>\n\n\n\n<p>Die Grundschule \u201eOverledinger Geest\u201c ist eine zweiz\u00fcgige Grundschule in der Gemeinde Rhauderfehn. Sie ist die gr\u00f6\u00dfte von acht Grundschulen im Ort. Kinder aus sechs Ortsteilen der Gemeinde \u00a0\u00a0&#8211; \u00a0Collinghorst, Backemoor, \u00a0Schatteburg, \u00a0Rhaude, Holte und \u00a0Glansdorf\u00a0 &#8211;\u00a0 werden hier unterrichtet. Tr\u00e4ger der Schule ist die Gemeinde Rhauderfehn im Landkreis Leer des Landes Niedersachsen.<\/p>\n<p>Im Jahre 2000 wurde die Schule verl\u00e4sslich, sie gew\u00e4hrt t\u00e4glich Unterricht bzw. Betreuung im Umfang von 5 Zeitstunden. Seit 2014 sind wir offene Ganztagsschule.<\/p>\n<p>In diesem Schuljahr (25\/26) besuchen ca. 150 Kinder die Grundschule.\u00a0<\/p>\n<p>Alle Kinder, die nicht im Ortsteil Collinghorst wohnen, kommen mit dem Bus zur Schule. Nach der Grundschulzeit wechseln unsere Sch\u00fclerInnen an die Hauptschule, die Realschule oder das Gymnasium in Rhauderfehn. Wenige Kinder wechseln auch zur Freien Christlichen Schule Ostfriesland, einer IGS, oder an ein Leeraner Gymnasium.<\/p>\n<p>Es gibt einen Schulhof mit einem Bolzplatz, einem gro\u00dfen Sandspielplatz und einem Hartplatz.<\/p>\n<p>Bei einem Brand im August 2021 wurde der Mitteltrakt der Schule komplett zerst\u00f6rt und musste abgerissen werden. Mittlerweile konnte ein Neubau bezogen werden mit Klassenr\u00e4umen, Verwaltungstrakt, Fachr\u00e4umen wie Mensa, Aula, Lehrk\u00fcche sowie Toiletten. Die Arbeiten zur Sanierung des Altbaus laufen noch. Auch die Neugestaltung des Schulhofes ist in Planung.<\/p>\n<p>Die gro\u00dfe Turnhalle wurde Ende 2009\/Anfang 2010 renoviert. Das Lehrschwimmbecken kann nach jahrelangem Kampf und umfangreichen Sanierungsarbeiten seit 2014 wieder genutzt werden.<\/p>\n<p>Zum Stammkollegium geh\u00f6ren neben dem Schulleiter 12 Lehrerinnen. Zur Erf\u00fcllung der Verl\u00e4sslichkeit und zur Ausstattung der Ganztagsschule sind derzeit 5 p\u00e4dagogische Mitarbeiterinnen besch\u00e4ftigt. Ein Hausmeister, sein Assistent und eine Sekret\u00e4rin komplettieren das Team. Ebenso dazu z\u00e4hlen derzeit mehrere Integrationskr\u00e4fte. Au\u00dferdem z\u00e4hlt eine Bundesfreiwilligendienstlerin zu unserem Team.<\/p>\n","protected":false},"excerpt":{"rendered":"<p>Die Grundschule \u201eOverledinger Geest\u201c ist eine zweiz\u00fcgige Grundschule in der Gemeinde Rhauderfehn. Sie ist die gr\u00f6\u00dfte von acht Grundschulen im Ort. Kinder aus sechs Ortsteilen der Gemeinde \u00a0\u00a0&#8211; \u00a0Collinghorst, Backemoor, \u00a0Schatteburg, \u00a0Rhaude, Holte und \u00a0Glansdorf\u00a0 &#8211;\u00a0 werden hier unterrichtet. Tr\u00e4ger der Schule ist die Gemeinde Rhauderfehn im Landkreis Leer des Landes Niedersachsen. Im Jahre 2000 [&hellip;]<\/p>\n","protected":false},"author":9193117,"featured_media":0,"parent":0,"menu_order":0,"comment_status":"closed","ping_status":"closed","template":"","meta":{"footnotes":""},"class_list":["post-113","page","type-page","status-publish","hentry"],"_links":{"self":[{"href":"https:\/\/wordpress.nibis.de\/gsovgcol\/wp-json\/wp\/v2\/pages\/113","targetHints":{"allow":["GET"]}}],"collection":[{"href":"https:\/\/wordpress.nibis.de\/gsovgcol\/wp-json\/wp\/v2\/pages"}],"about":[{"href":"https:\/\/wordpress.nibis.de\/gsovgcol\/wp-json\/wp\/v2\/types\/page"}],"author":[{"embeddable":true,"href":"https:\/\/wordpress.nibis.de\/gsovgcol\/wp-json\/wp\/v2\/users\/9193117"}],"replies":[{"embeddable":true,"href":"https:\/\/wordpress.nibis.de\/gsovgcol\/wp-json\/wp\/v2\/comments?post=113"}],"version-history":[{"count":13,"href":"https:\/\/wordpress.nibis.de\/gsovgcol\/wp-json\/wp\/v2\/pages\/113\/revisions"}],"predecessor-version":[{"id":1099,"href":"https:\/\/wordpress.nibis.de\/gsovgcol\/wp-json\/wp\/v2\/pages\/113\/revisions\/1099"}],"wp:attachment":[{"href":"https:\/\/wordpress.nibis.de\/gsovgcol\/wp-json\/wp\/v2\/media?parent=113"}],"curies":[{"name":"wp","href":"https:\/\/api.w.org\/{rel}","templated":true}]}}