{"id":57,"date":"2019-05-16T18:52:07","date_gmt":"2019-05-16T16:52:07","guid":{"rendered":"https:\/\/wordpress.nibis.de\/gsovgcol\/?page_id=57"},"modified":"2025-09-12T08:15:08","modified_gmt":"2025-09-12T06:15:08","slug":"foerderverein","status":"publish","type":"page","link":"https:\/\/wordpress.nibis.de\/gsovgcol\/foerderverein\/","title":{"rendered":"F\u00f6rderverein"},"content":{"rendered":"\n<p align=\"center\">\u00a0<\/p>\n<p align=\"center\"><span style=\"font-size: large\"><a href=\"https:\/\/wordpress.nibis.de\/gsovgcol\/files\/2024\/01\/Mitgliedsantrag-1.pdf\">Mitgliedsantrag-1<\/a><\/span><\/p>\n<p align=\"center\">\u00a0<\/p>\n<p align=\"center\"><span style=\"font-size: large\">F\u00f6rderverein der Grundschule Collinghorst e.V. <\/span><\/p>\n<p align=\"center\"><span style=\"font-size: large\">&#8222;Overledinger Geest&#8220;<\/span><\/p>\n<p><span style=\"font-size: large\">Seit 1995 gibt es den F\u00f6rderverein unserer Grundschule. Er unterst\u00fctzt die Schule bei Veranstaltungen und Anschaffungen &#8211; soweit \u00f6ffentliche Mittel nicht oder nicht ausreichend zur Verf\u00fcgung stehen.<\/span><\/p>\n<p><span style=\"font-size: large\">Die finanziellen Mittel erhalten wir durch Mitgliedsbeitr\u00e4ge und Spenden von Banken und Stiftungen sowie durch Erl\u00f6se von Veranstaltungen wie Schulfeste und die j\u00e4hrliche Einschulungscafeteria.<\/span><\/p>\n<p><span style=\"font-size: large\">Wir w\u00fcrden uns freuen, wenn auch Sie uns durch Ihre Mitgliedschaft oder Spende unterst\u00fctzen. <\/span><\/p>\n<p><span style=\"font-size: large\">Der derzeit g\u00fcltige Mindestbeitrag betr\u00e4gt 13 \u20ac pro Jahr.<\/span><\/p>\n<p><span style=\"font-size: large\">Weitere Informationen und Kontaktdaten erhalten Sie \u00fcber die erste Vorsitzende Daniela Pruin (erreichbar \u00fcber die Schule).<\/span><\/p>\n\n\n\n<p><strong>F\u00f6rderverein der Grundschule Collinghorst e.V.<\/strong><br \/>Unnerloogsweg 33<br \/>26817 Rhauderfehn<br \/><br \/><strong>Ansprechpartner<\/strong><br \/>Vorsitzende Daniela Pruin<br \/><br \/><a href=\"tel:04955 \/93 65 60 oder 0173 \/6194743\">04955 \/93 65 60 oder 0173 \/6194743<\/a><br \/><a href=\"https:\/\/www.rhauderfehn.de\/#\">&#99;&#x6f;&#108;&#x6c;&#105;&#x6e;&#103;&#x68;&#111;&#x72;&#115;&#x74;&#64;&#x67;s&#x2e;r&#x68;a&#x75;d&#x65;r&#102;&#x65;&#104;&#x6e;&#46;&#x64;&#101;<\/a><\/p>\n","protected":false},"excerpt":{"rendered":"<p>\u00a0 Mitgliedsantrag-1 \u00a0 F\u00f6rderverein der Grundschule Collinghorst e.V. &#8222;Overledinger Geest&#8220; Seit 1995 gibt es den F\u00f6rderverein unserer Grundschule. Er unterst\u00fctzt die Schule bei Veranstaltungen und Anschaffungen &#8211; soweit \u00f6ffentliche Mittel nicht oder nicht ausreichend zur Verf\u00fcgung stehen. Die finanziellen Mittel erhalten wir durch Mitgliedsbeitr\u00e4ge und Spenden von Banken und Stiftungen sowie durch Erl\u00f6se von Veranstaltungen [&hellip;]<\/p>\n","protected":false},"author":9193117,"featured_media":0,"parent":0,"menu_order":0,"comment_status":"closed","ping_status":"closed","template":"","meta":{"footnotes":""},"class_list":["post-57","page","type-page","status-publish","hentry"],"_links":{"self":[{"href":"https:\/\/wordpress.nibis.de\/gsovgcol\/wp-json\/wp\/v2\/pages\/57","targetHints":{"allow":["GET"]}}],"collection":[{"href":"https:\/\/wordpress.nibis.de\/gsovgcol\/wp-json\/wp\/v2\/pages"}],"about":[{"href":"https:\/\/wordpress.nibis.de\/gsovgcol\/wp-json\/wp\/v2\/types\/page"}],"author":[{"embeddable":true,"href":"https:\/\/wordpress.nibis.de\/gsovgcol\/wp-json\/wp\/v2\/users\/9193117"}],"replies":[{"embeddable":true,"href":"https:\/\/wordpress.nibis.de\/gsovgcol\/wp-json\/wp\/v2\/comments?post=57"}],"version-history":[{"count":9,"href":"https:\/\/wordpress.nibis.de\/gsovgcol\/wp-json\/wp\/v2\/pages\/57\/revisions"}],"predecessor-version":[{"id":1096,"href":"https:\/\/wordpress.nibis.de\/gsovgcol\/wp-json\/wp\/v2\/pages\/57\/revisions\/1096"}],"wp:attachment":[{"href":"https:\/\/wordpress.nibis.de\/gsovgcol\/wp-json\/wp\/v2\/media?parent=57"}],"curies":[{"name":"wp","href":"https:\/\/api.w.org\/{rel}","templated":true}]}}