{"id":132,"date":"2023-09-08T22:08:59","date_gmt":"2023-09-08T20:08:59","guid":{"rendered":"https:\/\/wordpress.nibis.de\/gspeheim\/?page_id=132"},"modified":"2023-09-08T22:08:59","modified_gmt":"2023-09-08T20:08:59","slug":"unser-leitbild","status":"publish","type":"page","link":"https:\/\/wordpress.nibis.de\/gspeheim\/unser-leitbild\/","title":{"rendered":"Unser Leitbild"},"content":{"rendered":"\n<p><strong>Schulgemeinschaft<\/strong><\/p>\n\n\n\n<p>In unserer Schulgemeinschaft achten wir einander,\u00a0indem wir respektvoll und wertsch\u00e4tzend miteinander umgehen, hilfsbereit zueinander sind und verl\u00e4sslich die Regeln einhalten. Sch\u00fclerInnen, Eltern und Lehrkr\u00e4fte kommunizieren offen und arbeiten eng miteinander zusammen. Daher werden gemeinsame Klassenregeln erstellt, die Schulordnung wird ber\u00fccksichtigt und die Klassensprecher bilden zusammen mit der Schulleitung ein Sch\u00fclerparlament, welches sich mit aktuellen Problemen und Anliegen der Schulgemeinschaft besch\u00e4ftigt. In ihrer Zeit an unserer Grundschule erleben alle Sch\u00fclerInnen z.B. das Nikolaustheater, das Schulfest, eine dreit\u00e4gige Klassenfahrt, Seniorensingen, den Besuch des Staatstheaters Oldenburg, den Karnevalsumzug, jahrgangs\u00fcbergreifende Projektwochen und unterschiedliche Ausfl\u00fcge mit der gesamten Schulgemeinschaft.\u00a0<\/p>\n\n\n\n<p><strong>Schule als Teil des Dorflebens<\/strong><\/p>\n\n\n\n<p>Wir \u00f6ffnen die Schule nach au\u00dfen und innen, weil wir ein aktiver Teil des Dorflebens sein m\u00f6chten, um auch das schulische Umfeld in das Leben und Lernen unserer Sch\u00fcler und Sch\u00fclerinnen einzubeziehen.Daher besuchen wir unter anderem die Feuerwehr, den d\u00f6rflichen Imker, die Senioren. Wir laden die Dorfgemeinschaft zum Schulfest \u00a0ein oder gestalten gemeinsame Veranstaltungen wie z.B. den Martinsumzug und die Nikolausfeier.<\/p>\n\n\n\n<p><strong>Individualit\u00e4t<\/strong><\/p>\n\n\n\n<p>An unserer Schule sind alle in ihrer Individualit\u00e4t gleich viel wert,\u00a0weil jeder Lernfortschritt         dem individuellen Leistungsverm\u00f6gen entsprechend gew\u00fcrdigt wird. \u00a0                             Beispiele: Sch\u00fclerorientiertes F\u00f6rdern und Fordern, Individuelle F\u00f6rderpl\u00e4ne,\u00a0 F\u00f6rderung individueller Begabungen (z.B. Chor, Sport-AG, Kreativ-AG, Plattdeutsch, Theater)<\/p>\n\n\n\n<p><strong>Zukunftsf\u00e4hige Schule<\/strong><\/p>\n\n\n\n<p>Unsere Schule ist zukunftsf\u00e4hig,\u00a0weil wir auf ge\u00e4nderte Bed\u00fcrfnisse im Wandel der Zeit eingehen und uns flexibel anpassen.\u00a0Daher bieten wir den Ganztag an und integrieren digitale Medien in den Schulalltag, indem wir unsere Sch\u00fclerInnen an den Umgang mit den neuen Medien heranf\u00fchren und gleichzeitig Bewegungsdefizite aus ver\u00e4ndertem Freizeitverhalten kompensieren.\u00a0(Methodentag Klasse 1-4 digital aufbereitet, digitale Lernapps, Polizeib\u00fchne Wilhelmshaven, Skipping Hearts Projekt, Sponsorenlauf, Schwimmwettk\u00e4mpfe der kleinen Schulen, Fu\u00df- und V\u00f6lkerballturniere, Bundesjugendspiele, regelm\u00e4\u00dfige Lehrerfortbildungen)<\/p>\n\n\n\n<p><strong>Freude am Lernen<\/strong><\/p>\n\n\n\n<p>Wir f\u00f6rdern die Freude am Lernen, indem wir die Sch\u00fcler durch individuelle und gemeinsame Zielsetzungen motivieren. Unsere Schule ist ein Wohlf\u00fchlort, in dem Lernen durch und mit Bewegung, sowie Musik ein fester Teil des Tages ist.\u00a0<\/p>\n","protected":false},"excerpt":{"rendered":"<p>Schulgemeinschaft In unserer Schulgemeinschaft achten wir einander,\u00a0indem wir respektvoll und wertsch\u00e4tzend miteinander umgehen, hilfsbereit zueinander sind und verl\u00e4sslich die Regeln einhalten. Sch\u00fclerInnen, Eltern und Lehrkr\u00e4fte kommunizieren offen und arbeiten eng miteinander zusammen. Daher werden gemeinsame Klassenregeln erstellt, die Schulordnung wird &hellip; <a href=\"https:\/\/wordpress.nibis.de\/gspeheim\/unser-leitbild\/\">Weiterlesen <span class=\"meta-nav\">&rarr;<\/span><\/a><\/p>\n","protected":false},"author":9193914,"featured_media":0,"parent":0,"menu_order":0,"comment_status":"closed","ping_status":"closed","template":"","meta":{"footnotes":""},"class_list":["post-132","page","type-page","status-publish","hentry"],"_links":{"self":[{"href":"https:\/\/wordpress.nibis.de\/gspeheim\/wp-json\/wp\/v2\/pages\/132","targetHints":{"allow":["GET"]}}],"collection":[{"href":"https:\/\/wordpress.nibis.de\/gspeheim\/wp-json\/wp\/v2\/pages"}],"about":[{"href":"https:\/\/wordpress.nibis.de\/gspeheim\/wp-json\/wp\/v2\/types\/page"}],"author":[{"embeddable":true,"href":"https:\/\/wordpress.nibis.de\/gspeheim\/wp-json\/wp\/v2\/users\/9193914"}],"replies":[{"embeddable":true,"href":"https:\/\/wordpress.nibis.de\/gspeheim\/wp-json\/wp\/v2\/comments?post=132"}],"version-history":[{"count":1,"href":"https:\/\/wordpress.nibis.de\/gspeheim\/wp-json\/wp\/v2\/pages\/132\/revisions"}],"predecessor-version":[{"id":133,"href":"https:\/\/wordpress.nibis.de\/gspeheim\/wp-json\/wp\/v2\/pages\/132\/revisions\/133"}],"wp:attachment":[{"href":"https:\/\/wordpress.nibis.de\/gspeheim\/wp-json\/wp\/v2\/media?parent=132"}],"curies":[{"name":"wp","href":"https:\/\/api.w.org\/{rel}","templated":true}]}}