{"id":166,"date":"2023-11-20T18:52:34","date_gmt":"2023-11-20T17:52:34","guid":{"rendered":"https:\/\/wordpress.nibis.de\/gspeheim\/?page_id=166"},"modified":"2023-11-20T18:52:34","modified_gmt":"2023-11-20T17:52:34","slug":"aufgaben-und-ziele-des-foerdervereins","status":"publish","type":"page","link":"https:\/\/wordpress.nibis.de\/gspeheim\/aufgaben-und-ziele-des-foerdervereins\/","title":{"rendered":"Aufgaben und Ziele des F\u00f6rdervereins"},"content":{"rendered":"\n<p>Im Sommer 1997 sprach sich die Gesamtkonferenz der Kath. Grundschule Peheim einstimmig f\u00fcr die Gr\u00fcndung eines F\u00f6rdervereins aus. Als Gr\u00fcnde wurden genannt:<\/p>\n\n\n\n<ul class=\"wp-block-list\"><li>die Unterst\u00fctzung bed\u00fcrftiger Kinder<\/li><li>Anschaffung von Spielger\u00e4ten und Lehrmitteln<\/li><li>Versch\u00f6nerung des Schulhofs<\/li><li>Steigerung des Ansehens der Schule<\/li><\/ul>\n\n\n\n<p>Eine Arbeitsgruppe aus Kollegium und interessierten Elternvertretern erarbeitete eine Satzung und im November 1997 wurde dann der F\u00f6rderverein der Kath.Grundschule Peheim gegr\u00fcndet. <\/p>\n\n\n\n<p>Ziel des F\u00f6rdervereins ist laut Satzung die ideelle und materielle Unterst\u00fctzung der Grundschule zur F\u00f6rderung der Erziehung und Bildung.<\/p>\n\n\n\n<p>Es werden Gemeinschaftsveranstaltungen der Schule und die \u00d6ffentlichkeitsarbeit gef\u00f6rdert, wie z. B. die Karnevalsfeier oder das Schulfest. Der Verein verfolgt ausschlie\u00dflich gemeinn\u00fctzige Zwecke. Durch das Wirken des F\u00f6rdervereins zeigt die Bev\u00f6lkerung ihr Interesse an der Arbeit und am Bestand der Schule. Die Schule im Dorf hat nicht nur p\u00e4dagogisch gesehen einen hohen Stellenwert, sondern bedeutet auch gesteigerte Lebensqualit\u00e4t f\u00fcr die Einwohner. <\/p>\n\n\n\n<p>Die Schule wird materiell unterst\u00fctzt, um finanzielle L\u00fccken zu schlie\u00dfen, wo der Schultr\u00e4ger keine Gelder zur Verf\u00fcgung stellt. Dazu geh\u00f6rt unter anderem die Mitfinanzierung von Theater- und Museumsbesuchen, Anschaffung von digitaler Hardware sowie finanzielle Unterst\u00fctzung von Bauprojekten wie z.B. der Schulgarten. <\/p>\n\n\n\n<p>Neben den gro\u00dfen Aktionen unterst\u00fctzt der F\u00f6rderverein regelm\u00e4\u00dfig die Arbeit der Schule. F\u00fcr die aktive Pause wird Spielzeug gekauft und um die Lesef\u00f6rderung zu unterst\u00fctzen wird regelm\u00e4\u00dfig  die Schulb\u00fccherei mit vielen neuen B\u00fcchern ausgestattet.<\/p>\n\n\n\n<p>Circa 200 Personen aus Peheim und Gr\u00f6nheim sind Mitglied im F\u00f6rderverein der Kath. Grundschule Peheim. Es wird ein Jahresbeitrag von 12 Euro erhoben.<\/p>\n","protected":false},"excerpt":{"rendered":"<p>Im Sommer 1997 sprach sich die Gesamtkonferenz der Kath. Grundschule Peheim einstimmig f\u00fcr die Gr\u00fcndung eines F\u00f6rdervereins aus. Als Gr\u00fcnde wurden genannt: die Unterst\u00fctzung bed\u00fcrftiger Kinder Anschaffung von Spielger\u00e4ten und Lehrmitteln Versch\u00f6nerung des Schulhofs Steigerung des Ansehens der Schule Eine &hellip; <a href=\"https:\/\/wordpress.nibis.de\/gspeheim\/aufgaben-und-ziele-des-foerdervereins\/\">Weiterlesen <span class=\"meta-nav\">&rarr;<\/span><\/a><\/p>\n","protected":false},"author":9193914,"featured_media":0,"parent":0,"menu_order":0,"comment_status":"closed","ping_status":"closed","template":"","meta":{"footnotes":""},"class_list":["post-166","page","type-page","status-publish","hentry"],"_links":{"self":[{"href":"https:\/\/wordpress.nibis.de\/gspeheim\/wp-json\/wp\/v2\/pages\/166","targetHints":{"allow":["GET"]}}],"collection":[{"href":"https:\/\/wordpress.nibis.de\/gspeheim\/wp-json\/wp\/v2\/pages"}],"about":[{"href":"https:\/\/wordpress.nibis.de\/gspeheim\/wp-json\/wp\/v2\/types\/page"}],"author":[{"embeddable":true,"href":"https:\/\/wordpress.nibis.de\/gspeheim\/wp-json\/wp\/v2\/users\/9193914"}],"replies":[{"embeddable":true,"href":"https:\/\/wordpress.nibis.de\/gspeheim\/wp-json\/wp\/v2\/comments?post=166"}],"version-history":[{"count":1,"href":"https:\/\/wordpress.nibis.de\/gspeheim\/wp-json\/wp\/v2\/pages\/166\/revisions"}],"predecessor-version":[{"id":167,"href":"https:\/\/wordpress.nibis.de\/gspeheim\/wp-json\/wp\/v2\/pages\/166\/revisions\/167"}],"wp:attachment":[{"href":"https:\/\/wordpress.nibis.de\/gspeheim\/wp-json\/wp\/v2\/media?parent=166"}],"curies":[{"name":"wp","href":"https:\/\/api.w.org\/{rel}","templated":true}]}}