{"id":236,"date":"2024-02-18T18:32:43","date_gmt":"2024-02-18T17:32:43","guid":{"rendered":"https:\/\/wordpress.nibis.de\/gspeheim\/?page_id=236"},"modified":"2025-06-25T19:58:26","modified_gmt":"2025-06-25T17:58:26","slug":"schuelerarbeiten","status":"publish","type":"page","link":"https:\/\/wordpress.nibis.de\/gspeheim\/schuelerarbeiten\/","title":{"rendered":"Sch\u00fclerarbeiten"},"content":{"rendered":"\n<figure class=\"wp-block-image size-large\"><img loading=\"lazy\" decoding=\"async\" width=\"1024\" height=\"768\" src=\"https:\/\/wordpress.nibis.de\/gspeheim\/files\/2025\/06\/Image-1-1024x768.jpg\" alt=\"\" class=\"wp-image-630\" srcset=\"https:\/\/wordpress.nibis.de\/gspeheim\/files\/2025\/06\/Image-1-1024x768.jpg 1024w, https:\/\/wordpress.nibis.de\/gspeheim\/files\/2025\/06\/Image-1-300x225.jpg 300w, https:\/\/wordpress.nibis.de\/gspeheim\/files\/2025\/06\/Image-1-768x576.jpg 768w, https:\/\/wordpress.nibis.de\/gspeheim\/files\/2025\/06\/Image-1-1536x1152.jpg 1536w, https:\/\/wordpress.nibis.de\/gspeheim\/files\/2025\/06\/Image-1.jpg 2048w\" sizes=\"auto, (max-width: 1024px) 100vw, 1024px\" \/><figcaption>In Anlehnung an den K\u00fcnstler Vincent van Gogh malten die Kinder der Klasse 4 w\u00fcndersch\u00f6n leuchtende Bilder.<\/figcaption><\/figure>\n","protected":false},"excerpt":{"rendered":"","protected":false},"author":9193914,"featured_media":0,"parent":0,"menu_order":0,"comment_status":"closed","ping_status":"closed","template":"","meta":{"footnotes":""},"class_list":["post-236","page","type-page","status-publish","hentry"],"_links":{"self":[{"href":"https:\/\/wordpress.nibis.de\/gspeheim\/wp-json\/wp\/v2\/pages\/236","targetHints":{"allow":["GET"]}}],"collection":[{"href":"https:\/\/wordpress.nibis.de\/gspeheim\/wp-json\/wp\/v2\/pages"}],"about":[{"href":"https:\/\/wordpress.nibis.de\/gspeheim\/wp-json\/wp\/v2\/types\/page"}],"author":[{"embeddable":true,"href":"https:\/\/wordpress.nibis.de\/gspeheim\/wp-json\/wp\/v2\/users\/9193914"}],"replies":[{"embeddable":true,"href":"https:\/\/wordpress.nibis.de\/gspeheim\/wp-json\/wp\/v2\/comments?post=236"}],"version-history":[{"count":3,"href":"https:\/\/wordpress.nibis.de\/gspeheim\/wp-json\/wp\/v2\/pages\/236\/revisions"}],"predecessor-version":[{"id":631,"href":"https:\/\/wordpress.nibis.de\/gspeheim\/wp-json\/wp\/v2\/pages\/236\/revisions\/631"}],"wp:attachment":[{"href":"https:\/\/wordpress.nibis.de\/gspeheim\/wp-json\/wp\/v2\/media?parent=236"}],"curies":[{"name":"wp","href":"https:\/\/api.w.org\/{rel}","templated":true}]}}