{"id":422,"date":"2024-08-22T18:23:43","date_gmt":"2024-08-22T16:23:43","guid":{"rendered":"https:\/\/wordpress.nibis.de\/gspeheim\/?page_id=422"},"modified":"2024-09-26T09:49:00","modified_gmt":"2024-09-26T07:49:00","slug":"schuljahr-2023-2024","status":"publish","type":"page","link":"https:\/\/wordpress.nibis.de\/gspeheim\/schuljahr-2023-2024\/","title":{"rendered":"Besondere Ereignisse Schuljahr 2024\/2025"},"content":{"rendered":"\n<p><strong>Sch\u00fclerparlament<\/strong><\/p>\n\n\n\n<p><br>Ein wichtiges Ziel unserer p\u00e4dagogischen Arbeit besteht darin, die Kinder bei ihrer<br>Entwicklung zu selbstst\u00e4ndig, demokratisch und eigenverantwortlich denkenden und<br>handelnden Menschen zu begleiten. <br>Ein wichtiges Instrument der Mitbestimmung ist unser Sch\u00fclerparlament.<br>Jede Klasse w\u00e4hlt zu Beginn des Schuljahres eine\/n Klassensprecher\/in sowie einen Streitschlichter\/in, aus denen sich das Sch\u00fclerparlament zusammensetzt.<br>Die Amtsdauer betr\u00e4gt ein Jahr, bis zu den Neuwahlen im folgenden Schuljahr.<br>Das Sch\u00fclerparlament tagt einmal monatlich unter der Begleitung der Schulleitung.<br>Das Sch\u00fclerparlament befasst sich mit schulischen Angelegenheiten, die f\u00fcr alle<br>Sch\u00fclerinnen und Sch\u00fcler von Interesse sind, wie z.B. die Organisation der Pausenhofgestaltung (M\u00fclldienst, Regeln auf dem Schulhof), Mitbestimmung von Neuanschaffungen, Organisatin von Festen und vieles mehr. Die Vertreter der einzelnen Klassen im Sch\u00fclerparlament berichten nach den Sitzungen in den jeweiligen Klassen \u00fcber die Ergebnisse des Sch\u00fclerparlaments.<\/p>\n\n\n\n<div class=\"wp-block-media-text alignwide is-stacked-on-mobile is-style-default\"><figure class=\"wp-block-media-text__media\"><img loading=\"lazy\" decoding=\"async\" width=\"768\" height=\"1024\" src=\"https:\/\/wordpress.nibis.de\/gspeheim\/files\/2024\/09\/IMG_63001-768x1024.jpg\" alt=\"\" class=\"wp-image-522 size-full\" srcset=\"https:\/\/wordpress.nibis.de\/gspeheim\/files\/2024\/09\/IMG_63001-768x1024.jpg 768w, https:\/\/wordpress.nibis.de\/gspeheim\/files\/2024\/09\/IMG_63001-225x300.jpg 225w, https:\/\/wordpress.nibis.de\/gspeheim\/files\/2024\/09\/IMG_63001-1152x1536.jpg 1152w, https:\/\/wordpress.nibis.de\/gspeheim\/files\/2024\/09\/IMG_63001.jpg 1536w\" sizes=\"auto, (max-width: 768px) 100vw, 768px\" \/><\/figure><div class=\"wp-block-media-text__content\">\n<p class=\"has-medium-font-size\">Unser Sch\u00fclerparlament im Schuljahr 2024\/2025 bestehend aus den Klassensprechern und Streitschlichtern der        Klassen 2-4<\/p>\n<\/div><\/div>\n\n\n\n<p><strong>Aktion gelbe F\u00fc\u00dfe<\/strong><\/p>\n\n\n\n<p>In diesem Schuljahr hat uns die Polizei bei der Aktion gelbe F\u00fc\u00dfe unterst\u00fctzt. \u201eGelbe F\u00fc\u00dfe\u201c auf Gehwegen helfen Schul- und Kita-Kindern im Stra\u00dfenverkehr, indem sie g\u00fcnstige Wege und Stra\u00dfen\u00fcberquerungen anzeigen.<\/p>\n\n\n\n<figure class=\"wp-block-gallery has-nested-images columns-default is-cropped wp-block-gallery-1 is-layout-flex wp-block-gallery-is-layout-flex\">\n<figure class=\"wp-block-image size-large\"><img loading=\"lazy\" decoding=\"async\" width=\"1200\" height=\"1600\" data-id=\"454\" src=\"https:\/\/wordpress.nibis.de\/gspeheim\/files\/2024\/09\/E3691FA6-38C8-4E51-B7B9-74E3AC9E1A2F.jpeg\" alt=\"\" class=\"wp-image-454\" srcset=\"https:\/\/wordpress.nibis.de\/gspeheim\/files\/2024\/09\/E3691FA6-38C8-4E51-B7B9-74E3AC9E1A2F.jpeg 1200w, https:\/\/wordpress.nibis.de\/gspeheim\/files\/2024\/09\/E3691FA6-38C8-4E51-B7B9-74E3AC9E1A2F-225x300.jpeg 225w, https:\/\/wordpress.nibis.de\/gspeheim\/files\/2024\/09\/E3691FA6-38C8-4E51-B7B9-74E3AC9E1A2F-768x1024.jpeg 768w, https:\/\/wordpress.nibis.de\/gspeheim\/files\/2024\/09\/E3691FA6-38C8-4E51-B7B9-74E3AC9E1A2F-1152x1536.jpeg 1152w\" sizes=\"auto, (max-width: 1200px) 100vw, 1200px\" \/><\/figure>\n\n\n\n<figure class=\"wp-block-image size-large\"><img loading=\"lazy\" decoding=\"async\" width=\"1099\" height=\"1550\" data-id=\"453\" src=\"https:\/\/wordpress.nibis.de\/gspeheim\/files\/2024\/09\/DFB38053-FCD0-4134-AA34-F2D03437D0F3.jpeg\" alt=\"\" class=\"wp-image-453\" srcset=\"https:\/\/wordpress.nibis.de\/gspeheim\/files\/2024\/09\/DFB38053-FCD0-4134-AA34-F2D03437D0F3.jpeg 1099w, https:\/\/wordpress.nibis.de\/gspeheim\/files\/2024\/09\/DFB38053-FCD0-4134-AA34-F2D03437D0F3-213x300.jpeg 213w, https:\/\/wordpress.nibis.de\/gspeheim\/files\/2024\/09\/DFB38053-FCD0-4134-AA34-F2D03437D0F3-726x1024.jpeg 726w, https:\/\/wordpress.nibis.de\/gspeheim\/files\/2024\/09\/DFB38053-FCD0-4134-AA34-F2D03437D0F3-768x1083.jpeg 768w, https:\/\/wordpress.nibis.de\/gspeheim\/files\/2024\/09\/DFB38053-FCD0-4134-AA34-F2D03437D0F3-1089x1536.jpeg 1089w\" sizes=\"auto, (max-width: 1099px) 100vw, 1099px\" \/><\/figure>\n\n\n\n<figure class=\"wp-block-image size-large\"><img loading=\"lazy\" decoding=\"async\" width=\"1600\" height=\"1200\" data-id=\"452\" src=\"https:\/\/wordpress.nibis.de\/gspeheim\/files\/2024\/09\/E6102184-0FD6-45DF-AB61-B2AE003A746F.jpeg\" alt=\"\" class=\"wp-image-452\" srcset=\"https:\/\/wordpress.nibis.de\/gspeheim\/files\/2024\/09\/E6102184-0FD6-45DF-AB61-B2AE003A746F.jpeg 1600w, https:\/\/wordpress.nibis.de\/gspeheim\/files\/2024\/09\/E6102184-0FD6-45DF-AB61-B2AE003A746F-300x225.jpeg 300w, https:\/\/wordpress.nibis.de\/gspeheim\/files\/2024\/09\/E6102184-0FD6-45DF-AB61-B2AE003A746F-1024x768.jpeg 1024w, https:\/\/wordpress.nibis.de\/gspeheim\/files\/2024\/09\/E6102184-0FD6-45DF-AB61-B2AE003A746F-768x576.jpeg 768w, https:\/\/wordpress.nibis.de\/gspeheim\/files\/2024\/09\/E6102184-0FD6-45DF-AB61-B2AE003A746F-1536x1152.jpeg 1536w\" sizes=\"auto, (max-width: 1600px) 100vw, 1600px\" \/><\/figure>\n<\/figure>\n\n\n\n<p><strong>Tagesausflug der Antolingewinner<\/strong><\/p>\n\n\n\n<p>Im letzten Schuljahr hat die jetzige Klasse 4 den schulinternen Antolin-Wettbewerb gewonnen. Der Sieger erhielt als Belohnung einen Ausflug zu einem der wundersch\u00f6nen Spielpl\u00e4tze in Peheim. Die Klasse 4 entschied sich f\u00fcr den Bischofsbr\u00fccker Spielplatz. Der Weg dorthin war lang, aber es hat sich gelohnt. Die Kinder hatten jede Menge Spa\u00df.<\/p>\n\n\n\n<figure class=\"wp-block-image size-large\"><img loading=\"lazy\" decoding=\"async\" width=\"1024\" height=\"768\" src=\"https:\/\/wordpress.nibis.de\/gspeheim\/files\/2024\/09\/17FBDA9B-554D-4F0E-AA1E-14418D0C137B-1024x768.jpeg\" alt=\"\" class=\"wp-image-449\" srcset=\"https:\/\/wordpress.nibis.de\/gspeheim\/files\/2024\/09\/17FBDA9B-554D-4F0E-AA1E-14418D0C137B-1024x768.jpeg 1024w, https:\/\/wordpress.nibis.de\/gspeheim\/files\/2024\/09\/17FBDA9B-554D-4F0E-AA1E-14418D0C137B-300x225.jpeg 300w, https:\/\/wordpress.nibis.de\/gspeheim\/files\/2024\/09\/17FBDA9B-554D-4F0E-AA1E-14418D0C137B-768x576.jpeg 768w, https:\/\/wordpress.nibis.de\/gspeheim\/files\/2024\/09\/17FBDA9B-554D-4F0E-AA1E-14418D0C137B-1536x1152.jpeg 1536w, https:\/\/wordpress.nibis.de\/gspeheim\/files\/2024\/09\/17FBDA9B-554D-4F0E-AA1E-14418D0C137B.jpeg 2048w\" sizes=\"auto, (max-width: 1024px) 100vw, 1024px\" \/><\/figure>\n\n\n\n<p><strong>Ernte im Schulgarten<\/strong><\/p>\n\n\n\n<p>Die harte Arbeit im Fr\u00fchling hat sich bezahlt gemacht und die Kinder k\u00f6nnen Himbeeren, Brombeeren, Tomaten und Kohlrabi ernten.<\/p>\n\n\n\n<figure class=\"wp-block-gallery has-nested-images columns-default is-cropped wp-block-gallery-2 is-layout-flex wp-block-gallery-is-layout-flex\">\n<figure class=\"wp-block-image size-large\"><img loading=\"lazy\" decoding=\"async\" width=\"2560\" height=\"1920\" data-id=\"444\" src=\"https:\/\/wordpress.nibis.de\/gspeheim\/files\/2024\/08\/IMG_60651-scaled.jpg\" alt=\"\" class=\"wp-image-444\" srcset=\"https:\/\/wordpress.nibis.de\/gspeheim\/files\/2024\/08\/IMG_60651-scaled.jpg 2560w, https:\/\/wordpress.nibis.de\/gspeheim\/files\/2024\/08\/IMG_60651-300x225.jpg 300w, https:\/\/wordpress.nibis.de\/gspeheim\/files\/2024\/08\/IMG_60651-1024x768.jpg 1024w, https:\/\/wordpress.nibis.de\/gspeheim\/files\/2024\/08\/IMG_60651-768x576.jpg 768w, https:\/\/wordpress.nibis.de\/gspeheim\/files\/2024\/08\/IMG_60651-1536x1152.jpg 1536w, https:\/\/wordpress.nibis.de\/gspeheim\/files\/2024\/08\/IMG_60651-2048x1536.jpg 2048w\" sizes=\"auto, (max-width: 2560px) 100vw, 2560px\" \/><\/figure>\n\n\n\n<figure class=\"wp-block-image size-large\"><img loading=\"lazy\" decoding=\"async\" width=\"1920\" height=\"2560\" data-id=\"442\" src=\"https:\/\/wordpress.nibis.de\/gspeheim\/files\/2024\/08\/IMG_60611-scaled.jpg\" alt=\"\" class=\"wp-image-442\" srcset=\"https:\/\/wordpress.nibis.de\/gspeheim\/files\/2024\/08\/IMG_60611-scaled.jpg 1920w, https:\/\/wordpress.nibis.de\/gspeheim\/files\/2024\/08\/IMG_60611-225x300.jpg 225w, https:\/\/wordpress.nibis.de\/gspeheim\/files\/2024\/08\/IMG_60611-768x1024.jpg 768w, https:\/\/wordpress.nibis.de\/gspeheim\/files\/2024\/08\/IMG_60611-1152x1536.jpg 1152w, https:\/\/wordpress.nibis.de\/gspeheim\/files\/2024\/08\/IMG_60611-1536x2048.jpg 1536w\" sizes=\"auto, (max-width: 1920px) 100vw, 1920px\" \/><\/figure>\n\n\n\n<figure class=\"wp-block-image size-large\"><img loading=\"lazy\" decoding=\"async\" width=\"2124\" height=\"1779\" data-id=\"446\" src=\"https:\/\/wordpress.nibis.de\/gspeheim\/files\/2024\/08\/IMG_60681-scaled-e1725011760872.jpg\" alt=\"\" class=\"wp-image-446\" srcset=\"https:\/\/wordpress.nibis.de\/gspeheim\/files\/2024\/08\/IMG_60681-scaled-e1725011760872.jpg 2124w, https:\/\/wordpress.nibis.de\/gspeheim\/files\/2024\/08\/IMG_60681-scaled-e1725011760872-300x251.jpg 300w, https:\/\/wordpress.nibis.de\/gspeheim\/files\/2024\/08\/IMG_60681-scaled-e1725011760872-1024x858.jpg 1024w, https:\/\/wordpress.nibis.de\/gspeheim\/files\/2024\/08\/IMG_60681-scaled-e1725011760872-768x643.jpg 768w, https:\/\/wordpress.nibis.de\/gspeheim\/files\/2024\/08\/IMG_60681-scaled-e1725011760872-1536x1287.jpg 1536w, https:\/\/wordpress.nibis.de\/gspeheim\/files\/2024\/08\/IMG_60681-scaled-e1725011760872-2048x1715.jpg 2048w\" sizes=\"auto, (max-width: 2124px) 100vw, 2124px\" \/><\/figure>\n<\/figure>\n\n\n\n<p><strong>Einschulung 10.08.2024<\/strong><\/p>\n\n\n\n<p>In diesem Schuljahr wurden in der Grundschule Peheim 28 neue Sch\u00fcler und Sch\u00fclerinnen eingeschult. Die Einschulungsfeier begann mit einem Wortgottesdienst in der Kirche. Anschlie\u00dfend fand eine Feier in dem Vorraum der Turnhalle statt. Mit einem umfangreichem Rahmenprogramm begr\u00fc\u00dften alle Sch\u00fcler, Sch\u00fclerinnen, Lehrer, Lehrerinnen und p\u00e4dagogischen Mitarbeiter die neuen  Erstkl\u00e4ssler sehr herzlich. Nach der Feier absolvierten die Erstkl\u00e4ssler souver\u00e4n ihre erste Unterrichtsstunde. Die Klassen waren besonders geschm\u00fcckt und der F\u00f6rderverein der kath. Grundschule Peheim hatte f\u00fcr alle Erstkl\u00e4ssler eine kleine \u00dcberraschung auf den Tischen gelegt. Klassenlehrerin der 1a ist Frau Bl\u00f6mer und Klassenlehrerin der 1b ist Frau Vallo. Die Schulgemeinschaft w\u00fcnscht allen Erstkl\u00e4sslern eine tolle Grundschulzeit.<\/p>\n\n\n\n<figure class=\"wp-block-gallery has-nested-images columns-default is-cropped wp-block-gallery-3 is-layout-flex wp-block-gallery-is-layout-flex\">\n<figure class=\"wp-block-image size-large\"><img loading=\"lazy\" decoding=\"async\" width=\"1920\" height=\"2560\" data-id=\"458\" src=\"https:\/\/wordpress.nibis.de\/gspeheim\/files\/2024\/09\/IMG_6004-scaled.jpeg\" alt=\"\" class=\"wp-image-458\" srcset=\"https:\/\/wordpress.nibis.de\/gspeheim\/files\/2024\/09\/IMG_6004-scaled.jpeg 1920w, https:\/\/wordpress.nibis.de\/gspeheim\/files\/2024\/09\/IMG_6004-225x300.jpeg 225w, https:\/\/wordpress.nibis.de\/gspeheim\/files\/2024\/09\/IMG_6004-768x1024.jpeg 768w, https:\/\/wordpress.nibis.de\/gspeheim\/files\/2024\/09\/IMG_6004-1152x1536.jpeg 1152w, https:\/\/wordpress.nibis.de\/gspeheim\/files\/2024\/09\/IMG_6004-1536x2048.jpeg 1536w\" sizes=\"auto, (max-width: 1920px) 100vw, 1920px\" \/><\/figure>\n\n\n\n<figure class=\"wp-block-image size-large\"><img loading=\"lazy\" decoding=\"async\" width=\"1920\" height=\"2560\" data-id=\"457\" src=\"https:\/\/wordpress.nibis.de\/gspeheim\/files\/2024\/09\/IMG_6001-scaled.jpeg\" alt=\"\" class=\"wp-image-457\" srcset=\"https:\/\/wordpress.nibis.de\/gspeheim\/files\/2024\/09\/IMG_6001-scaled.jpeg 1920w, https:\/\/wordpress.nibis.de\/gspeheim\/files\/2024\/09\/IMG_6001-225x300.jpeg 225w, https:\/\/wordpress.nibis.de\/gspeheim\/files\/2024\/09\/IMG_6001-768x1024.jpeg 768w, https:\/\/wordpress.nibis.de\/gspeheim\/files\/2024\/09\/IMG_6001-1152x1536.jpeg 1152w, https:\/\/wordpress.nibis.de\/gspeheim\/files\/2024\/09\/IMG_6001-1536x2048.jpeg 1536w\" sizes=\"auto, (max-width: 1920px) 100vw, 1920px\" \/><\/figure>\n\n\n\n<figure class=\"wp-block-image size-large\"><img loading=\"lazy\" decoding=\"async\" width=\"1920\" height=\"2560\" data-id=\"456\" src=\"https:\/\/wordpress.nibis.de\/gspeheim\/files\/2024\/09\/IMG_6037-scaled.jpeg\" alt=\"\" class=\"wp-image-456\" srcset=\"https:\/\/wordpress.nibis.de\/gspeheim\/files\/2024\/09\/IMG_6037-scaled.jpeg 1920w, https:\/\/wordpress.nibis.de\/gspeheim\/files\/2024\/09\/IMG_6037-225x300.jpeg 225w, https:\/\/wordpress.nibis.de\/gspeheim\/files\/2024\/09\/IMG_6037-768x1024.jpeg 768w, https:\/\/wordpress.nibis.de\/gspeheim\/files\/2024\/09\/IMG_6037-1152x1536.jpeg 1152w, https:\/\/wordpress.nibis.de\/gspeheim\/files\/2024\/09\/IMG_6037-1536x2048.jpeg 1536w\" sizes=\"auto, (max-width: 1920px) 100vw, 1920px\" \/><\/figure>\n<\/figure>\n\n\n\n<p><strong>25-j\u00e4hriges Dienstjubil\u00e4um<\/strong><\/p>\n\n\n\n<p>Noch bevor der Schulalltag im Schuljahr 2024\/2025 begann, hatten wir an der Schule schon etwas zu feiern. Frau Wehry feierte ihr 25-j\u00e4hriges Dienstjubil\u00e4um. Dazu haben wir sie nat\u00fcrlich herzlich gratuliert. Frau Riesenbeck hat eine sehr sch\u00f6ne Rede gehalten, eine Urkunde und ein kleines Pr\u00e4sent \u00fcberreicht. Anschlie\u00dfend hat Frau Wehry ein \u00fcppiges Fr\u00fchst\u00fcck ausgegeben. Wir sind sehr froh, dass wir Frau Wehry haben.<\/p>\n\n\n\n<figure class=\"wp-block-gallery has-nested-images columns-default is-cropped wp-block-gallery-4 is-layout-flex wp-block-gallery-is-layout-flex\">\n<figure class=\"wp-block-image size-large\"><img loading=\"lazy\" decoding=\"async\" width=\"1399\" height=\"2048\" data-id=\"464\" src=\"https:\/\/wordpress.nibis.de\/gspeheim\/files\/2024\/09\/D5387EF8-0454-40AF-8AF9-A14BF583230C.jpeg\" alt=\"\" class=\"wp-image-464\" srcset=\"https:\/\/wordpress.nibis.de\/gspeheim\/files\/2024\/09\/D5387EF8-0454-40AF-8AF9-A14BF583230C.jpeg 1399w, https:\/\/wordpress.nibis.de\/gspeheim\/files\/2024\/09\/D5387EF8-0454-40AF-8AF9-A14BF583230C-205x300.jpeg 205w, https:\/\/wordpress.nibis.de\/gspeheim\/files\/2024\/09\/D5387EF8-0454-40AF-8AF9-A14BF583230C-700x1024.jpeg 700w, https:\/\/wordpress.nibis.de\/gspeheim\/files\/2024\/09\/D5387EF8-0454-40AF-8AF9-A14BF583230C-768x1124.jpeg 768w, https:\/\/wordpress.nibis.de\/gspeheim\/files\/2024\/09\/D5387EF8-0454-40AF-8AF9-A14BF583230C-1049x1536.jpeg 1049w\" sizes=\"auto, (max-width: 1399px) 100vw, 1399px\" \/><\/figure>\n\n\n\n<figure class=\"wp-block-image size-large\"><img loading=\"lazy\" decoding=\"async\" width=\"1647\" height=\"2048\" data-id=\"465\" src=\"https:\/\/wordpress.nibis.de\/gspeheim\/files\/2024\/09\/7F95F534-88A3-4BDD-BB8D-D6490B045543.jpeg\" alt=\"\" class=\"wp-image-465\" srcset=\"https:\/\/wordpress.nibis.de\/gspeheim\/files\/2024\/09\/7F95F534-88A3-4BDD-BB8D-D6490B045543.jpeg 1647w, https:\/\/wordpress.nibis.de\/gspeheim\/files\/2024\/09\/7F95F534-88A3-4BDD-BB8D-D6490B045543-241x300.jpeg 241w, https:\/\/wordpress.nibis.de\/gspeheim\/files\/2024\/09\/7F95F534-88A3-4BDD-BB8D-D6490B045543-824x1024.jpeg 824w, https:\/\/wordpress.nibis.de\/gspeheim\/files\/2024\/09\/7F95F534-88A3-4BDD-BB8D-D6490B045543-768x955.jpeg 768w, https:\/\/wordpress.nibis.de\/gspeheim\/files\/2024\/09\/7F95F534-88A3-4BDD-BB8D-D6490B045543-1235x1536.jpeg 1235w\" sizes=\"auto, (max-width: 1647px) 100vw, 1647px\" \/><\/figure>\n\n\n\n<figure class=\"wp-block-image size-large\"><img loading=\"lazy\" decoding=\"async\" width=\"2048\" height=\"1536\" data-id=\"466\" src=\"https:\/\/wordpress.nibis.de\/gspeheim\/files\/2024\/09\/BFA7F325-0EEA-4BD8-A051-D3FF2435EEAF.jpeg\" alt=\"\" class=\"wp-image-466\" srcset=\"https:\/\/wordpress.nibis.de\/gspeheim\/files\/2024\/09\/BFA7F325-0EEA-4BD8-A051-D3FF2435EEAF.jpeg 2048w, https:\/\/wordpress.nibis.de\/gspeheim\/files\/2024\/09\/BFA7F325-0EEA-4BD8-A051-D3FF2435EEAF-300x225.jpeg 300w, https:\/\/wordpress.nibis.de\/gspeheim\/files\/2024\/09\/BFA7F325-0EEA-4BD8-A051-D3FF2435EEAF-1024x768.jpeg 1024w, https:\/\/wordpress.nibis.de\/gspeheim\/files\/2024\/09\/BFA7F325-0EEA-4BD8-A051-D3FF2435EEAF-768x576.jpeg 768w, https:\/\/wordpress.nibis.de\/gspeheim\/files\/2024\/09\/BFA7F325-0EEA-4BD8-A051-D3FF2435EEAF-1536x1152.jpeg 1536w\" sizes=\"auto, (max-width: 2048px) 100vw, 2048px\" \/><\/figure>\n<\/figure>\n","protected":false},"excerpt":{"rendered":"<p>Sch\u00fclerparlament Ein wichtiges Ziel unserer p\u00e4dagogischen Arbeit besteht darin, die Kinder bei ihrerEntwicklung zu selbstst\u00e4ndig, demokratisch und eigenverantwortlich denkenden undhandelnden Menschen zu begleiten. Ein wichtiges Instrument der Mitbestimmung ist unser Sch\u00fclerparlament.Jede Klasse w\u00e4hlt zu Beginn des Schuljahres eine\/n Klassensprecher\/in sowie &hellip; <a href=\"https:\/\/wordpress.nibis.de\/gspeheim\/schuljahr-2023-2024\/\">Weiterlesen <span class=\"meta-nav\">&rarr;<\/span><\/a><\/p>\n","protected":false},"author":9193914,"featured_media":0,"parent":0,"menu_order":0,"comment_status":"closed","ping_status":"closed","template":"","meta":{"footnotes":""},"class_list":["post-422","page","type-page","status-publish","hentry"],"_links":{"self":[{"href":"https:\/\/wordpress.nibis.de\/gspeheim\/wp-json\/wp\/v2\/pages\/422","targetHints":{"allow":["GET"]}}],"collection":[{"href":"https:\/\/wordpress.nibis.de\/gspeheim\/wp-json\/wp\/v2\/pages"}],"about":[{"href":"https:\/\/wordpress.nibis.de\/gspeheim\/wp-json\/wp\/v2\/types\/page"}],"author":[{"embeddable":true,"href":"https:\/\/wordpress.nibis.de\/gspeheim\/wp-json\/wp\/v2\/users\/9193914"}],"replies":[{"embeddable":true,"href":"https:\/\/wordpress.nibis.de\/gspeheim\/wp-json\/wp\/v2\/comments?post=422"}],"version-history":[{"count":15,"href":"https:\/\/wordpress.nibis.de\/gspeheim\/wp-json\/wp\/v2\/pages\/422\/revisions"}],"predecessor-version":[{"id":523,"href":"https:\/\/wordpress.nibis.de\/gspeheim\/wp-json\/wp\/v2\/pages\/422\/revisions\/523"}],"wp:attachment":[{"href":"https:\/\/wordpress.nibis.de\/gspeheim\/wp-json\/wp\/v2\/media?parent=422"}],"curies":[{"name":"wp","href":"https:\/\/api.w.org\/{rel}","templated":true}]}}