{"id":46,"date":"2023-08-28T23:28:36","date_gmt":"2023-08-28T21:28:36","guid":{"rendered":"https:\/\/wordpress.nibis.de\/gspeheim\/?page_id=46"},"modified":"2025-10-09T10:47:11","modified_gmt":"2025-10-09T08:47:11","slug":"wir-stellen-uns-vor","status":"publish","type":"page","link":"https:\/\/wordpress.nibis.de\/gspeheim\/wir-stellen-uns-vor\/","title":{"rendered":"Wir stellen uns vor"},"content":{"rendered":"\n<p>In der Ortsmitte, in unmittelbarer Nachbarschaft zur Pfarrkirche, neben dem Kindergarten, befindet sich die Katholische Grundschule. Das heutige Schulgeb\u00e4ude steht seit 1937 an dieser Stelle.&nbsp; Die Schulgeschichte Peheims reicht aber bis weit in das 18. Jahrhundert zur\u00fcck. Urkundlich ist belegt, dass es im Ort schon 1713 eine Schule gab, die von Peheimer und Gr\u00f6nheimer Kindern besucht wurde.<\/p>\n\n\n\n<p>Im <strong>jetzigen Schuljahr 2025\/26<\/strong> besuchen 86 Kinder die Kath. Grundschule. Sie kommen aus dem Ort Peheim und aus der 2-4 km entfernten Bauernschaft Gr\u00f6nheim.<\/p>\n\n\n\n<p>An der Grundschule unterrichten neben der Schulleiterin Frau Karin Riesenbeck noch acht weitere Lehrerinnen, Frau Maria Wichmann, Frau Maike Rippe, Frau Nicole Wehry, Frau Vallo, Frau Bl\u00f6mer, Frau M\u00f6nckedick, Frau Martina Gerdes und Frau Oltmann. Sechs Lehrerinnen f\u00fchren eine Klasse als Klassenlehrerin. Zum Kollegium geh\u00f6ren auch vier P\u00e4dagogische Mitarbeiterinnen, Frau Hermeling, Frau Brozmann, Frau Jan\u00dfen und Frau Tewes die im Vertretungsfall den Unterricht \u00fcbernehmen oder die Kinder des 1. und 2.\u00a0 Schuljahres betreuen.\u00a0\u00a0<\/p>\n\n\n\n<p>Das <strong>heutige Schulgeb\u00e4ude<\/strong> wurde 1937 erbaut. Im unteren Stockwerk befinden sich drei gro\u00dfe helle Klassenzimmer. Zwei Klassenr\u00e4ume sind durch eine Faltt\u00fcr miteinander verbunden, die ge\u00f6ffnet werden kann. So entsteht ein gro\u00dfer Raum f\u00fcr Entlassungsfeiern, Jubil\u00e4en oder andere Schulveranstaltungen.<\/p>\n\n\n\n<p>Im oberen Stockwerk befinden sich ein viertes Klassenzimmer, ein Besprechungsraum, der Medienraum, eine K\u00fcche f\u00fcr die Kinder und die Sch\u00fclerb\u00fccherei. Diese R\u00e4ume werden auch f\u00fcr den Forder- und F\u00f6rderunterricht genutzt. Au\u00dferdem befinden sich in der oberen Etage noch die Sch\u00fcler- und Lehrertoiletten. Zur Zeit befinden sich zwei Container auf dem Schulgeb\u00e4ude, indenen die Klasse 2a und die Klasse 3b in diesem Schuljahr unterrichtet werden.<\/p>\n\n\n\n<p>Im gro\u00dfen Keller ist&nbsp; der Brennofen f\u00fcr T\u00f6pferarbeiten untergebracht. Nachmittags wird die Schule fast t\u00e4glich von der Musikschule oder vom Musikverein f\u00fcr Instrumentalunterricht und f\u00fcr Elementarkurse genutzt.<\/p>\n\n\n\n<p>Die Schule ist mit neuem, modernem Mobiliar und mit aktuellen Lehr- und Lernmitteln gut ausgestattet. Alle zeitgem\u00e4\u00dfen Medien sind vorhanden.&nbsp;2021 wurden die Klassenr\u00e4ume aufw\u00e4ndig renoviert. Die Verwaltungsr\u00e4ume befinden sich in der ehemaligen Lehrerwohnung.<\/p>\n\n\n\n<p>Der <strong>Schulhof<\/strong> ist 8000 qm gro\u00df und wird von hohen Laubb\u00e4umen und einer Hecke eingerahmt. Zahlreiche Spiel- und Turnger\u00e4te sowie ein Fu\u00dfballfeld, ein V\u00f6lkerball- und Basketballfeld und ein Beach- Volleyballfeld, eine Tischtennisplatte und ein gro\u00dfer Sandkasten bieten den Kindern in den Pausen eine reiche Auswahl zur Bet\u00e4tigung. Im Mai 2006 wurden alle Spielger\u00e4te im Rahmen der 72-Std. Aktion der KLJB Peheim renoviert und der Schulhof neu gestaltet. 2007 wurde von den Erl\u00f6sen der beiden Schulfeste ein gro\u00dfes Seilspielger\u00e4t angeschafft. <\/p>\n\n\n\n<p>Im Jahr 2017 wurde der Schulgarten, der am Schulhof angrenzt, von Sch\u00fclern und Eltern angelegt. Der Schulgarten ist als Thema im eigenen Arbeitsplan im Fach Sachunterricht der Schule integriert. Des Weiteren hilft der F\u00f6rderverein immer wieder mit tollen Aktionen, bei der Pflege und Weitergestaltung des Schulgartens.<\/p>\n","protected":false},"excerpt":{"rendered":"<p>In der Ortsmitte, in unmittelbarer Nachbarschaft zur Pfarrkirche, neben dem Kindergarten, befindet sich die Katholische Grundschule. Das heutige Schulgeb\u00e4ude steht seit 1937 an dieser Stelle.&nbsp; Die Schulgeschichte Peheims reicht aber bis weit in das 18. Jahrhundert zur\u00fcck. Urkundlich ist belegt, &hellip; <a href=\"https:\/\/wordpress.nibis.de\/gspeheim\/wir-stellen-uns-vor\/\">Weiterlesen <span class=\"meta-nav\">&rarr;<\/span><\/a><\/p>\n","protected":false},"author":9193914,"featured_media":0,"parent":0,"menu_order":0,"comment_status":"closed","ping_status":"closed","template":"","meta":{"footnotes":""},"class_list":["post-46","page","type-page","status-publish","hentry"],"_links":{"self":[{"href":"https:\/\/wordpress.nibis.de\/gspeheim\/wp-json\/wp\/v2\/pages\/46","targetHints":{"allow":["GET"]}}],"collection":[{"href":"https:\/\/wordpress.nibis.de\/gspeheim\/wp-json\/wp\/v2\/pages"}],"about":[{"href":"https:\/\/wordpress.nibis.de\/gspeheim\/wp-json\/wp\/v2\/types\/page"}],"author":[{"embeddable":true,"href":"https:\/\/wordpress.nibis.de\/gspeheim\/wp-json\/wp\/v2\/users\/9193914"}],"replies":[{"embeddable":true,"href":"https:\/\/wordpress.nibis.de\/gspeheim\/wp-json\/wp\/v2\/comments?post=46"}],"version-history":[{"count":6,"href":"https:\/\/wordpress.nibis.de\/gspeheim\/wp-json\/wp\/v2\/pages\/46\/revisions"}],"predecessor-version":[{"id":720,"href":"https:\/\/wordpress.nibis.de\/gspeheim\/wp-json\/wp\/v2\/pages\/46\/revisions\/720"}],"wp:attachment":[{"href":"https:\/\/wordpress.nibis.de\/gspeheim\/wp-json\/wp\/v2\/media?parent=46"}],"curies":[{"name":"wp","href":"https:\/\/api.w.org\/{rel}","templated":true}]}}