{"id":646,"date":"2025-07-31T17:42:00","date_gmt":"2025-07-31T15:42:00","guid":{"rendered":"https:\/\/wordpress.nibis.de\/gspeheim\/?page_id=646"},"modified":"2025-08-21T09:08:22","modified_gmt":"2025-08-21T07:08:22","slug":"schuljahr-2025-26","status":"publish","type":"page","link":"https:\/\/wordpress.nibis.de\/gspeheim\/schuljahr-2025-26\/","title":{"rendered":"Schuljahr 2025\/26"},"content":{"rendered":"\n<p>Einschulungsfeier am 16.08.2025<\/p>\n\n\n\n<p>In diesem Schuljahr wurden 13 Erstkl\u00e4sseler eingeschult. Die Einschulungsfeier begann mit einem Wortgottesdienst. Danach ging es r\u00fcber zum Vorraum der Turnhalle. Dort warteten schon gespannt die &#8222;alten&#8220;Kinder der Grundschule auf die Erstkl\u00e4ssler. Gemeinsam wurde das &#8222;Peheimer Schullied&#8220; gesungen. Dann haben sich die Lehrer und p\u00e4dagogischen Mitarbeiter der Schule vorgestellt. Die Klasse 2a hat ein plattdeutsches Theaterst\u00fcck vorgef\u00fchrt und die Klasse 3a die Klanggeschichte &#8222;Der erste Schultag&#8220;. Nart\u00fcrlich wurde auch das Lied &#8222;Alle Kinder lernen lesen &#8220; gesungen. Im Anschluss wurden die Erstkl\u00e4sser auf die B\u00fchne gebeten. Schnell konnten die Eltern noch ein Foto machen, bevor es dann in die Klasse zur ersten Unterrichtsstunde ging. Im Anschluss hatten die anderen Kinder noch eine \u00dcberraschung f\u00fcr Frau Brozmann und Frau Rippe. Jedes Kind \u00fcberreichte zum 25-j\u00e4hrigen Dienstjubil\u00e4um eine Blume.<\/p>\n\n\n\n<figure class=\"wp-block-gallery has-nested-images columns-default is-cropped wp-block-gallery-1 is-layout-flex wp-block-gallery-is-layout-flex\">\n<figure class=\"wp-block-image size-large\"><img loading=\"lazy\" decoding=\"async\" width=\"2560\" height=\"1920\" data-id=\"662\" src=\"https:\/\/wordpress.nibis.de\/gspeheim\/files\/2025\/08\/IMG_7609-scaled.jpg\" alt=\"\" class=\"wp-image-662\" srcset=\"https:\/\/wordpress.nibis.de\/gspeheim\/files\/2025\/08\/IMG_7609-scaled.jpg 2560w, https:\/\/wordpress.nibis.de\/gspeheim\/files\/2025\/08\/IMG_7609-300x225.jpg 300w, https:\/\/wordpress.nibis.de\/gspeheim\/files\/2025\/08\/IMG_7609-1024x768.jpg 1024w, https:\/\/wordpress.nibis.de\/gspeheim\/files\/2025\/08\/IMG_7609-768x576.jpg 768w, https:\/\/wordpress.nibis.de\/gspeheim\/files\/2025\/08\/IMG_7609-1536x1152.jpg 1536w, https:\/\/wordpress.nibis.de\/gspeheim\/files\/2025\/08\/IMG_7609-2048x1536.jpg 2048w\" sizes=\"auto, (max-width: 2560px) 100vw, 2560px\" \/><\/figure>\n\n\n\n<figure class=\"wp-block-image size-large\"><img loading=\"lazy\" decoding=\"async\" width=\"2560\" height=\"1920\" data-id=\"663\" src=\"https:\/\/wordpress.nibis.de\/gspeheim\/files\/2025\/08\/IMG_7626-scaled.jpg\" alt=\"\" class=\"wp-image-663\" srcset=\"https:\/\/wordpress.nibis.de\/gspeheim\/files\/2025\/08\/IMG_7626-scaled.jpg 2560w, https:\/\/wordpress.nibis.de\/gspeheim\/files\/2025\/08\/IMG_7626-300x225.jpg 300w, https:\/\/wordpress.nibis.de\/gspeheim\/files\/2025\/08\/IMG_7626-1024x768.jpg 1024w, https:\/\/wordpress.nibis.de\/gspeheim\/files\/2025\/08\/IMG_7626-768x576.jpg 768w, https:\/\/wordpress.nibis.de\/gspeheim\/files\/2025\/08\/IMG_7626-1536x1152.jpg 1536w, https:\/\/wordpress.nibis.de\/gspeheim\/files\/2025\/08\/IMG_7626-2048x1536.jpg 2048w\" sizes=\"auto, (max-width: 2560px) 100vw, 2560px\" \/><\/figure>\n\n\n\n<figure class=\"wp-block-image size-large\"><img loading=\"lazy\" decoding=\"async\" width=\"768\" height=\"1024\" data-id=\"664\" src=\"https:\/\/wordpress.nibis.de\/gspeheim\/files\/2025\/08\/IMG_7665-768x1024.jpg\" alt=\"\" class=\"wp-image-664\" srcset=\"https:\/\/wordpress.nibis.de\/gspeheim\/files\/2025\/08\/IMG_7665-768x1024.jpg 768w, https:\/\/wordpress.nibis.de\/gspeheim\/files\/2025\/08\/IMG_7665-225x300.jpg 225w, https:\/\/wordpress.nibis.de\/gspeheim\/files\/2025\/08\/IMG_7665-1152x1536.jpg 1152w, https:\/\/wordpress.nibis.de\/gspeheim\/files\/2025\/08\/IMG_7665-1536x2048.jpg 1536w, https:\/\/wordpress.nibis.de\/gspeheim\/files\/2025\/08\/IMG_7665-scaled.jpg 1920w\" sizes=\"auto, (max-width: 768px) 100vw, 768px\" \/><\/figure>\n\n\n\n<figure class=\"wp-block-image size-large\"><img loading=\"lazy\" decoding=\"async\" width=\"1024\" height=\"768\" data-id=\"665\" src=\"https:\/\/wordpress.nibis.de\/gspeheim\/files\/2025\/08\/IMG_7641-1024x768.jpg\" alt=\"\" class=\"wp-image-665\" srcset=\"https:\/\/wordpress.nibis.de\/gspeheim\/files\/2025\/08\/IMG_7641-1024x768.jpg 1024w, https:\/\/wordpress.nibis.de\/gspeheim\/files\/2025\/08\/IMG_7641-300x225.jpg 300w, https:\/\/wordpress.nibis.de\/gspeheim\/files\/2025\/08\/IMG_7641-768x576.jpg 768w, https:\/\/wordpress.nibis.de\/gspeheim\/files\/2025\/08\/IMG_7641-1536x1152.jpg 1536w, https:\/\/wordpress.nibis.de\/gspeheim\/files\/2025\/08\/IMG_7641-2048x1536.jpg 2048w\" sizes=\"auto, (max-width: 1024px) 100vw, 1024px\" \/><\/figure>\n<\/figure>\n\n\n\n<p><strong>25-j\u00e4hriges Dienstjubil\u00e4um<\/strong><\/p>\n\n\n\n<p>Am 01.08.2025 feierten Frau Rippe und Frau Brozmann ihr 25-j\u00e4hriges Dienstjubil\u00e4um. \u00dcberrascht wurden die beiden mit einem Gedicht und einer Klanggeschichte. Anschlie\u00dfend gab es f\u00fcr die Kollegen ein aufwendiges Fr\u00fcchst\u00fcck.<\/p>\n\n\n\n<figure class=\"wp-block-gallery has-nested-images columns-default is-cropped wp-block-gallery-2 is-layout-flex wp-block-gallery-is-layout-flex\">\n<figure class=\"wp-block-image size-large\"><img loading=\"lazy\" decoding=\"async\" width=\"1750\" height=\"2560\" data-id=\"668\" src=\"https:\/\/wordpress.nibis.de\/gspeheim\/files\/2025\/08\/IMG_7592-scaled.jpg\" alt=\"\" class=\"wp-image-668\" srcset=\"https:\/\/wordpress.nibis.de\/gspeheim\/files\/2025\/08\/IMG_7592-scaled.jpg 1750w, https:\/\/wordpress.nibis.de\/gspeheim\/files\/2025\/08\/IMG_7592-205x300.jpg 205w, https:\/\/wordpress.nibis.de\/gspeheim\/files\/2025\/08\/IMG_7592-700x1024.jpg 700w, https:\/\/wordpress.nibis.de\/gspeheim\/files\/2025\/08\/IMG_7592-768x1124.jpg 768w, https:\/\/wordpress.nibis.de\/gspeheim\/files\/2025\/08\/IMG_7592-1050x1536.jpg 1050w, https:\/\/wordpress.nibis.de\/gspeheim\/files\/2025\/08\/IMG_7592-1400x2048.jpg 1400w\" sizes=\"auto, (max-width: 1750px) 100vw, 1750px\" \/><\/figure>\n\n\n\n<figure class=\"wp-block-image size-large\"><img loading=\"lazy\" decoding=\"async\" width=\"1515\" height=\"2560\" data-id=\"669\" src=\"https:\/\/wordpress.nibis.de\/gspeheim\/files\/2025\/08\/IMG_7596-scaled.jpg\" alt=\"\" class=\"wp-image-669\" srcset=\"https:\/\/wordpress.nibis.de\/gspeheim\/files\/2025\/08\/IMG_7596-scaled.jpg 1515w, https:\/\/wordpress.nibis.de\/gspeheim\/files\/2025\/08\/IMG_7596-177x300.jpg 177w, https:\/\/wordpress.nibis.de\/gspeheim\/files\/2025\/08\/IMG_7596-606x1024.jpg 606w, https:\/\/wordpress.nibis.de\/gspeheim\/files\/2025\/08\/IMG_7596-768x1298.jpg 768w, https:\/\/wordpress.nibis.de\/gspeheim\/files\/2025\/08\/IMG_7596-909x1536.jpg 909w, https:\/\/wordpress.nibis.de\/gspeheim\/files\/2025\/08\/IMG_7596-1212x2048.jpg 1212w\" sizes=\"auto, (max-width: 1515px) 100vw, 1515px\" \/><\/figure>\n<\/figure>\n","protected":false},"excerpt":{"rendered":"<p>Einschulungsfeier am 16.08.2025 In diesem Schuljahr wurden 13 Erstkl\u00e4sseler eingeschult. Die Einschulungsfeier begann mit einem Wortgottesdienst. Danach ging es r\u00fcber zum Vorraum der Turnhalle. Dort warteten schon gespannt die &#8222;alten&#8220;Kinder der Grundschule auf die Erstkl\u00e4ssler. Gemeinsam wurde das &#8222;Peheimer Schullied&#8220; &hellip; <a href=\"https:\/\/wordpress.nibis.de\/gspeheim\/schuljahr-2025-26\/\">Weiterlesen <span class=\"meta-nav\">&rarr;<\/span><\/a><\/p>\n","protected":false},"author":9193914,"featured_media":0,"parent":0,"menu_order":0,"comment_status":"closed","ping_status":"closed","template":"","meta":{"footnotes":""},"class_list":["post-646","page","type-page","status-publish","hentry"],"_links":{"self":[{"href":"https:\/\/wordpress.nibis.de\/gspeheim\/wp-json\/wp\/v2\/pages\/646","targetHints":{"allow":["GET"]}}],"collection":[{"href":"https:\/\/wordpress.nibis.de\/gspeheim\/wp-json\/wp\/v2\/pages"}],"about":[{"href":"https:\/\/wordpress.nibis.de\/gspeheim\/wp-json\/wp\/v2\/types\/page"}],"author":[{"embeddable":true,"href":"https:\/\/wordpress.nibis.de\/gspeheim\/wp-json\/wp\/v2\/users\/9193914"}],"replies":[{"embeddable":true,"href":"https:\/\/wordpress.nibis.de\/gspeheim\/wp-json\/wp\/v2\/comments?post=646"}],"version-history":[{"count":5,"href":"https:\/\/wordpress.nibis.de\/gspeheim\/wp-json\/wp\/v2\/pages\/646\/revisions"}],"predecessor-version":[{"id":670,"href":"https:\/\/wordpress.nibis.de\/gspeheim\/wp-json\/wp\/v2\/pages\/646\/revisions\/670"}],"wp:attachment":[{"href":"https:\/\/wordpress.nibis.de\/gspeheim\/wp-json\/wp\/v2\/media?parent=646"}],"curies":[{"name":"wp","href":"https:\/\/api.w.org\/{rel}","templated":true}]}}