{"id":71,"date":"2023-09-03T21:58:57","date_gmt":"2023-09-03T19:58:57","guid":{"rendered":"https:\/\/wordpress.nibis.de\/gspeheim\/?page_id=71"},"modified":"2025-09-29T23:11:53","modified_gmt":"2025-09-29T21:11:53","slug":"ganztag","status":"publish","type":"page","link":"https:\/\/wordpress.nibis.de\/gspeheim\/ganztag\/","title":{"rendered":"Ganztag"},"content":{"rendered":"\n<h3 class=\"wp-block-heading\">Regelungen f\u00fcr die Teilnahme am Ganztagsangebot<\/h3>\n\n\n\n<ul class=\"wp-block-list\"><li>Alle Anmeldungen sind nur mit der Unterschrift eines Erziehungsberechtigten g\u00fcltig. Liegt keine Anmeldung vor, ist eine Teilnahme am Nachmittagsangebot nicht m\u00f6glich.<\/li><li>Abmeldungen w\u00e4hrend des Halbjahres sind nicht m\u00f6glich.<\/li><li>Die Sch\u00fcler haben am Nachmittag den Anweisungen der Aufsichtsperson, der Betreuungskr\u00e4ften und den AG \u2013 Leitern zu folgen. Bei wiederholter Missachtung wird Ihr Kind von der Teilnahme ausgeschlossen.<\/li><\/ul>\n\n\n\n<h3 class=\"wp-block-heading\">Hausaufgabenbetreuung<\/h3>\n\n\n\n<ul class=\"wp-block-list\"><li>F\u00fcr die Sch\u00fcler der Grundschule gibt es an drei Tagen (dienstags \u2013 donnerstags) eine Hausaufgabenbetreuung im Rahmen der Nachmittagsangebote (13.30 \u2013 14.15  Uhr).<\/li><li>Die Kontrolle der Hausaufgaben und das \u00dcben f\u00fcr Tests \/ Lernzielkontrollen liegen jedoch in der Verantwortung der Eltern.<\/li><li>Die Hausaufgabenbetreuung ist kein F\u00f6rderunterricht. Die Pflicht der Eltern den schulischen Weg ihrer Kinder aktiv zu begleiten, bleibt weiterhin bestehen.<\/li><\/ul>\n\n\n\n<h3 class=\"wp-block-heading\">Arbeitsgemeinschaften<\/h3>\n\n\n\n<ul class=\"wp-block-list\"><li>In den Arbeitsgemeinschaften wird der Freizeit- und Hobbybereich angesprochen. <\/li><li>Die Arbeitsgemeinschaften finden von 14.15 bis 15.00Uhr statt.<\/li><\/ul>\n\n\n\n<h3 class=\"wp-block-heading\">Mittagessen<\/h3>\n\n\n\n<p>Alle Sch\u00fcler und Sch\u00fclerinnen, die f\u00fcr den Ganztag angemeldet sind, versammeln sich nach Unterrichtsschluss auf dem Schulhof und gehen gemeinsam zum Vorraum der Turnhalle. Dort k\u00f6nnen alle Sch\u00fcler und Sch\u00fclerinnen miteinander essen. Es ist m\u00f6glich sich f\u00fcr das Mittagessen anzumelden, um eine warme Mahlzeit zu erhalten oder mitgebrachtes Essen im Vorraum zu verzehren. Das bestellte Mittagessen wird von der ortsans\u00e4ssigen Firma Rippe geliefert.<\/p>\n\n\n\n<p>Die Kosten f\u00fcr ein Mittagessen betragen pro Mahlzeit 3,60 Euro. <\/p>\n\n\n\n<p><strong>Wichtig:<\/strong><\/p>\n\n\n\n<p><strong>Ist ihr Kind erkrankt und kommt nicht zur Schule, bitten wir auch um Abmeldung f\u00fcr den Ganztag.<\/strong><\/p>\n\n\n\n<h3 class=\"wp-block-heading\">Aufsichtsregeln in der Mittagspause<\/h3>\n\n\n\n<p>Die Sch\u00fcler werden in der Mittagspause von Aufsichtspersonen betreut. Die Schultaschen werden in der Grundschule abgestellt. Gemeinsam mit der Aufsichtsperson gehen alle Kinder zum Mittagessen in den Vorraum der Turnhalle.  Nach dem Mittagessen gehen die Kinder in Begleitung zur\u00fcck zur Grundschule und werden dort bis zum Beginn der Hausaufgabenbetreuung ab 13:30 Uhr beaufsichtigt.<\/p>\n\n\n\n<h3 class=\"wp-block-heading\">Versicherungsschutz \/ Aufsichtspflicht<\/h3>\n\n\n\n<p>Wir m\u00f6chten noch einmal ausdr\u00fccklich darauf hinweisen, dass der Versicherungsschutz und die Aufsichtspflicht der Schule erl\u00f6schen, wenn Ihre Tochter oder Ihr Sohn w\u00e4hrend der Mittagspause und am Nachmittag das Schulgel\u00e4nde unerlaubt verl\u00e4sst. Bitte weisen Sie Ihre Kinder darauf hin, dass sie das Schulgel\u00e4nde w\u00e4hrend der Mittagspause und am Nachmittag nicht bzw. nur mit Sondergenehmigung verlassen d\u00fcrfen.<\/p>\n\n\n\n<h3 class=\"wp-block-heading\">Fahrsch\u00fcler<\/h3>\n\n\n\n<p>F\u00fcr Fahrsch\u00fcler wird ein Bus eingesetzt. Die Abfahrt erfolgt um 15:oo Uhr.<\/p>\n\n\n\n<h3 class=\"wp-block-heading\">Entschuldigungspflicht<\/h3>\n\n\n\n<p>Wenn Ihr Kind nicht am Ganztagsangebot teilnehmen kann, m\u00fcssen Sie es genau wie f\u00fcr den Vormittagsunterricht beim Klassenlehrer oder im Sekretariat abmelden. Sollte Ihr Kind zum wiederholten Male unentschuldigt in der AG fehlen, behalten wir uns das Recht vor, Ihr Kind vom Ganztagsangebot auszuschlie\u00dfen.<\/p>\n","protected":false},"excerpt":{"rendered":"<p>Regelungen f\u00fcr die Teilnahme am Ganztagsangebot Alle Anmeldungen sind nur mit der Unterschrift eines Erziehungsberechtigten g\u00fcltig. Liegt keine Anmeldung vor, ist eine Teilnahme am Nachmittagsangebot nicht m\u00f6glich. Abmeldungen w\u00e4hrend des Halbjahres sind nicht m\u00f6glich. Die Sch\u00fcler haben am Nachmittag den &hellip; <a href=\"https:\/\/wordpress.nibis.de\/gspeheim\/ganztag\/\">Weiterlesen <span class=\"meta-nav\">&rarr;<\/span><\/a><\/p>\n","protected":false},"author":9193914,"featured_media":0,"parent":0,"menu_order":0,"comment_status":"closed","ping_status":"closed","template":"","meta":{"footnotes":""},"class_list":["post-71","page","type-page","status-publish","hentry"],"_links":{"self":[{"href":"https:\/\/wordpress.nibis.de\/gspeheim\/wp-json\/wp\/v2\/pages\/71","targetHints":{"allow":["GET"]}}],"collection":[{"href":"https:\/\/wordpress.nibis.de\/gspeheim\/wp-json\/wp\/v2\/pages"}],"about":[{"href":"https:\/\/wordpress.nibis.de\/gspeheim\/wp-json\/wp\/v2\/types\/page"}],"author":[{"embeddable":true,"href":"https:\/\/wordpress.nibis.de\/gspeheim\/wp-json\/wp\/v2\/users\/9193914"}],"replies":[{"embeddable":true,"href":"https:\/\/wordpress.nibis.de\/gspeheim\/wp-json\/wp\/v2\/comments?post=71"}],"version-history":[{"count":5,"href":"https:\/\/wordpress.nibis.de\/gspeheim\/wp-json\/wp\/v2\/pages\/71\/revisions"}],"predecessor-version":[{"id":712,"href":"https:\/\/wordpress.nibis.de\/gspeheim\/wp-json\/wp\/v2\/pages\/71\/revisions\/712"}],"wp:attachment":[{"href":"https:\/\/wordpress.nibis.de\/gspeheim\/wp-json\/wp\/v2\/media?parent=71"}],"curies":[{"name":"wp","href":"https:\/\/api.w.org\/{rel}","templated":true}]}}