{"id":74,"date":"2023-09-03T21:59:29","date_gmt":"2023-09-03T19:59:29","guid":{"rendered":"https:\/\/wordpress.nibis.de\/gspeheim\/?page_id=74"},"modified":"2023-11-20T17:00:44","modified_gmt":"2023-11-20T16:00:44","slug":"schulordnung","status":"publish","type":"page","link":"https:\/\/wordpress.nibis.de\/gspeheim\/schulordnung\/","title":{"rendered":"Schulordnung"},"content":{"rendered":"\n<p><\/p>\n\n\n\n<p>Wir alle geh\u00f6ren zur Grundschule Peheim: die Sch\u00fclerinnen und Sch\u00fcler, die Lehrerinnen und Lehrer, die Eltern und Angeh\u00f6rigen der Sch\u00fcler und die Betreuerinnen!<\/p>\n\n\n\n<p>Wir wollen alle freundlich miteinander umgehen. Wir wollen unsere Schule und alles, was dazu geh\u00f6rt, in Ordnung halten. Wir wollen gemeinsam lernen, arbeiten und Spa\u00df haben. Alle haben das gleiche Recht dazu. Niemand darf andere hindern, dieses Recht in Anspruch zu nehmen. Darum muss jeder auf die anderen Kinder R\u00fccksicht nehmen. Keiner darf etwas tun, was anderen den Spa\u00df verdirbt, sie st\u00f6rt oder sie in Gefahr bringt. Jeder hat Verantwortung f\u00fcr das friedliche Miteinander. Wir wollen h\u00f6flich und hilfsbereit sein, damit wir uns alle wohl f\u00fchlen.<\/p>\n\n\n\n<p>Es ist nicht schwer und freut jeden, wenn wir uns freundlich begr\u00fc\u00dfen und verabschieden. Auch ein h\u00f6fliches \u201eBitte\u201c und \u201eDanke\u201c h\u00f6rt jeder von uns gern.<\/p>\n\n\n\n<p><strong>Auf dem gesamten Schulgel\u00e4nde wollen wir dazu einige Dinge besonders beachten:<\/strong><\/p>\n\n\n\n<p>Wir behandeln andere genauso, wie wir auch selbst behandelt werden wollen.<\/p>\n\n\n\n<p>Wir helfen Kindern, die verletzt sind oder die andere Schwierigkeiten haben.<\/p>\n\n\n\n<p>Wir d\u00fcrfen nicht k\u00e4mpfen und auch nicht pr\u00fcgeln.<\/p>\n\n\n\n<p>Ohne zu fragen nehmen wir uns keine Dinge von anderen.<\/p>\n\n\n\n<p>Wir wollen, dass unsere Schule sch\u00f6n aussieht, deshalb halten wir die W\u00e4nde, Bilder, M\u00f6bel, Spielger\u00e4te und den Schulhof sauber.<\/p>\n\n\n\n<p>Wir trennen den M\u00fcll und werfen ihn in die daf\u00fcr vorgesehenen Beh\u00e4lter.<\/p>\n\n\n\n<p>Essensreste nehmen wir wieder mit nach Haus.<\/p>\n\n\n\n<p>Ohne zu fragen bringen wir keine Tiere mit.<\/p>\n\n\n\n<p>Wir steigen nur an der Stra\u00dfe \u201eZum Sportzentrum\u201c ein und aus, wenn wir mit<\/p>\n\n\n\n<p>dem Auto zur Schule gebracht werden.<\/p>\n\n\n\n<p>Wir Buskinder warten beim Fahrradstand und gehen erst los,<\/p>\n\n\n\n<p>wenn der Bus h\u00e4lt und die T\u00fcren ge\u00f6ffnet sind. Bei Regenwetter warten wir<\/p>\n\n\n\n<p>im Eingang.<\/p>\n\n\n\n<p>Der Fahrer ist f\u00fcr unsere Sicherheit verantwortlich, deshalb m\u00fcssen wir unbedingt seine Anweisungen befolgen.<\/p>\n\n\n\n<p>Wir d\u00fcrfen nur mit einem verkehrssicheren Fahrrad zur Schule kommen.<\/p>\n\n\n\n<p>Unsere Fahrr\u00e4der stellen wir ordentlich in den Fahrradst\u00e4nder.<\/p>\n\n\n\n<p>Vormittags ist das Fahrradfahren auf dem Schulhof verboten.<\/p>\n\n\n\n<p>Verhalten auf dem Flur und den Treppen:<\/p>\n\n\n\n<p>Auf dem Flur und den Treppen rennen, dr\u00e4ngeln, schubsen und springen wir nicht.<\/p>\n\n\n\n<p>Im gesamten Schulgeb\u00e4ude d\u00fcrfen wir nicht mit dem Ball spielen.<\/p>\n\n\n\n<p>Wenn es klingelt gehen wir sofort in unsere Klasse auf den Platz und holen die Unterrichtsmaterialien f\u00fcr die n\u00e4chste Unterrichtsstunde heraus.<\/p>\n\n\n\n<p><strong>Verhalten auf dem Schulhof:<\/strong><\/p>\n\n\n\n<p>Wir d\u00fcrfen das Schulgel\u00e4nde ohne Erlaubnis der Lehrer nicht vor Unterrichtsende oder Abfahrt des Busses verlassen.<\/p>\n\n\n\n<p>In den Pausen halten wir uns auf dem Schulhof auf. Jacken, Handschuhe \u2026<\/p>\n\n\n\n<p>Brote, \u2026 sollten sofort mitgenommen werden.<\/p>\n\n\n\n<p>Die Spielger\u00e4te k\u00f6nnen nur mit dem Spielger\u00e4teausweis geliehen werden. Wir behandeln sie pfleglich und r\u00e4umen sie nach der Pause wieder ordentlich zur\u00fcck in die Garage.<\/p>\n\n\n\n<p>An jedem Tag hat eine Klasse die Aufgabe den Schulhof zu s\u00e4ubern.<\/p>\n\n\n\n<p>Wir gehen in der Pause auf die Toilette. Um Krankheiten zu vermeiden achten wir auf Sauberkeit und waschen uns die H\u00e4nde.<\/p>\n\n\n\n<p>Die Toiletten sind keine Spielpl\u00e4tze. Wir verlassen sie sofort wieder.<\/p>\n\n\n\n<p><strong>Verhalten in den Klassen und w\u00e4hrend des Unterrichts:<\/strong><\/p>\n\n\n\n<p>Der Unterricht beginnt um 7.56 Uhr. Um 7.35 Uhr wird die Schule aufgeschlossen und ab dann ist auch eine Aufsicht da.<\/p>\n\n\n\n<p>In der Klasse verhalten wir uns ruhig. Jeder sitzt auf seinem Platz und besch\u00e4ftigt sich leise.<\/p>\n\n\n\n<p>Die geliehenen B\u00fccher und Lernmittel versehen wir mit einem Umschlag<\/p>\n\n\n\n<p>und schonen sie. Bei Verlust oder starker Besch\u00e4digung m\u00fcssen unsere Eltern diese bezahlen.<\/p>\n\n\n\n<p>Unsere Unterrichtsmaterialien sind jeden Tag vollst\u00e4ndig, die Stifte angespitzt.<\/p>\n\n\n\n<p>Wir haben die Pflicht, unsere Hausaufgaben vollst\u00e4ndig, gr\u00fcndlich und sorgf\u00e4ltig zu erledigen.<\/p>\n\n\n\n<p>Wir achten darauf, dass unsere Klasse sauber bleibt. Wir erledigen unsere zugeteilten Klassendienste zuverl\u00e4ssig.<\/p>\n\n\n\n<p>Wir fr\u00fchst\u00fccken in der Fr\u00fchst\u00fcckspause in der Klasse. Wir achten auf ein gesundes Fr\u00fchst\u00fcck und bringen ohne Grund (Geburtstag) keine S\u00fc\u00dfigkeiten als Essen mit zur Schule. Wir achten auf eine umweltschonende Verpackung.<\/p>\n\n\n\n<p>In den Unterrichtsr\u00e4umen ist das Kauen von Kaugummi verboten.<\/p>\n\n\n\n<p>Grunds\u00e4tzliches:<\/p>\n\n\n\n<p>Wir alle kommen p\u00fcnktlich, mindestens 5 Minuten vor Unterrichtsbeginn zur Schule.<\/p>\n\n\n\n<p>Jedes Fehlen, auch w\u00e4hrend der Sport- und Schwimmstunden, muss von den Eltern schriftlich entschuldigt werden. Morgens vor Unterrichtsbeginn (bis 7.56 Uhr) melden die Eltern die Kinder telefonisch krank (Tel: 428). So k\u00f6nnen die Lehrerinnen sicher sein, dass auf dem Schulweg nichts passiert ist.<\/p>\n\n\n\n<p>Arztbesuche m\u00fcssen grunds\u00e4tzlich nachmittags durchgef\u00fchrt werden. Ausnahmen bilden dringende F\u00e4lle und Besuche von besonderen Fach\u00e4rzten oder spezielle Behandlungen. Es ist hierf\u00fcr in jedem Fall ein schriftlicher Antrag auf Unterrichtsbeurlaubung bei der Schulleitung zu stellen.<\/p>\n\n\n\n<p>Nach einer ansteckenden Krankheit (z.B. Masern, Windpocken, R\u00f6teln oder Kopfl\u00e4use\u2026) darf ein Sch\u00fcler nur dann wieder die Schule besuchen, wenn ein Arzt oder die Schulgesundheitsf\u00fcrsorgestelle bescheinigt hat, dass der Sch\u00fcler frei von ansteckenden Krankheiten ist. Es besteht solange ein Betretungsverbot. (Hierzu auch die Belehrung \u00fcber den Infektionsschutz.)<\/p>\n\n\n\n<p>Schulveranstaltungen gelten als Unterricht, auch wenn sie nicht in der Schule oder zu anderen Zeiten stattfinden (z.B. Wandertage, Klassenfahrten). Es besteht Teilnahmepflicht.<\/p>\n\n\n\n<p><strong>Das d\u00fcrfen wir Sch\u00fcler nicht mitbringen:<\/strong><\/p>\n\n\n\n<p>Handys und Smartwatches<\/p>\n\n\n\n<p>Feuerzeuge und Streichh\u00f6lzer<\/p>\n\n\n\n<p>Knallk\u00f6rper<\/p>\n\n\n\n<p>Messer und andere Waffen<\/p>\n\n\n\n<p>Spielzeug<\/p>\n\n\n\n<p>Wertsachen<\/p>\n\n\n\n<p>unn\u00f6tig viel Geld<\/p>\n\n\n\n<p><\/p>\n\n\n\n<p>Karin Riesenbeck, Schulleiterin<\/p>\n","protected":false},"excerpt":{"rendered":"<p>Wir alle geh\u00f6ren zur Grundschule Peheim: die Sch\u00fclerinnen und Sch\u00fcler, die Lehrerinnen und Lehrer, die Eltern und Angeh\u00f6rigen der Sch\u00fcler und die Betreuerinnen! Wir wollen alle freundlich miteinander umgehen. Wir wollen unsere Schule und alles, was dazu geh\u00f6rt, in Ordnung &hellip; <a href=\"https:\/\/wordpress.nibis.de\/gspeheim\/schulordnung\/\">Weiterlesen <span class=\"meta-nav\">&rarr;<\/span><\/a><\/p>\n","protected":false},"author":9193914,"featured_media":0,"parent":0,"menu_order":0,"comment_status":"closed","ping_status":"closed","template":"","meta":{"footnotes":""},"class_list":["post-74","page","type-page","status-publish","hentry"],"_links":{"self":[{"href":"https:\/\/wordpress.nibis.de\/gspeheim\/wp-json\/wp\/v2\/pages\/74","targetHints":{"allow":["GET"]}}],"collection":[{"href":"https:\/\/wordpress.nibis.de\/gspeheim\/wp-json\/wp\/v2\/pages"}],"about":[{"href":"https:\/\/wordpress.nibis.de\/gspeheim\/wp-json\/wp\/v2\/types\/page"}],"author":[{"embeddable":true,"href":"https:\/\/wordpress.nibis.de\/gspeheim\/wp-json\/wp\/v2\/users\/9193914"}],"replies":[{"embeddable":true,"href":"https:\/\/wordpress.nibis.de\/gspeheim\/wp-json\/wp\/v2\/comments?post=74"}],"version-history":[{"count":3,"href":"https:\/\/wordpress.nibis.de\/gspeheim\/wp-json\/wp\/v2\/pages\/74\/revisions"}],"predecessor-version":[{"id":159,"href":"https:\/\/wordpress.nibis.de\/gspeheim\/wp-json\/wp\/v2\/pages\/74\/revisions\/159"}],"wp:attachment":[{"href":"https:\/\/wordpress.nibis.de\/gspeheim\/wp-json\/wp\/v2\/media?parent=74"}],"curies":[{"name":"wp","href":"https:\/\/api.w.org\/{rel}","templated":true}]}}