{"id":92,"date":"2023-09-03T22:02:18","date_gmt":"2023-09-03T20:02:18","guid":{"rendered":"https:\/\/wordpress.nibis.de\/gspeheim\/?page_id=92"},"modified":"2024-01-08T00:21:09","modified_gmt":"2024-01-07T23:21:09","slug":"impressum","status":"publish","type":"page","link":"https:\/\/wordpress.nibis.de\/gspeheim\/impressum\/","title":{"rendered":"Impressum"},"content":{"rendered":"\n<p>Land Niedersachsen (Dienstanbieter im Sinne des Telemediengesetzes)<\/p>\n\n\n\n<p>Das Land Niedersachsen ist eine juristische Person des \u00f6ffentlichen Rechts vertreten durch<\/p>\n\n\n\n<p>Schulleitung: Karin Riesenbeck<\/p>\n\n\n\n<p><strong>1. Inhalt des Onlineangebotes<\/strong><\/p>\n\n\n\n<p>Grundschule Peheim<br>Markhauser Stra\u00dfe 14<br>49696 Peheim<br>Tel.: 04479\/428<br>Fax: 04479\/929777<br>E-Mail: &#103;&#x72;&#117;&#x6e;&#100;&#x73;&#99;&#x68;u&#x6c;e&#x2e;p&#x65;h&#101;&#x69;&#109;&#x40;&#101;&#x77;&#101;&#x74;&#101;&#x6c;&#46;&#x6e;e&#x74;    <\/p>\n\n\n\n<p>Schulische Datenschutzbeauftragte: &#x6d;&#97;r&#x74;&#105;n&#x61;&#x2e;&#103;&#x65;&#x72;&#100;e&#x73;&#64;k&#x61;&#x74;&#104;&#x67;&#x72;&#117;n&#x64;&#115;c&#x68;&#x75;&#108;&#x65;&#x2d;&#112;e&#x68;&#101;i&#x6d;&#x2e;&#115;&#x63;&#x68;&#117;l&#x73;&#101;r&#x76;&#x65;&#114;&#x2e;&#x64;&#101;<\/p>\n\n\n\n<p>Verantwortlicher f\u00fcr redaktionell-journalistische Angebote i.S.d.\u00a755 Abs. 2 Rundfunkstaatsvertrag:<\/p>\n\n\n\n<p>Martina Gerdes                                                                                                                          Grundschule Peheim<br>Markhauser Stra\u00dfe 14<br>49696 Peheim<br>Tel.: 04479\/428      <\/p>\n\n\n\n<p>Disclaimer<\/p>\n\n\n\n<p>Diese Website beinhaltet externe Links. Deren Inhalte entziehen sich unsere Einflussnahme, sodass eine Gew\u00e4hr f\u00fcr solche Inhalte von uns nicht \u00fcbernommen werden kann. Die Verantwortung liegt stets beim jeweiligen Betreiber der externen Seiten. Zum Zeitpunkt der Verkn\u00fcpfung der externen Links waren keine Rechtsverst\u00f6\u00dfe ersichtlich. Die permanente \u00dcberwachung fremder Inhalte auf Rechtsverst\u00f6\u00dfe ohne konkrete Hinweise ist uns nicht zumutbar. Sollten wir Kenntnis von Rechtsverletzungen erlangen, werden wir die entsprechenden externen Links unverz\u00fcglich entfernen.                                                                                                                                                                                                                                                                                                          <\/p>\n\n\n\n<p>Der Autor \u00fcbernimmt keinerlei Gew\u00e4hr f\u00fcr die Aktualit\u00e4t, Korrektheit, Vollst\u00e4ndigkeit oder Qualit\u00e4t der bereitgestellten Informationen. Haftungsanspr\u00fcche gegen den Autor, welche sich auf Sch\u00e4den materieller oder ideeller Art beziehen, die durch die Nutzung oder Nichtnutzung der dargebotenen Informationen bzw. durch die Nutzung fehlerhafter und unvollst\u00e4ndiger Informationen verursacht wurden, sind grunds\u00e4tzlich ausgeschlossen, sofern seitens des Autors kein nachweislich vors\u00e4tzliches oder grob fahrl\u00e4ssiges Verschulden vorliegt.<br>Alle Angebote sind freibleibend und unverbindlich.<br>Der Autor beh\u00e4lt es sich ausdr\u00fccklich vor, Teile der Seiten oder das gesamte Angebot ohne gesonderte Ank\u00fcndigung zu ver\u00e4ndern, zu erg\u00e4nzen, zu l\u00f6schen oder die Ver\u00f6ffentlichung zeitweise oder endg\u00fcltig einzustellen.<br><\/p>\n\n\n\n<p>Das Copyright f\u00fcr ver\u00f6ffentlichte, vom Autor selbst erstellte Objekte bleibt allein beim Autor der Seiten. Eine Vervielf\u00e4ltigung oder Verwendung solcher Grafiken, Tondokumente, Videosequenzen und Texte in anderen elektronischen oder gedruckten Publikationen ist ohne ausdr\u00fcckliche Zustimmung des Autors nicht gestattet.<\/p>\n\n\n\n<p>Sofern innerhalb des Internetangebotes die M\u00f6glichkeit zur Eingabe pers\u00f6nlicher oder gesch\u00e4ftlicher Daten (E-mail-Adressen, Namen, Anschriften) besteht, so erfolgt die Preisgabe dieser Daten seitens des Nutzers auf ausdr\u00fccklich freiwilliger Basis.<br>Die Nutzung der Kontaktdaten wie Postanschriften, Telefon- und Faxnummern sowie E-mail-Adressen durch Dritte zur \u00dcbersendung von nicht ausdr\u00fccklich angeforderten Informationen ist nicht gestattet. Rechtliche Schritte gegen die Versender von so genannten Spam-Mails bei Verst\u00f6\u00dfen gegen dieses Verbot sind ausdr\u00fccklich vorbehalten.<\/p>\n\n\n\n<p>Alle wichtigen Informationen zum Datenschutz erhalten Sie unter dem Men\u00fcpunkt Downloads.<br><\/p>\n\n\n\n<p>Dieser Haftungsausschluss ist als Teil des Internetangebotes zu betrachten, von dem aus auf diese Seite verwiesen wurde. Sofern Teile oder einzelne Formulierungen dieses Textes der geltenden Rechtslage nicht, nicht mehr oder nicht vollst\u00e4ndig entsprechen sollten, bleiben die \u00fcbrigen Teile des Dokumentes in ihrem Inhalt und ihrer G\u00fcltigkeit davon unber\u00fchrt.<\/p>\n","protected":false},"excerpt":{"rendered":"<p>Land Niedersachsen (Dienstanbieter im Sinne des Telemediengesetzes) Das Land Niedersachsen ist eine juristische Person des \u00f6ffentlichen Rechts vertreten durch Schulleitung: Karin Riesenbeck 1. Inhalt des Onlineangebotes Grundschule PeheimMarkhauser Stra\u00dfe 1449696 PeheimTel.: 04479\/428Fax: 04479\/929777E-Mail: &#x67;&#x72;&#117;nd&#x73;&#x63;&#104;&#117;l&#x65;&#x2e;&#112;&#101;h&#x65;&#x69;&#x6d;&#64;ew&#x65;&#x74;&#101;&#108;&#46;&#x6e;&#x65;&#116; Schulische Datenschutzbeauftragte: &#x6d;&#x61;&#x72;&#x74;&#x69;&#x6e;&#x61;&#x2e;&#x67;&#x65;&#x72;&#100;&#101;&#115;&#64;&#107;&#97;&#116;hgrund&#x73;&#x63;&#x68;&#x75;&#x6c;&#x65;&#x2d;&#x70;&#x65;&#x68;&#x65;&#x69;&#109;&#46;&#115;&#99;&#104;&#117;&#108;server&#x2e;&#x64;&#x65; Verantwortlicher f\u00fcr redaktionell-journalistische &hellip; <a href=\"https:\/\/wordpress.nibis.de\/gspeheim\/impressum\/\">Weiterlesen <span class=\"meta-nav\">&rarr;<\/span><\/a><\/p>\n","protected":false},"author":9193914,"featured_media":0,"parent":0,"menu_order":0,"comment_status":"closed","ping_status":"closed","template":"","meta":{"footnotes":""},"class_list":["post-92","page","type-page","status-publish","hentry"],"_links":{"self":[{"href":"https:\/\/wordpress.nibis.de\/gspeheim\/wp-json\/wp\/v2\/pages\/92","targetHints":{"allow":["GET"]}}],"collection":[{"href":"https:\/\/wordpress.nibis.de\/gspeheim\/wp-json\/wp\/v2\/pages"}],"about":[{"href":"https:\/\/wordpress.nibis.de\/gspeheim\/wp-json\/wp\/v2\/types\/page"}],"author":[{"embeddable":true,"href":"https:\/\/wordpress.nibis.de\/gspeheim\/wp-json\/wp\/v2\/users\/9193914"}],"replies":[{"embeddable":true,"href":"https:\/\/wordpress.nibis.de\/gspeheim\/wp-json\/wp\/v2\/comments?post=92"}],"version-history":[{"count":5,"href":"https:\/\/wordpress.nibis.de\/gspeheim\/wp-json\/wp\/v2\/pages\/92\/revisions"}],"predecessor-version":[{"id":175,"href":"https:\/\/wordpress.nibis.de\/gspeheim\/wp-json\/wp\/v2\/pages\/92\/revisions\/175"}],"wp:attachment":[{"href":"https:\/\/wordpress.nibis.de\/gspeheim\/wp-json\/wp\/v2\/media?parent=92"}],"curies":[{"name":"wp","href":"https:\/\/api.w.org\/{rel}","templated":true}]}}