{"id":172,"date":"2019-12-09T09:02:17","date_gmt":"2019-12-09T08:02:17","guid":{"rendered":"https:\/\/wordpress.nibis.de\/gspetermoor\/?page_id=172"},"modified":"2026-03-16T17:21:22","modified_gmt":"2026-03-16T16:21:22","slug":"unsere-schule","status":"publish","type":"page","link":"https:\/\/wordpress.nibis.de\/gspetermoor\/unsere-schule\/","title":{"rendered":"Unsere Schule"},"content":{"rendered":"\n<div class=\"wp-block-media-text alignwide is-stacked-on-mobile is-style-default tw-stack-md\"><figure class=\"wp-block-media-text__media\"><img loading=\"lazy\" decoding=\"async\" width=\"1024\" height=\"461\" src=\"https:\/\/wordpress.nibis.de\/gspetermoor\/files\/2024\/07\/1000013974-1024x461.jpg\" alt=\"\" class=\"wp-image-843 size-full\" srcset=\"https:\/\/wordpress.nibis.de\/gspetermoor\/files\/2024\/07\/1000013974-1024x461.jpg 1024w, https:\/\/wordpress.nibis.de\/gspetermoor\/files\/2024\/07\/1000013974-300x135.jpg 300w, https:\/\/wordpress.nibis.de\/gspetermoor\/files\/2024\/07\/1000013974-768x346.jpg 768w, https:\/\/wordpress.nibis.de\/gspetermoor\/files\/2024\/07\/1000013974-1536x691.jpg 1536w, https:\/\/wordpress.nibis.de\/gspetermoor\/files\/2024\/07\/1000013974-2048x922.jpg 2048w\" sizes=\"auto, (max-width: 1024px) 100vw, 1024px\" \/><\/figure><div class=\"wp-block-media-text__content\">\n<p>Unsere Schule besuchen derzeit ca. 270 Kinder. Die Jahrg\u00e4nge eins bis vier sind zwei oder dreiz\u00fcgig.<\/p>\n<\/div><\/div>\n\n\n\n<hr class=\"wp-block-separator has-text-color has-css-opacity has-background is-style-dots\" style=\"background-color:#78bb3d;color:#78bb3d\" \/>\n\n\n\n<div class=\"wp-block-media-text alignwide has-media-on-the-right is-stacked-on-mobile\" style=\"grid-template-columns:auto 57%\"><div class=\"wp-block-media-text__content\">\n<p>Das sch\u00f6ne Schulbge\u00e4ude wird von dem gr\u00fcnen Schulhof umrahmt und schlie\u00dft den Innenhof mit dem &#8222;Flitzebaum&#8220; ein.<\/p>\n\n\n\n<figure class=\"wp-block-image size-large is-resized\"><img loading=\"lazy\" decoding=\"async\" width=\"1024\" height=\"461\" src=\"https:\/\/wordpress.nibis.de\/gspetermoor\/files\/2024\/07\/1000013985-1024x461.jpg\" alt=\"\" class=\"wp-image-848\" style=\"width:395px;height:177px\" srcset=\"https:\/\/wordpress.nibis.de\/gspetermoor\/files\/2024\/07\/1000013985-1024x461.jpg 1024w, https:\/\/wordpress.nibis.de\/gspetermoor\/files\/2024\/07\/1000013985-300x135.jpg 300w, https:\/\/wordpress.nibis.de\/gspetermoor\/files\/2024\/07\/1000013985-768x346.jpg 768w, https:\/\/wordpress.nibis.de\/gspetermoor\/files\/2024\/07\/1000013985-1536x691.jpg 1536w, https:\/\/wordpress.nibis.de\/gspetermoor\/files\/2024\/07\/1000013985-2048x922.jpg 2048w\" sizes=\"auto, (max-width: 1024px) 100vw, 1024px\" \/><\/figure>\n<\/div><figure class=\"wp-block-media-text__media\"><img loading=\"lazy\" decoding=\"async\" width=\"1024\" height=\"461\" src=\"https:\/\/wordpress.nibis.de\/gspetermoor\/files\/2024\/07\/1000013977-1024x461.jpg\" alt=\"\" class=\"wp-image-844 size-full\" srcset=\"https:\/\/wordpress.nibis.de\/gspetermoor\/files\/2024\/07\/1000013977-1024x461.jpg 1024w, https:\/\/wordpress.nibis.de\/gspetermoor\/files\/2024\/07\/1000013977-300x135.jpg 300w, https:\/\/wordpress.nibis.de\/gspetermoor\/files\/2024\/07\/1000013977-768x346.jpg 768w, https:\/\/wordpress.nibis.de\/gspetermoor\/files\/2024\/07\/1000013977-1536x691.jpg 1536w, https:\/\/wordpress.nibis.de\/gspetermoor\/files\/2024\/07\/1000013977-2048x922.jpg 2048w\" sizes=\"auto, (max-width: 1024px) 100vw, 1024px\" \/><\/figure><\/div>\n\n\n\n<hr class=\"wp-block-separator has-text-color has-css-opacity has-background is-style-dots\" style=\"background-color:#78bb3d;color:#78bb3d\" \/>\n\n\n\n<div class=\"wp-block-media-text alignwide is-stacked-on-mobile is-vertically-aligned-center\"><figure class=\"wp-block-media-text__media\"><img loading=\"lazy\" decoding=\"async\" width=\"461\" height=\"1024\" src=\"https:\/\/wordpress.nibis.de\/gspetermoor\/files\/2024\/07\/1000013982-461x1024.jpg\" alt=\"\" class=\"wp-image-847 size-full\" srcset=\"https:\/\/wordpress.nibis.de\/gspetermoor\/files\/2024\/07\/1000013982-461x1024.jpg 461w, https:\/\/wordpress.nibis.de\/gspetermoor\/files\/2024\/07\/1000013982-135x300.jpg 135w, https:\/\/wordpress.nibis.de\/gspetermoor\/files\/2024\/07\/1000013982-768x1707.jpg 768w, https:\/\/wordpress.nibis.de\/gspetermoor\/files\/2024\/07\/1000013982-691x1536.jpg 691w, https:\/\/wordpress.nibis.de\/gspetermoor\/files\/2024\/07\/1000013982-922x2048.jpg 922w, https:\/\/wordpress.nibis.de\/gspetermoor\/files\/2024\/07\/1000013982-scaled.jpg 1152w\" sizes=\"auto, (max-width: 461px) 100vw, 461px\" \/><\/figure><div class=\"wp-block-media-text__content\">\n<p><\/p>\n\n\n\n<p>Verschiedene Spielger\u00e4te und Aktivit\u00e4tsm\u00f6glichkeiten laden zum toben, spielen und erholen ein. <\/p>\n\n\n\n<p><\/p>\n\n\n\n<figure class=\"wp-block-image size-large is-resized\"><img loading=\"lazy\" decoding=\"async\" width=\"1024\" height=\"461\" src=\"https:\/\/wordpress.nibis.de\/gspetermoor\/files\/2024\/07\/1000013989-1024x461.jpg\" alt=\"\" class=\"wp-image-849\" style=\"width:427px;height:192px\" srcset=\"https:\/\/wordpress.nibis.de\/gspetermoor\/files\/2024\/07\/1000013989-1024x461.jpg 1024w, https:\/\/wordpress.nibis.de\/gspetermoor\/files\/2024\/07\/1000013989-300x135.jpg 300w, https:\/\/wordpress.nibis.de\/gspetermoor\/files\/2024\/07\/1000013989-768x346.jpg 768w, https:\/\/wordpress.nibis.de\/gspetermoor\/files\/2024\/07\/1000013989-1536x691.jpg 1536w, https:\/\/wordpress.nibis.de\/gspetermoor\/files\/2024\/07\/1000013989-2048x922.jpg 2048w\" sizes=\"auto, (max-width: 1024px) 100vw, 1024px\" \/><\/figure>\n\n\n\n<figure class=\"wp-block-image size-large is-resized\"><img loading=\"lazy\" decoding=\"async\" width=\"461\" height=\"1024\" src=\"https:\/\/wordpress.nibis.de\/gspetermoor\/files\/2024\/07\/1000013979-461x1024.jpg\" alt=\"\" class=\"wp-image-845\" style=\"width:430px;height:957px\" srcset=\"https:\/\/wordpress.nibis.de\/gspetermoor\/files\/2024\/07\/1000013979-461x1024.jpg 461w, https:\/\/wordpress.nibis.de\/gspetermoor\/files\/2024\/07\/1000013979-135x300.jpg 135w, https:\/\/wordpress.nibis.de\/gspetermoor\/files\/2024\/07\/1000013979-768x1707.jpg 768w, https:\/\/wordpress.nibis.de\/gspetermoor\/files\/2024\/07\/1000013979-691x1536.jpg 691w, https:\/\/wordpress.nibis.de\/gspetermoor\/files\/2024\/07\/1000013979-922x2048.jpg 922w, https:\/\/wordpress.nibis.de\/gspetermoor\/files\/2024\/07\/1000013979-scaled.jpg 1152w\" sizes=\"auto, (max-width: 461px) 100vw, 461px\" \/><\/figure>\n<\/div><\/div>\n\n\n\n<p><\/p>\n","protected":false},"excerpt":{"rendered":"<p>Unsere Schule besuchen derzeit ca. 270 Kinder. Die Jahrg\u00e4nge eins bis vier sind zwei oder dreiz\u00fcgig.<\/p>\n","protected":false},"author":9192841,"featured_media":0,"parent":0,"menu_order":0,"comment_status":"closed","ping_status":"closed","template":"","meta":{"footnotes":""},"class_list":["post-172","page","type-page","status-publish"],"_links":{"self":[{"href":"https:\/\/wordpress.nibis.de\/gspetermoor\/wp-json\/wp\/v2\/pages\/172","targetHints":{"allow":["GET"]}}],"collection":[{"href":"https:\/\/wordpress.nibis.de\/gspetermoor\/wp-json\/wp\/v2\/pages"}],"about":[{"href":"https:\/\/wordpress.nibis.de\/gspetermoor\/wp-json\/wp\/v2\/types\/page"}],"author":[{"embeddable":true,"href":"https:\/\/wordpress.nibis.de\/gspetermoor\/wp-json\/wp\/v2\/users\/9192841"}],"replies":[{"embeddable":true,"href":"https:\/\/wordpress.nibis.de\/gspetermoor\/wp-json\/wp\/v2\/comments?post=172"}],"version-history":[{"count":12,"href":"https:\/\/wordpress.nibis.de\/gspetermoor\/wp-json\/wp\/v2\/pages\/172\/revisions"}],"predecessor-version":[{"id":1108,"href":"https:\/\/wordpress.nibis.de\/gspetermoor\/wp-json\/wp\/v2\/pages\/172\/revisions\/1108"}],"wp:attachment":[{"href":"https:\/\/wordpress.nibis.de\/gspetermoor\/wp-json\/wp\/v2\/media?parent=172"}],"curies":[{"name":"wp","href":"https:\/\/api.w.org\/{rel}","templated":true}]}}