{"id":244,"date":"2020-08-05T09:24:05","date_gmt":"2020-08-05T07:24:05","guid":{"rendered":"https:\/\/wordpress.nibis.de\/gspetermoor\/?page_id=244"},"modified":"2020-10-09T10:19:14","modified_gmt":"2020-10-09T08:19:14","slug":"unser-leitbild-2","status":"publish","type":"page","link":"https:\/\/wordpress.nibis.de\/gspetermoor\/unser-leitbild-2\/","title":{"rendered":"Leitbild"},"content":{"rendered":"<p><strong>Wir legen besonderen Wert auf anregendes Lernen, das die Selbstst\u00e4ndigkeit aller Sch\u00fclerinnen und Sch\u00fcler f\u00f6rdert.<\/strong><\/p>\n<ul>\n<li>Das zeigt sich bei uns durch entdeckendes, offenes Lernen und die eigenverantwortliche \u00dcbernahme von schulischen Diensten.<\/li>\n<li>Im offenen Ganztag f\u00f6rdern und fordern wir durch lebenspraktische Angebote die pers\u00f6nliche Entwicklung.<\/li>\n<\/ul>\n<p><strong>Uns ist das freudige Erleben f\u00fcr alle wichtig.<\/strong><\/p>\n<ul>\n<li>Das bedeutet f\u00fcr uns ein positives Lernklima, in dem wir individuelle Lernerfolge erm\u00f6glichen.<\/li>\n<li>Schulfeiern haben ihren festen Platz im Schuljahr.<\/li>\n<\/ul>\n<p><strong>Wir sind eine Schule, die mit der Zeit geht und Altbew\u00e4hrtes beibeh\u00e4lt.<\/strong><\/p>\n<ul>\n<li>Wir nutzen moderne Technologien und geben den verantwortungsbewussten Umgang damit weiter.<\/li>\n<\/ul>\n<p><strong>\u00a0<\/strong><strong>Wir legen besonderen Wert auf umweltbewusstes Denken und nachhaltiges Handeln im Schulalltag.<\/strong><\/p>\n<ul>\n<li>Das bedeutet f\u00fcr uns, dass wir alle ressourcenschonend und \u00f6kologisch vertr\u00e4glich arbeiten (M\u00fclltrennung, Licht aus, Papier sparen\u2026).<\/li>\n<\/ul>\n<p><strong>\u00a0<\/strong><strong>Uns ist wichtig, dass alle in dieser Schule Verantwortung f\u00fcr sich selbst und die Umwelt \u00fcbernehmen. <\/strong><\/p>\n<ul>\n<li>Durch die Gestaltung des Schulalltages und der Schule zeigen wir M\u00f6glichkeiten des verantwortungsbewussten Umgangs miteinander auf.<\/li>\n<li>Wir nutzen besonders gerne den Wald als au\u00dferschulischen Lernort.<\/li>\n<\/ul>\n<p><strong>\u00a0<\/strong><strong>Wir legen besonderen Wert auf die Integration von Bewegung und Entspannung im Schulalltag. <\/strong><\/p>\n<ul>\n<li>Dies zeigt sich bei uns durch die vielf\u00e4ltigen M\u00f6glichkeiten zur aktiven Pausengestaltung auf unserem naturnahen, bewegungsfreundlichen Schulhof.<\/li>\n<\/ul>\n<p><strong>Wir achten auf gesunde Ern\u00e4hrung und viel Bewegung.<\/strong><\/p>\n<ul>\n<li>Wir ern\u00e4hren uns gesund. Wir halten uns fit. Wir treiben Sport.<\/li>\n<\/ul>\n<p><strong>\u00a0<\/strong><strong>Wir setzen den Grundstein f\u00fcr ein altersangemessenes K\u00f6rperbewusstsein und ein gesundes Lebensgef\u00fchl.<\/strong><\/p>\n<ul>\n<li>Unser Unterricht ist abwechslungsreich und f\u00f6rdert das faire, soziale Mit- und Gegeneinander.<\/li>\n<li>Unser Blick richtet sich auf das bewusste Wahrnehmen des K\u00f6rpers in An- und Entspannung.<\/li>\n<\/ul>\n<p><strong>Uns ist es wichtig, dass alle (Kinder, Eltern, Lehrer, p\u00e4dagogische Mitarbeiter) zum Wohle der Kinder gemeinsam handeln und \u201ean einem Strang ziehen\u201c.<\/strong><\/p>\n<ul>\n<li>Wir schaffen gen\u00fcgend Raum f\u00fcr offene und ehrliche Kommunikation.<\/li>\n<\/ul>\n<p><strong>\u00a0<\/strong><strong>Wir legen besonderen Wert auf ein soziales Miteinander, in dem wir uns gegenseitig wertsch\u00e4tzen.<\/strong><\/p>\n<ul>\n<li>Lob und Anerkennung sind f\u00fcr uns von gro\u00dfer Bedeutung, genauso wie gemeinsame Regeln und Rituale.<\/li>\n<\/ul>\n","protected":false},"excerpt":{"rendered":"<p>Wir legen besonderen Wert auf anregendes Lernen, das die Selbstst\u00e4ndigkeit aller Sch\u00fclerinnen und Sch\u00fcler f\u00f6rdert. Das zeigt sich bei uns durch entdeckendes, offenes Lernen und die eigenverantwortliche \u00dcbernahme von schulischen Diensten. Im offenen Ganztag f\u00f6rdern und fordern wir durch lebenspraktische Angebote die pers\u00f6nliche Entwicklung. Uns ist das freudige Erleben f\u00fcr alle wichtig. Das bedeutet f\u00fcr &#8230; <a title=\"Leitbild\" class=\"read-more\" href=\"https:\/\/wordpress.nibis.de\/gspetermoor\/unser-leitbild-2\/\" aria-label=\"Mehr Informationen \u00fcber Leitbild\">Weiterlesen<\/a><\/p>\n","protected":false},"author":9192841,"featured_media":0,"parent":0,"menu_order":0,"comment_status":"closed","ping_status":"closed","template":"","meta":{"footnotes":""},"class_list":["post-244","page","type-page","status-publish"],"_links":{"self":[{"href":"https:\/\/wordpress.nibis.de\/gspetermoor\/wp-json\/wp\/v2\/pages\/244","targetHints":{"allow":["GET"]}}],"collection":[{"href":"https:\/\/wordpress.nibis.de\/gspetermoor\/wp-json\/wp\/v2\/pages"}],"about":[{"href":"https:\/\/wordpress.nibis.de\/gspetermoor\/wp-json\/wp\/v2\/types\/page"}],"author":[{"embeddable":true,"href":"https:\/\/wordpress.nibis.de\/gspetermoor\/wp-json\/wp\/v2\/users\/9192841"}],"replies":[{"embeddable":true,"href":"https:\/\/wordpress.nibis.de\/gspetermoor\/wp-json\/wp\/v2\/comments?post=244"}],"version-history":[{"count":5,"href":"https:\/\/wordpress.nibis.de\/gspetermoor\/wp-json\/wp\/v2\/pages\/244\/revisions"}],"predecessor-version":[{"id":832,"href":"https:\/\/wordpress.nibis.de\/gspetermoor\/wp-json\/wp\/v2\/pages\/244\/revisions\/832"}],"wp:attachment":[{"href":"https:\/\/wordpress.nibis.de\/gspetermoor\/wp-json\/wp\/v2\/media?parent=244"}],"curies":[{"name":"wp","href":"https:\/\/api.w.org\/{rel}","templated":true}]}}