{"id":325,"date":"2020-09-02T17:08:51","date_gmt":"2020-09-02T15:08:51","guid":{"rendered":"https:\/\/wordpress.nibis.de\/gspetermoor\/?page_id=325"},"modified":"2024-07-29T11:54:49","modified_gmt":"2024-07-29T09:54:49","slug":"eltern","status":"publish","type":"page","link":"https:\/\/wordpress.nibis.de\/gspetermoor\/eltern\/","title":{"rendered":"F\u00fcr Eltern &amp; Sorgeberechtigte"},"content":{"rendered":"\n<h4><strong>Infos rund um die Schule<\/strong><\/h4>\n<p>Auf den zugeh\u00f6rigen Seiten m\u00f6chten wir einige grundlegende Informationen, die aus unserer Sicht f\u00fcr Eltern und Sorgeberechtigte n\u00fctzlich sind, zusammentragen. Diese reichen von grundlegenden Informationen \u00fcber Brosch\u00fcren bis hin zu Formularen.\u00a0<\/p>\n\n\n\n<p><\/p>\n","protected":false},"excerpt":{"rendered":"<p>Infos rund um die Schule Auf den zugeh\u00f6rigen Seiten m\u00f6chten wir einige grundlegende Informationen, die aus unserer Sicht f\u00fcr Eltern und Sorgeberechtigte n\u00fctzlich sind, zusammentragen. Diese reichen von grundlegenden Informationen \u00fcber Brosch\u00fcren bis hin zu Formularen.\u00a0<\/p>\n","protected":false},"author":9192841,"featured_media":0,"parent":0,"menu_order":0,"comment_status":"closed","ping_status":"closed","template":"","meta":{"footnotes":""},"class_list":["post-325","page","type-page","status-publish"],"_links":{"self":[{"href":"https:\/\/wordpress.nibis.de\/gspetermoor\/wp-json\/wp\/v2\/pages\/325","targetHints":{"allow":["GET"]}}],"collection":[{"href":"https:\/\/wordpress.nibis.de\/gspetermoor\/wp-json\/wp\/v2\/pages"}],"about":[{"href":"https:\/\/wordpress.nibis.de\/gspetermoor\/wp-json\/wp\/v2\/types\/page"}],"author":[{"embeddable":true,"href":"https:\/\/wordpress.nibis.de\/gspetermoor\/wp-json\/wp\/v2\/users\/9192841"}],"replies":[{"embeddable":true,"href":"https:\/\/wordpress.nibis.de\/gspetermoor\/wp-json\/wp\/v2\/comments?post=325"}],"version-history":[{"count":3,"href":"https:\/\/wordpress.nibis.de\/gspetermoor\/wp-json\/wp\/v2\/pages\/325\/revisions"}],"predecessor-version":[{"id":907,"href":"https:\/\/wordpress.nibis.de\/gspetermoor\/wp-json\/wp\/v2\/pages\/325\/revisions\/907"}],"wp:attachment":[{"href":"https:\/\/wordpress.nibis.de\/gspetermoor\/wp-json\/wp\/v2\/media?parent=325"}],"curies":[{"name":"wp","href":"https:\/\/api.w.org\/{rel}","templated":true}]}}