{"id":326,"date":"2020-09-02T17:08:51","date_gmt":"2020-09-02T15:08:51","guid":{"rendered":"https:\/\/wordpress.nibis.de\/gspetermoor\/?page_id=326"},"modified":"2025-03-27T17:15:28","modified_gmt":"2025-03-27T16:15:28","slug":"foerderverein","status":"publish","type":"page","link":"https:\/\/wordpress.nibis.de\/gspetermoor\/foerderverein\/","title":{"rendered":"F\u00f6rdervereine"},"content":{"rendered":"<p>Die F\u00f6rdervereine unterst\u00fctzen die Entwicklung der Sch\u00fcler:innen und die p\u00e4dagogische Arbeit der Lehrerinnen, um die Schule noch attraktiver zu machen. Durch Aktivit\u00e4ten und finanzielle Hilfen wird die Schulentwicklung zus\u00e4tzlich unterst\u00fctzt.<br \/>Die bereitgestellten Gelder kommen allen Sch\u00fcler:innen zugute und erm\u00f6glichen bspw. auch einmal besondere Projekte, Ausfl\u00fcge oder neue Spielger\u00e4te.<\/p>\n<p>Alle Interessierten k\u00f6nnen weitere Informationen den Flyern der F\u00f6rdervereine entnehmen.<\/p>\n\n\n<div class=\"wp-block-columns is-layout-flex wp-container-core-columns-is-layout-abceabcf wp-block-columns-is-layout-flex\">\n<div class=\"wp-block-column is-layout-flow wp-block-column-is-layout-flow\">\n<div class=\"wp-block-image\"><figure class=\"aligncenter size-full is-resized\"><img loading=\"lazy\" decoding=\"async\" src=\"https:\/\/wordpress.nibis.de\/gspetermoor\/files\/2024\/07\/Logo_FoeV-PM.jpg\" alt=\"\" class=\"wp-image-882\" width=\"252\" height=\"266\" srcset=\"https:\/\/wordpress.nibis.de\/gspetermoor\/files\/2024\/07\/Logo_FoeV-PM.jpg 385w, https:\/\/wordpress.nibis.de\/gspetermoor\/files\/2024\/07\/Logo_FoeV-PM-284x300.jpg 284w\" sizes=\"auto, (max-width: 252px) 100vw, 252px\" \/><\/figure><\/div>\n<\/div>\n\n\n\n<div class=\"wp-block-column is-layout-flow wp-block-column-is-layout-flow\">\n<div class=\"wp-block-image\"><figure class=\"aligncenter size-full is-resized\"><img loading=\"lazy\" decoding=\"async\" src=\"https:\/\/wordpress.nibis.de\/gspetermoor\/files\/2024\/07\/Logo_FoeV-NW.jpg\" alt=\"\" class=\"wp-image-883\" width=\"366\" height=\"201\" srcset=\"https:\/\/wordpress.nibis.de\/gspetermoor\/files\/2024\/07\/Logo_FoeV-NW.jpg 425w, https:\/\/wordpress.nibis.de\/gspetermoor\/files\/2024\/07\/Logo_FoeV-NW-300x165.jpg 300w\" sizes=\"auto, (max-width: 366px) 100vw, 366px\" \/><\/figure><\/div>\n<\/div>\n<\/div>\n\n\n\n<div class=\"wp-block-columns is-layout-flex wp-container-core-columns-is-layout-abceabcf wp-block-columns-is-layout-flex\">\n<div class=\"wp-block-column is-layout-flow wp-block-column-is-layout-flow\">\n<div class=\"wp-block-buttons is-content-justification-center is-layout-flex wp-container-core-buttons-is-layout-16018d1d wp-block-buttons-is-layout-flex\">\n<div class=\"wp-block-button is-style-outline is-style-outline--1\"><a class=\"wp-block-button__link\" href=\"https:\/\/wordpress.nibis.de\/gspetermoor\/files\/2025\/03\/Beitrittserkla\u0308rung-v2_250319_113309.pdf\">Flyer Petermoor<\/a><\/div>\n<\/div>\n<\/div>\n\n\n\n<div class=\"wp-block-column is-layout-flow wp-block-column-is-layout-flow\">\n<div class=\"wp-block-buttons is-content-justification-center is-layout-flex wp-container-core-buttons-is-layout-16018d1d wp-block-buttons-is-layout-flex\">\n<div class=\"wp-block-button is-style-outline is-style-outline--2\"><a class=\"wp-block-button__link\" href=\"https:\/\/wordpress.nibis.de\/gspetermoor\/files\/2024\/07\/Flyer_FoeV-NW_2024.pdf\" target=\"_blank\" rel=\"noreferrer noopener\">Flyer Nordwohlde<\/a><\/div>\n<\/div>\n<\/div>\n<\/div>\n\n\n\n<p><\/p>\n\n\n\n<p><\/p>\n\n\n\n<p><\/p>\n\n\n\n<p><\/p>\n\n\n\n<p><\/p>\n","protected":false},"excerpt":{"rendered":"<p>Die F\u00f6rdervereine unterst\u00fctzen die Entwicklung der Sch\u00fcler:innen und die p\u00e4dagogische Arbeit der Lehrerinnen, um die Schule noch attraktiver zu machen. Durch Aktivit\u00e4ten und finanzielle Hilfen wird die Schulentwicklung zus\u00e4tzlich unterst\u00fctzt.Die bereitgestellten Gelder kommen allen Sch\u00fcler:innen zugute und erm\u00f6glichen bspw. auch einmal besondere Projekte, Ausfl\u00fcge oder neue Spielger\u00e4te. Alle Interessierten k\u00f6nnen weitere Informationen den Flyern der &#8230; <a title=\"F\u00f6rdervereine\" class=\"read-more\" href=\"https:\/\/wordpress.nibis.de\/gspetermoor\/foerderverein\/\" aria-label=\"Mehr Informationen \u00fcber F\u00f6rdervereine\">Weiterlesen<\/a><\/p>\n","protected":false},"author":9192841,"featured_media":0,"parent":0,"menu_order":0,"comment_status":"closed","ping_status":"closed","template":"","meta":{"footnotes":""},"class_list":["post-326","page","type-page","status-publish"],"_links":{"self":[{"href":"https:\/\/wordpress.nibis.de\/gspetermoor\/wp-json\/wp\/v2\/pages\/326","targetHints":{"allow":["GET"]}}],"collection":[{"href":"https:\/\/wordpress.nibis.de\/gspetermoor\/wp-json\/wp\/v2\/pages"}],"about":[{"href":"https:\/\/wordpress.nibis.de\/gspetermoor\/wp-json\/wp\/v2\/types\/page"}],"author":[{"embeddable":true,"href":"https:\/\/wordpress.nibis.de\/gspetermoor\/wp-json\/wp\/v2\/users\/9192841"}],"replies":[{"embeddable":true,"href":"https:\/\/wordpress.nibis.de\/gspetermoor\/wp-json\/wp\/v2\/comments?post=326"}],"version-history":[{"count":13,"href":"https:\/\/wordpress.nibis.de\/gspetermoor\/wp-json\/wp\/v2\/pages\/326\/revisions"}],"predecessor-version":[{"id":990,"href":"https:\/\/wordpress.nibis.de\/gspetermoor\/wp-json\/wp\/v2\/pages\/326\/revisions\/990"}],"wp:attachment":[{"href":"https:\/\/wordpress.nibis.de\/gspetermoor\/wp-json\/wp\/v2\/media?parent=326"}],"curies":[{"name":"wp","href":"https:\/\/api.w.org\/{rel}","templated":true}]}}