{"id":352,"date":"2020-09-02T19:22:44","date_gmt":"2020-09-02T17:22:44","guid":{"rendered":"https:\/\/wordpress.nibis.de\/gspetermoor\/?page_id=352"},"modified":"2025-02-24T17:34:29","modified_gmt":"2025-02-24T16:34:29","slug":"impressum-2","status":"publish","type":"page","link":"https:\/\/wordpress.nibis.de\/gspetermoor\/impressum-2\/","title":{"rendered":"Impressum"},"content":{"rendered":"<p><a class=\"screen-reader-text skip-link\" title=\"Springe zum Inhalt\" href=\"https:\/\/wordpress.nibis.de\/gspetermoor\/impressum\/?customize_changeset_uuid=7bf1615f-d38e-4175-99dc-b4e4a7620b68&amp;customize_theme=generatepress&amp;customize_messenger_channel=preview-0#content\">Springe zum Inhalt<\/a>Land Niedersachsen (Diensteanbieter im Sinne des Telemediengesetzes)<\/p>\n<div id=\"page\">\n<div id=\"content\">\n<div id=\"primary\">\n<article id=\"post-42\">\n<div>\n<div>\n<p align=\"LEFT\">Das Land Niedersachsen ist eine juristische Person des \u00f6ffentlichen Rechtsvertreten durch die Schulleitung:<\/p>\n<p>Frau Lena H\u00fcbner, Rektorin<br \/>\nGrundschule Petermoor<br \/>\nManfred Krause Stra\u00dfe 4<br \/>\n27211 Bassum<\/p>\n<p align=\"LEFT\">Telefon: (0 42 41) 970 445<br \/>\nTelefax: (0 42 41) 970 447<\/p>\n<p>E-Mail: V&#101;&#x72;&#x77;&#x61;l&#116;&#x75;&#x6e;&#x67;&#64;&#71;&#x53;&#x2d;&#x50;e&#116;&#x65;&#x72;&#x6d;o&#111;&#x72;&#x2e;&#x64;e<br \/>\nSchulischer Datenschutzbeauftragter: &#x44;&#97;&#x74;&#x65;&#110;&#x73;&#x63;&#104;&#x75;&#x74;&#122;&#x40;&#x47;S&#x2d;&#x50;e&#x74;&#101;r&#x6d;&#111;o&#x72;&#46;d&#x65;<\/p>\n<p>Verantwortlicher f\u00fcr den redaktionell-journalistische Angebote i. S. d. \u00a755 Abs. 2 Rundfunkstaatsvertrag:<br \/>\nFrau Lena H\u00fcbner, komm. Schulleitung<br \/>\nGrundschule Petermoor<br \/>\nManfred Krause Stra\u00dfe 4<br \/>\n27211 Bassum<\/p>\n<p align=\"LEFT\">Telefon: (0 42 41) 970 445<\/p>\n<h2>Disclaimer \u2013 rechtliche Hinweise<\/h2>\n<h3>1. Warnhinweis zu Inhalten<\/h3>\n<p>Die kostenlosen und frei zug\u00e4nglichen Inhalte dieser Webseite wurden mit gr\u00f6\u00dftm\u00f6glicher Sorgfalt erstellt. Der Anbieter dieser Webseite \u00fcbernimmt jedoch keine Gew\u00e4hr f\u00fcr die Richtigkeit und Aktualit\u00e4t der bereitgestellten kostenlosen und frei zug\u00e4nglichen journalistischen Ratgeber und Nachrichten. Namentlich gekennzeichnete Beitr\u00e4ge geben die Meinung des jeweiligen Autors und nicht immer die Meinung des Anbieters wieder. Allein durch den Aufruf der kostenlosen und frei zug\u00e4nglichen Inhalte kommt keinerlei Vertragsverh\u00e4ltnis zwischen dem Nutzer und dem Anbieter zustande, insoweit fehlt es am Rechtsbindungswillen des Anbieters.<\/p>\n<h3>2. Externe Links<\/h3>\n<p>Diese Website enth\u00e4lt Verkn\u00fcpfungen zu Websites Dritter (\u201eexterne Links\u201c). Diese Websites unterliegen der Haftung der jeweiligen Betreiber. Der Anbieter hat bei der erstmaligen Verkn\u00fcpfung der externen Links die fremden Inhalte daraufhin \u00fcberpr\u00fcft, ob etwaige Rechtsverst\u00f6\u00dfe bestehen. Zu dem Zeitpunkt waren keine Rechtsverst\u00f6\u00dfe ersichtlich. Der Anbieter hat keinerlei Einfluss auf die aktuelle und zuk\u00fcnftige Gestaltung und auf die Inhalte der verkn\u00fcpften Seiten. Das Setzen von externen Links bedeutet nicht, dass sich der Anbieter die hinter dem Verweis oder Link liegenden Inhalte zu Eigen macht. Eine st\u00e4ndige Kontrolle der externen Links ist f\u00fcr den Anbieter ohne konkrete Hinweise auf Rechtsverst\u00f6\u00dfe nicht zumutbar. Bei Kenntnis von Rechtsverst\u00f6\u00dfen werden jedoch derartige externe Links unverz\u00fcglich gel\u00f6scht.<\/p>\n<h3>3. Urheber- und Leistungsschutzrechte<\/h3>\n<p>Die auf dieser Website ver\u00f6ffentlichten Inhalte unterliegen dem deutschen Urheber- und Leistungsschutzrecht. Jede vom deutschen Urheber- und Leistungsschutzrecht nicht zugelassene Verwertung bedarf der vorherigen schriftlichen Zustimmung des Anbieters oder jeweiligen Rechteinhabers. Dies gilt insbesondere f\u00fcr Vervielf\u00e4ltigung, Bearbeitung, \u00dcbersetzung, Einspeicherung, Verarbeitung bzw. Wiedergabe von Inhalten in Datenbanken oder anderen elektronischen Medien und Systemen. Inhalte und Rechte Dritter sind dabei als solche gekennzeichnet. Die unerlaubte Vervielf\u00e4ltigung oder Weitergabe einzelner Inhalte oder kompletter Seiten ist nicht gestattet und strafbar. Lediglich die Herstellung von Kopien und Downloads f\u00fcr den pers\u00f6nlichen, privaten und nicht kommerziellen Gebrauch ist erlaubt.<br \/>\nDie Darstellung dieser Website in fremden Frames ist nur mit schriftlicher Erlaubnis zul\u00e4ssig.<\/p>\n<h3>4. Besondere Nutzungsbedingungen<\/h3>\n<p>Soweit besondere Bedingungen f\u00fcr einzelne Nutzungen dieser Website von den vorgenannten Nummern 1. bis 4. abweichen, wird an entsprechender Stelle ausdr\u00fccklich darauf hingewiesen. In diesem Falle gelten im jeweiligen Einzelfall die besonderen Nutzungsbedingungen.<\/p>\n<\/div>\n<\/div>\n<\/article>\n<\/div>\n<div id=\"right-sidebar\">\n<div><\/div>\n<\/div>\n<\/div>\n<\/div>\n<div>\n<footer>\n<div>\n<div>\u00a9 2020 Grundschule Petermoor \u2022 Powered by <a href=\"https:\/\/generatepress.com\">GeneratePress<\/a><\/div>\n<\/div>\n<\/footer>\n<\/div>\n<p><a class=\"generate-back-to-top\" title=\"Nach oben scrollen\" href=\"https:\/\/wordpress.nibis.de\/gspetermoor\/impressum\/?customize_changeset_uuid=7bf1615f-d38e-4175-99dc-b4e4a7620b68&amp;customize_theme=generatepress&amp;customize_messenger_channel=preview-0#\" rel=\"nofollow\" data-scroll-speed=\"400\" data-start-scroll=\"300\"> <span class=\"screen-reader-text\">Nach oben scr<\/span><\/a><\/p>\n","protected":false},"excerpt":{"rendered":"<p>Springe zum InhaltLand Niedersachsen (Diensteanbieter im Sinne des Telemediengesetzes) Das Land Niedersachsen ist eine juristische Person des \u00f6ffentlichen Rechtsvertreten durch die Schulleitung: Frau Lena H\u00fcbner, Rektorin Grundschule Petermoor Manfred Krause Stra\u00dfe 4 27211 Bassum Telefon: (0 42 41) 970 445 Telefax: (0 42 41) 970 447 E-Mail: &#x56;&#101;r&#x77;&#x61;&#108;t&#x75;&#110;g&#x40;&#x47;&#83;-&#x50;&#101;t&#x65;&#x72;&#109;o&#x6f;&#x72;&#46;&#x64;&#x65; Schulischer Datenschutzbeauftragter: &#x44;&#97;&#x74;&#101;n&#x73;&#99;h&#x75;&#116;&#x7a;&#x40;G&#x53;&#45;P&#x65;&#116;&#x65;&#x72;m&#x6f;&#111;r&#x2e;&#100;e Verantwortlicher f\u00fcr den redaktionell-journalistische &#8230; <a title=\"Impressum\" class=\"read-more\" href=\"https:\/\/wordpress.nibis.de\/gspetermoor\/impressum-2\/\" aria-label=\"Mehr Informationen \u00fcber Impressum\">Weiterlesen<\/a><\/p>\n","protected":false},"author":9192841,"featured_media":0,"parent":0,"menu_order":0,"comment_status":"closed","ping_status":"closed","template":"","meta":{"footnotes":""},"class_list":["post-352","page","type-page","status-publish"],"_links":{"self":[{"href":"https:\/\/wordpress.nibis.de\/gspetermoor\/wp-json\/wp\/v2\/pages\/352","targetHints":{"allow":["GET"]}}],"collection":[{"href":"https:\/\/wordpress.nibis.de\/gspetermoor\/wp-json\/wp\/v2\/pages"}],"about":[{"href":"https:\/\/wordpress.nibis.de\/gspetermoor\/wp-json\/wp\/v2\/types\/page"}],"author":[{"embeddable":true,"href":"https:\/\/wordpress.nibis.de\/gspetermoor\/wp-json\/wp\/v2\/users\/9192841"}],"replies":[{"embeddable":true,"href":"https:\/\/wordpress.nibis.de\/gspetermoor\/wp-json\/wp\/v2\/comments?post=352"}],"version-history":[{"count":7,"href":"https:\/\/wordpress.nibis.de\/gspetermoor\/wp-json\/wp\/v2\/pages\/352\/revisions"}],"predecessor-version":[{"id":983,"href":"https:\/\/wordpress.nibis.de\/gspetermoor\/wp-json\/wp\/v2\/pages\/352\/revisions\/983"}],"wp:attachment":[{"href":"https:\/\/wordpress.nibis.de\/gspetermoor\/wp-json\/wp\/v2\/media?parent=352"}],"curies":[{"name":"wp","href":"https:\/\/api.w.org\/{rel}","templated":true}]}}