{"id":410,"date":"2020-09-03T19:07:12","date_gmt":"2020-09-03T17:07:12","guid":{"rendered":"https:\/\/wordpress.nibis.de\/gspetermoor\/?page_id=410"},"modified":"2026-03-16T17:40:14","modified_gmt":"2026-03-16T16:40:14","slug":"elternarbeit","status":"publish","type":"page","link":"https:\/\/wordpress.nibis.de\/gspetermoor\/eltern\/elternarbeit\/","title":{"rendered":"Elternarbeit &amp; Gremien"},"content":{"rendered":"\n<p>Die Mitarbeit der Eltern und Sorgeberechtigten in der Schule ist immens wichtig. Ohne die Mitwirkung in verschiedenen Bereichen des schulischen Lebens ist Vieles nur schwer umsetzbar und f\u00fcr manche Abl\u00e4ufe und Aufgaben ist sie sogar unerl\u00e4sslich. <br \/>Hier m\u00f6chten wir kurz in Ausz\u00fcgen dar\u00fcber informieren, welche M\u00f6glichkeiten der Mitwirkung und -bestimmung Eltern in der Schule haben.<\/p>\n\n\n\n<div class=\"wp-block-columns is-layout-flex wp-container-core-columns-is-layout-abceabcf wp-block-columns-is-layout-flex\">\n<div class=\"wp-block-column is-layout-flow wp-block-column-is-layout-flow\">\n<p style=\"text-align: center\"><strong><span style=\"color: #008080\">Klassenelternschaft<br \/><br \/><\/span><\/strong><\/p>\n\n\n\n<pre class=\"wp-block-preformatted\">Die Eltern und Sorgeberechtigten einer Klasse w\u00e4hlen eine Vertretung Ihrer Elternschaft. \nJe zwei Personen (Vorsitzende:r und Stellvertreter:in) werden durch Wahlen zu Beginn der ersten und dritten Klasse und ggf. bei Bedarf zwischenzeitlich f\u00fcr zwei Jahre gew\u00e4hlt.  \nZudem w\u00e4hlt die Klassen-elternschaft die Vertretung f\u00fcr die Klassenkonferenzen. \nDie Wahl der Elternvertreter:innen dient der Zusammenarbeit von Eltern, Lehrer:innen und Sch\u00fcler:innen. \nDie Gew\u00e4hlten k\u00f6nnen Elternsitzungen einberufen sowie bei Bedarf Lehrkr\u00e4fte zu Gespr\u00e4chen der Klassenelternschaft einladen. \n(vgl. NSchG \u00a789)<\/pre>\n<\/div>\n\n\n\n<div class=\"wp-block-column is-layout-flow wp-block-column-is-layout-flow\">\n<p style=\"text-align: center\"><strong><span style=\"color: #99cc00\">Schulelternrat<\/span><br \/><br \/><\/strong><\/p>\n\n\n\n<pre class=\"wp-block-preformatted\">Die Verterter:innen der Klassenelternschaften bilden den Schulelternrat. \nAuch hier werden aus den beteiligten Personen Vertreter:innen (Schulelternratsvorsitzende:r\/ Stellvertreter:in) gew\u00e4hlt sowie Personen, die die Schulelternschaft in Gesamtkonferenzen oder anderen Teilkonferenzen (z.B. Fachkonferenzen) vertreten. \nDie Vorsitzenden laden die Mitglieder:innen des Schulelternrats zu min. zwei Sitzungen im Jahr ein.\n(vgl. NSchG \u00a790)\n\n\n\n\n<\/pre>\n<\/div>\n\n\n\n<div class=\"wp-block-column is-layout-flow wp-block-column-is-layout-flow\">\n<p style=\"text-align: center\"><span style=\"color: #92ad92\"><strong>Vertreter:innen im Schulvorstand, Konferenzen und Aussch\u00fcssen<\/strong><\/span><\/p>\n\n\n\n<pre class=\"wp-block-preformatted\">Den Schulvorstand bilden die Schulleitung, Lehrkr\u00e4fte und Elternvertreter:innen. <br \/>Seine Aufgabe ist die Zusammenarbeit zur Qualit\u00e4tsentwicklung der schulischen Arbeit. <br \/>Innerhalb des Schulvorstandes werden bspw. Entscheidungen zu Pl\u00e4nen der Schulstruktur oder Unterrichtszeiten sowie \u00fcber die Verwendung von finanziellen Mitteln getroffen. Aber auch \u00fcber die Zusammenarbeit mit anderen Schulen oder Schulpartnerschaften kann entschieden werden. <br \/>(vgl. NSchG \u00a738a,b)<br \/><br \/><br \/><br \/><\/pre>\n<\/div>\n<\/div>\n\n\n\n<p><\/p>\n","protected":false},"excerpt":{"rendered":"<p>Die Mitarbeit der Eltern und Sorgeberechtigten in der Schule ist immens wichtig. Ohne die Mitwirkung in verschiedenen Bereichen des schulischen Lebens ist Vieles nur schwer umsetzbar und f\u00fcr manche Abl\u00e4ufe und Aufgaben ist sie sogar unerl\u00e4sslich. Hier m\u00f6chten wir kurz in Ausz\u00fcgen dar\u00fcber informieren, welche M\u00f6glichkeiten der Mitwirkung und -bestimmung Eltern in der Schule haben. &#8230; <a title=\"Elternarbeit &amp; Gremien\" class=\"read-more\" href=\"https:\/\/wordpress.nibis.de\/gspetermoor\/eltern\/elternarbeit\/\" aria-label=\"Mehr Informationen \u00fcber Elternarbeit &amp; Gremien\">Weiterlesen<\/a><\/p>\n","protected":false},"author":9192841,"featured_media":0,"parent":325,"menu_order":0,"comment_status":"closed","ping_status":"closed","template":"","meta":{"footnotes":""},"class_list":["post-410","page","type-page","status-publish"],"_links":{"self":[{"href":"https:\/\/wordpress.nibis.de\/gspetermoor\/wp-json\/wp\/v2\/pages\/410","targetHints":{"allow":["GET"]}}],"collection":[{"href":"https:\/\/wordpress.nibis.de\/gspetermoor\/wp-json\/wp\/v2\/pages"}],"about":[{"href":"https:\/\/wordpress.nibis.de\/gspetermoor\/wp-json\/wp\/v2\/types\/page"}],"author":[{"embeddable":true,"href":"https:\/\/wordpress.nibis.de\/gspetermoor\/wp-json\/wp\/v2\/users\/9192841"}],"replies":[{"embeddable":true,"href":"https:\/\/wordpress.nibis.de\/gspetermoor\/wp-json\/wp\/v2\/comments?post=410"}],"version-history":[{"count":7,"href":"https:\/\/wordpress.nibis.de\/gspetermoor\/wp-json\/wp\/v2\/pages\/410\/revisions"}],"predecessor-version":[{"id":1112,"href":"https:\/\/wordpress.nibis.de\/gspetermoor\/wp-json\/wp\/v2\/pages\/410\/revisions\/1112"}],"up":[{"embeddable":true,"href":"https:\/\/wordpress.nibis.de\/gspetermoor\/wp-json\/wp\/v2\/pages\/325"}],"wp:attachment":[{"href":"https:\/\/wordpress.nibis.de\/gspetermoor\/wp-json\/wp\/v2\/media?parent=410"}],"curies":[{"name":"wp","href":"https:\/\/api.w.org\/{rel}","templated":true}]}}