{"id":446,"date":"2020-09-08T09:21:01","date_gmt":"2020-09-08T07:21:01","guid":{"rendered":"https:\/\/wordpress.nibis.de\/gspetermoor\/?page_id=446"},"modified":"2026-03-16T17:28:27","modified_gmt":"2026-03-16T16:28:27","slug":"petermoor","status":"publish","type":"page","link":"https:\/\/wordpress.nibis.de\/gspetermoor\/petermoor\/","title":{"rendered":"Termine"},"content":{"rendered":"<p>Die Termine f\u00fcr das jeweilige Schuljahr sind im ISERV-Kalender jederzeit \u00fcber das Kalender-Tool einsehbar. Dort befinden sich auch kurzfristige \u00c4nderungen oder Aktualisierungen.<\/p>\n\n\n<p><\/p>\n","protected":false},"excerpt":{"rendered":"<p>Die Termine f\u00fcr das jeweilige Schuljahr sind im ISERV-Kalender jederzeit \u00fcber das Kalender-Tool einsehbar. Dort befinden sich auch kurzfristige \u00c4nderungen oder Aktualisierungen.<\/p>\n","protected":false},"author":9192841,"featured_media":0,"parent":0,"menu_order":0,"comment_status":"closed","ping_status":"closed","template":"","meta":{"footnotes":""},"class_list":["post-446","page","type-page","status-publish"],"_links":{"self":[{"href":"https:\/\/wordpress.nibis.de\/gspetermoor\/wp-json\/wp\/v2\/pages\/446","targetHints":{"allow":["GET"]}}],"collection":[{"href":"https:\/\/wordpress.nibis.de\/gspetermoor\/wp-json\/wp\/v2\/pages"}],"about":[{"href":"https:\/\/wordpress.nibis.de\/gspetermoor\/wp-json\/wp\/v2\/types\/page"}],"author":[{"embeddable":true,"href":"https:\/\/wordpress.nibis.de\/gspetermoor\/wp-json\/wp\/v2\/users\/9192841"}],"replies":[{"embeddable":true,"href":"https:\/\/wordpress.nibis.de\/gspetermoor\/wp-json\/wp\/v2\/comments?post=446"}],"version-history":[{"count":20,"href":"https:\/\/wordpress.nibis.de\/gspetermoor\/wp-json\/wp\/v2\/pages\/446\/revisions"}],"predecessor-version":[{"id":1110,"href":"https:\/\/wordpress.nibis.de\/gspetermoor\/wp-json\/wp\/v2\/pages\/446\/revisions\/1110"}],"wp:attachment":[{"href":"https:\/\/wordpress.nibis.de\/gspetermoor\/wp-json\/wp\/v2\/media?parent=446"}],"curies":[{"name":"wp","href":"https:\/\/api.w.org\/{rel}","templated":true}]}}