{"id":488,"date":"2020-10-09T10:21:36","date_gmt":"2020-10-09T08:21:36","guid":{"rendered":"https:\/\/wordpress.nibis.de\/gspetermoor\/?page_id=488"},"modified":"2023-08-15T15:09:09","modified_gmt":"2023-08-15T13:09:09","slug":"sportfreundliche-schule","status":"publish","type":"page","link":"https:\/\/wordpress.nibis.de\/gspetermoor\/sportfreundliche-schule\/","title":{"rendered":"Sportfreundliche Schule"},"content":{"rendered":"<p><strong>Sport und Bewegung in der Grundschule Petermoor\/ Nordwohlde<\/strong><\/p>\n<p>Im Leitbild verankert und als wichtiger Bestandteil des Schulprogramms leistet der Sport und die Bewegung in unserer Schule, mit zwei Standorten, einen lernunterst\u00fctzenden Beitrag zu unserem Schulalltag. Egal ob als Ausgleich im Unterricht oder als Herausforderung im Ganztag unterst\u00fctzen der Sport und die Bewegung unsere Sch\u00fclerinnen und Sch\u00fcler in ihrer Lern- und Leistungsmotivation.<\/p>\n<p><em>1. Bewegung und Bewegung f\u00f6rdern<\/em><\/p>\n<ul>\n<li>F\u00f6rderung des Gesundheitsbewusstseins \u2013 Handlungsf\u00e4higkeit unterst\u00fctzen zum t\u00e4glichen Bewegen<\/li>\n<li>Wahrnehmungs- und Koordinationsf\u00e4higkeit st\u00e4rken, um den eigenen K\u00f6rper besser zu verstehen<\/li>\n<li>Vermittlung von Grund\u00fcberzeugungen (dann muss ich nicht Werte schreiben), d.h. in einem fairen Miteinander im Rahmen von Regeln wetteifern<\/li>\n<li>Teamwork als zielf\u00fchrend und gewinnbringend n\u00e4her bringen<\/li>\n<li>Entspannung als Kontrast erleben und damit Spannungen l\u00f6sen<\/li>\n<li>soziale Kommunikation als Aufforderung zum respektvollen Umgang<\/li>\n<\/ul>\n<p><em>2. Bewegung und Sport erm\u00f6glichen einen f\u00e4cher\u00fcbergreifenden Unterricht<\/em><\/p>\n<ul>\n<li>In Mathematik<\/li>\n<li>In Deutsch<\/li>\n<li>Im Sachunterricht<\/li>\n<li>In der Verkehrserziehung schulen die Sch\u00fcler*innen auf vielf\u00e4ltige Art und Weise ihr Gleichgewicht. Im Jahrgang 1 und dem SKG machen die Sch\u00fcler*innen erste Geschicklichkeits\u00fcbungen auf dem Roller. Im Jahrgang 3 bauen sie ihre F\u00e4higkeiten auf ihrem eigenen Fahrrad in einem Geschicklichkeitsparcours aus. Im 4. Schuljahr wenden sie ihre F\u00e4higkeiten auf einer Rundstrecke im Stra\u00dfenverkehr an.<\/li>\n<li>Im Musikunterricht setzen Sch\u00fcler*innen Musik in Bewegung um, z.B. Tanz.<\/li>\n<li>Im Waldklassenzimmer durch einen abwechslungsreichen und bewegungsintensiven f\u00e4cher\u00fcbergreifenden Unterricht an der frischen Luft.<\/li>\n<\/ul>\n<p><em>3. Die Sport- und Spielst\u00e4tten der Grundschule Petermoor\/ Nordwohlde<\/em><\/p>\n<ul>\n<li>zwei gro\u00dfe Turnhallen in unmittelbarer N\u00e4he zum Standort<\/li>\n<li>zwei gro\u00dfe Sportpl\u00e4tze<\/li>\n<li>Naturbelassene Schulh\u00f6fe mit einer Kletterlandschaft, einem Basketballkorb, Tischtennisplatten, Fu\u00dfballpl\u00e4tzen, Turnstangen, aufgemalte H\u00fcpfspiele, Schaukeln<\/li>\n<li>Schwimmbad f\u00fcr den Schwimmunterricht fu\u00dfl\u00e4ufig bzw. nach kurzer Busfahrt erreichbar<\/li>\n<\/ul>\n<p>Unsere Sportstunden werden laut Erlass erteilt. Die Sch\u00fcler der Klassen 3 und 4 haben jeweils ein halbes Schuljahr (Nordwohlde) bzw. ein halbes Schulhalbjahr (Petermoor) Schwimmen. Unser Ziel ist es, dass alle Sch\u00fcler am Ende ihrer Grundschulzeit das Schwimmabzeichen Bronze erworben haben.<\/p>\n<p><em>Folgende Vergleichswettk\u00e4mpfe werden durchgef\u00fchrt<\/em><\/p>\n<ul>\n<li>Schulinternes Schwimmfest (Klassen 3 + 4)<\/li>\n<li>Kreisbestenwettk\u00e4mpfe im Schwimmen<\/li>\n<li>Fu\u00dfballturniere\/ Fu\u00dfballtag f\u00fcr alle Klassen<\/li>\n<li>Bundesjugendspiele und Spielefest<\/li>\n<li>Kreisbestenwettk\u00e4mpfe in der Leichtathletik<\/li>\n<li>Tag des Handballs<\/li>\n<li>Korbballturnier<\/li>\n<\/ul>\n<p><em>Zus\u00e4tzlich gibt es noch regelm\u00e4\u00dfig stattfindende Aktivit\u00e4ten<\/em><\/p>\n<ul>\n<li>Abnahme des Laufabzeichens f\u00fcr die Klassen 2-4<\/li>\n<li>Teilnahme an der Aktion \u201eNiedersachsen schwimmt\u201c<\/li>\n<li>Zirkusprojekt (alle 4 Jahre)<\/li>\n<li>Schlittschuhfahren einmal pro Jahr (Jahrg\u00e4nge 3 und 4)<\/li>\n<\/ul>\n<p>Zum Unterricht geh\u00f6ren Bewegungspausen ebenso wie ein gesundes Fr\u00fchst\u00fcck. Am Standort Petermoor wird f\u00fcr eine schnelle, intensive Bewegungseinheit der \u201eFlitzebaum\u201c genutzt. Das Fr\u00fchst\u00fcck wird durch das Projekt \u201eEU-Schulobst\u201c f\u00fcr alle Sch\u00fcler gest\u00fctzt. Am Standort Petermoor finden im Rahmen der Betreuungsstunden f\u00fcr die 1. und 2. Klassen Bewegungsstunden (1 Stunde\/ Woche) statt. W\u00e4hrend der Hofpausen stehen den Sch\u00fclerinnen und Sch\u00fclern verschiedene Pausenspielzeuge zur Verf\u00fcgung, die von den 4. Kl\u00e4sslern ausgeliehen werden. Der Standort Nordwohlde nimmt schon seit geraumer Zeit mit allen Klassen an dem Gesundheitsf\u00f6rderprogramm \u201eKlasse 2000\u201c teil.<\/p>\n","protected":false},"excerpt":{"rendered":"<p>Sport und Bewegung in der Grundschule Petermoor\/ Nordwohlde Im Leitbild verankert und als wichtiger Bestandteil des Schulprogramms leistet der Sport und die Bewegung in unserer Schule, mit zwei Standorten, einen lernunterst\u00fctzenden Beitrag zu unserem Schulalltag. Egal ob als Ausgleich im Unterricht oder als Herausforderung im Ganztag unterst\u00fctzen der Sport und die Bewegung unsere Sch\u00fclerinnen und &#8230; <a title=\"Sportfreundliche Schule\" class=\"read-more\" href=\"https:\/\/wordpress.nibis.de\/gspetermoor\/sportfreundliche-schule\/\" aria-label=\"Mehr Informationen \u00fcber Sportfreundliche Schule\">Weiterlesen<\/a><\/p>\n","protected":false},"author":9192841,"featured_media":0,"parent":0,"menu_order":0,"comment_status":"closed","ping_status":"closed","template":"","meta":{"footnotes":""},"class_list":["post-488","page","type-page","status-publish"],"_links":{"self":[{"href":"https:\/\/wordpress.nibis.de\/gspetermoor\/wp-json\/wp\/v2\/pages\/488","targetHints":{"allow":["GET"]}}],"collection":[{"href":"https:\/\/wordpress.nibis.de\/gspetermoor\/wp-json\/wp\/v2\/pages"}],"about":[{"href":"https:\/\/wordpress.nibis.de\/gspetermoor\/wp-json\/wp\/v2\/types\/page"}],"author":[{"embeddable":true,"href":"https:\/\/wordpress.nibis.de\/gspetermoor\/wp-json\/wp\/v2\/users\/9192841"}],"replies":[{"embeddable":true,"href":"https:\/\/wordpress.nibis.de\/gspetermoor\/wp-json\/wp\/v2\/comments?post=488"}],"version-history":[{"count":2,"href":"https:\/\/wordpress.nibis.de\/gspetermoor\/wp-json\/wp\/v2\/pages\/488\/revisions"}],"predecessor-version":[{"id":493,"href":"https:\/\/wordpress.nibis.de\/gspetermoor\/wp-json\/wp\/v2\/pages\/488\/revisions\/493"}],"wp:attachment":[{"href":"https:\/\/wordpress.nibis.de\/gspetermoor\/wp-json\/wp\/v2\/media?parent=488"}],"curies":[{"name":"wp","href":"https:\/\/api.w.org\/{rel}","templated":true}]}}