{"id":660,"date":"2021-12-06T17:01:32","date_gmt":"2021-12-06T16:01:32","guid":{"rendered":"https:\/\/wordpress.nibis.de\/gspetermoor\/?page_id=660"},"modified":"2026-03-16T17:40:42","modified_gmt":"2026-03-16T16:40:42","slug":"praktika-an-der-gs-petermoor","status":"publish","type":"page","link":"https:\/\/wordpress.nibis.de\/gspetermoor\/praktika-an-der-gs-petermoor\/","title":{"rendered":"Praktika an der GS Petermoor\/Nordwohlde"},"content":{"rendered":"\n<p>Wir begleiten gerne Praktikant: innen an unseren Standorten, sofern diese ihr Praktikum f\u00fcr das Lehramtsstudium ben\u00f6tigen. Schulpraktika k\u00f6nnen bei uns von Sch\u00fcler: innen ab der 11. Klasse angefragt werden. <br \/>Bei Interesse bitten wir diese Praktikannt: innen, den Erstkontakt \u00fcber unsere Sekretariate herzustellen.<\/p>\n<p>Grundschule Petermoor <br \/>Manfred Krause Stra\u00dfe 4<br \/>27211 Bassum<\/p>\n<p>fon\u00a0\u00a0 04241 \/ 970445<br \/>fax\u00a0\u00a0 04241 \/ 970447<br \/>email <a href=\"&#x6d;&#97;&#x69;&#x6c;&#116;&#x6f;&#x3a;&#118;&#x65;&#x72;&#119;&#x61;&#x6c;t&#x75;&#x6e;g&#x40;&#103;s&#x2d;&#112;e&#x74;&#101;r&#x6d;&#111;o&#x72;&#46;d&#x65;\">verwaltung(at)gs-petermoor.de<\/a><\/p>\n<p>\u00a0<\/p>\n<p>Grundschule Nordwohlde<br \/>An der Schule 1<br \/>27211 Bassum<\/p>\n<p>fon 04249 307<br \/>email <a title=\"&#x67;&#x73;&#x2d;&#110;&#111;&#114;dw&#x6f;&#x68;&#x6c;&#x64;&#101;&#64;t-&#x6f;&#x6e;&#x6c;&#x69;&#110;&#101;&#46;d&#x65;\" href=\"&#109;&#x61;i&#x6c;&#x74;&#111;&#x3a;v&#x65;&#x72;&#119;&#x61;l&#x74;&#x75;&#110;&#x67;&#64;&#x67;&#x73;&#45;&#x6e;o&#x72;&#x64;&#119;&#x6f;h&#x6c;&#x64;&#101;&#x2e;d&#x65;\">verwaltung(at)gs-nordwohlde.de<\/a><\/p>\n","protected":false},"excerpt":{"rendered":"<p>Wir begleiten gerne Praktikant: innen an unseren Standorten, sofern diese ihr Praktikum f\u00fcr das Lehramtsstudium ben\u00f6tigen. Schulpraktika k\u00f6nnen bei uns von Sch\u00fcler: innen ab der 11. Klasse angefragt werden. Bei Interesse bitten wir diese Praktikannt: innen, den Erstkontakt \u00fcber unsere Sekretariate herzustellen. Grundschule Petermoor Manfred Krause Stra\u00dfe 427211 Bassum fon\u00a0\u00a0 04241 \/ 970445fax\u00a0\u00a0 04241 \/ &#8230; <a title=\"Praktika an der GS Petermoor\/Nordwohlde\" class=\"read-more\" href=\"https:\/\/wordpress.nibis.de\/gspetermoor\/praktika-an-der-gs-petermoor\/\" aria-label=\"Mehr Informationen \u00fcber Praktika an der GS Petermoor\/Nordwohlde\">Weiterlesen<\/a><\/p>\n","protected":false},"author":9192841,"featured_media":0,"parent":0,"menu_order":0,"comment_status":"closed","ping_status":"closed","template":"","meta":{"footnotes":""},"class_list":["post-660","page","type-page","status-publish"],"_links":{"self":[{"href":"https:\/\/wordpress.nibis.de\/gspetermoor\/wp-json\/wp\/v2\/pages\/660","targetHints":{"allow":["GET"]}}],"collection":[{"href":"https:\/\/wordpress.nibis.de\/gspetermoor\/wp-json\/wp\/v2\/pages"}],"about":[{"href":"https:\/\/wordpress.nibis.de\/gspetermoor\/wp-json\/wp\/v2\/types\/page"}],"author":[{"embeddable":true,"href":"https:\/\/wordpress.nibis.de\/gspetermoor\/wp-json\/wp\/v2\/users\/9192841"}],"replies":[{"embeddable":true,"href":"https:\/\/wordpress.nibis.de\/gspetermoor\/wp-json\/wp\/v2\/comments?post=660"}],"version-history":[{"count":9,"href":"https:\/\/wordpress.nibis.de\/gspetermoor\/wp-json\/wp\/v2\/pages\/660\/revisions"}],"predecessor-version":[{"id":1113,"href":"https:\/\/wordpress.nibis.de\/gspetermoor\/wp-json\/wp\/v2\/pages\/660\/revisions\/1113"}],"wp:attachment":[{"href":"https:\/\/wordpress.nibis.de\/gspetermoor\/wp-json\/wp\/v2\/media?parent=660"}],"curies":[{"name":"wp","href":"https:\/\/api.w.org\/{rel}","templated":true}]}}