{"id":704,"date":"2022-08-15T12:46:02","date_gmt":"2022-08-15T10:46:02","guid":{"rendered":"https:\/\/wordpress.nibis.de\/gspetermoor\/?page_id=704"},"modified":"2026-03-16T17:18:34","modified_gmt":"2026-03-16T16:18:34","slug":"material-und-buecherlisten","status":"publish","type":"page","link":"https:\/\/wordpress.nibis.de\/gspetermoor\/service\/material-und-buecherlisten\/","title":{"rendered":"Material- und B\u00fccherlisten"},"content":{"rendered":"<p>Zu Beginn jedes Schuljahres bzw. mit dem Ende des vorherigen Schuljahres bekommen die Sch\u00fcler*innen die B\u00fccher- und Materiallisten f\u00fcr das n\u00e4chste Schuljahr mit nach Hause. <br \/>Die aktuellen B\u00fccher- und Materiallisten k\u00f6nnen jedoch auch gern zwischenzeitlich in den Sekretariaten der Standorte erfragt werden.\u00a0<br \/><br \/><\/p>\n\n\n<div class=\"wp-block-columns is-layout-flex wp-container-core-columns-is-layout-abceabcf wp-block-columns-is-layout-flex\">\n<div class=\"wp-block-column is-layout-flow wp-block-column-is-layout-flow\">\n<div class=\"wp-block-columns is-layout-flex wp-container-core-columns-is-layout-abceabcf wp-block-columns-is-layout-flex\">\n<div class=\"wp-block-column is-layout-flow wp-block-column-is-layout-flow\"><\/div>\n<\/div>\n<\/div>\n<\/div>\n\n\n\n<p><\/p>\n","protected":false},"excerpt":{"rendered":"<p>Zu Beginn jedes Schuljahres bzw. mit dem Ende des vorherigen Schuljahres bekommen die Sch\u00fcler*innen die B\u00fccher- und Materiallisten f\u00fcr das n\u00e4chste Schuljahr mit nach Hause. Die aktuellen B\u00fccher- und Materiallisten k\u00f6nnen jedoch auch gern zwischenzeitlich in den Sekretariaten der Standorte erfragt werden.\u00a0<\/p>\n","protected":false},"author":9192841,"featured_media":0,"parent":328,"menu_order":1,"comment_status":"closed","ping_status":"closed","template":"","meta":{"footnotes":""},"class_list":["post-704","page","type-page","status-publish"],"_links":{"self":[{"href":"https:\/\/wordpress.nibis.de\/gspetermoor\/wp-json\/wp\/v2\/pages\/704","targetHints":{"allow":["GET"]}}],"collection":[{"href":"https:\/\/wordpress.nibis.de\/gspetermoor\/wp-json\/wp\/v2\/pages"}],"about":[{"href":"https:\/\/wordpress.nibis.de\/gspetermoor\/wp-json\/wp\/v2\/types\/page"}],"author":[{"embeddable":true,"href":"https:\/\/wordpress.nibis.de\/gspetermoor\/wp-json\/wp\/v2\/users\/9192841"}],"replies":[{"embeddable":true,"href":"https:\/\/wordpress.nibis.de\/gspetermoor\/wp-json\/wp\/v2\/comments?post=704"}],"version-history":[{"count":11,"href":"https:\/\/wordpress.nibis.de\/gspetermoor\/wp-json\/wp\/v2\/pages\/704\/revisions"}],"predecessor-version":[{"id":1106,"href":"https:\/\/wordpress.nibis.de\/gspetermoor\/wp-json\/wp\/v2\/pages\/704\/revisions\/1106"}],"up":[{"embeddable":true,"href":"https:\/\/wordpress.nibis.de\/gspetermoor\/wp-json\/wp\/v2\/pages\/328"}],"wp:attachment":[{"href":"https:\/\/wordpress.nibis.de\/gspetermoor\/wp-json\/wp\/v2\/media?parent=704"}],"curies":[{"name":"wp","href":"https:\/\/api.w.org\/{rel}","templated":true}]}}