{"id":37,"date":"2013-10-23T17:06:37","date_gmt":"2013-10-23T15:06:37","guid":{"rendered":"http:\/\/wordpress.nibis.de\/gspowe\/?page_id=37"},"modified":"2026-02-10T12:28:57","modified_gmt":"2026-02-10T11:28:57","slug":"eltern","status":"publish","type":"page","link":"https:\/\/wordpress.nibis.de\/gspowe\/eltern\/","title":{"rendered":"Elternvertreter"},"content":{"rendered":"<h3>Schulelternrat im Schuljahr 2025\/ 26<\/h3>\n<table style=\"height: 265px;width: 94.2397%\" border=\"0\" align=\"left\">\n<tbody>\n<tr style=\"height: 24px\">\n<td style=\"height: 48px;text-align: center;width: 12.8926%\"><strong>Klasse<\/strong><\/td>\n<td style=\"height: 48px;width: 31.9925%;text-align: left\"><strong>Klassenlehrkraft<\/strong><\/td>\n<td style=\"height: 48px;width: 31.421%;text-align: left\"><strong>Vorsitzende\/r<\/strong><\/td>\n<td style=\"height: 48px;width: 47.5017%;text-align: left\"><strong>stellvertretende\/r Vorsitzende\/r<\/strong><\/td>\n<\/tr>\n<tr style=\"height: 24px\">\n<td style=\"width: 12.8926%;text-align: center;height: 24px\"><strong>1a<\/strong><\/td>\n<td style=\"width: 31.9925%;height: 24px\">Frau Schw\u00f6ppe<\/td>\n<td style=\"width: 31.421%;height: 24px\">Susanne Warkentin<\/td>\n<td style=\"width: 47.5017%;height: 24px\">Anabel H\u00f6mer<\/td>\n<\/tr>\n<tr style=\"height: 24px\">\n<td style=\"width: 12.8926%;text-align: center;height: 24px\"><strong>1b<\/strong><\/td>\n<td style=\"width: 31.9925%;height: 24px\">Frau Barthel<\/td>\n<td style=\"width: 31.421%;height: 24px\">Ann-Kathrin Kl\u00e4ver<\/td>\n<td style=\"width: 47.5017%;height: 24px\">Janine Milius<\/td>\n<\/tr>\n<tr style=\"height: 24px\">\n<td style=\"width: 12.8926%;text-align: center;height: 24px\"><strong>2a<\/strong><\/td>\n<td style=\"width: 31.9925%;height: 24px\">Frau Otto<\/td>\n<td style=\"width: 31.421%;height: 24px\">Anna Ivenkov<\/td>\n<td style=\"width: 47.5017%;height: 24px\">Anna Neiberger<\/td>\n<\/tr>\n<tr style=\"height: 24px\">\n<td style=\"width: 12.8926%;text-align: center;height: 24px\"><strong>2b<\/strong><\/td>\n<td style=\"width: 31.9925%;height: 24px\">Frau Thonemann<\/td>\n<td style=\"width: 31.421%;height: 24px\">Benjamin Bernemann<\/td>\n<td style=\"width: 47.5017%;height: 24px\">Ralf Strutz<\/td>\n<\/tr>\n<tr style=\"height: 24px\">\n<td style=\"width: 12.8926%;text-align: center;height: 24px\"><strong>3a<\/strong><\/td>\n<td style=\"width: 31.9925%;height: 24px\">Frau Meyners<\/td>\n<td style=\"width: 31.421%;height: 24px\">Saskia Farthmann<\/td>\n<td style=\"width: 47.5017%;height: 24px\">Vanessa Plantholt<\/td>\n<\/tr>\n<tr style=\"height: 24px\">\n<td style=\"height: 25px;width: 12.8926%;text-align: center\"><strong>3b<\/strong><\/td>\n<td style=\"height: 25px;width: 31.9925%\">Frau Hohaus<\/td>\n<td style=\"height: 25px;width: 31.421%\">Viktoria Bergen<\/td>\n<td style=\"height: 25px;width: 47.5017%\">Nadine Vosgr\u00f6ne<\/td>\n<\/tr>\n<tr style=\"height: 24px\">\n<td style=\"height: 24px;width: 12.8926%;text-align: center\"><strong>3c<\/strong><\/td>\n<td style=\"height: 24px;width: 31.9925%\">Frau Schaefer<\/td>\n<td style=\"height: 24px;width: 31.421%\">Silke K\u00e4rcher<\/td>\n<td style=\"height: 24px;width: 47.5017%\">Elena Ruppel<\/td>\n<\/tr>\n<tr style=\"height: 24px\">\n<td style=\"height: 24px;width: 12.8926%;text-align: center\"><strong>4a<\/strong><\/td>\n<td style=\"height: 24px;width: 31.9925%\">Frau Frau Hamzeh Marand<\/td>\n<td style=\"height: 24px;width: 31.421%\">Swetlana Schleinig<\/td>\n<td style=\"height: 24px;width: 47.5017%\">Maike Sielemann<\/td>\n<\/tr>\n<tr style=\"height: 24px\">\n<td style=\"height: 24px;width: 12.8926%;text-align: center\"><strong>4b<\/strong><\/td>\n<td style=\"height: 24px;width: 31.9925%\">Frau Brake<\/td>\n<td style=\"height: 24px;width: 31.421%\">Silke Taubitz<\/td>\n<td style=\"height: 24px;width: 47.5017%\">Julia Schilder<\/td>\n<\/tr>\n<\/tbody>\n<\/table>\n<p>&nbsp;<\/p>\n<p>&nbsp;<\/p>\n<p>&nbsp;<\/p>\n<p>&nbsp;<\/p>\n<p>&nbsp;<\/p>\n<p>&nbsp;<\/p>\n<p>&nbsp;<\/p>\n<p>&nbsp;<\/p>\n<p>&nbsp;<\/p>\n<table style=\"border-collapse: collapse;width: 95.1515%;height: 48px\">\n<tbody>\n<tr style=\"height: 24px\">\n<td style=\"width: 34.2726%;height: 24px\"><strong>Vorsitzende des Schulelternrates:<\/strong><\/td>\n<td style=\"width: 60.8789%;height: 24px\">Frau Schilder<\/td>\n<\/tr>\n<tr style=\"height: 24px\">\n<td style=\"width: 34.2726%;height: 24px\"><strong>Stellvertreterin:<\/strong><\/td>\n<td style=\"width: 60.8789%;height: 24px\">Frau H\u00f6mer<\/td>\n<\/tr>\n<\/tbody>\n<\/table>\n<p>&nbsp;<\/p>\n<hr \/>\n<h3>ElternvertreterInnen in der Gesamtkonferenz<\/h3>\n<table style=\"border-collapse: collapse;width: 94.427652%;height: 139px\">\n<tbody>\n<tr>\n<td style=\"width: 100%\">Frau Schilder<\/td>\n<\/tr>\n<tr>\n<td style=\"width: 100%\">Herr H\u00f6mer<\/td>\n<\/tr>\n<tr>\n<td style=\"width: 100%\">Frau Farthmann<\/td>\n<\/tr>\n<tr>\n<td style=\"width: 100%\">Frau Plantholt<\/td>\n<\/tr>\n<tr>\n<td style=\"width: 100%\">Frau Taubitz<\/td>\n<\/tr>\n<tr>\n<td style=\"width: 100%\">Frau Bergen<\/td>\n<\/tr>\n<tr>\n<td style=\"width: 100%\">Stellvertreterinnen: Frau Kl\u00e4ver<\/td>\n<\/tr>\n<\/tbody>\n<\/table>\n<p>&nbsp;<\/p>\n<hr \/>\n<h3>ElternvertreterInnen in den Fachkonferenzen<strong><br \/>\n<\/strong><\/h3>\n<table style=\"width: 96.9801%;height: 188px\" border=\"0\" align=\"left\">\n<tbody>\n<tr style=\"height: 24px\">\n<td style=\"width: 69.6672%;height: 24px\">Deutsch<\/td>\n<td style=\"width: 110.066%;height: 24px\">Herr Bernemann<\/td>\n<\/tr>\n<tr style=\"height: 24px\">\n<td style=\"width: 69.6672%;height: 24px\">Mathematik<\/td>\n<td style=\"width: 110.066%;height: 24px\">Frau Warkentin<\/td>\n<\/tr>\n<tr style=\"height: 24px\">\n<td style=\"width: 69.6672%;height: 24px\">Sachunterricht<\/td>\n<td style=\"width: 110.066%;height: 24px\">Herr Strutz<\/td>\n<\/tr>\n<tr style=\"height: 24px\">\n<td style=\"width: 69.6672%;height: 24px\">Englisch<\/td>\n<td style=\"width: 110.066%;height: 24px\">Frau Ivenkov<\/td>\n<\/tr>\n<tr style=\"height: 24px\">\n<td style=\"width: 69.6672%;height: 24px\">Kunst, Werken, Textilgestaltung<\/td>\n<td style=\"width: 110.066%;height: 24px\">Frau Milius<\/td>\n<\/tr>\n<tr style=\"height: 24px\">\n<td style=\"width: 69.6672%;height: 24px\">Musik<\/td>\n<td style=\"width: 110.066%;height: 24px\"><\/td>\n<\/tr>\n<tr style=\"height: 24px\">\n<td style=\"width: 69.6672%;height: 24px\">Sport<\/td>\n<td style=\"width: 110.066%;height: 24px\">Herr Strutz<\/td>\n<\/tr>\n<tr style=\"height: 24px\">\n<td style=\"width: 69.6672%;height: 24px\">Religion<\/td>\n<td style=\"width: 110.066%;height: 24px\">Frau Sielemann<\/td>\n<\/tr>\n<\/tbody>\n<\/table>\n<p>&nbsp;<\/p>\n<p>&nbsp;<\/p>\n<h4><\/h4>\n<h4><\/h4>\n<h4><\/h4>\n<p>&nbsp;<\/p>\n<p>&nbsp;<\/p>\n<hr \/>\n<h3>ElternvertreterInnen in weiteren Gremien<\/h3>\n<table style=\"border-collapse: collapse;width: 97.0889%;height: 112px\">\n<tbody>\n<tr style=\"height: 56px\">\n<td style=\"width: 40.7879%;height: 56px\"><strong>Gemeindeelternrat:<\/strong><\/td>\n<td style=\"width: 56.2821%;height: 56px\">Frau Warkentin (Vertretung Herr Bernemann)<\/td>\n<\/tr>\n<tr style=\"height: 56px\">\n<td style=\"width: 40.7879%;height: 56px\"><strong>Kreiselternrat:<\/strong><\/td>\n<td style=\"width: 56.2821%;height: 56px\">Frau Warkentin (Vertretung Herr Bernemann)<\/td>\n<\/tr>\n<\/tbody>\n<\/table>\n<p>&nbsp;<\/p>\n<hr \/>\n<h3>Schulvorstand<strong><br \/>\n<\/strong><\/h3>\n<table style=\"height: 168px;width: 97.7435%\" border=\"0\" width=\"685\" align=\"left\">\n<tbody>\n<tr style=\"height: 24px\">\n<td style=\"height: 24px;width: 38.7988%\"><strong>Lehrkr\u00e4fte<\/strong><\/td>\n<td style=\"height: 24px;width: 77.8827%\"><strong>ElternvertreterInnen<\/strong><\/td>\n<\/tr>\n<tr style=\"height: 24px\">\n<td style=\"height: 24px;width: 38.7988%\">Frau Br\u00fcne (Vorsitzende)<\/td>\n<td style=\"height: 24px;width: 77.8827%\">Frau Schilder<\/td>\n<\/tr>\n<tr style=\"height: 24px\">\n<td style=\"height: 24px;width: 38.7988%\">Frau Schaefer<\/td>\n<td style=\"height: 24px;width: 77.8827%\">Frau H\u00f6mer<\/td>\n<\/tr>\n<tr style=\"height: 24px\">\n<td style=\"height: 24px;width: 38.7988%\">Frau Otto<\/td>\n<td style=\"height: 24px;width: 77.8827%\">Frau Farthmann<\/td>\n<\/tr>\n<tr style=\"height: 24px\">\n<td style=\"height: 24px;width: 38.7988%\">Frau Meyners<\/td>\n<td style=\"height: 24px;width: 77.8827%\">Herr Strutz<\/td>\n<\/tr>\n<tr style=\"height: 24px\">\n<td style=\"height: 24px;width: 38.7988%\">(Frau Brake)<\/td>\n<td style=\"height: 24px;width: 77.8827%\">(Frau Kl\u00e4ver)<\/td>\n<\/tr>\n<tr style=\"height: 24px\">\n<td style=\"height: 24px;width: 38.7988%\"><\/td>\n<td style=\"height: 24px;width: 77.8827%\"><\/td>\n<\/tr>\n<\/tbody>\n<\/table>\n<p>&nbsp;<\/p>\n<p>&nbsp;<\/p>\n<p>&nbsp;<\/p>\n<p>&nbsp;<\/p>\n<p>&nbsp;<\/p>\n","protected":false},"excerpt":{"rendered":"<p>Schulelternrat im Schuljahr 2025\/ 26 Klasse Klassenlehrkraft Vorsitzende\/r stellvertretende\/r Vorsitzende\/r 1a Frau Schw\u00f6ppe Susanne Warkentin Anabel H\u00f6mer 1b Frau Barthel Ann-Kathrin Kl\u00e4ver Janine Milius 2a Frau Otto Anna Ivenkov Anna Neiberger 2b Frau Thonemann Benjamin Bernemann Ralf Strutz 3a Frau Meyners Saskia Farthmann Vanessa Plantholt 3b Frau Hohaus Viktoria Bergen Nadine Vosgr\u00f6ne 3c Frau Schaefer [&hellip;]<\/p>\n","protected":false},"author":288,"featured_media":0,"parent":0,"menu_order":0,"comment_status":"closed","ping_status":"closed","template":"","meta":{"footnotes":""},"class_list":["post-37","page","type-page","status-publish","hentry"],"_links":{"self":[{"href":"https:\/\/wordpress.nibis.de\/gspowe\/wp-json\/wp\/v2\/pages\/37","targetHints":{"allow":["GET"]}}],"collection":[{"href":"https:\/\/wordpress.nibis.de\/gspowe\/wp-json\/wp\/v2\/pages"}],"about":[{"href":"https:\/\/wordpress.nibis.de\/gspowe\/wp-json\/wp\/v2\/types\/page"}],"author":[{"embeddable":true,"href":"https:\/\/wordpress.nibis.de\/gspowe\/wp-json\/wp\/v2\/users\/288"}],"replies":[{"embeddable":true,"href":"https:\/\/wordpress.nibis.de\/gspowe\/wp-json\/wp\/v2\/comments?post=37"}],"version-history":[{"count":50,"href":"https:\/\/wordpress.nibis.de\/gspowe\/wp-json\/wp\/v2\/pages\/37\/revisions"}],"predecessor-version":[{"id":7299,"href":"https:\/\/wordpress.nibis.de\/gspowe\/wp-json\/wp\/v2\/pages\/37\/revisions\/7299"}],"wp:attachment":[{"href":"https:\/\/wordpress.nibis.de\/gspowe\/wp-json\/wp\/v2\/media?parent=37"}],"curies":[{"name":"wp","href":"https:\/\/api.w.org\/{rel}","templated":true}]}}