{"id":3929,"date":"2017-05-10T12:54:52","date_gmt":"2017-05-10T10:54:52","guid":{"rendered":"http:\/\/wordpress.nibis.de\/gspowe\/?page_id=3929"},"modified":"2025-08-14T16:06:39","modified_gmt":"2025-08-14T14:06:39","slug":"schulsozialarbeit","status":"publish","type":"page","link":"https:\/\/wordpress.nibis.de\/gspowe\/schulsozialarbeit\/","title":{"rendered":"Schulsozialarbeit"},"content":{"rendered":"<p><strong>Ansprechpartnerin:<\/strong><\/p>\n<p><strong>Heide Becker<br \/>\n<\/strong>(Dipl. P\u00e4dagogin, Schulische Sozialarbeit (Land Nds.)<strong><br \/>\n<\/strong>E-Mail: &#x68;&#x65;&#x69;&#x64;&#x65;&#x2e;&#x62;&#x65;&#x63;&#x6b;&#x65;&#x72;&#x40;&#x67;&#x73;&#x2d;&#x70;&#x6f;&#x77;&#x65;&#x2e;&#x64;&#101;<br \/>\nTelefon: 05406\/ 831522<br \/>\nMobiltelefon: 0151\/14473444<\/p>\n<p><span style=\"text-decoration: underline\">Erreichbarkeit<br \/>\n<\/span>Montag bis Donnerstag: 08:00 &#8211; 16:00 Uhr<br \/>\nFreitag: 08:00 &#8211; 13:00 Uhr<\/p>\n<p><u>Angebote f\u00fcr die Kinder:<\/u><\/p>\n<ul>\n<li>Kl\u00e4ren von Problemen mit Freunden, Eltern oder Lehrern<\/li>\n<li>Hilfestellung leisten beim Umgang mit Konflikten<\/li>\n<li>Streitschlichtung in der Pause, im Unterricht<\/li>\n<li>Soziales Lernen<\/li>\n<\/ul>\n<p><u>\u00a0Angebote f\u00fcr die Eltern:<\/u><\/p>\n<ul>\n<li>Ansprechpartner f\u00fcr Hilfen in Erziehungsfragen<\/li>\n<li>Unterst\u00fctzung beim Ausf\u00fcllen von Antr\u00e4gen (Antrag auf Leistungen f\u00fcr angemessene Lernf\u00f6rderung; Antrag auf Leistungen f\u00fcr Bildung und Teilhabe)<\/li>\n<li>Beratung in Konfliktsituationen mit der Schule und Familie<\/li>\n<li>Hilfestellung bei der Kontaktaufnahme zu au\u00dferschulischen Institutionen, z.B. Gemeinde; Ma\u00dfArbeit; Jugendamt; Wohnungsbaugesellschaften; Fl\u00fcchtlingshilfe; \u00c4rzten; etc.<\/li>\n<li>Beratung bei Schulschwierigkeiten<\/li>\n<\/ul>\n","protected":false},"excerpt":{"rendered":"<p>Ansprechpartnerin: Heide Becker (Dipl. P\u00e4dagogin, Schulische Sozialarbeit (Land Nds.) E-Mail: &#104;&#x65;i&#x64;&#x65;&#46;&#x62;e&#x63;&#x6b;&#101;&#x72;&#64;&#x67;&#x73;&#45;&#x70;o&#x77;&#x65;&#46;&#x64;e Telefon: 05406\/ 831522 Mobiltelefon: 0151\/14473444 Erreichbarkeit Montag bis Donnerstag: 08:00 &#8211; 16:00 Uhr Freitag: 08:00 &#8211; 13:00 Uhr Angebote f\u00fcr die Kinder: Kl\u00e4ren von Problemen mit Freunden, Eltern oder Lehrern Hilfestellung leisten beim Umgang mit Konflikten Streitschlichtung in der Pause, im Unterricht Soziales Lernen [&hellip;]<\/p>\n","protected":false},"author":288,"featured_media":0,"parent":0,"menu_order":0,"comment_status":"closed","ping_status":"closed","template":"","meta":{"footnotes":""},"class_list":["post-3929","page","type-page","status-publish","hentry"],"_links":{"self":[{"href":"https:\/\/wordpress.nibis.de\/gspowe\/wp-json\/wp\/v2\/pages\/3929","targetHints":{"allow":["GET"]}}],"collection":[{"href":"https:\/\/wordpress.nibis.de\/gspowe\/wp-json\/wp\/v2\/pages"}],"about":[{"href":"https:\/\/wordpress.nibis.de\/gspowe\/wp-json\/wp\/v2\/types\/page"}],"author":[{"embeddable":true,"href":"https:\/\/wordpress.nibis.de\/gspowe\/wp-json\/wp\/v2\/users\/288"}],"replies":[{"embeddable":true,"href":"https:\/\/wordpress.nibis.de\/gspowe\/wp-json\/wp\/v2\/comments?post=3929"}],"version-history":[{"count":32,"href":"https:\/\/wordpress.nibis.de\/gspowe\/wp-json\/wp\/v2\/pages\/3929\/revisions"}],"predecessor-version":[{"id":7141,"href":"https:\/\/wordpress.nibis.de\/gspowe\/wp-json\/wp\/v2\/pages\/3929\/revisions\/7141"}],"wp:attachment":[{"href":"https:\/\/wordpress.nibis.de\/gspowe\/wp-json\/wp\/v2\/media?parent=3929"}],"curies":[{"name":"wp","href":"https:\/\/api.w.org\/{rel}","templated":true}]}}