{"id":476,"date":"2013-12-09T18:38:41","date_gmt":"2013-12-09T17:38:41","guid":{"rendered":"http:\/\/wordpress.nibis.de\/gspowe\/?page_id=476"},"modified":"2026-03-17T11:31:05","modified_gmt":"2026-03-17T10:31:05","slug":"beitrittsformular","status":"publish","type":"page","link":"https:\/\/wordpress.nibis.de\/gspowe\/beitrittsformular\/","title":{"rendered":"F\u00f6rderverein"},"content":{"rendered":"<h1 style=\"text-align: center\"><img loading=\"lazy\" decoding=\"async\" class=\"wp-image-4398 aligncenter\" src=\"http:\/\/wordpress.nibis.de\/gspowe\/files\/F\u00f6rderverein-02-800x478.jpg\" alt=\"\" width=\"280\" height=\"171\" \/><\/h1>\n<h3 style=\"text-align: center\">\u201eDas Wenige, das du tun kannst, ist viel!\u201c<br \/>\n(Albert Schweitzer)<\/h3>\n<p>&nbsp;<\/p>\n<p style=\"text-align: center\"><strong>Herzlich Willkommen beim F\u00f6rderverein der Grundschule<\/strong> <strong>Powe<\/strong><strong>!<\/strong><\/p>\n<p><span style=\"text-decoration: underline\">Unser Ziel&#8230;<\/span><br \/>\n&#8230;ist die Unterst\u00fctzung der Grundschule durch F\u00f6rderung aller schulischer Belange, die nicht aus Mitteln des Schultr\u00e4gers umgesetzt werden k\u00f6nnen.<br \/>\nDar\u00fcber hinaus ist es uns ein Anliegen, die Selbstst\u00e4ndigkeit, die soziale Kompetenz sowie die Kreativit\u00e4t der Kinder gezielt zu f\u00f6rdern. Auch soll das Schulleben ein \u201egemeinsames Erleben\u201c gew\u00e4hrleisten k\u00f6nnen (zum Beispiel in Form von Klassenfahrten, Theaterbesuchen, Ausfl\u00fcgen etc.).<\/p>\n<p>Der F\u00f6rderverein unserer Grundschule konnte in der Vergangenheit bereits viele schulische und au\u00dferschulische Projekte unterst\u00fctzen und kann erneut auf ein erfolgreiches Jahr zur\u00fcckblicken.<br \/>\nBesonders hervorzuheben sind hier sicherlich:<\/p>\n<ul>\n<li>der Schulausflug zum Ketteler Hof<\/li>\n<li>das Mitmach &#8211; Konzert Zaches und Zinnober<\/li>\n<li>das Selbstbehauptungstraining f\u00fcr M\u00e4dchen und Jungen \u201eIch will da durch\u201c<\/li>\n<li>sowie die Aktion \u201eDeckel sammeln\u201c<\/li>\n<\/ul>\n<p><strong>St\u00f6bern Sie doch mal unter dem Punkt Kategorien unter F\u00f6derverein! Dort finden Sie detaillierte Berichte und viele Fotos zu Aktionen des F\u00f6rdervereins. Berichte \u00fcber aktuelle Aktionen finden Sie auf der Startseite unserer Schulhomepage.<\/strong><\/p>\n<p><em>\u00a0<\/em>Aber auch die j\u00e4hrlich wiederkehrenden Aktionen des F\u00f6rdervereins m\u00f6chten wir nicht unerw\u00e4hnt lassen:<\/p>\n<ul>\n<li>Spielzeugkisten f\u00fcr die Erstkl\u00e4ssler zur Einschulung<\/li>\n<li>die Obst- und Gem\u00fcsebar bei den Bundesjugendspielen<\/li>\n<li>St\u00e4nde auf dem Weihnachtsmarkt und dem Stadtteilfest (die Erl\u00f6se kommen direkt dem F\u00f6rderverein zugute)<\/li>\n<li>Spielevormittag in der Adventszeit mit Verlosung von Spielen aus dem Budget des F\u00f6rdervereins<\/li>\n<li>sowie die Bezuschussung der Klassenfahrten der 4. Klassen.<\/li>\n<\/ul>\n<p>Besonders in einer Zeit knapper Kassen, in der Zusch\u00fcsse weniger bzw. gar nicht mehr gew\u00e4hrt werden, ist es wichtig, dass wir als Eltern uns aktiv daran beteiligen, den Schulalltag unserer Kinder zu bereichern und bunter zu machen. Jede Mitgliedschaft kommt direkt den Sch\u00fclern zugute.<br \/>\n<strong>Darum werden Sie Mitglied in unserem F\u00f6rderverein!<\/strong><\/p>\n<p><a href=\"https:\/\/wordpress.nibis.de\/gspowe\/files\/Flyer-FV-und-Anmeldeformular-2025.pdf\">Flyer F\u00f6rderverein und Beitrittserkl\u00e4rung (Stand 2026)<\/a><\/p>\n<p><a href=\"https:\/\/wordpress.nibis.de\/gspowe\/files\/Bestellformular.pdf\" target=\"_blank\" rel=\"noopener\">Bestellformular Stand 2025<\/a><\/p>\n<p><a href=\"https:\/\/wordpress.nibis.de\/gspowe\/files\/FV-GS-Powe-Protokoll-MV-29.9.25.pdf\">Protokoll vom September 2025<\/a><\/p>\n<p><strong>Wir freuen uns \u00fcber jede Unterst\u00fctzung und jedes neue Mitglied!<\/strong><\/p>\n<p>Auch mit einer Spende k\u00f6nnen Sie dem F\u00f6rderverein der Grundschule Powe dabei helfen, die Schule auch in Zukunft bei wichtigen Projekten finanziell zu unterst\u00fctzen. Eine Spende ist steuerlich voll abzugsf\u00e4hig. Aber auch durch Ihren pers\u00f6nlichen Einsatz k\u00f6nnen Sie den F\u00f6rderverein unterst\u00fctzen. F\u00fcr Ihre Mithilfe bei unseren Aktivit\u00e4ten sind wir immer dankbar.<\/p>\n<p style=\"text-align: right\"><em>Text: B. Stagge<\/em><\/p>\n<hr \/>\n<p>&nbsp;<\/p>\n<h3 style=\"text-align: center\">Aktueller Vorstand des F\u00f6rdervereins der Grundschule Powe:<\/h3>\n<p style=\"text-align: center\">Silke Taubitz, Dominik Dettmer, Vanessa Plantholt, Sandra Imsieke, Nadine Nuxoll<\/p>\n","protected":false},"excerpt":{"rendered":"<p>\u201eDas Wenige, das du tun kannst, ist viel!\u201c (Albert Schweitzer) &nbsp; Herzlich Willkommen beim F\u00f6rderverein der Grundschule Powe! Unser Ziel&#8230; &#8230;ist die Unterst\u00fctzung der Grundschule durch F\u00f6rderung aller schulischer Belange, die nicht aus Mitteln des Schultr\u00e4gers umgesetzt werden k\u00f6nnen. Dar\u00fcber hinaus ist es uns ein Anliegen, die Selbstst\u00e4ndigkeit, die soziale Kompetenz sowie die Kreativit\u00e4t der [&hellip;]<\/p>\n","protected":false},"author":288,"featured_media":0,"parent":0,"menu_order":0,"comment_status":"closed","ping_status":"closed","template":"","meta":{"footnotes":""},"class_list":["post-476","page","type-page","status-publish","hentry"],"_links":{"self":[{"href":"https:\/\/wordpress.nibis.de\/gspowe\/wp-json\/wp\/v2\/pages\/476","targetHints":{"allow":["GET"]}}],"collection":[{"href":"https:\/\/wordpress.nibis.de\/gspowe\/wp-json\/wp\/v2\/pages"}],"about":[{"href":"https:\/\/wordpress.nibis.de\/gspowe\/wp-json\/wp\/v2\/types\/page"}],"author":[{"embeddable":true,"href":"https:\/\/wordpress.nibis.de\/gspowe\/wp-json\/wp\/v2\/users\/288"}],"replies":[{"embeddable":true,"href":"https:\/\/wordpress.nibis.de\/gspowe\/wp-json\/wp\/v2\/comments?post=476"}],"version-history":[{"count":30,"href":"https:\/\/wordpress.nibis.de\/gspowe\/wp-json\/wp\/v2\/pages\/476\/revisions"}],"predecessor-version":[{"id":7344,"href":"https:\/\/wordpress.nibis.de\/gspowe\/wp-json\/wp\/v2\/pages\/476\/revisions\/7344"}],"wp:attachment":[{"href":"https:\/\/wordpress.nibis.de\/gspowe\/wp-json\/wp\/v2\/media?parent=476"}],"curies":[{"name":"wp","href":"https:\/\/api.w.org\/{rel}","templated":true}]}}