{"id":484,"date":"2013-12-14T12:55:17","date_gmt":"2013-12-14T11:55:17","guid":{"rendered":"http:\/\/wordpress.nibis.de\/gspowe\/?page_id=484"},"modified":"2025-02-06T15:27:43","modified_gmt":"2025-02-06T14:27:43","slug":"foerdergruppe-reiten","status":"publish","type":"page","link":"https:\/\/wordpress.nibis.de\/gspowe\/foerdergruppe-reiten\/","title":{"rendered":"F\u00f6rdergruppe Reiten"},"content":{"rendered":"<p style=\"text-align: justify\">Jeden Donnerstag findet f\u00fcr vier bis f\u00fcnf Kinder der zweiten Klasse Heilp\u00e4dagogisches Reiten statt.<br \/>\nAm Donnerstag den 15.06.2017 hatte ich mal wieder die Gelegenheit, die AG mit meiner Kamera zu begleiten. F\u00fcr mich immer ein tolles Erlebnis.<br \/>\nDie M\u00f6glichkeit des Heilp\u00e4dagogischen Reitens stellt an unserer Schule etwas ganz Besonderes dar. Der Gewinn f\u00fcr die Kinder alleine durch den Kontakt zu einem Pferd, die Art der Fortbewegung, wenn man oben sitzt, das Gef\u00fchl f\u00fcr den eigenen K\u00f6rper durch die Bewegung des Pferdes, der Zugewinn an Selbstvertrauen, wenn man so ein gro\u00dfes Tier f\u00fchren und lenken darf, ist kaum zu ermessen.<br \/>\nDies f\u00fchrt nicht nur zu Vorfreude und gro\u00dfem Spa\u00df an dem Tag der AG, sondern bewirkt im Kind auch langfristig viele positive Ver\u00e4nderungen. Man kann daher die M\u00f6glichkeit, die Frau Otto unserer Schule mit ihrer Zusatzausbildung als Reittherapeutin bietet, gar nicht hoch genug sch\u00e4tzen.<br \/>\nDazu steht auf dem Hof Timmer in Gretesch ein sehr gut ausgebildetes Therapiepferd zur Verf\u00fcgung. Massimo lieben alle Kinder. Das Zusammenspiel zwischen ihm und Frau Otto l\u00e4uft fein und fast unmerklich ab. Eine kleine Handbewegung, eine Drehung des K\u00f6rpers und Massimo steht. Ein leiser Schwenk mit der Peitsche und Massimo l\u00e4uft los &#8211; genau in dem Tempo, das erwartet wird. Dieses Zusammenspiel wirkt selbstverst\u00e4ndlich. So bleibt Raum, sich ganz auf jedes einzelne Kind zu konzentrieren, es individuell zu betreuen, zu unterst\u00fctzen und zu f\u00f6rdern.<br \/>\nOhne eine gewisse Grundordnung geht es nicht. Und wie leicht scheinen die Kinder diese heute einzuhalten, bei der Aussicht, dass es gleich auch f\u00fcr sie aufs Pferd geht.<br \/>\nMassimo l\u00e4uft an der Longe im Kreis. Im Schritt, Trab und Galopp zeigen die Kinder heute, was sie in den letzten Monaten gelernt haben: Egal ob es einfach nur sitzen, stehen, auf einem Bein stehen oder winken mit T\u00fcchern ist, stets zeigen die Gesichter h\u00f6chste Konzentration. Immer wieder blitzt ein gl\u00fcckliches L\u00e4cheln durch. Ich habe versucht, ein wenig davon mit der Kamera einzufangen und hoffe, dass das Besondere dieser Reit AG zu sehen ist.<\/p>\n\n<p style=\"text-align: justify\">Und noch eine gute Nachricht zum Schluss: Die Durchf\u00fchrung des Heilp\u00e4dagogischen Reitens wird gr\u00f6\u00dftenteils durch Sponsoren finanziert. F\u00fcr das n\u00e4chste Schuljahr konnte die Stiftung Stahlwerk, Georgsmarienh\u00fctte als Sponsor gewonnen werden. So ist nun sicher \u2013 es geht weiter mit dem Heilp\u00e4dagogischen Reiten an der GS Powe. Vielen Dank der Stiftung Stahlwerk f\u00fcr die gro\u00dfz\u00fcgige Unterst\u00fctzung! Und Danke auch an Frau Mergelmeyer, die seit 5 Jahren die heilp\u00e4dagogischen Reitgruppen begleitet. Sie unterst\u00fctzt und hilft wo sie nur kann und bringt gleichzeitig Pferdeerfahrung und ein\u00a0 gutes H\u00e4ndchen f\u00fcr alle Kinder mit.<\/p>\n<p style=\"text-align: right\"><em>Text und Fotos: R. Wowries<\/em><\/p>\n<p>&nbsp;<\/p>\n<p>&nbsp;<\/p>\n","protected":false},"excerpt":{"rendered":"<p>Jeden Donnerstag findet f\u00fcr vier bis f\u00fcnf Kinder der zweiten Klasse Heilp\u00e4dagogisches Reiten statt. Am Donnerstag den 15.06.2017 hatte ich mal wieder die Gelegenheit, die AG mit meiner Kamera zu begleiten. F\u00fcr mich immer ein tolles Erlebnis. Die M\u00f6glichkeit des Heilp\u00e4dagogischen Reitens stellt an unserer Schule etwas ganz Besonderes dar. Der Gewinn f\u00fcr die Kinder [&hellip;]<\/p>\n","protected":false},"author":288,"featured_media":0,"parent":0,"menu_order":0,"comment_status":"closed","ping_status":"closed","template":"","meta":{"footnotes":""},"class_list":["post-484","page","type-page","status-publish","hentry"],"_links":{"self":[{"href":"https:\/\/wordpress.nibis.de\/gspowe\/wp-json\/wp\/v2\/pages\/484","targetHints":{"allow":["GET"]}}],"collection":[{"href":"https:\/\/wordpress.nibis.de\/gspowe\/wp-json\/wp\/v2\/pages"}],"about":[{"href":"https:\/\/wordpress.nibis.de\/gspowe\/wp-json\/wp\/v2\/types\/page"}],"author":[{"embeddable":true,"href":"https:\/\/wordpress.nibis.de\/gspowe\/wp-json\/wp\/v2\/users\/288"}],"replies":[{"embeddable":true,"href":"https:\/\/wordpress.nibis.de\/gspowe\/wp-json\/wp\/v2\/comments?post=484"}],"version-history":[{"count":7,"href":"https:\/\/wordpress.nibis.de\/gspowe\/wp-json\/wp\/v2\/pages\/484\/revisions"}],"predecessor-version":[{"id":4376,"href":"https:\/\/wordpress.nibis.de\/gspowe\/wp-json\/wp\/v2\/pages\/484\/revisions\/4376"}],"wp:attachment":[{"href":"https:\/\/wordpress.nibis.de\/gspowe\/wp-json\/wp\/v2\/media?parent=484"}],"curies":[{"name":"wp","href":"https:\/\/api.w.org\/{rel}","templated":true}]}}