{"id":85,"date":"2013-11-03T14:16:04","date_gmt":"2013-11-03T13:16:04","guid":{"rendered":"http:\/\/wordpress.nibis.de\/gspowe\/?page_id=85"},"modified":"2024-06-20T21:09:32","modified_gmt":"2024-06-20T19:09:32","slug":"presse","status":"publish","type":"page","link":"https:\/\/wordpress.nibis.de\/gspowe\/presse\/","title":{"rendered":"Presse"},"content":{"rendered":"<p><strong>Sponsorenlauf der GS Powe<\/strong><\/p>\n<p><a href=\"https:\/\/wordpress.nibis.de\/gspowe\/files\/Neue-Osnabruecker-Zeitung_Ausgabe-Wallenhorst_Belm_Bissendorf_2022_11_30_Artikel-print-1.pdf\">Neue Osnabr\u00fccker Zeitung_Ausgabe Wallenhorst_Belm_Bissendorf_2022_11_30_Artikel print<\/a><\/p>\n<hr \/>\n<p><strong>Reit-AG<\/strong><\/p>\n<p><a href=\"https:\/\/wordpress.nibis.de\/gspowe\/files\/Neue-Osnabruecker-Zeitung_Ausgabe-Belm-Wallenhorst-Bissendorf_2022_02_14_Artikel_print.pdf\">Neue Osnabr\u00fccker Zeitung_Ausgabe Belm Wallenhorst Bissendorf_2022_02_14_Artikel_print<\/a><\/p>\n<hr \/>\n<p><strong>Einweihung der Seilkletterpyramide<\/strong><\/p>\n<p><a href=\"https:\/\/wordpress.nibis.de\/gspowe\/files\/NOZ-20210724-Neue-Spielzone-an-Grundschule-Belm.pdf\" target=\"_blank\" rel=\"noopener\">2021-07-24 &#8211; NOZ &#8211; Neue Spielzone an Grundschule Belm<\/a><\/p>\n<hr \/>\n<p><strong>Mini-WM-Fu\u00dfball M\u00e4rz 2020 in Papenburg<\/strong><\/p>\n<p><a href=\"https:\/\/wordpress.nibis.de\/gspowe\/files\/Mini-WM-2020-Papenburg.pdf\" target=\"_blank\" rel=\"noopener noreferrer\">2020-04-02 &#8211; Belmer Schaufenster &#8211; Mini-WM 202 Papenburg<\/a><\/p>\n<hr \/>\n<p><strong>Abschied von Frau Fangmeier<\/strong><\/p>\n<p><a href=\"https:\/\/wordpress.nibis.de\/gspowe\/files\/Abschied-CFangmeier.pdf\" target=\"_blank\" rel=\"noopener noreferrer\">2019-08-Abschied von Frau Fangmeier<\/a><\/p>\n<hr \/>\n<p><strong>Stahmeyer-Stiftung unterst\u00fctzt Reit-AG<\/strong><\/p>\n<p><a href=\"https:\/\/wordpress.nibis.de\/gspowe\/files\/HP-StahmeyerStiftung2019.pdf\" target=\"_blank\" rel=\"noopener noreferrer\">2019-04-Gemeinde Belm &#8211; StahmeyerStiftung<\/a><\/p>\n<hr \/>\n<p><strong>Zweckertragssparen<\/strong><\/p>\n<p><a href=\"https:\/\/wordpress.nibis.de\/gspowe\/files\/HP-Zweckertragssparen2019.pdf\" target=\"_blank\" rel=\"noopener noreferrer\">2019-04-Gemeinde Belm &#8211; Zweckertragssparen2019<\/a><\/p>\n<hr \/>\n<p><strong>Sponsorenlauf f\u00fcr die Brukina-Faso-Initiative<\/strong><\/p>\n<p><a href=\"https:\/\/wordpress.nibis.de\/gspowe\/files\/Blick-nach-Belm-Stadtteilkurier-Jan-2019.pdf\" target=\"_blank\" rel=\"noopener noreferrer\">2019-01-Blick nach Belm &#8211; Stadtteilkurier &#8211; Presse Belm &#8211; D. Meyer<\/a><\/p>\n<hr \/>\n<p><strong>Aktion Deckel sammeln<\/strong><\/p>\n<p><a href=\"http:\/\/wordpress.nibis.de\/gspowe\/files\/2017-10-16-NOZ-Decksammeln.pdf\">2017-10-16-NOZ-Decksammeln<\/a><\/p>\n<hr \/>\n<p><strong>Dritte-Welt-Projekttag in der 4. Klasse<\/strong><\/p>\n<p><a href=\"http:\/\/wordpress.nibis.de\/gspowe\/files\/2017-01-25-Zeitungsartikel-Spielzeuge-aus-Recycling-Material.docx\">2017-01-25 &#8211; NOZ &#8211; Spielzeuge aus Recycling-Material<\/a><\/p>\n<hr \/>\n<p><strong>Spielesamstag in der Grundschule Powe<\/strong><\/p>\n<p><a href=\"http:\/\/wordpress.nibis.de\/gspowe\/files\/NOZ-Spielesamstag-03122016.doc\">2016-12-03 &#8211; NOZ &#8211; Spielesamstag<\/a><\/p>\n<hr \/>\n<p><strong>Bernd Brill ist neuer Schulleiter in Powe<\/strong><\/p>\n<p><a href=\"http:\/\/wordpress.nibis.de\/gspowe\/files\/2016-08-23-NOZ-Brill-inPowe.pdf\">2016-08-23 &#8211; NOZ &#8211; Brill inPowe<\/a><\/p>\n<hr \/>\n<p><strong>Kinder mit Pferden stark machen<\/strong><\/p>\n<p>Einmal pro Woche arbeitet unsere F\u00f6rdergruppe Reiten unter der Leitung von Frau Otto auf der Burg Gretesch mit lieben Pferden.<br \/>\nEinen Erfahrungsbericht konnte man k\u00fcrzlich in der Zeitschrift &#8222;Therapeutisches Reiten&#8220; (Ausgabe 4\/2013) des Deutschen Kuratoriums f\u00fcr Therapeutisches Reiten e.V. (DKThR) finden.<br \/>\nUm den Artikel zu lesen, klicken Sie bitte <a href=\"http:\/\/wordpress.nibis.de\/gspowe\/files\/DKThR_Kinder-mit-Pferden-stark-machen_lowres.pdf\">hier.<\/a><\/p>\n<p>Einige sch\u00f6ne Eindr\u00fccke aus der F\u00f6rdergruppe Reiten k\u00f6nnen Sie auch im Bereich der Bildergalerie bekommen!<\/p>\n","protected":false},"excerpt":{"rendered":"<p>Sponsorenlauf der GS Powe Neue Osnabr\u00fccker Zeitung_Ausgabe Wallenhorst_Belm_Bissendorf_2022_11_30_Artikel print Reit-AG Neue Osnabr\u00fccker Zeitung_Ausgabe Belm Wallenhorst Bissendorf_2022_02_14_Artikel_print Einweihung der Seilkletterpyramide 2021-07-24 &#8211; NOZ &#8211; Neue Spielzone an Grundschule Belm Mini-WM-Fu\u00dfball M\u00e4rz 2020 in Papenburg 2020-04-02 &#8211; Belmer Schaufenster &#8211; Mini-WM 202 Papenburg Abschied von Frau Fangmeier 2019-08-Abschied von Frau Fangmeier Stahmeyer-Stiftung unterst\u00fctzt Reit-AG 2019-04-Gemeinde Belm &#8211; [&hellip;]<\/p>\n","protected":false},"author":288,"featured_media":0,"parent":0,"menu_order":0,"comment_status":"closed","ping_status":"closed","template":"","meta":{"footnotes":""},"class_list":["post-85","page","type-page","status-publish","hentry"],"_links":{"self":[{"href":"https:\/\/wordpress.nibis.de\/gspowe\/wp-json\/wp\/v2\/pages\/85","targetHints":{"allow":["GET"]}}],"collection":[{"href":"https:\/\/wordpress.nibis.de\/gspowe\/wp-json\/wp\/v2\/pages"}],"about":[{"href":"https:\/\/wordpress.nibis.de\/gspowe\/wp-json\/wp\/v2\/types\/page"}],"author":[{"embeddable":true,"href":"https:\/\/wordpress.nibis.de\/gspowe\/wp-json\/wp\/v2\/users\/288"}],"replies":[{"embeddable":true,"href":"https:\/\/wordpress.nibis.de\/gspowe\/wp-json\/wp\/v2\/comments?post=85"}],"version-history":[{"count":36,"href":"https:\/\/wordpress.nibis.de\/gspowe\/wp-json\/wp\/v2\/pages\/85\/revisions"}],"predecessor-version":[{"id":6795,"href":"https:\/\/wordpress.nibis.de\/gspowe\/wp-json\/wp\/v2\/pages\/85\/revisions\/6795"}],"wp:attachment":[{"href":"https:\/\/wordpress.nibis.de\/gspowe\/wp-json\/wp\/v2\/media?parent=85"}],"curies":[{"name":"wp","href":"https:\/\/api.w.org\/{rel}","templated":true}]}}