{"id":114,"date":"2014-11-20T16:33:57","date_gmt":"2014-11-20T15:33:57","guid":{"rendered":"http:\/\/wordpress.nibis.de\/gsrautheim\/?page_id=114"},"modified":"2026-03-03T10:25:14","modified_gmt":"2026-03-03T09:25:14","slug":"kollegium","status":"publish","type":"page","link":"https:\/\/wordpress.nibis.de\/gsrautheim\/kollegium\/","title":{"rendered":"Kollegium"},"content":{"rendered":"<p style=\"text-align: justify\">\n<table style=\"width: 100%;height: 445px\">\n<tbody>\n<tr>\n<td style=\"width: 29.8013%\"><span style=\"font-size: 12pt;font-family: helvetica, arial, sans-serif\"><strong>Mareike Bayer<\/strong><\/span><\/td>\n<td style=\"width: 70.0331%\"><span style=\"font-size: 12pt;font-family: helvetica, arial, sans-serif\">Anw\u00e4rterin<\/span><\/td>\n<\/tr>\n<tr style=\"height: 24px\">\n<td style=\"height: 24px;width: 29.8013%\"><span style=\"font-size: 12pt;font-family: helvetica, arial, sans-serif\"><strong>Sonja Berten<\/strong><\/span><\/td>\n<td style=\"height: 24px;width: 70.0331%\"><span style=\"font-size: 12pt;font-family: helvetica, arial, sans-serif\">F\u00f6rderschullehrerin (derzeit in Elternzeit)<\/span><\/td>\n<\/tr>\n<tr style=\"height: 48px\">\n<td style=\"height: 48px;width: 29.8013%\"><span style=\"font-size: 12pt;font-family: helvetica, arial, sans-serif\"><strong>Susanne Fischer<\/strong><\/span><\/td>\n<td style=\"height: 48px;width: 70.0331%\"><span style=\"font-family: helvetica, arial, sans-serif;font-size: 12pt\">Fachlehrerin<\/span><\/td>\n<\/tr>\n<tr>\n<td style=\"width: 29.8013%\"><span style=\"font-size: 12pt;font-family: helvetica, arial, sans-serif\"><strong>Henriette Goes<\/strong><\/span><\/td>\n<td style=\"width: 70.0331%\"><span style=\"font-family: helvetica, arial, sans-serif;font-size: 12pt\">Klassenleitung 2a<\/span><\/td>\n<\/tr>\n<tr style=\"height: 34px\">\n<td style=\"height: 34px;width: 29.8013%\"><span style=\"font-size: 12pt;font-family: helvetica, arial, sans-serif\"><strong>Stefanie Gr\u00fctzmacher<\/strong><\/span><\/td>\n<td style=\"height: 34px;width: 70.0331%\"><span style=\"font-size: 12pt;font-family: helvetica, arial, sans-serif\">Klassenleitung 4b, Beratungslehrerin<\/span><\/td>\n<\/tr>\n<tr>\n<td style=\"width: 29.8013%\"><span style=\"font-size: 12pt;font-family: helvetica, arial, sans-serif\"><strong>Julia Guzzone<\/strong><\/span><\/td>\n<td style=\"width: 70.0331%\"><span style=\"font-size: 12pt;font-family: helvetica, arial, sans-serif\">Fachlehrerin, Fachkonferenzleitung Religion<\/span><\/td>\n<\/tr>\n<tr style=\"height: 24px\">\n<td style=\"width: 29.8013%;height: 24px\"><span style=\"font-size: 12pt;font-family: helvetica, arial, sans-serif\"><strong>Lena Henne<br \/>\n<\/strong><\/span><\/td>\n<td style=\"width: 70.0331%;height: 24px\"><span style=\"font-size: 12pt;font-family: helvetica, arial, sans-serif\">Klassenleitung 2b, Personalr\u00e4tin, Fachkonferenzleitung Kunst, Gestaltendes Werken, Textiles Gestalten<br \/>\n<\/span><\/td>\n<\/tr>\n<tr>\n<td style=\"width: 29.8013%\"><span style=\"font-size: 12pt;font-family: helvetica, arial, sans-serif\"><strong>Kirstin Jarzombek<\/strong><\/span><\/td>\n<td style=\"width: 70.0331%\"><span style=\"font-size: 12pt;font-family: helvetica, arial, sans-serif\">Fachlehrerin, Fachkonferenzleitung Sport<\/span><\/td>\n<\/tr>\n<tr>\n<td style=\"width: 29.8013%\"><span style=\"font-size: 12pt;font-family: helvetica, arial, sans-serif\"><strong>Ulla Klems\u00a0<\/strong><\/span><\/td>\n<td style=\"width: 70.0331%\"><span style=\"font-size: 12pt;font-family: helvetica, arial, sans-serif\">Klassenleitung 3b, Fachkonferenzleitung Sachunterricht<\/span><\/td>\n<\/tr>\n<tr>\n<td style=\"width: 29.8013%\"><span style=\"font-size: 12pt;font-family: helvetica, arial, sans-serif\"><strong>Pia K\u00fcbler<\/strong><\/span><\/td>\n<td style=\"width: 70.0331%\"><span style=\"font-size: 12pt;font-family: helvetica, arial, sans-serif\">Klassenleitung 1c<\/span><\/td>\n<\/tr>\n<tr style=\"height: 48px\">\n<td style=\"height: 48px;width: 29.8013%\"><span style=\"font-size: 12pt;font-family: helvetica, arial, sans-serif\"><strong>Nina Kurek<\/strong><\/span><\/td>\n<td style=\"height: 48px;width: 70.0331%\"><span style=\"font-size: 12pt;font-family: helvetica, arial, sans-serif\">Schulleiterin<br \/>\n<\/span><\/td>\n<\/tr>\n<tr style=\"height: 27px\">\n<td style=\"height: 27px;width: 29.8013%\"><span style=\"font-family: helvetica, arial, sans-serif;font-size: 12pt\"><strong>Nadine Leinemann<\/strong><\/span><\/td>\n<td style=\"height: 27px;width: 70.0331%\"><span style=\"font-size: 12pt;font-family: helvetica, arial, sans-serif\">Klassenleitung 2c, Fachkonferenzleitung Mathematik<\/span><\/td>\n<\/tr>\n<tr>\n<td style=\"width: 29.8013%\"><span style=\"font-size: 12pt;font-family: helvetica, arial, sans-serif\"><strong>Anita Mahlke<\/strong><\/span><\/td>\n<td style=\"width: 70.0331%\"><span style=\"font-size: 12pt;font-family: helvetica, arial, sans-serif\">Fachlehrerin<\/span><\/td>\n<\/tr>\n<tr style=\"height: 24px\">\n<td style=\"height: 24px;width: 29.8013%\"><span style=\"font-size: 12pt;font-family: helvetica, arial, sans-serif\"><strong>Anke Martens<\/strong><\/span><\/td>\n<td style=\"height: 24px;width: 70.0331%\"><span style=\"font-size: 12pt;font-family: helvetica, arial, sans-serif\">Klassenleitung 1b, Fachkonferenzleitung Deutsch<br \/>\n<\/span><\/td>\n<\/tr>\n<tr style=\"height: 24px\">\n<td style=\"height: 24px;width: 29.8013%\"><span style=\"font-size: 12pt;font-family: helvetica, arial, sans-serif\"><strong>Nina Ohnsorge<\/strong><\/span><\/td>\n<td style=\"height: 24px;width: 70.0331%\"><span style=\"font-size: 12pt;font-family: helvetica, arial, sans-serif\">Klassenlehrerin 4a, Fachkonferenzleitung Musik<\/span><\/td>\n<\/tr>\n<tr>\n<td style=\"width: 29.8013%\"><span style=\"font-size: 12pt;font-family: helvetica, arial, sans-serif\"><strong>Sarah-Lena Pohmann<\/strong><\/span><\/td>\n<td style=\"width: 70.0331%\"><span style=\"font-size: 12pt;font-family: helvetica, arial, sans-serif\">Klassenleitung 3a<\/span><\/td>\n<\/tr>\n<tr>\n<td style=\"width: 29.8013%\"><span style=\"font-size: 12pt;font-family: helvetica, arial, sans-serif\"><strong>Finja Peikert<\/strong><\/span><\/td>\n<td style=\"width: 70.0331%\"><span style=\"font-size: 12pt;font-family: helvetica, arial, sans-serif\">in Elternzeit<\/span><\/td>\n<\/tr>\n<tr style=\"height: 24px\">\n<td style=\"width: 29.8013%;height: 24px\"><span style=\"font-size: 12pt;font-family: helvetica, arial, sans-serif\"><strong>Leyla Sahin<\/strong><\/span><\/td>\n<td style=\"width: 70.0331%;height: 24px\"><span style=\"font-size: 12pt;font-family: helvetica, arial, sans-serif\">in Elternzeit<\/span><\/td>\n<\/tr>\n<tr style=\"height: 48px\">\n<td style=\"height: 48px;width: 29.8013%\"><span style=\"font-size: 12pt;font-family: helvetica, arial, sans-serif\"><strong>Heike Tappenbeck-Wickboldt<\/strong><\/span><\/td>\n<td style=\"height: 48px;width: 70.0331%\"><span style=\"font-size: 12pt\"><span style=\"font-family: helvetica, arial, sans-serif\">Klassenleitung 1a, Konrektorin,<\/span><span style=\"font-family: helvetica, arial, sans-serif\">\u00a0 IT- und Homepage-Beauftragte<br \/>\n<\/span><\/span><\/td>\n<\/tr>\n<tr>\n<td style=\"width: 29.8013%\"><span style=\"font-size: 12pt;font-family: helvetica, arial, sans-serif\"><strong>Karin V\u00f6lker<\/strong><\/span><\/td>\n<td style=\"width: 70.0331%\"><span style=\"font-size: 12pt;font-family: helvetica, arial, sans-serif\">Klassenleitung 3c, Mobilit\u00e4tsbeauftragte<\/span><\/td>\n<\/tr>\n<tr>\n<td style=\"width: 29.8013%\"><span style=\"font-size: 12pt;font-family: helvetica, arial, sans-serif\"><strong>\u00a0<\/strong><\/span><\/td>\n<td style=\"width: 70.0331%\"><span style=\"font-size: 12pt;font-family: helvetica, arial, sans-serif\">\u00a0<\/span><\/td>\n<\/tr>\n<tr>\n<td style=\"width: 29.8013%\"><span style=\"font-size: 12pt;font-family: helvetica, arial, sans-serif\"><strong>Ana Kohnert<\/strong><\/span><\/td>\n<td style=\"width: 70.0331%\"><span style=\"font-size: 12pt;font-family: helvetica, arial, sans-serif\">Unterst\u00fctzung im Schuljahr 2025\/26 von der Grundschule Isoldestra\u00dfe<\/span><\/td>\n<\/tr>\n<tr>\n<td style=\"width: 29.8013%\"><span style=\"font-size: 12pt;font-family: helvetica, arial, sans-serif\"><strong>Jan Rolf<\/strong><\/span><\/td>\n<td style=\"width: 70.0331%\"><span style=\"font-size: 12pt;font-family: helvetica, arial, sans-serif\">Unterst\u00fctzung im Schuljahr 2025\/26 von der Realschule Georg-Eckhardt<\/span><\/td>\n<\/tr>\n<\/tbody>\n<\/table>\n<p>&nbsp;<\/p>\n","protected":false},"excerpt":{"rendered":"<p>Mareike Bayer Anw\u00e4rterin Sonja Berten F\u00f6rderschullehrerin (derzeit in Elternzeit) Susanne Fischer Fachlehrerin Henriette Goes Klassenleitung 2a Stefanie Gr\u00fctzmacher Klassenleitung 4b, Beratungslehrerin Julia Guzzone Fachlehrerin, Fachkonferenzleitung Religion Lena Henne Klassenleitung 2b, Personalr\u00e4tin, Fachkonferenzleitung Kunst, Gestaltendes Werken, Textiles Gestalten Kirstin Jarzombek Fachlehrerin, Fachkonferenzleitung Sport Ulla Klems\u00a0 Klassenleitung 3b, Fachkonferenzleitung Sachunterricht Pia K\u00fcbler Klassenleitung 1c Nina Kurek Schulleiterin &hellip; <a href=\"https:\/\/wordpress.nibis.de\/gsrautheim\/kollegium\/\" class=\"more-link\"><span class=\"screen-reader-text\">Kollegium<\/span> weiterlesen <span class=\"meta-nav\">&rarr;<\/span><\/a><\/p>\n","protected":false},"author":635,"featured_media":0,"parent":0,"menu_order":0,"comment_status":"closed","ping_status":"closed","template":"","meta":{"footnotes":""},"class_list":["post-114","page","type-page","status-publish","hentry"],"_links":{"self":[{"href":"https:\/\/wordpress.nibis.de\/gsrautheim\/wp-json\/wp\/v2\/pages\/114","targetHints":{"allow":["GET"]}}],"collection":[{"href":"https:\/\/wordpress.nibis.de\/gsrautheim\/wp-json\/wp\/v2\/pages"}],"about":[{"href":"https:\/\/wordpress.nibis.de\/gsrautheim\/wp-json\/wp\/v2\/types\/page"}],"author":[{"embeddable":true,"href":"https:\/\/wordpress.nibis.de\/gsrautheim\/wp-json\/wp\/v2\/users\/635"}],"replies":[{"embeddable":true,"href":"https:\/\/wordpress.nibis.de\/gsrautheim\/wp-json\/wp\/v2\/comments?post=114"}],"version-history":[{"count":60,"href":"https:\/\/wordpress.nibis.de\/gsrautheim\/wp-json\/wp\/v2\/pages\/114\/revisions"}],"predecessor-version":[{"id":6588,"href":"https:\/\/wordpress.nibis.de\/gsrautheim\/wp-json\/wp\/v2\/pages\/114\/revisions\/6588"}],"wp:attachment":[{"href":"https:\/\/wordpress.nibis.de\/gsrautheim\/wp-json\/wp\/v2\/media?parent=114"}],"curies":[{"name":"wp","href":"https:\/\/api.w.org\/{rel}","templated":true}]}}