{"id":139,"date":"2014-11-20T16:41:14","date_gmt":"2014-11-20T15:41:14","guid":{"rendered":"http:\/\/wordpress.nibis.de\/gsrautheim\/?page_id=139"},"modified":"2023-02-22T21:50:33","modified_gmt":"2023-02-22T20:50:33","slug":"impressum","status":"publish","type":"page","link":"https:\/\/wordpress.nibis.de\/gsrautheim\/impressum\/","title":{"rendered":"Impressum und Datenschutzerkl\u00e4rung"},"content":{"rendered":"<p style=\"text-align: justify\"><span style=\"font-size: 12pt\"><strong><span style=\"font-family: tahoma, arial, helvetica, sans-serif\">An<span style=\"font-family: helvetica, arial, sans-serif\">gaben gem\u00e4\u00df \u00a7 5 TMG:<br \/>\nLand Niedersachsen (Diensteanbieter im Sinne des Telemediengesetzes)<\/span><\/span><\/strong><\/span><\/p>\n<p style=\"text-align: justify\"><span style=\"font-family: helvetica, arial, sans-serif;font-size: 10pt\">Das Land Niedersachsen ist eine juristische Person des \u00f6ffentlichen Rechts vertreten durch: <strong><br \/>\n<\/strong>Schulleiterin<br \/>\n<strong>Nina Kurek<\/strong><br \/>\n<strong>Grundschule Rautheim<br \/>\nSchulstra\u00dfe 7<\/strong><br \/>\n<strong>38126 Braunschweig<\/strong><br \/>\nTel.: 0531\/693091<br \/>\nFax: 0531\/ <span class=\"ff2 fc0 fs12 \">26 22 788<br \/>\n<\/span>E-Mail:<a title=\"post(at)gs-rautheim.de\" href=\"&#109;&#97;&#x69;l&#116;&#x6f;&#x3a;p&#111;&#x73;&#x74;&#64;&#103;&#x73;-&#114;&#x61;&#x75;t&#104;&#x65;&#x69;m&#46;&#x64;e\">post(at)gs-rautheim.de<\/a><\/span><br \/>\n<span style=\"font-family: helvetica, arial, sans-serif;font-size: 10pt\"> Schulische(r) Datenschutzbeauftragte(r): <a title=\"datenschutz(at)gs-rautheim.de\" href=\"&#109;&#97;&#x69;l&#116;&#x6f;&#x3a;d&#97;&#x74;&#x65;n&#115;&#x63;h&#117;&#x74;&#x7a;&#64;&#103;&#x73;&#x2d;r&#97;&#x75;t&#104;&#x65;&#x69;m&#46;&#x64;&#x65;\">datenschutz(at)gs-rautheim.de<\/a><\/span><\/p>\n<p style=\"text-align: justify\"><span style=\"font-family: helvetica, arial, sans-serif;font-size: 10pt\"><strong>Datenschutzerkl\u00e4rung<br \/>\n<\/strong>der<br \/>\nGrundschule Rautheim<strong><br \/>\n<\/strong>Schulstra\u00dfe 7<br \/>\n38126 Braunschweig<br \/>\nTel.: 0531\/693091<br \/>\nFax: 0531\/ <span class=\"ff2 fc0 fs12 \">26 22 788<\/span><\/span><\/p>\n<p style=\"text-align: justify\"><span style=\"font-family: helvetica, arial, sans-serif;font-size: 10pt\"><strong>Vertretungsberechtigt<\/strong><\/span><br \/>\n<span style=\"font-family: helvetica, arial, sans-serif;font-size: 10pt\">Schulleiterin Nina Kurek<\/span><\/p>\n<p style=\"text-align: justify\"><span style=\"font-family: helvetica, arial, sans-serif;font-size: 10pt\"><strong>II. Name und Anschrift des beh\u00f6rdlichen Datenschutzbeauftragten<br \/>\n<\/strong>Die Datenschutzbeauftragte des Verantwortlichen ist:<\/span><br \/>\n<span style=\"font-family: helvetica, arial, sans-serif;font-size: 10pt\">Nina Kurek<\/span><br \/>\n<span style=\"font-family: helvetica, arial, sans-serif;font-size: 10pt\">Tel.: 0531\/693091<br \/>\nFax: 0531\/ <span class=\"ff2 fc0 fs12 \">26 22 788<\/span><\/span><br \/>\n<span style=\"font-family: helvetica, arial, sans-serif;font-size: 10pt\">E-Mail: <a title=\"datenschutz(at)gs-rautheim.de\" href=\"m&#97;&#105;&#x6c;&#x74;&#x6f;:&#100;&#97;&#x74;&#x65;&#x6e;sc&#104;&#x75;&#x74;&#x7a;&#64;g&#115;&#45;&#x72;&#x61;&#x75;t&#104;&#101;&#x69;&#x6d;&#x2e;d&#101;\">datenschutz(at)gs-rautheim.de<\/a><\/span><\/p>\n<p style=\"text-align: justify\"><span style=\"font-family: helvetica, arial, sans-serif;font-size: 10pt\"><strong>III. Name und Anschrift unseres Host-Providers<br \/>\n<\/strong>Nieders\u00e4chsisches Landesinstitut f\u00fcr schulische Qualit\u00e4tsentwicklung (NLQ)<\/span><br \/>\n<span style=\"font-family: helvetica, arial, sans-serif;font-size: 10pt\">vertreten durch die Pr\u00e4sidentin Frau Dr. Elke Richlick<\/span><br \/>\n<span style=\"font-family: helvetica, arial, sans-serif;font-size: 10pt\">Ke\u00dflerstra\u00dfe 52<\/span><br \/>\n<span style=\"font-family: helvetica, arial, sans-serif;font-size: 10pt\">31134 Hildesheim<\/span><\/p>\n<p style=\"text-align: justify\"><span style=\"font-family: helvetica, arial, sans-serif;font-size: 10pt\"><strong>IV. Bereitstellung der Website und Erstellung von Logfiles<br \/>\n<\/strong>Bei jedem Aufruf unserer Internetseite erfasst unser System automatisiert Daten und Informationen vom Computersystem des aufrufenden Rechners. Folgende Daten werden hierbei erhoben:<\/span><\/p>\n<p style=\"text-align: justify\"><span style=\"font-family: helvetica, arial, sans-serif;font-size: 10pt\">(1) Datum und Uhrzeit des Zugriffes<\/span><br \/>\n<span style=\"font-family: helvetica, arial, sans-serif;font-size: 10pt\">(2) Vom System protokollierte Fehler beim Aufruf unserer Seiten<\/span><br \/>\n<span style=\"font-family: helvetica, arial, sans-serif;font-size: 10pt\">(3) Die IP-Adresse des Nutzers<\/span><br \/>\n<span style=\"font-family: helvetica, arial, sans-serif;font-size: 10pt\">(4) Die Betriebssystemversion des Nutzers<\/span><br \/>\n<span style=\"font-family: helvetica, arial, sans-serif;font-size: 10pt\">(5) Der Browsertyp des Nutzers<\/span><br \/>\n<span style=\"font-family: helvetica, arial, sans-serif;font-size: 10pt\">(6) Die vom Nutzer aufgerufene Seite<\/span><br \/>\n<span style=\"font-family: helvetica, arial, sans-serif;font-size: 10pt\">(7) Die Weiterleitung auf eine externe Seite<\/span><\/p>\n<p style=\"text-align: justify\"><span style=\"font-family: helvetica, arial, sans-serif;font-size: 10pt\">Die Daten werden in den Logfiles gespeichert. Eine Speicherung dieser Daten zusammen mit anderen personenbezogenen Daten des Nutzers findet nicht statt. Zweck der Datenspeicherung ist technische Optimierung unserer Internetseite. Rechtsgrundlage f\u00fcr die vor\u00fcbergehende Speicherung der Daten ist Art. 6 Abs.1 lit.f DSGVO.<\/span><\/p>\n<p style=\"text-align: justify\"><span style=\"font-family: helvetica, arial, sans-serif;font-size: 10pt\">Die Daten werden f\u00fcr 52 Wochen gespeichert, sie werden lediglich statistisch ausgewertet. Danach werden sie gel\u00f6scht.<\/span><\/p>\n<p style=\"text-align: justify\"><span style=\"font-family: helvetica, arial, sans-serif;font-size: 10pt\"><strong>V. Verwendung von Cookies<br \/>\n<\/strong>Beim Anmelden in WordPress werden Cookies eingerichtet, um die Anmeldeinformationen und Anzeigeoptionen zu speichern. Anmelde-Cookies verfallen nach zwei Tagen und Cookies f\u00fcr die Anzeigeoptionen nach einem Jahr. Falls Sie bei der Anmeldung \u201eAngemeldet bleiben\u201c ausgew\u00e4hlt haben, wird Ihre Anmeldung zwei Wochen lang aufrechterhalten. Mit der Abmeldung aus Ihrem Konto werden die Anmelde-Cookies gel\u00f6scht.<\/span><\/p>\n<p style=\"text-align: justify\"><span style=\"font-family: helvetica, arial, sans-serif;font-size: 10pt\"><strong>VI. Speicherung personenbezogener Daten bei Kontaktaufnahme<br \/>\n<\/strong>Sofern Sie per E-Mail den Kontakt mit uns aufnehmen, werden die von Ihnen \u00fcbermittelten personenbezogenen Daten automatisch gespeichert. Diese Daten werden f\u00fcr Zwecke der Bearbeitung Ihres Anliegens und der Kontaktaufnahme mit Ihnen gespeichert.<\/span><\/p>\n<p style=\"text-align: justify\"><span style=\"font-family: helvetica, arial, sans-serif;font-size: 10pt\">Wenn Sie Gebrauch von unserem Kontaktformular machen, werden die folgenden personenbezogenen Daten von Ihnen gespeichert: Ihr Name, Ihre Anschrift, Ihre E-Mail-Adresse.<\/span><\/p>\n<p style=\"text-align: justify\"><span style=\"font-family: helvetica, arial, sans-serif;font-size: 10pt\">Die L\u00f6schung der Daten erfolgt, sobald deren Speicherung f\u00fcr die Bearbeitung Ihres Anliegens nicht mehr erforderlich ist.<\/span><\/p>\n<p style=\"text-align: justify\"><span style=\"font-family: helvetica, arial, sans-serif;font-size: 10pt\"><strong>VII. Kontaktformulare<br \/>\n<\/strong>Wenn Sie einen Kommentar auf unserer Website schreiben, kann das eine Einwilligung sein, Ihren Namen, E-Mailadresse und Website in Cookies zu speichern. Dies ist eine Komfortfunktion, damit Sie nicht, wenn Sie einen weiteren Kommentar schreiben, all diese Daten erneut eingeben m\u00fcssen. Diese Cookies werden ein Jahr lang gespeichert.<\/span><\/p>\n<p style=\"text-align: justify\"><span style=\"font-family: helvetica, arial, sans-serif;font-size: 10pt\"><strong>VIII. Medien<br \/>\n<\/strong>Wenn Sie ein registrierter Benutzer sind und Fotos auf diese Website laden, sollten Sie vermeiden Fotos mit einer EXIF-GPS-Standort hochzuladen. Besucher dieser Website k\u00f6nnten Fotos, die auf dieser Website gespeichert sind, herunterladen und deren Standort-Informationen extrahieren.<\/span><\/p>\n<p style=\"text-align: justify\"><span style=\"font-family: helvetica, arial, sans-serif;font-size: 10pt\"><strong>IX. Eingebettete Inhalte von anderen Websites<br \/>\n<\/strong>Beitr\u00e4ge auf dieser Website k\u00f6nnen eingebettete Inhalte beinhalten (z. B. Videos, Bilder, Beitr\u00e4ge etc.). Eingebettete Inhalte von anderen Websites verhalten sich exakt so, als ob der Besucher die andere Website besucht h\u00e4tte.<\/span><br \/>\n<span style=\"font-family: helvetica, arial, sans-serif;font-size: 10pt\">Diese Websites k\u00f6nnen Daten \u00fcber Sie sammeln, Cookies benutzen, zus\u00e4tzliche Tracking-Dienste von Dritten einbetten und Ihre Interaktion mit diesem eingebetteten Inhalt aufzeichnen, inklusive Ihrer Interaktion mit dem eingebetteten Inhalt, falls Sie ein Konto haben und auf dieser Website angemeldet sind.\u201c<\/span><\/p>\n<p style=\"text-align: justify\"><span style=\"font-family: helvetica, arial, sans-serif;font-size: 10pt\"><strong>X. Betroffenenrechte<br \/>\n<\/strong>Sie k\u00f6nnen folgende Rechte geltend machen:<\/span><\/p>\n<p style=\"text-align: justify\"><span style=\"font-family: helvetica, arial, sans-serif;font-size: 10pt\"><em>\u2022 Auskunft\/ Akteneinsicht<\/em><\/span><br \/>\n<span style=\"font-family: helvetica, arial, sans-serif;font-size: 10pt\">Gem. Art. 15 DSGVO haben Sie das Recht, Auskunft bzw. Akteneinsicht \u00fcber die von uns verarbeiteten personenbezogenen Daten zu erhalten.<\/span><\/p>\n<p style=\"text-align: justify\"><span style=\"font-family: helvetica, arial, sans-serif;font-size: 10pt\"><em>\u2022 Berichtigung<\/em><\/span><br \/>\n<span style=\"font-family: helvetica, arial, sans-serif;font-size: 10pt\">Sind bei uns gespeicherte personenbezogene Daten unrichtig oder unvollst\u00e4ndig, haben Sie gem. Art. 16 DSGVO das Recht, diese berichtigen bzw. vervollst\u00e4ndigen zu lassen.<\/span><\/p>\n<p style=\"text-align: justify\"><span style=\"font-family: helvetica, arial, sans-serif;font-size: 10pt\"><em>\u2022 L\u00f6schung<\/em><\/span><br \/>\n<span style=\"font-family: helvetica, arial, sans-serif;font-size: 10pt\">Art. 17 DSGVO normiert das Recht auf L\u00f6schung personenbezogener Daten. Dieses Recht steht Ihnen insbesondere dann zu, wenn die Speicherung der personenbezogenen Daten zur Erf\u00fcllung unserer gesetzlichen Aufgaben nicht mehr erforderlich ist oder Sie Ihre Einwilligung zur Datenverarbeitung mit Wirkung f\u00fcr die Zukunft widerrufen haben.<\/span><\/p>\n<p style=\"text-align: justify\"><span style=\"font-family: helvetica, arial, sans-serif;font-size: 10pt\"><em>\u2022 Einschr\u00e4nkung der Verarbeitung<\/em><\/span><br \/>\n<span style=\"font-family: helvetica, arial, sans-serif;font-size: 10pt\">Gem. Art. 18 DSGVO k\u00f6nnen Sie die Einschr\u00e4nkung der personenbezogenen Daten verlangen, wenn<\/span><br \/>\n<span style=\"font-family: helvetica, arial, sans-serif;font-size: 10pt\">\u2013 die Richtigkeit der Daten von Ihnen bestritten wird<\/span><br \/>\n<span style=\"font-family: helvetica, arial, sans-serif;font-size: 10pt\">\u2013 die Verarbeitung unrechtm\u00e4\u00dfig ist, Sie aber deren L\u00f6schung ablehnen<\/span><br \/>\n<span style=\"font-family: helvetica, arial, sans-serif;font-size: 10pt\">\u2013 wir die Daten nicht mehr ben\u00f6tigen, Sie jedoch diese zur Geltendmachung, Aus\u00fcbung oder Verteidigung von Rechtsanspr\u00fcchen ben\u00f6tigen<\/span><br \/>\n<span style=\"font-family: helvetica, arial, sans-serif;font-size: 10pt\">\u2013 oder Sie gem\u00e4\u00df Art. 21 DSGVO Widerspruch gegen die Verarbeitung eingelegt haben<\/span><\/p>\n<p style=\"text-align: justify\"><span style=\"font-family: helvetica, arial, sans-serif;font-size: 10pt\"><em>\u2022 Widerspruch<\/em><\/span><br \/>\n<span style=\"font-family: helvetica, arial, sans-serif;font-size: 10pt\">Sie k\u00f6nnen bei Gr\u00fcnden, die sich aus Ihrer besonderen Situation ergeben, ein Widerspruchsrecht geltend machen. Gem. Art. 21 DSGVO ist jedoch zu ber\u00fccksichtigten, ob schutzw\u00fcrdige Gr\u00fcnde f\u00fcr die Verarbeitung vorliegen oder die Verarbeitung der Geltendmachung, Aus\u00fcbung oder Verteidigung von Rechtsanspr\u00fcchen dient.<\/span><\/p>\n<p style=\"text-align: justify\"><span style=\"font-family: helvetica, arial, sans-serif;font-size: 10pt\"><em>\u2022 Daten\u00fcbertragbarkeit<\/em><\/span><br \/>\n<span style=\"font-family: helvetica, arial, sans-serif;font-size: 10pt\">Ist die Verarbeitung Ihrer Daten mit Hilfe eines automatisierten Verfahrens erfolgt, haben Sie gem. Art. 20 DSGVO das Recht, die Daten in einem g\u00e4ngigen und maschinenlesbaren Format zu erhalten und an eine andere Schule zu \u00fcbermitteln bzw. durch uns \u00fcbermitteln zu lassen.<\/span><\/p>\n<p style=\"text-align: justify\"><span style=\"font-family: helvetica, arial, sans-serif;font-size: 10pt\"><em>\u2022 Widerruf der Einwilligung<\/em><\/span><br \/>\n<span style=\"font-family: helvetica, arial, sans-serif;font-size: 10pt\">Sie haben gem. Art. 7 Absatz 3 DSGVO das Recht, uns erteilte Einwilligungen jederzeit mit Wirkung f\u00fcr die Zukunft zu widerrufen.<\/span><\/p>\n<p style=\"text-align: justify\"><span style=\"font-family: helvetica, arial, sans-serif;font-size: 10pt\"><em>\u2022 Beschwerde<\/em><\/span><br \/>\n<span style=\"font-family: helvetica, arial, sans-serif;font-size: 10pt\">Art. 77 DSGVO normiert ein Beschwerderecht bei der Aufsichtsbeh\u00f6rde. Die f\u00fcr uns zust\u00e4ndige Aufsichtsbeh\u00f6rde ist die Landesbeauftragte f\u00fcr den Datenschutz Niedersachsen, Prinzenstra\u00dfe 5, 30159 Hannover. E-Mail: p&#111;&#115;&#x74;&#x73;t&#101;&#108;&#x6c;&#x65;&#x40;l&#102;&#100;&#x2e;&#x6e;ie&#100;&#x65;&#x72;&#x73;a&#99;&#104;&#x73;&#x65;n&#46;&#100;&#x65;<\/span><\/p>\n<p style=\"text-align: justify\">\n<p style=\"text-align: justify\">\n<p style=\"text-align: justify\"><span style=\"font-family: helvetica, arial, sans-serif;font-size: 10pt\"><strong>Haftungsausschluss<br \/>\n<\/strong>Diese Webseite beinhaltet externe Links. Deren Inhalte entziehen sich unserer Einflussnahme, sodass eine Gew\u00e4hr f\u00fcr solche Inhalte von uns nicht \u00fcbernommen werden kann.<br \/>\nDie Verantwortung liegt stets beim jeweiligen Betreiber der externen Seiten. Zum Zeitpunkt der Verkn\u00fcpfung der externen Links waren keine Rechtsverst\u00f6\u00dfe ersichtlich. Die permanente \u00dcberwachung fremder Inhalte auf Rechtsverst\u00f6\u00dfe ohne konkrete Hinweise ist uns nicht zumutbar.<br \/>\nSollten wir Kenntnis von Rechtsverletzungen erlangen, werden wir die entsprechenden externen Links unverz\u00fcglich entfernen.<br \/>\nDie Weiterverarbeitung der Inhalte und Abbildungen in jeglicher Form &#8211; auch auszugsweise &#8211; bed\u00fcrfen der ausdr\u00fccklichen und schriftlichen Genehmigung durch die GS Rautheim.<\/span><\/p>\n","protected":false},"excerpt":{"rendered":"<p>Angaben gem\u00e4\u00df \u00a7 5 TMG: Land Niedersachsen (Diensteanbieter im Sinne des Telemediengesetzes) Das Land Niedersachsen ist eine juristische Person des \u00f6ffentlichen Rechts vertreten durch: Schulleiterin Nina Kurek Grundschule Rautheim Schulstra\u00dfe 7 38126 Braunschweig Tel.: 0531\/693091 Fax: 0531\/ 26 22 788 E-Mail:post(at)gs-rautheim.de Schulische(r) Datenschutzbeauftragte(r): datenschutz(at)gs-rautheim.de Datenschutzerkl\u00e4rung der Grundschule Rautheim Schulstra\u00dfe 7 38126 Braunschweig Tel.: 0531\/693091 Fax: &hellip; <a href=\"https:\/\/wordpress.nibis.de\/gsrautheim\/impressum\/\" class=\"more-link\"><span class=\"screen-reader-text\">Impressum und Datenschutzerkl\u00e4rung<\/span> weiterlesen <span class=\"meta-nav\">&rarr;<\/span><\/a><\/p>\n","protected":false},"author":635,"featured_media":0,"parent":0,"menu_order":0,"comment_status":"closed","ping_status":"closed","template":"","meta":{"footnotes":""},"class_list":["post-139","page","type-page","status-publish","hentry"],"_links":{"self":[{"href":"https:\/\/wordpress.nibis.de\/gsrautheim\/wp-json\/wp\/v2\/pages\/139","targetHints":{"allow":["GET"]}}],"collection":[{"href":"https:\/\/wordpress.nibis.de\/gsrautheim\/wp-json\/wp\/v2\/pages"}],"about":[{"href":"https:\/\/wordpress.nibis.de\/gsrautheim\/wp-json\/wp\/v2\/types\/page"}],"author":[{"embeddable":true,"href":"https:\/\/wordpress.nibis.de\/gsrautheim\/wp-json\/wp\/v2\/users\/635"}],"replies":[{"embeddable":true,"href":"https:\/\/wordpress.nibis.de\/gsrautheim\/wp-json\/wp\/v2\/comments?post=139"}],"version-history":[{"count":15,"href":"https:\/\/wordpress.nibis.de\/gsrautheim\/wp-json\/wp\/v2\/pages\/139\/revisions"}],"predecessor-version":[{"id":5299,"href":"https:\/\/wordpress.nibis.de\/gsrautheim\/wp-json\/wp\/v2\/pages\/139\/revisions\/5299"}],"wp:attachment":[{"href":"https:\/\/wordpress.nibis.de\/gsrautheim\/wp-json\/wp\/v2\/media?parent=139"}],"curies":[{"name":"wp","href":"https:\/\/api.w.org\/{rel}","templated":true}]}}