{"id":143,"date":"2014-11-20T16:42:57","date_gmt":"2014-11-20T15:42:57","guid":{"rendered":"http:\/\/wordpress.nibis.de\/gsrautheim\/?page_id=143"},"modified":"2025-02-10T20:26:03","modified_gmt":"2025-02-10T19:26:03","slug":"schulfoerderverein","status":"publish","type":"page","link":"https:\/\/wordpress.nibis.de\/gsrautheim\/schulfoerderverein\/","title":{"rendered":"Schulf\u00f6rderverein"},"content":{"rendered":"<h1><span style=\"font-family: tahoma, arial, helvetica, sans-serif;font-size: 14pt\">Wer wir sind und was wir machen<\/span><\/h1>\n<p><span style=\"font-family: tahoma, arial, helvetica, sans-serif;font-size: 10pt\">Der Schulf\u00f6rderverein ist ein <strong>Verein zur F\u00f6rderung von Bildung und Erziehung<\/strong> unserer Schulkinder und wurde im Dezember 2001 gegr\u00fcndet.<\/span><\/p>\n<p><span style=\"font-family: tahoma, arial, helvetica, sans-serif;font-size: 10pt\">Der F\u00f6rderverein unterst\u00fctzt die Schule bei Anschaffungen, Projekten und Veranstaltungen. Unser Ziel ist es, den Kindern zus\u00e4tzliche M\u00f6glichkeiten f\u00fcr das Lernen und die Pausengestaltung in Form von Materialien und Spielger\u00e4ten zu bieten. Wir geben Zuwendungen an die Schule, die der Leistungsf\u00f6rderung, der Gemeinschaftsf\u00f6rderung oder sozialen Zwecken dient. Die Anschaffungen kommen allen Kindern zugute. Eine F\u00f6rderung einzelner Sch\u00fcler ist gem\u00e4\u00df der Satzung ausgeschlossen.<\/span><\/p>\n<p style=\"text-align: justify\"><span style=\"font-family: tahoma, arial, helvetica, sans-serif;font-size: 10pt\">Der Schulf\u00f6rderverein <strong>finanziert die Bildung und Erziehung der Kinder<\/strong> durch einmal pro Schuljahr per Lastschriftverfahren eingezogene Mitgliedsbeitr\u00e4ge sowie durch Spenden, die beispielsweise bei Kaffee- und Kuchenbasaren gesammelt werden. Herzlichen Dank f\u00fcr Ihre Spenden! Der Mindestmitgliedbeitrag betr\u00e4gt 12\u20ac pro Schuljahr, wobei im Schuljahr 2024\/25<br \/>\n<\/span><span style=\"font-family: tahoma, arial, helvetica, sans-serif;font-size: 10pt\"><strong>51 Familien Mitglied im SfV bei insgesamt 202 Sch\u00fclern<br \/>\n<\/strong>an der GS Rautheim sind.<\/span><\/p>\n<p><span style=\"font-family: tahoma, arial, helvetica, sans-serif;font-size: 10pt\">Der Vorstand des Schulf\u00f6rdervereins GS Rautheim ist derzeit durch die folgenden Personen besetzt:<\/span><\/p>\n<ul>\n<li><span style=\"font-family: tahoma, arial, helvetica, sans-serif;font-size: 10pt\"><strong>1. Vorsitzender:<\/strong> Mathias Tilp<\/span><\/li>\n<li><span style=\"font-family: tahoma, arial, helvetica, sans-serif;font-size: 10pt\"><strong>2. Vorsitzender:<\/strong> Thomas Mei\u00dfner<\/span><\/li>\n<li><span style=\"font-family: tahoma, arial, helvetica, sans-serif;font-size: 10pt\"><strong>Kassenwart:<\/strong> Martin Arndt<\/span><\/li>\n<\/ul>\n<p><span style=\"font-family: tahoma, arial, helvetica, sans-serif;font-size: 10pt\">Der Schulf\u00f6rderverein finanziert sich durch Mitgliedsbeitr\u00e4ge und Spenden. Herzlichen Dank f\u00fcr Spenden von Privatpersonen oder f\u00fcr gespendete Erl\u00f6se von Kuchenverk\u00e4ufen an schulischen Veranstaltungen. Die Arbeit des F\u00f6rdervereins und auch die Verwendung der Gelder m\u00f6chten wir f\u00fcr alle transparent gestalten und stellen Ihnen hierzu Informationen und Aktivit\u00e4ten \u00fcber den Verein zur Verf\u00fcgung.<\/span><\/p>\n<h1><span style=\"font-family: tahoma, arial, helvetica, sans-serif;font-size: 10pt\">Aktivit\u00e4ten &amp; F\u00f6rderungen<\/span><\/h1>\n<p><span style=\"font-family: tahoma, arial, helvetica, sans-serif;font-size: 10pt\">Der Schulf\u00f6rderverein ist bestrebt, Anschaffungen und F\u00f6rderungen jeweils in der H\u00f6he der j\u00e4hrlichen Einnahmen durch Mitgliedsbeitr\u00e4ge und Spenden zu t\u00e4tigen. Die folgende Tabelle listet durch den Schulf\u00f6rderverein finanzierte Anschaffungen oder Beteiligungen. Vorschl\u00e4ge f\u00fcr Anschaffungen k\u00f6nnen Sch\u00fcler, Lehrer oder Eltern dem F\u00f6rderverein mitteilen.<\/span><\/p>\n<p><span style=\"font-family: tahoma, arial, helvetica, sans-serif;font-size: 10pt\">Anschaffungen und Zuwendungen <\/span><strong><span style=\"font-family: tahoma, arial, helvetica, sans-serif;font-size: 10pt\">2020\/2021\/2022:<\/span><\/strong><\/p>\n<ul>\n<li><span style=\"font-family: tahoma, arial, helvetica, sans-serif;font-size: 10pt\">Zehn Luftqualit\u00e4tsmonitore<\/span><\/li>\n<li><span style=\"font-family: tahoma, arial, helvetica, sans-serif;font-size: 10pt\">Jako-O B\u00e4lle<\/span><\/li>\n<li><span style=\"font-family: tahoma, arial, helvetica, sans-serif;font-size: 10pt\">Bastelmaterial<br \/>\n<\/span><\/li>\n<li><span style=\"font-family: tahoma, arial, helvetica, sans-serif;font-size: 10pt\">Klavierstimmung<\/span><\/li>\n<li><span style=\"font-family: tahoma, arial, helvetica, sans-serif;font-size: 10pt\">div. Sportger\u00e4te<br \/>\n<\/span><\/li>\n<li><span style=\"font-family: tahoma, arial, helvetica, sans-serif;font-size: 10pt\">Gartenger\u00e4te<br \/>\n<\/span><\/li>\n<li><span style=\"font-family: tahoma, arial, helvetica, sans-serif;font-size: 10pt\">jedes Jahr einen Weihnachtsbaum<\/span><\/li>\n<\/ul>\n<p><strong><span style=\"font-family: tahoma, arial, helvetica, sans-serif;font-size: 10pt\">Schuljahr 2022\/23:<\/span><\/strong><span style=\"font-family: tahoma, arial, helvetica, sans-serif;font-size: 10pt\"><br \/>\n<\/span><\/p>\n<ul>\n<li><span style=\"font-family: tahoma, arial, helvetica, sans-serif;font-size: 10pt\">Erkl\u00e4rb\u00e4nde DK Wissen: Ozeane und Weltall<br \/>\n<\/span><\/li>\n<li><span style=\"font-family: tahoma, arial, helvetica, sans-serif;font-size: 10pt\">Bastelmaterialien<br \/>\n<\/span><\/li>\n<li><span style=\"font-family: tahoma, arial, helvetica, sans-serif;font-size: 10pt\">Weihnachtsbaum<br \/>\n<\/span><\/li>\n<li><span style=\"font-family: tahoma, arial, helvetica, sans-serif;font-size: 10pt\">\u00a0&#8222;Theaterflat&#8220; f\u00fcr <a href=\"https:\/\/www.staatstheater-braunschweig.de\/\">Vorstellungen im Staatstheater<\/a>\u00a0Braunschweig<\/span><\/li>\n<li><span style=\"font-family: tahoma, arial, helvetica, sans-serif;font-size: 10pt\">Klassensatz mit Ziegenfell bespannter Djembes, 44cm hoch<\/span><\/li>\n<li><span style=\"font-size: 10pt\">Unterst\u00fctzung der Hip Hop-Projektwoche<\/span><\/li>\n<li><span style=\"font-size: 10pt\">Stickrahmen mit Zubeh\u00f6r<\/span><\/li>\n<\/ul>\n<p><span style=\"font-family: tahoma, arial, helvetica, sans-serif;font-size: 10pt\"><strong>Schuljahr 2023\/24:<\/strong><\/span><\/p>\n<ul>\n<li><span style=\"font-family: tahoma, arial, helvetica, sans-serif;font-size: 10pt\">Soft- und Basketb\u00e4lle, Pferdegeschirre, Springseile und Hokzpferdchen f\u00fcr das Ausleihh\u00e4uschen<\/span><\/li>\n<li><span style=\"font-family: tahoma, arial, helvetica, sans-serif;font-size: 10pt\">Ersatz und Neubeschaffung DK-Wissen: Natur&amp;Technik, Ozeane, Tiere, Mensch, Weltall<\/span><\/li>\n<li><span style=\"font-family: tahoma, arial, helvetica, sans-serif;font-size: 10pt\">Handb\u00e4lle<\/span><\/li>\n<li><span style=\"font-family: tahoma, arial, helvetica, sans-serif;font-size: 10pt\">Bastelmaterialien, Schulplaner (anteilig), Weihnachtsbaum<\/span><\/li>\n<\/ul>\n<p><span style=\"font-family: tahoma, arial, helvetica, sans-serif;font-size: 10pt\"><strong>Schuljahr 2024\/25<\/strong><strong>:<\/strong><\/span><\/p>\n<ul>\n<li><span style=\"font-family: tahoma, arial, helvetica, sans-serif;font-size: 10pt\">\u00dcbernahme der Waldwoche der dritten und vierten Klassen<\/span><\/li>\n<li><span style=\"font-family: tahoma, arial, helvetica, sans-serif;font-size: 10pt\">Motion Boom tragbarer, wetterfester Bluetooth-Lautsprecher<\/span><\/li>\n<li><span style=\"font-family: tahoma, arial, helvetica, sans-serif;font-size: 10pt\">zwei Funkmikrofone f\u00fcr die Aul<\/span><\/li>\n<li><span style=\"font-family: tahoma, arial, helvetica, sans-serif;font-size: 10pt\">ein Mikrofonstativ<\/span><\/li>\n<li><span style=\"font-family: tahoma, arial, helvetica, sans-serif;font-size: 10pt\">f\u00fcr ruhiges Arbeiten: je zwanzig Kindergeh\u00f6rschutze und Schreibtischtrennw\u00e4nde<\/span><\/li>\n<li><span style=\"font-family: tahoma, arial, helvetica, sans-serif;font-size: 10pt\">Set aus leichten Kunststoff-Hockerschl\u00e4gern f\u00fcr den Ganztag<\/span><\/li>\n<li style=\"list-style-type: none\"><\/li>\n<\/ul>\n<h6><span style=\"font-family: tahoma, arial, helvetica, sans-serif;font-size: 10pt\"><strong>Kontakt &amp; Infos:<\/strong><br \/>\n<\/span><\/h6>\n<p>Der Vorstand des Schulf\u00f6rdervereins GS Rautheim ist derzeit durch die folgenden Personen besetzt:<\/p>\n<ul>\n<li><strong>1. Vorsitzender:<\/strong> Mathias Tilp (<a class=\"moz-txt-link-abbreviated moz-txt-link-freetext\" href=\"&#x6d;&#x61;&#105;&#108;to&#x3a;&#x6d;&#x61;&#116;hi&#x61;&#x73;&#x2e;&#116;&#105;l&#x70;&#x40;&#x67;&#115;&#45;r&#x61;&#x75;&#x74;&#104;&#101;im&#x2e;&#x64;&#x65;\">&#x6d;&#x61;&#116;&#104;i&#x61;&#x73;&#x2e;&#116;il&#x70;&#x40;&#103;&#115;-&#x72;&#x61;&#x75;&#116;he&#x69;&#x6d;&#46;&#100;e<\/a>)<\/li>\n<li><strong>2. Vorsitzender:<\/strong> Thomas Mei\u00dfner (&#116;&#x68;&#111;&#x6d;a&#115;&#x2e;&#109;&#x65;i\u00df&#110;&#x65;&#114;&#x40;g&#x73;&#x2d;&#114;&#x61;u&#x74;h&#101;&#x69;&#109;&#x2e;d&#x65;)<\/li>\n<li><strong>Kassenwart:<\/strong> Martin Arndt (<a class=\"moz-txt-link-abbreviated moz-txt-link-freetext\" href=\"&#x6d;&#x61;&#x69;&#x6c;&#x74;&#x6f;&#58;&#109;&#97;&#114;tin&#46;&#x61;&#x72;&#x6e;&#x64;&#x74;&#x40;&#103;&#115;&#45;&#114;&#97;uth&#x65;&#x69;&#x6d;&#x2e;&#x64;&#x65;\">ma&#114;&#116;&#105;&#110;&#x2e;&#x61;&#x72;&#x6e;&#x64;t&#64;&#103;&#115;&#45;&#114;&#x61;&#x75;&#x74;&#x68;&#x65;im&#46;&#100;&#101;<\/a>)&#8220;<\/li>\n<\/ul>\n<p>&nbsp;<\/p>\n","protected":false},"excerpt":{"rendered":"<p>Wer wir sind und was wir machen Der Schulf\u00f6rderverein ist ein Verein zur F\u00f6rderung von Bildung und Erziehung unserer Schulkinder und wurde im Dezember 2001 gegr\u00fcndet. Der F\u00f6rderverein unterst\u00fctzt die Schule bei Anschaffungen, Projekten und Veranstaltungen. Unser Ziel ist es, den Kindern zus\u00e4tzliche M\u00f6glichkeiten f\u00fcr das Lernen und die Pausengestaltung in Form von Materialien und &hellip; <a href=\"https:\/\/wordpress.nibis.de\/gsrautheim\/schulfoerderverein\/\" class=\"more-link\"><span class=\"screen-reader-text\">Schulf\u00f6rderverein<\/span> weiterlesen <span class=\"meta-nav\">&rarr;<\/span><\/a><\/p>\n","protected":false},"author":635,"featured_media":0,"parent":0,"menu_order":0,"comment_status":"closed","ping_status":"closed","template":"","meta":{"footnotes":""},"class_list":["post-143","page","type-page","status-publish","hentry"],"_links":{"self":[{"href":"https:\/\/wordpress.nibis.de\/gsrautheim\/wp-json\/wp\/v2\/pages\/143","targetHints":{"allow":["GET"]}}],"collection":[{"href":"https:\/\/wordpress.nibis.de\/gsrautheim\/wp-json\/wp\/v2\/pages"}],"about":[{"href":"https:\/\/wordpress.nibis.de\/gsrautheim\/wp-json\/wp\/v2\/types\/page"}],"author":[{"embeddable":true,"href":"https:\/\/wordpress.nibis.de\/gsrautheim\/wp-json\/wp\/v2\/users\/635"}],"replies":[{"embeddable":true,"href":"https:\/\/wordpress.nibis.de\/gsrautheim\/wp-json\/wp\/v2\/comments?post=143"}],"version-history":[{"count":25,"href":"https:\/\/wordpress.nibis.de\/gsrautheim\/wp-json\/wp\/v2\/pages\/143\/revisions"}],"predecessor-version":[{"id":6049,"href":"https:\/\/wordpress.nibis.de\/gsrautheim\/wp-json\/wp\/v2\/pages\/143\/revisions\/6049"}],"wp:attachment":[{"href":"https:\/\/wordpress.nibis.de\/gsrautheim\/wp-json\/wp\/v2\/media?parent=143"}],"curies":[{"name":"wp","href":"https:\/\/api.w.org\/{rel}","templated":true}]}}