{"id":251,"date":"2014-11-21T23:21:41","date_gmt":"2014-11-21T22:21:41","guid":{"rendered":"http:\/\/wordpress.nibis.de\/gsrautheim\/?page_id=251"},"modified":"2025-05-29T21:46:37","modified_gmt":"2025-05-29T20:46:37","slug":"schulordnung","status":"publish","type":"page","link":"https:\/\/wordpress.nibis.de\/gsrautheim\/schulordnung\/","title":{"rendered":"Schulordnung"},"content":{"rendered":"<p><span style=\"font-family: tahoma, arial, helvetica, sans-serif;font-size: 10pt\"><strong>Schulordnung der Grundschule Rautheim\u00a0 \u00a0 \u00a0 \u00a0 \u00a0 \u00a0 \u00a0 \u00a0 \u00a0 \u00a0 \u00a0 \u00a0 \u00a0 \u00a0 \u00a0 \u00a0 \u00a0Stand:<\/strong><strong>\u00a0<\/strong>Mai 2022<\/span><\/p>\n<p><span style=\"font-family: tahoma, arial, helvetica, sans-serif;font-size: 10pt\">Wir m\u00f6chten, dass wir alle in unserer Schule friedlich zusammen leben.\u00a0<\/span><span style=\"font-family: tahoma, arial, helvetica, sans-serif;font-size: 10pt\">Diese Beachtung dieser Regeln kann dabei helfen.<\/span><\/p>\n<p><span style=\"font-family: tahoma, arial, helvetica, sans-serif;font-size: 10pt\"><strong><u>Umgang miteinander<\/u><\/strong><\/span><\/p>\n<ol>\n<li><span style=\"font-family: tahoma, arial, helvetica, sans-serif;font-size: 10pt\">Ich spreche in <strong>freundlichem Ton,<\/strong> bin <strong>mitf\u00fchlend<\/strong> und <strong>hilfsbereit<\/strong>.<\/span><\/li>\n<li><span style=\"font-family: tahoma, arial, helvetica, sans-serif;font-size: 10pt\">Wenn ich mich \u00fcber jemanden \u00e4rgere und w\u00fctend bin, <strong>spreche ich in ruhigem Ton <\/strong><\/span><span style=\"font-family: tahoma, arial, helvetica, sans-serif;font-size: 10pt\">mit der Person. Ich hole mir Hilfe (Streitschlichter, Lehrerin), wenn wir den Streit <\/span>nicht allein l\u00f6sen k\u00f6nnen.<\/li>\n<li><span style=\"font-family: tahoma, arial, helvetica, sans-serif;font-size: 10pt\">Wenn mich jemand angreift (mit Worten oder k\u00f6rperlich) <strong>gehe ich weg<\/strong> und <\/span>versuche sp\u00e4ter mit dem Kind zu sprechen (Klassenrat, Lehrerin). Nur, wenn ich mich <strong>ernsthaft bedroht<\/strong> f\u00fchle, hole ich mir sofort Hilfe von einer <span style=\"font-family: tahoma, arial, helvetica, sans-serif;font-size: 10pt\">Lehrerin.<\/span><\/li>\n<\/ol>\n<p><span style=\"font-family: tahoma, arial, helvetica, sans-serif;font-size: 10pt\"><strong><u>Schulgeb\u00e4ude<\/u><\/strong><\/span><\/p>\n<ol start=\"6\">\n<li><span style=\"font-family: tahoma, arial, helvetica, sans-serif;font-size: 10pt\">Im gesamten Schulgeb\u00e4ude (Flure, Aula, Toiletten, Umkleideraum) <\/span><strong style=\"font-family: tahoma, arial, helvetica, sans-serif;font-size: 10pt\">gehe<\/strong><span style=\"font-family: tahoma, arial, helvetica, sans-serif;font-size: 10pt\"> ich <\/span><strong style=\"font-family: tahoma, arial, helvetica, sans-serif;font-size: 10pt\">langsam<\/strong><span style=\"font-family: tahoma, arial, helvetica, sans-serif;font-size: 10pt\"> und spreche <\/span><strong style=\"font-family: tahoma, arial, helvetica, sans-serif;font-size: 10pt\">leise<\/strong><span style=\"font-family: tahoma, arial, helvetica, sans-serif;font-size: 10pt\">.\u00a0<\/span><\/li>\n<li><span style=\"font-family: tahoma, arial, helvetica, sans-serif;font-size: 10pt\">Ich helfe mit, dass alle R\u00e4ume in unserer Schule <strong>sauber<\/strong> und <strong>ordentlich<\/strong> aussehen.<\/span><\/li>\n<li><span style=\"font-family: tahoma, arial, helvetica, sans-serif;font-size: 10pt\">Auch den Toilettenraum verlasse ich sauber. <\/span>\u00a0 \u00a0Ich gehe nach dem H\u00e4ndewaschen <strong style=\"font-family: tahoma, arial, helvetica, sans-serif;font-size: 10pt\">schnell<\/strong><span style=\"font-family: tahoma, arial, helvetica, sans-serif;font-size: 10pt\"> wieder raus. Auf meine Freunde\/<\/span>\u00a0 \u00a0 Freundinnen <strong style=\"font-family: tahoma, arial, helvetica, sans-serif;font-size: 10pt\">warte<\/strong><span style=\"font-family: tahoma, arial, helvetica, sans-serif;font-size: 10pt\"> ich <\/span><strong style=\"font-family: tahoma, arial, helvetica, sans-serif;font-size: 10pt\">drau\u00dfen<\/strong><span style=\"font-family: tahoma, arial, helvetica, sans-serif;font-size: 10pt\">.<\/span><\/li>\n<\/ol>\n<p><span style=\"font-family: tahoma, arial, helvetica, sans-serif;font-size: 10pt\"><strong><u>Eigentum<\/u><\/strong><\/span><\/p>\n<ol start=\"7\">\n<li><span style=\"font-family: tahoma, arial, helvetica, sans-serif;font-size: 10pt\">Ich behandle das Schuleigentum, mein Eigentum und das der Mitsch\u00fcler*innen <\/span>sorgsam, so dass es sauber und heil bleibt.<\/li>\n<\/ol>\n<ol start=\"8\">\n<li><span style=\"font-family: tahoma, arial, helvetica, sans-serif;font-size: 10pt\"><strong>Handys und Smartwatches sind in der Schule unerw\u00fcnscht. <\/strong><\/span>Handys m\u00fcssen <strong style=\"font-family: tahoma, arial, helvetica, sans-serif;font-size: 10pt\">ausgeschaltet<\/strong><span style=\"font-family: tahoma, arial, helvetica, sans-serif;font-size: 10pt\"> in der Schultasche bleiben, Smartwatches auf <\/span><strong style=\"font-family: tahoma, arial, helvetica, sans-serif;font-size: 10pt\">Schulmodus<\/strong><span style=\"font-family: tahoma, arial, helvetica, sans-serif;font-size: 10pt\"> eingestellt sein.<\/span><\/li>\n<\/ol>\n<p><span style=\"font-family: tahoma, arial, helvetica, sans-serif;font-size: 10pt\"><strong><u>Hofpausen<\/u><\/strong><\/span><\/p>\n<ol start=\"9\">\n<li><span style=\"font-family: tahoma, arial, helvetica, sans-serif;font-size: 10pt\">Beim Spielen auf dem Schulhof nehme ich <strong>R\u00fccksicht<\/strong> auf die Spiele der anderen <\/span>Kinder.<\/li>\n<\/ol>\n<ol start=\"10\">\n<li><span style=\"font-family: tahoma, arial, helvetica, sans-serif;font-size: 10pt\">Wenn es matschig ist, spiele ich nur auf den gepflasterten Fl\u00e4chen.<\/span> Fu\u00dfball wird nur mit Softb\u00e4llen gespielt. Bei Pf\u00fctzen auf dem Schulhof gilt Fu\u00dfballverbot.<\/li>\n<\/ol>\n<ol start=\"11\">\n<li><span style=\"font-family: tahoma, arial, helvetica, sans-serif;font-size: 10pt\">Ich klettere nur auf den Kletterger\u00fcsten und <strong>sch\u00fctze <\/strong>die <strong>B\u00fcsche und B\u00e4ume<\/strong>.<\/span><\/li>\n<li>Ich <strong style=\"font-family: tahoma, arial, helvetica, sans-serif;font-size: 10pt;text-align: right\">lasse Gegenst\u00e4nde<\/strong><span style=\"font-family: tahoma, arial, helvetica, sans-serif;font-size: 10pt;text-align: right\"> (wie z.B. Steine, St\u00f6cke, Matschklumpen, \u2026) einfach auf dem Boden <\/span><strong style=\"font-family: tahoma, arial, helvetica, sans-serif;font-size: 10pt;text-align: right\">liegen<\/strong><span style=\"font-family: tahoma, arial, helvetica, sans-serif;font-size: 10pt;text-align: right\"> werfe nicht mit ihnen, auch nicht mit Schneeb\u00e4llen.<\/span><\/li>\n<\/ol>\n","protected":false},"excerpt":{"rendered":"<p>Schulordnung der Grundschule Rautheim\u00a0 \u00a0 \u00a0 \u00a0 \u00a0 \u00a0 \u00a0 \u00a0 \u00a0 \u00a0 \u00a0 \u00a0 \u00a0 \u00a0 \u00a0 \u00a0 \u00a0Stand:\u00a0Mai 2022 Wir m\u00f6chten, dass wir alle in unserer Schule friedlich zusammen leben.\u00a0Diese Beachtung dieser Regeln kann dabei helfen. Umgang miteinander Ich spreche in freundlichem Ton, bin mitf\u00fchlend und hilfsbereit. Wenn ich mich \u00fcber jemanden \u00e4rgere &hellip; <a href=\"https:\/\/wordpress.nibis.de\/gsrautheim\/schulordnung\/\" class=\"more-link\"><span class=\"screen-reader-text\">Schulordnung<\/span> weiterlesen <span class=\"meta-nav\">&rarr;<\/span><\/a><\/p>\n","protected":false},"author":635,"featured_media":0,"parent":0,"menu_order":0,"comment_status":"closed","ping_status":"closed","template":"","meta":{"footnotes":""},"class_list":["post-251","page","type-page","status-publish","hentry"],"_links":{"self":[{"href":"https:\/\/wordpress.nibis.de\/gsrautheim\/wp-json\/wp\/v2\/pages\/251","targetHints":{"allow":["GET"]}}],"collection":[{"href":"https:\/\/wordpress.nibis.de\/gsrautheim\/wp-json\/wp\/v2\/pages"}],"about":[{"href":"https:\/\/wordpress.nibis.de\/gsrautheim\/wp-json\/wp\/v2\/types\/page"}],"author":[{"embeddable":true,"href":"https:\/\/wordpress.nibis.de\/gsrautheim\/wp-json\/wp\/v2\/users\/635"}],"replies":[{"embeddable":true,"href":"https:\/\/wordpress.nibis.de\/gsrautheim\/wp-json\/wp\/v2\/comments?post=251"}],"version-history":[{"count":6,"href":"https:\/\/wordpress.nibis.de\/gsrautheim\/wp-json\/wp\/v2\/pages\/251\/revisions"}],"predecessor-version":[{"id":6168,"href":"https:\/\/wordpress.nibis.de\/gsrautheim\/wp-json\/wp\/v2\/pages\/251\/revisions\/6168"}],"wp:attachment":[{"href":"https:\/\/wordpress.nibis.de\/gsrautheim\/wp-json\/wp\/v2\/media?parent=251"}],"curies":[{"name":"wp","href":"https:\/\/api.w.org\/{rel}","templated":true}]}}