{"id":267,"date":"2014-11-22T17:48:49","date_gmt":"2014-11-22T16:48:49","guid":{"rendered":"http:\/\/wordpress.nibis.de\/gsrautheim\/?page_id=267"},"modified":"2023-02-22T21:55:35","modified_gmt":"2023-02-22T20:55:35","slug":"padagogische-mitarbeiter","status":"publish","type":"page","link":"https:\/\/wordpress.nibis.de\/gsrautheim\/padagogische-mitarbeiter\/","title":{"rendered":"P\u00e4dagogische Mitarbeiterinnen"},"content":{"rendered":"<p><span style=\"font-family: helvetica, arial, sans-serif;font-size: 12pt\">Die Betreuung der\u00a0 Erst-und Zweitkl\u00e4ssler in der 5. Stunde \u00fcbernehmen Frau<strong> Rebecca Siedentopf,<\/strong>\u00a0Frau <strong>Sandra Kammerhoff, Frau Brigitte Rosenbaum <\/strong>und Frau <strong>Regina<\/strong> <strong>Kellner. <\/strong><\/span><\/p>\n<p><span style=\"font-family: helvetica, arial, sans-serif;font-size: 12pt\">Alle vier Mitarbeiterinnen \u00fcbernehmen auch gemeinsam mit Frau <strong>Kathrin<\/strong> <strong>Werner<\/strong> die Vertretung im Unterricht, wenn z.B. eine Lehrerin krank ist oder an einer Fortbildung teilnimmt.<\/span><\/p>\n<p><span style=\"font-family: helvetica, arial, sans-serif\">Frau <strong>Siedentopf<\/strong>, Frau <strong>Kammerhoff<\/strong> und Frau <strong>Kielsmeier<\/strong> unterst\u00fctzen die ukrainischen Sch\u00fcler*innen im Unterricht.\u00a0 Frau <strong>Fl\u00e4gel<\/strong> \u00fcbernimmt F\u00f6rderung f\u00fcr Kinder aus allen Jahrg\u00e4ngen.<\/span><\/p>\n<p>&nbsp;<\/p>\n<p>&nbsp;<\/p>\n<p>&nbsp;<\/p>\n","protected":false},"excerpt":{"rendered":"<p>Die Betreuung der\u00a0 Erst-und Zweitkl\u00e4ssler in der 5. Stunde \u00fcbernehmen Frau Rebecca Siedentopf,\u00a0Frau Sandra Kammerhoff, Frau Brigitte Rosenbaum und Frau Regina Kellner. Alle vier Mitarbeiterinnen \u00fcbernehmen auch gemeinsam mit Frau Kathrin Werner die Vertretung im Unterricht, wenn z.B. eine Lehrerin krank ist oder an einer Fortbildung teilnimmt. Frau Siedentopf, Frau Kammerhoff und Frau Kielsmeier unterst\u00fctzen &hellip; <a href=\"https:\/\/wordpress.nibis.de\/gsrautheim\/padagogische-mitarbeiter\/\" class=\"more-link\"><span class=\"screen-reader-text\">P\u00e4dagogische Mitarbeiterinnen<\/span> weiterlesen <span class=\"meta-nav\">&rarr;<\/span><\/a><\/p>\n","protected":false},"author":635,"featured_media":0,"parent":0,"menu_order":0,"comment_status":"closed","ping_status":"closed","template":"","meta":{"footnotes":""},"class_list":["post-267","page","type-page","status-publish","hentry"],"_links":{"self":[{"href":"https:\/\/wordpress.nibis.de\/gsrautheim\/wp-json\/wp\/v2\/pages\/267","targetHints":{"allow":["GET"]}}],"collection":[{"href":"https:\/\/wordpress.nibis.de\/gsrautheim\/wp-json\/wp\/v2\/pages"}],"about":[{"href":"https:\/\/wordpress.nibis.de\/gsrautheim\/wp-json\/wp\/v2\/types\/page"}],"author":[{"embeddable":true,"href":"https:\/\/wordpress.nibis.de\/gsrautheim\/wp-json\/wp\/v2\/users\/635"}],"replies":[{"embeddable":true,"href":"https:\/\/wordpress.nibis.de\/gsrautheim\/wp-json\/wp\/v2\/comments?post=267"}],"version-history":[{"count":16,"href":"https:\/\/wordpress.nibis.de\/gsrautheim\/wp-json\/wp\/v2\/pages\/267\/revisions"}],"predecessor-version":[{"id":5302,"href":"https:\/\/wordpress.nibis.de\/gsrautheim\/wp-json\/wp\/v2\/pages\/267\/revisions\/5302"}],"wp:attachment":[{"href":"https:\/\/wordpress.nibis.de\/gsrautheim\/wp-json\/wp\/v2\/media?parent=267"}],"curies":[{"name":"wp","href":"https:\/\/api.w.org\/{rel}","templated":true}]}}