{"id":269,"date":"2014-11-22T17:49:15","date_gmt":"2014-11-22T16:49:15","guid":{"rendered":"http:\/\/wordpress.nibis.de\/gsrautheim\/?page_id=269"},"modified":"2021-09-09T14:16:41","modified_gmt":"2021-09-09T12:16:41","slug":"unser-hausmeister","status":"publish","type":"page","link":"https:\/\/wordpress.nibis.de\/gsrautheim\/unser-hausmeister\/","title":{"rendered":"Unser Hausmeister"},"content":{"rendered":"<p><span style=\"font-family: tahoma,arial,helvetica,sans-serif;font-size: 12pt\">Unser Hausmeister Herr Thilo J\u00e4ger ist montags bis freitags von 7.15 Uhr bis 15.30 Uhr &#8222;im Dienst&#8220;.<\/span><\/p>\n<p><a href=\"https:\/\/wordpress.nibis.de\/gsrautheim\/files\/2021\/09\/RB2_2433_Jaeger_2.jpg\"><img loading=\"lazy\" decoding=\"async\" class=\"alignleft size-medium wp-image-4846\" src=\"https:\/\/wordpress.nibis.de\/gsrautheim\/files\/2021\/09\/RB2_2433_Jaeger_2-214x300.jpg\" alt=\"\" width=\"214\" height=\"300\" srcset=\"https:\/\/wordpress.nibis.de\/gsrautheim\/files\/2021\/09\/RB2_2433_Jaeger_2-214x300.jpg 214w, https:\/\/wordpress.nibis.de\/gsrautheim\/files\/2021\/09\/RB2_2433_Jaeger_2-428x600.jpg 428w, https:\/\/wordpress.nibis.de\/gsrautheim\/files\/2021\/09\/RB2_2433_Jaeger_2-768x1076.jpg 768w, https:\/\/wordpress.nibis.de\/gsrautheim\/files\/2021\/09\/RB2_2433_Jaeger_2.jpg 984w\" sizes=\"auto, (max-width: 214px) 100vw, 214px\" \/><\/a><\/p>\n<p><span style=\"font-family: tahoma,arial,helvetica,sans-serif;font-size: 12pt\">Er k\u00fcmmert sich um das Schulgeb\u00e4ude und hilft Sch\u00fclerinnen, Sch\u00fclern und Lehrkr\u00e4ften in vielen Situationen, in den Pausen, bei kleinen Verletzungen und bei den Fundsachen.<\/span><\/p>\n<p><span style=\"font-size: 12pt\">\u00a0<\/span><\/p>\n","protected":false},"excerpt":{"rendered":"<p>Unser Hausmeister Herr Thilo J\u00e4ger ist montags bis freitags von 7.15 Uhr bis 15.30 Uhr &#8222;im Dienst&#8220;. Er k\u00fcmmert sich um das Schulgeb\u00e4ude und hilft Sch\u00fclerinnen, Sch\u00fclern und Lehrkr\u00e4ften in vielen Situationen, in den Pausen, bei kleinen Verletzungen und bei den Fundsachen. \u00a0<\/p>\n","protected":false},"author":635,"featured_media":0,"parent":0,"menu_order":0,"comment_status":"closed","ping_status":"closed","template":"","meta":{"footnotes":""},"class_list":["post-269","page","type-page","status-publish","hentry"],"_links":{"self":[{"href":"https:\/\/wordpress.nibis.de\/gsrautheim\/wp-json\/wp\/v2\/pages\/269","targetHints":{"allow":["GET"]}}],"collection":[{"href":"https:\/\/wordpress.nibis.de\/gsrautheim\/wp-json\/wp\/v2\/pages"}],"about":[{"href":"https:\/\/wordpress.nibis.de\/gsrautheim\/wp-json\/wp\/v2\/types\/page"}],"author":[{"embeddable":true,"href":"https:\/\/wordpress.nibis.de\/gsrautheim\/wp-json\/wp\/v2\/users\/635"}],"replies":[{"embeddable":true,"href":"https:\/\/wordpress.nibis.de\/gsrautheim\/wp-json\/wp\/v2\/comments?post=269"}],"version-history":[{"count":8,"href":"https:\/\/wordpress.nibis.de\/gsrautheim\/wp-json\/wp\/v2\/pages\/269\/revisions"}],"predecessor-version":[{"id":4848,"href":"https:\/\/wordpress.nibis.de\/gsrautheim\/wp-json\/wp\/v2\/pages\/269\/revisions\/4848"}],"wp:attachment":[{"href":"https:\/\/wordpress.nibis.de\/gsrautheim\/wp-json\/wp\/v2\/media?parent=269"}],"curies":[{"name":"wp","href":"https:\/\/api.w.org\/{rel}","templated":true}]}}