{"id":318,"date":"2014-11-22T22:16:44","date_gmt":"2014-11-22T21:16:44","guid":{"rendered":"http:\/\/wordpress.nibis.de\/gsrautheim\/?page_id=318"},"modified":"2025-05-29T20:22:04","modified_gmt":"2025-05-29T19:22:04","slug":"arbeitsgemeinschaften","status":"publish","type":"page","link":"https:\/\/wordpress.nibis.de\/gsrautheim\/arbeitsgemeinschaften\/","title":{"rendered":"Arbeitsgemeinschaften"},"content":{"rendered":"<p><span style=\"font-size: 10pt\"><span class=\"ff4 fc0 fs12 \"><span style=\"font-family: tahoma,arial,helvetica,sans-serif\">sind Wahlpflichtangebote f\u00fcr die Sch\u00fclerinnen und Sch\u00fcler in den 3. und 4. Klassen. Zu den Angeboten geh\u00f6ren &#8222;Experimente&#8220;, &#8222;Werken mit Holz&#8220;, &#8222;Haustiere&#8220;, &#8222;Theater spielen&#8220;, &#8222;Computer&#8220;, &#8222;Handball&#8220; und &#8222;T\u00f6pfern&#8220;.<\/span><br \/>\n<span style=\"font-family: tahoma,arial,helvetica,sans-serif\"> Die Arbeitsgemeinschaften finden am Unterrichtsvormittag statt. <\/span><\/span><span style=\"font-family: tahoma,arial,helvetica,sans-serif\"><span class=\"ff1 fc0 fs12 \"><br \/>\n<\/span><span class=\"ff4 fc0 fs12 \" style=\"font-size: 10pt\">Au\u00dferdem gibt es die freiwillige AG &#8222;Schulchor&#8220; und weitere Sport-Arbeitsgemeinschaften am Nachmittag von 13:00 Uhr bis 14:30 Uhr: Tischtennis und Basketball.<\/span><\/span><\/span><\/p>\n<p><span style=\"font-size: 10pt\"><span class=\"ff4 fc0 fs12 \"><span style=\"font-family: tahoma,arial,helvetica,sans-serif\"><a href=\"http:\/\/wordpress.nibis.de\/gsrautheim\/files\/2014\/11\/Basketball_BS_Logo_Schriftzug_gro\u00df.jpg\"><img loading=\"lazy\" decoding=\"async\" class=\"alignleft wp-image-904 size-full\" src=\"http:\/\/wordpress.nibis.de\/gsrautheim\/files\/2014\/11\/Basketball_BS_Logo_Schriftzug_gro\u00df-e1424201327307.jpg\" alt=\"Basketball_BS_Logo_Schriftzug_gro\u00df\" width=\"400\" height=\"149\" \/><\/a><\/span><\/span><\/span><span style=\"font-family: tahoma,arial,helvetica,sans-serif;font-size: 8pt\"><a title=\"A bis Zett\" href=\"http:\/\/wordpress.nibis.de\/gsrautheim\/a-bis-zett\/\">zur\u00fcck<\/a><\/span><\/p>\n","protected":false},"excerpt":{"rendered":"<p>sind Wahlpflichtangebote f\u00fcr die Sch\u00fclerinnen und Sch\u00fcler in den 3. und 4. Klassen. Zu den Angeboten geh\u00f6ren &#8222;Experimente&#8220;, &#8222;Werken mit Holz&#8220;, &#8222;Haustiere&#8220;, &#8222;Theater spielen&#8220;, &#8222;Computer&#8220;, &#8222;Handball&#8220; und &#8222;T\u00f6pfern&#8220;. Die Arbeitsgemeinschaften finden am Unterrichtsvormittag statt. Au\u00dferdem gibt es die freiwillige AG &#8222;Schulchor&#8220; und weitere Sport-Arbeitsgemeinschaften am Nachmittag von 13:00 Uhr bis 14:30 Uhr: Tischtennis und Basketball. &hellip; <a href=\"https:\/\/wordpress.nibis.de\/gsrautheim\/arbeitsgemeinschaften\/\" class=\"more-link\"><span class=\"screen-reader-text\">Arbeitsgemeinschaften<\/span> weiterlesen <span class=\"meta-nav\">&rarr;<\/span><\/a><\/p>\n","protected":false},"author":635,"featured_media":0,"parent":0,"menu_order":0,"comment_status":"closed","ping_status":"closed","template":"","meta":{"footnotes":""},"class_list":["post-318","page","type-page","status-publish","hentry"],"_links":{"self":[{"href":"https:\/\/wordpress.nibis.de\/gsrautheim\/wp-json\/wp\/v2\/pages\/318","targetHints":{"allow":["GET"]}}],"collection":[{"href":"https:\/\/wordpress.nibis.de\/gsrautheim\/wp-json\/wp\/v2\/pages"}],"about":[{"href":"https:\/\/wordpress.nibis.de\/gsrautheim\/wp-json\/wp\/v2\/types\/page"}],"author":[{"embeddable":true,"href":"https:\/\/wordpress.nibis.de\/gsrautheim\/wp-json\/wp\/v2\/users\/635"}],"replies":[{"embeddable":true,"href":"https:\/\/wordpress.nibis.de\/gsrautheim\/wp-json\/wp\/v2\/comments?post=318"}],"version-history":[{"count":9,"href":"https:\/\/wordpress.nibis.de\/gsrautheim\/wp-json\/wp\/v2\/pages\/318\/revisions"}],"predecessor-version":[{"id":6123,"href":"https:\/\/wordpress.nibis.de\/gsrautheim\/wp-json\/wp\/v2\/pages\/318\/revisions\/6123"}],"wp:attachment":[{"href":"https:\/\/wordpress.nibis.de\/gsrautheim\/wp-json\/wp\/v2\/media?parent=318"}],"curies":[{"name":"wp","href":"https:\/\/api.w.org\/{rel}","templated":true}]}}