{"id":356,"date":"2014-11-23T20:28:36","date_gmt":"2014-11-23T19:28:36","guid":{"rendered":"http:\/\/wordpress.nibis.de\/gsrautheim\/?page_id=356"},"modified":"2025-05-29T20:54:13","modified_gmt":"2025-05-29T19:54:13","slug":"50-jahre-gs-rautheim","status":"publish","type":"page","link":"https:\/\/wordpress.nibis.de\/gsrautheim\/50-jahre-gs-rautheim\/","title":{"rendered":"50 Jahre GS Rautheim"},"content":{"rendered":"<p>Zum Schulfest anl\u00e4sslich des Jubil\u00e4ums des Schulgeb\u00e4udes schrieb die damalige Schulleiterin Frau Regina Lange folgenden Artikel:<\/p>\n<p style=\"text-align: justify\"><span style=\"font-family: tahoma,arial,helvetica,sans-serif;font-size: 10pt\">Grundschule Rautheim &#8211; unser Schulgeb\u00e4ude wird 50!<\/span><\/p>\n<p style=\"text-align: justify\"><span style=\"font-family: tahoma,arial,helvetica,sans-serif;font-size: 10pt\">In 50 Jahren ist viel geschehen. Am 25.10.1963 wurde die neue Schule in der Schulstra\u00dfe 7 eingeweiht. Bereits am 23.06.1960 erfolgte die Grundsteinlegung.<\/span><\/p>\n<p style=\"text-align: justify\"><span style=\"font-family: tahoma,arial,helvetica,sans-serif;font-size: 10pt\"><img loading=\"lazy\" decoding=\"async\" class=\"alignright wp-image-357 size-thumbnail\" src=\"http:\/\/wordpress.nibis.de\/gsrautheim\/files\/2014\/11\/p025_1_02-150x150.jpg\" alt=\"Altes Schulgeb\u00e4ude\" width=\"150\" height=\"150\" \/>Die Geschichte der Rautheimer Schule geht bis ins 18. Jahrhundert zur\u00fcck. Seit 1749 wurde von der Schule in dem Haus &#8222;Zum Ackerberg 9&#8220; berichtet. Auch die zweite Schule wurde hier 1869 eingerichtet. Seit 1906 befand sich die Schule f\u00fcr 120 Kinder mit 2 Klassen und 2 Lehrerdienstwohnungen in der Braunschweiger Stra\u00dfe.<\/span><\/p>\n<p style=\"text-align: justify\"><span style=\"font-family: tahoma,arial,helvetica,sans-serif;font-size: 10pt\">Flucht und Vertreibung nach dem 2. Weltkrieg sowie eine neue Siedlung am Rand des Dorfes im Jahr 1958 machten es erforderlich, ein gr\u00f6\u00dferes Schulgeb\u00e4ude in Rautheim mit mehr Platz f\u00fcr die damalige Volksschule zu errichten. Durch ein weiteres Bauprogramm f\u00fcr Bundesbedienstete wuchs die Einwohnerzahl Rautheims auf ca. 4000 Einwohner. Die Ausstattung und die R\u00e4umlichkeiten der Schule waren nicht mehr ausreichend. 1960 gab es teilweise Schichtunterricht f\u00fcr die im Jahr 1960 auf 180 angewachsene Sch\u00fclerzahl. Die Kinder der Familien aus der Roselies-Kaserne mussten vor\u00fcbergehend die Volksschule Lindenbergsiedlung besuchen. Die neue, moderne Schule in Rautheim sollte 12 Klassenr\u00e4ume, Funktionsr\u00e4ume und eine Turnhalle erhalten. Architekt war Herr Dipl.-Ing. Hinze aus Braunschweig.<\/span><\/p>\n<p style=\"text-align: justify\"><span style=\"font-family: tahoma,arial,helvetica,sans-serif;font-size: 10pt\"><a href=\"http:\/\/wordpress.nibis.de\/gsrautheim\/files\/2014\/11\/p025_1_001.jpg\"><img loading=\"lazy\" decoding=\"async\" class=\"alignleft wp-image-360 size-thumbnail\" src=\"http:\/\/wordpress.nibis.de\/gsrautheim\/files\/2014\/11\/p025_1_001-150x150.jpg\" alt=\"p025_1_00\" width=\"150\" height=\"150\" \/><\/a>1963\/1964 wurden 460 Sch\u00fclerinnen und Sch\u00fcler von 14 Lehrkr\u00e4ften unterrichtet. Im Schuljahr 1967\/68 stieg die Sch\u00fclerzahl in der damaligen Grund- und Hauptschule Rautheim (1. bis 9. Klasse) auf 493, die Sch\u00fclerinnen und Sch\u00fcler wurden von 17 Lehrkr\u00e4ften in 14 Klassen unterrichtet. Das neue Schulgeb\u00e4ude verf\u00fcgte nun \u00fcber 12 Klassenr\u00e4ume, eine gro\u00dfe Aula, eine Turnhalle und Funktionsr\u00e4ume wie einen Werkraum, einen Musikraum, eine Schulk\u00fcche und einen Handarbeitsraum.<\/span><br \/>\n<span style=\"font-family: tahoma,arial,helvetica,sans-serif;font-size: 10pt\">Seit 1973 fand der Schwimmunterricht im Schwimmbad der Bundeswehr im Gebiet der Roselies-Kaserne statt, bis das Schwimmbad 2001 geschlossen wurde. Heute fahren die Kinder zum Heidbergbad.<\/span><br \/>\n<span style=\"font-family: tahoma,arial,helvetica,sans-serif;font-size: 10pt\">Tradition hat auch das Theaterspielen an der Rautheimer Schule. Durch die gute B\u00fchnenausstattung war es m\u00f6glich, dass eine Sch\u00fclergruppe am &#8222;Laienspielwettbewerb der Braunschweiger Schulen&#8220; teilnehmen konnte. Die Besuche des Weihnachtsm\u00e4rchens im Staatstheater Braunschweig fanden damals schon statt.<\/span><br \/>\n<span style=\"font-family: tahoma,arial,helvetica,sans-serif;font-size: 10pt\">1974 erfolgte die Eingemeindung Rautheims in die Stadt Braunschweig.<\/span><br \/>\n<span style=\"font-family: tahoma,arial,helvetica,sans-serif;font-size: 10pt\">Seit dem Schuljahr 1975\/76 ist die Rautheimer Schule eine reine Grundschule, in der Kinder vom 1. bis 4. Schuljahr unterrichtet werden. Im Schuljahr 1980\/81 erteilten 7 Lehrkr\u00e4fte den Unterricht f\u00fcr 109 Sch\u00fclerinnen und Sch\u00fcler. 1994 wurde die Lernwerkstatt in Zusammenarbeit mit der TU Braunschweig eingerichtet. Sie ist ein Ort f\u00fcr offenen Unterricht und Projektunterricht. Die Klassen der IGS Querum wurden 1993\/94 vor\u00fcbergehend im Geb\u00e4ude der GS Rautheim untergebracht.<\/span><br \/>\n<span style=\"font-family: tahoma,arial,helvetica,sans-serif;font-size: 10pt\">Viele Schulleiter und Schulleiterinnen waren in den vergangenen 50 Jahren f\u00fcr die Schule verantwortlich: Herr Lanquillon, Herr Schuster, Herr Laubner, Herr K\u00fcster und Frau Kr\u00e4mer.<\/span><\/p>\n<p style=\"text-align: justify\"><span style=\"font-family: tahoma,arial,helvetica,sans-serif;font-size: 10pt\">Seit 2000 stieg die Sch\u00fclerzahl in Rautheim durch die neuen Baugebiete Rautheim-West und Rautheim-S\u00fcdwest enorm an. Im Schuljahr 2005\/2006 wurden 231 Kinder von 17 Lehrkr\u00e4ften unterrichtet. Die GS Rautheim wurde im Jahr 2000 als eine der ersten vier Grundschulen in Braunschweig eine verl\u00e4ssliche Grundschule, in der die Kinder bis 13:00 Uhr unterrichtet und betreut werden konnten. Die Beteiligung an der Aktion Faustlos und die Teilnahme am Regionalen Integrationskonzept kamen hinzu. Seitdem k\u00f6nnen Kinder mit einem sonderp\u00e4dagogischen F\u00f6rderbedarf in vielen F\u00e4llen in der wohnortnahen Grundschule verbleiben.<\/span><\/p>\n<p style=\"text-align: justify\"><span style=\"font-family: tahoma,arial,helvetica,sans-serif;font-size: 10pt\">Seit 2009 ist die Schule eine sportfreundliche Schule. Aus dem Hort wurde 2010 die Schulkindbetreuung des DRK. Heute werden ca. 30 Kinder nach 13:00 Uhr betreut. Neben der Schulkindbetreuung ist auch eine Gruppe des ZHB, des Zentrums f\u00fcr Hauswirtschaft und Bildung mit Sitz in Kralenriede, in der Schule untergebracht. Durch das Projekt Br\u00fcckenjahr von 2009 bis 2011 konnten wir die Zusammenarbeit mit den Kindertagesst\u00e4tten Rautheim und Lindenbergsiedlung intensivieren. Projekte wie &#8222;Klasse! Wir singen.&#8220; und &#8222;Theater.Fieber&#8220; in Zusammenarbeit mit dem Staatstheater Braunschweig kamen hinzu. Auf dem Schulgel\u00e4nde, das idyllisch im Gr\u00fcnen liegt, wurden zahlreiche Spielger\u00e4te und das gr\u00fcne Klassenzimmer errichtet. Mehrere Schulfeste wurden gefeiert, und es gab auch Spendenl\u00e4ufe rund um das Schulgeb\u00e4ude. Jede Runde war 500 m lang!<\/span><br \/>\n<span style=\"font-family: tahoma,arial,helvetica,sans-serif;font-size: 10pt\">Einen Raum haben wir inzwischen als Computerraum eingerichtet. Auch die an die Klassen angrenzenden Gruppenr\u00e4ume sind mit jeweils zwei Computern ausgestattet. Die Nettogeschossfl\u00e4che betr\u00e4gt insgesamt 3200,22 m\u00b2.<\/span><br \/>\n<span style=\"font-family: tahoma,arial,helvetica,sans-serif;font-size: 10pt\">Seit 2010 ist die Sch\u00fclerzahl in Rautheim wieder stark r\u00fcckl\u00e4ufig. Aktuell werden 114 Sch\u00fclerinnen und Sch\u00fcler von 12 Lehrkr\u00e4ften unterrichtet.<\/span><\/p>\n<p style=\"text-align: justify\"><a href=\"http:\/\/wordpress.nibis.de\/gsrautheim\/files\/2014\/11\/2013DSC_0160_1083.jpg\"><img loading=\"lazy\" decoding=\"async\" class=\"alignnone wp-image-5 size-thumbnail\" src=\"http:\/\/wordpress.nibis.de\/gsrautheim\/files\/2014\/11\/2013DSC_0160_1083-150x150.jpg\" alt=\"2013DSC_0160_1083\" width=\"150\" height=\"150\" \/><\/a><a href=\"http:\/\/wordpress.nibis.de\/gsrautheim\/files\/2014\/11\/Zaun-3.jpg\"><img loading=\"lazy\" decoding=\"async\" class=\"alignnone size-thumbnail wp-image-37\" src=\"http:\/\/wordpress.nibis.de\/gsrautheim\/files\/2014\/11\/Zaun-3-150x150.jpg\" alt=\"Zaun 3\" width=\"150\" height=\"150\" \/><\/a><a href=\"http:\/\/wordpress.nibis.de\/gsrautheim\/files\/2014\/11\/2013DSC_0158_1081.jpg\"><img loading=\"lazy\" decoding=\"async\" class=\"alignnone wp-image-43 size-thumbnail\" src=\"http:\/\/wordpress.nibis.de\/gsrautheim\/files\/2014\/11\/2013DSC_0158_1081-e1416770829393-150x150.jpg\" alt=\"2013DSC_0158_1081\" width=\"150\" height=\"150\" \/><\/a><a href=\"http:\/\/wordpress.nibis.de\/gsrautheim\/files\/2014\/11\/DSC_01061.jpg\"><img loading=\"lazy\" decoding=\"async\" class=\"alignnone size-thumbnail wp-image-75\" src=\"http:\/\/wordpress.nibis.de\/gsrautheim\/files\/2014\/11\/DSC_01061-150x150.jpg\" alt=\"DSC_0106\" width=\"150\" height=\"150\" \/><\/a><\/p>\n<p style=\"text-align: justify\"><span style=\"font-family: tahoma,arial,helvetica,sans-serif;font-size: 10pt\">im August 2013<br \/>\n<strong><em>Regina Lange<\/em><\/strong><br \/>\n(Schulleiterin von 2003 bis 2014)<br \/>\n<\/span><\/p>\n<p style=\"text-align: justify\"><span style=\"font-family: tahoma,arial,helvetica,sans-serif;font-size: 10pt\"><a title=\"A bis Zett\" href=\"http:\/\/wordpress.nibis.de\/gsrautheim\/a-bis-zett\/\">zur\u00fcck<\/a><\/span><\/p>\n<p style=\"text-align: justify\"><span style=\"font-family: tahoma,arial,helvetica,sans-serif;font-size: 10pt\">Quellen:<\/span><br \/>\n<span style=\"font-family: tahoma,arial,helvetica,sans-serif;font-size: 10pt\">&#8211;<span style=\"font-size: 8pt\"> Laubner, Erwin (1980): Zur Chronik der Schule in Rautheim. In: Arbeitskreis 950-Jahr-Feier Rautheim (Hrsg.): Braunschweig<\/span><\/span><br \/>\n<span style=\"font-family: tahoma,arial,helvetica,sans-serif;font-size: 8pt\">&#8211; Stadt Braunschweig<\/span><\/p>\n","protected":false},"excerpt":{"rendered":"<p>Zum Schulfest anl\u00e4sslich des Jubil\u00e4ums des Schulgeb\u00e4udes schrieb die damalige Schulleiterin Frau Regina Lange folgenden Artikel: Grundschule Rautheim &#8211; unser Schulgeb\u00e4ude wird 50! In 50 Jahren ist viel geschehen. Am 25.10.1963 wurde die neue Schule in der Schulstra\u00dfe 7 eingeweiht. Bereits am 23.06.1960 erfolgte die Grundsteinlegung. Die Geschichte der Rautheimer Schule geht bis ins 18. &hellip; <a href=\"https:\/\/wordpress.nibis.de\/gsrautheim\/50-jahre-gs-rautheim\/\" class=\"more-link\"><span class=\"screen-reader-text\">50 Jahre GS Rautheim<\/span> weiterlesen <span class=\"meta-nav\">&rarr;<\/span><\/a><\/p>\n","protected":false},"author":635,"featured_media":0,"parent":0,"menu_order":0,"comment_status":"closed","ping_status":"closed","template":"","meta":{"footnotes":""},"class_list":["post-356","page","type-page","status-publish","hentry"],"_links":{"self":[{"href":"https:\/\/wordpress.nibis.de\/gsrautheim\/wp-json\/wp\/v2\/pages\/356","targetHints":{"allow":["GET"]}}],"collection":[{"href":"https:\/\/wordpress.nibis.de\/gsrautheim\/wp-json\/wp\/v2\/pages"}],"about":[{"href":"https:\/\/wordpress.nibis.de\/gsrautheim\/wp-json\/wp\/v2\/types\/page"}],"author":[{"embeddable":true,"href":"https:\/\/wordpress.nibis.de\/gsrautheim\/wp-json\/wp\/v2\/users\/635"}],"replies":[{"embeddable":true,"href":"https:\/\/wordpress.nibis.de\/gsrautheim\/wp-json\/wp\/v2\/comments?post=356"}],"version-history":[{"count":7,"href":"https:\/\/wordpress.nibis.de\/gsrautheim\/wp-json\/wp\/v2\/pages\/356\/revisions"}],"predecessor-version":[{"id":6135,"href":"https:\/\/wordpress.nibis.de\/gsrautheim\/wp-json\/wp\/v2\/pages\/356\/revisions\/6135"}],"wp:attachment":[{"href":"https:\/\/wordpress.nibis.de\/gsrautheim\/wp-json\/wp\/v2\/media?parent=356"}],"curies":[{"name":"wp","href":"https:\/\/api.w.org\/{rel}","templated":true}]}}