{"id":369,"date":"2014-11-23T20:40:20","date_gmt":"2014-11-23T19:40:20","guid":{"rendered":"http:\/\/wordpress.nibis.de\/gsrautheim\/?page_id=369"},"modified":"2014-11-23T21:11:54","modified_gmt":"2014-11-23T20:11:54","slug":"beschwerden","status":"publish","type":"page","link":"https:\/\/wordpress.nibis.de\/gsrautheim\/beschwerden\/","title":{"rendered":"Beschwerden"},"content":{"rendered":"<p><span class=\"ff2 fc0 fs12 \" style=\"font-size: 10pt;font-family: tahoma,arial,helvetica,sans-serif\">Es hat sich bew\u00e4hrt, bei Beschwerden oder Fragen den direkten Weg zu w\u00e4hlen. <\/span><\/p>\n<p><span class=\"ff2 fc0 fs12 \" style=\"font-size: 10pt;font-family: tahoma,arial,helvetica,sans-serif\">Bitte sprechen Sie die zust\u00e4ndige Person direkt an. <\/span><\/p>\n<p><span class=\"ff2 fc0 fs12 \" style=\"font-size: 10pt;font-family: tahoma,arial,helvetica,sans-serif\">Bei \u00fcbergeordneten Problemen ist die Schulleitung zust\u00e4ndig. <\/span><\/p>\n<p><span class=\"ff2 fc0 fs12 \" style=\"font-size: 10pt;font-family: tahoma,arial,helvetica,sans-serif\">Gespr\u00e4che zwischen &#8222;T\u00fcr und Angel&#8220; sollen vermieden werden. Bitte verabreden Sie einen Termin.<\/span><\/p>\n<p><span style=\"font-family: tahoma,arial,helvetica,sans-serif;font-size: 10pt\"><a title=\"A bis Zett\" href=\"http:\/\/wordpress.nibis.de\/gsrautheim\/a-bis-zett\/\">zur\u00fcck<\/a><\/span><\/p>\n","protected":false},"excerpt":{"rendered":"<p>Es hat sich bew\u00e4hrt, bei Beschwerden oder Fragen den direkten Weg zu w\u00e4hlen. Bitte sprechen Sie die zust\u00e4ndige Person direkt an. Bei \u00fcbergeordneten Problemen ist die Schulleitung zust\u00e4ndig. Gespr\u00e4che zwischen &#8222;T\u00fcr und Angel&#8220; sollen vermieden werden. Bitte verabreden Sie einen Termin. zur\u00fcck<\/p>\n","protected":false},"author":635,"featured_media":0,"parent":0,"menu_order":0,"comment_status":"closed","ping_status":"closed","template":"","meta":{"footnotes":""},"class_list":["post-369","page","type-page","status-publish","hentry"],"_links":{"self":[{"href":"https:\/\/wordpress.nibis.de\/gsrautheim\/wp-json\/wp\/v2\/pages\/369","targetHints":{"allow":["GET"]}}],"collection":[{"href":"https:\/\/wordpress.nibis.de\/gsrautheim\/wp-json\/wp\/v2\/pages"}],"about":[{"href":"https:\/\/wordpress.nibis.de\/gsrautheim\/wp-json\/wp\/v2\/types\/page"}],"author":[{"embeddable":true,"href":"https:\/\/wordpress.nibis.de\/gsrautheim\/wp-json\/wp\/v2\/users\/635"}],"replies":[{"embeddable":true,"href":"https:\/\/wordpress.nibis.de\/gsrautheim\/wp-json\/wp\/v2\/comments?post=369"}],"version-history":[{"count":2,"href":"https:\/\/wordpress.nibis.de\/gsrautheim\/wp-json\/wp\/v2\/pages\/369\/revisions"}],"predecessor-version":[{"id":391,"href":"https:\/\/wordpress.nibis.de\/gsrautheim\/wp-json\/wp\/v2\/pages\/369\/revisions\/391"}],"wp:attachment":[{"href":"https:\/\/wordpress.nibis.de\/gsrautheim\/wp-json\/wp\/v2\/media?parent=369"}],"curies":[{"name":"wp","href":"https:\/\/api.w.org\/{rel}","templated":true}]}}