{"id":372,"date":"2014-11-23T20:45:36","date_gmt":"2014-11-23T19:45:36","guid":{"rendered":"http:\/\/wordpress.nibis.de\/gsrautheim\/?page_id=372"},"modified":"2025-05-29T20:34:17","modified_gmt":"2025-05-29T19:34:17","slug":"betreuungsangebote","status":"publish","type":"page","link":"https:\/\/wordpress.nibis.de\/gsrautheim\/betreuungsangebote\/","title":{"rendered":"Betreuungsangebote"},"content":{"rendered":"<p style=\"text-align: justify\"><span style=\"font-family: tahoma,arial,helvetica,sans-serif;font-size: 10pt\">Als Kooperative Ganztagsschule betreuen wir die Schulkinder auch \u00fcber die Unterrichtszeit hinaus.<\/span><\/p>\n<p>Der Stundenplan f\u00fcr die 1. Klassen sieht an vier Tage 4 Stunden an einem Tag 5 Stunden Unterricht vor ; f\u00fcr die 2. Klassen an einem zwei Tagen vier Stunden und an 3 Tagen 5 Stunden.\u00a0 In der verbleibenden Unterrichtszeit findet das &#8222;unterrichtserg\u00e4nzende Angebot&#8220;, das wir &#8222;Betreuung&#8220; nennen, statt.<\/p>\n<p>Ab 13 Uhr beginnen die verschiedenen Betreuungsangebote des Ganztagsbereichs.<\/p>\n<p>M\u00f6glich ist<\/p>\n<ul>\n<li>die Betreuung am als Tageskind (bei uns: Regenbogenkind) an bis zu drei Tagen von Montag bis mIttwoch bis 15 uhr<\/li>\n<li>die Betreuung an 5 Tagen bis 15 Uhr (in Gruppen, die nach Mischfarben benannt sind)<\/li>\n<li>die Betreuuung an 5 Tagen bis 16 Uhr (in Gruppen, die nach Grundfarben benannt sind; kostenpflichtig).<\/li>\n<\/ul>\n<p style=\"text-align: justify\"><span style=\"font-family: tahoma,arial,helvetica,sans-serif;font-size: 10pt\">\u00a0<\/span><\/p>\n<p style=\"text-align: justify\"><span style=\"font-family: tahoma,arial,helvetica,sans-serif;font-size: 10pt\"><a title=\"A bis Zett\" href=\"http:\/\/wordpress.nibis.de\/gsrautheim\/a-bis-zett\/\">zur\u00fcck<\/a><\/span><\/p>\n","protected":false},"excerpt":{"rendered":"<p>Als Kooperative Ganztagsschule betreuen wir die Schulkinder auch \u00fcber die Unterrichtszeit hinaus. Der Stundenplan f\u00fcr die 1. Klassen sieht an vier Tage 4 Stunden an einem Tag 5 Stunden Unterricht vor ; f\u00fcr die 2. Klassen an einem zwei Tagen vier Stunden und an 3 Tagen 5 Stunden.\u00a0 In der verbleibenden Unterrichtszeit findet das &#8222;unterrichtserg\u00e4nzende &hellip; <a href=\"https:\/\/wordpress.nibis.de\/gsrautheim\/betreuungsangebote\/\" class=\"more-link\"><span class=\"screen-reader-text\">Betreuungsangebote<\/span> weiterlesen <span class=\"meta-nav\">&rarr;<\/span><\/a><\/p>\n","protected":false},"author":635,"featured_media":0,"parent":0,"menu_order":0,"comment_status":"closed","ping_status":"closed","template":"","meta":{"footnotes":""},"class_list":["post-372","page","type-page","status-publish","hentry"],"_links":{"self":[{"href":"https:\/\/wordpress.nibis.de\/gsrautheim\/wp-json\/wp\/v2\/pages\/372","targetHints":{"allow":["GET"]}}],"collection":[{"href":"https:\/\/wordpress.nibis.de\/gsrautheim\/wp-json\/wp\/v2\/pages"}],"about":[{"href":"https:\/\/wordpress.nibis.de\/gsrautheim\/wp-json\/wp\/v2\/types\/page"}],"author":[{"embeddable":true,"href":"https:\/\/wordpress.nibis.de\/gsrautheim\/wp-json\/wp\/v2\/users\/635"}],"replies":[{"embeddable":true,"href":"https:\/\/wordpress.nibis.de\/gsrautheim\/wp-json\/wp\/v2\/comments?post=372"}],"version-history":[{"count":7,"href":"https:\/\/wordpress.nibis.de\/gsrautheim\/wp-json\/wp\/v2\/pages\/372\/revisions"}],"predecessor-version":[{"id":6125,"href":"https:\/\/wordpress.nibis.de\/gsrautheim\/wp-json\/wp\/v2\/pages\/372\/revisions\/6125"}],"wp:attachment":[{"href":"https:\/\/wordpress.nibis.de\/gsrautheim\/wp-json\/wp\/v2\/media?parent=372"}],"curies":[{"name":"wp","href":"https:\/\/api.w.org\/{rel}","templated":true}]}}