{"id":375,"date":"2014-11-23T20:50:10","date_gmt":"2014-11-23T19:50:10","guid":{"rendered":"http:\/\/wordpress.nibis.de\/gsrautheim\/?page_id=375"},"modified":"2014-12-01T21:04:50","modified_gmt":"2014-12-01T20:04:50","slug":"beurlaubungen","status":"publish","type":"page","link":"https:\/\/wordpress.nibis.de\/gsrautheim\/beurlaubungen\/","title":{"rendered":"Beurlaubungen"},"content":{"rendered":"<p><span style=\"font-family: tahoma,arial,helvetica,sans-serif;font-size: 10pt\">Alle Beurlaubungen bis zu 2 Tagen werden durch die Klassenlehrerin genehmigt.<\/span><\/p>\n<p><span style=\"font-family: tahoma,arial,helvetica,sans-serif;font-size: 10pt\">Sonderurlaub, der zu einer Ferienverl\u00e4ngerung f\u00fchrt, ist in der Regel ausgeschlossen. <\/span><\/p>\n<p><span style=\"font-family: tahoma,arial,helvetica,sans-serif;font-size: 10pt\">Sollte in einer begr\u00fcndeten Ausnahme eine Beurlaubung Ihres Kindes vor oder nach den festgesetzten Ferienterminen erforderlich sein, muss hierzu ein schriftlicher Antrag bei der Schulleitung gestellt werden<\/span><span style=\"font-family: tahoma,arial,helvetica,sans-serif;font-size: 10pt\">.<\/span><\/p>\n<p><span style=\"font-family: tahoma,arial,helvetica,sans-serif;font-size: 8pt\"><a href=\"http:\/\/wordpress.nibis.de\/gsrautheim\/a-bis-zett\/\">zur\u00fcck<\/a><\/span><\/p>\n","protected":false},"excerpt":{"rendered":"<p>Alle Beurlaubungen bis zu 2 Tagen werden durch die Klassenlehrerin genehmigt. Sonderurlaub, der zu einer Ferienverl\u00e4ngerung f\u00fchrt, ist in der Regel ausgeschlossen. Sollte in einer begr\u00fcndeten Ausnahme eine Beurlaubung Ihres Kindes vor oder nach den festgesetzten Ferienterminen erforderlich sein, muss hierzu ein schriftlicher Antrag bei der Schulleitung gestellt werden. zur\u00fcck<\/p>\n","protected":false},"author":635,"featured_media":0,"parent":0,"menu_order":0,"comment_status":"closed","ping_status":"closed","template":"","meta":{"footnotes":""},"class_list":["post-375","page","type-page","status-publish","hentry"],"_links":{"self":[{"href":"https:\/\/wordpress.nibis.de\/gsrautheim\/wp-json\/wp\/v2\/pages\/375","targetHints":{"allow":["GET"]}}],"collection":[{"href":"https:\/\/wordpress.nibis.de\/gsrautheim\/wp-json\/wp\/v2\/pages"}],"about":[{"href":"https:\/\/wordpress.nibis.de\/gsrautheim\/wp-json\/wp\/v2\/types\/page"}],"author":[{"embeddable":true,"href":"https:\/\/wordpress.nibis.de\/gsrautheim\/wp-json\/wp\/v2\/users\/635"}],"replies":[{"embeddable":true,"href":"https:\/\/wordpress.nibis.de\/gsrautheim\/wp-json\/wp\/v2\/comments?post=375"}],"version-history":[{"count":4,"href":"https:\/\/wordpress.nibis.de\/gsrautheim\/wp-json\/wp\/v2\/pages\/375\/revisions"}],"predecessor-version":[{"id":478,"href":"https:\/\/wordpress.nibis.de\/gsrautheim\/wp-json\/wp\/v2\/pages\/375\/revisions\/478"}],"wp:attachment":[{"href":"https:\/\/wordpress.nibis.de\/gsrautheim\/wp-json\/wp\/v2\/media?parent=375"}],"curies":[{"name":"wp","href":"https:\/\/api.w.org\/{rel}","templated":true}]}}