{"id":3822,"date":"2020-01-14T14:39:44","date_gmt":"2020-01-14T13:39:44","guid":{"rendered":"https:\/\/wordpress.nibis.de\/gsrautheim\/?page_id=3822"},"modified":"2023-03-06T20:51:14","modified_gmt":"2023-03-06T19:51:14","slug":"formulare","status":"publish","type":"page","link":"https:\/\/wordpress.nibis.de\/gsrautheim\/formulare\/","title":{"rendered":"Formulare"},"content":{"rendered":"<p><span style=\"font-family: tahoma, arial, helvetica, sans-serif\"><a href=\"https:\/\/wordpress.nibis.de\/gsrautheim\/files\/2014\/11\/Archiv-e1447359244701.jpg\"><img loading=\"lazy\" decoding=\"async\" class=\"alignleft size-full wp-image-1844\" src=\"https:\/\/wordpress.nibis.de\/gsrautheim\/files\/2014\/11\/Archiv-e1447359244701.jpg\" alt=\"\" width=\"100\" height=\"117\" \/><\/a>Auf dieser Seite k\u00f6nnen Sie Formulare im PDF-Format zum Ausdrucken herunterladen. <\/span><\/p>\n<p><span style=\"font-family: tahoma, arial, helvetica, sans-serif\">Ausgef\u00fcllte Formulare bitte in der Schule (z.B. \u00fcber die Postmappe der Kinder) zu H\u00e4nden des Schulf\u00f6rdervereins abgeben oder in digitalisierter Form per E-Mail an einen Vorsitzenden des Vereins zusenden.<\/span><\/p>\n<p><strong><span style=\"font-family: tahoma, arial, helvetica, sans-serif\">Download von Formularen (PDF)<\/span><\/strong><\/p>\n<ul>\n<li><a href=\"https:\/\/wordpress.nibis.de\/gsrautheim\/files\/2023\/03\/2023_02_Beitrittserklaerung.pdf\" target=\"_blank\" rel=\"noopener\">2023_02_Beitrittserkl\u00e4rung<\/a><\/li>\n<li><a href=\"https:\/\/wordpress.nibis.de\/gsrautheim\/files\/2023\/03\/2023_02_Einmalige-Zuwendung.pdf\" target=\"_blank\" rel=\"noopener\">2023_02_Einmalige-Zuwendung<\/a><\/li>\n<li><a href=\"https:\/\/wordpress.nibis.de\/gsrautheim\/files\/2023\/03\/2023_02_Mitgliedschaft_Verlaengerung.pdf\" target=\"_blank\" rel=\"noopener\">2023_02_Mitgliedschaft_Verl\u00e4ngerung<\/a><\/li>\n<li><a href=\"https:\/\/wordpress.nibis.de\/gsrautheim\/files\/2023\/03\/2023_02_Aenderungsmitteilung.pdf\" target=\"_blank\" rel=\"noopener\">2023_02_\u00c4nderungsmitteilung<\/a><\/li>\n<li><a href=\"https:\/\/wordpress.nibis.de\/gsrautheim\/files\/2023\/03\/2023_02_Austritt.pdf\" target=\"_blank\" rel=\"noopener\">2023_02_Austritt<\/a><\/li>\n<\/ul>\n","protected":false},"excerpt":{"rendered":"<p>Auf dieser Seite k\u00f6nnen Sie Formulare im PDF-Format zum Ausdrucken herunterladen. Ausgef\u00fcllte Formulare bitte in der Schule (z.B. \u00fcber die Postmappe der Kinder) zu H\u00e4nden des Schulf\u00f6rdervereins abgeben oder in digitalisierter Form per E-Mail an einen Vorsitzenden des Vereins zusenden. Download von Formularen (PDF) 2023_02_Beitrittserkl\u00e4rung 2023_02_Einmalige-Zuwendung 2023_02_Mitgliedschaft_Verl\u00e4ngerung 2023_02_\u00c4nderungsmitteilung 2023_02_Austritt<\/p>\n","protected":false},"author":635,"featured_media":0,"parent":0,"menu_order":0,"comment_status":"closed","ping_status":"closed","template":"","meta":{"footnotes":""},"class_list":["post-3822","page","type-page","status-publish","hentry"],"_links":{"self":[{"href":"https:\/\/wordpress.nibis.de\/gsrautheim\/wp-json\/wp\/v2\/pages\/3822","targetHints":{"allow":["GET"]}}],"collection":[{"href":"https:\/\/wordpress.nibis.de\/gsrautheim\/wp-json\/wp\/v2\/pages"}],"about":[{"href":"https:\/\/wordpress.nibis.de\/gsrautheim\/wp-json\/wp\/v2\/types\/page"}],"author":[{"embeddable":true,"href":"https:\/\/wordpress.nibis.de\/gsrautheim\/wp-json\/wp\/v2\/users\/635"}],"replies":[{"embeddable":true,"href":"https:\/\/wordpress.nibis.de\/gsrautheim\/wp-json\/wp\/v2\/comments?post=3822"}],"version-history":[{"count":6,"href":"https:\/\/wordpress.nibis.de\/gsrautheim\/wp-json\/wp\/v2\/pages\/3822\/revisions"}],"predecessor-version":[{"id":5347,"href":"https:\/\/wordpress.nibis.de\/gsrautheim\/wp-json\/wp\/v2\/pages\/3822\/revisions\/5347"}],"wp:attachment":[{"href":"https:\/\/wordpress.nibis.de\/gsrautheim\/wp-json\/wp\/v2\/media?parent=3822"}],"curies":[{"name":"wp","href":"https:\/\/api.w.org\/{rel}","templated":true}]}}