{"id":394,"date":"2014-11-23T21:14:48","date_gmt":"2014-11-23T20:14:48","guid":{"rendered":"http:\/\/wordpress.nibis.de\/gsrautheim\/?page_id=394"},"modified":"2025-05-29T20:35:51","modified_gmt":"2025-05-29T19:35:51","slug":"brueckenjahr","status":"publish","type":"page","link":"https:\/\/wordpress.nibis.de\/gsrautheim\/brueckenjahr\/","title":{"rendered":"Br\u00fcckenjahr"},"content":{"rendered":"<p><span style=\"font-family: tahoma,arial,helvetica,sans-serif;font-size: 10pt\">Als Br\u00fcckenjahr bezeichnen wir das letzte Jahr vor der Einschulung. <\/span><\/p>\n<p><span style=\"font-family: tahoma,arial,helvetica,sans-serif;font-size: 10pt\">Ein Team aus Lehrerinnen und Erzieherinnen der Kitas Rautheim und Lindenbergsiedlung treffen sich regelm\u00e4\u00dfig, um gemeinsame Aktivit\u00e4ten und Elternabende zu planen.<br \/>\nIn unserer Schule ist Frau Peikert die Kontaktlehrerin f\u00fcr das Br\u00fcckenjahr.<br \/>\n<\/span><\/p>\n<p><span style=\"font-family: tahoma,arial,helvetica,sans-serif;font-size: 10pt\">Unser Ziel ist es, die Kinder beim \u00dcbergang auf die Grundschule p\u00e4dagogisch zu begleiten. <\/span><\/p>\n<p>&nbsp;<\/p>\n<p><span style=\"font-family: tahoma,arial,helvetica,sans-serif;font-size: 10pt\"><a title=\"A bis Zett\" href=\"http:\/\/wordpress.nibis.de\/gsrautheim\/a-bis-zett\/\">zur\u00fcck<\/a><\/span><\/p>\n","protected":false},"excerpt":{"rendered":"<p>Als Br\u00fcckenjahr bezeichnen wir das letzte Jahr vor der Einschulung. Ein Team aus Lehrerinnen und Erzieherinnen der Kitas Rautheim und Lindenbergsiedlung treffen sich regelm\u00e4\u00dfig, um gemeinsame Aktivit\u00e4ten und Elternabende zu planen. In unserer Schule ist Frau Peikert die Kontaktlehrerin f\u00fcr das Br\u00fcckenjahr. Unser Ziel ist es, die Kinder beim \u00dcbergang auf die Grundschule p\u00e4dagogisch zu &hellip; <a href=\"https:\/\/wordpress.nibis.de\/gsrautheim\/brueckenjahr\/\" class=\"more-link\"><span class=\"screen-reader-text\">Br\u00fcckenjahr<\/span> weiterlesen <span class=\"meta-nav\">&rarr;<\/span><\/a><\/p>\n","protected":false},"author":635,"featured_media":0,"parent":0,"menu_order":0,"comment_status":"closed","ping_status":"closed","template":"","meta":{"footnotes":""},"class_list":["post-394","page","type-page","status-publish","hentry"],"_links":{"self":[{"href":"https:\/\/wordpress.nibis.de\/gsrautheim\/wp-json\/wp\/v2\/pages\/394","targetHints":{"allow":["GET"]}}],"collection":[{"href":"https:\/\/wordpress.nibis.de\/gsrautheim\/wp-json\/wp\/v2\/pages"}],"about":[{"href":"https:\/\/wordpress.nibis.de\/gsrautheim\/wp-json\/wp\/v2\/types\/page"}],"author":[{"embeddable":true,"href":"https:\/\/wordpress.nibis.de\/gsrautheim\/wp-json\/wp\/v2\/users\/635"}],"replies":[{"embeddable":true,"href":"https:\/\/wordpress.nibis.de\/gsrautheim\/wp-json\/wp\/v2\/comments?post=394"}],"version-history":[{"count":5,"href":"https:\/\/wordpress.nibis.de\/gsrautheim\/wp-json\/wp\/v2\/pages\/394\/revisions"}],"predecessor-version":[{"id":6126,"href":"https:\/\/wordpress.nibis.de\/gsrautheim\/wp-json\/wp\/v2\/pages\/394\/revisions\/6126"}],"wp:attachment":[{"href":"https:\/\/wordpress.nibis.de\/gsrautheim\/wp-json\/wp\/v2\/media?parent=394"}],"curies":[{"name":"wp","href":"https:\/\/api.w.org\/{rel}","templated":true}]}}