{"id":416,"date":"2014-11-23T22:06:30","date_gmt":"2014-11-23T21:06:30","guid":{"rendered":"http:\/\/wordpress.nibis.de\/gsrautheim\/?page_id=416"},"modified":"2014-12-01T21:11:33","modified_gmt":"2014-12-01T20:11:33","slug":"elternmitwirkung-in-der-schule","status":"publish","type":"page","link":"https:\/\/wordpress.nibis.de\/gsrautheim\/elternmitwirkung-in-der-schule\/","title":{"rendered":"Elternmitwirkung in der Schule"},"content":{"rendered":"<p><span style=\"font-family: tahoma,arial,helvetica,sans-serif;font-size: 10pt\">Es gibt f\u00fcr Sie als Eltern zahlreiche M\u00f6glichkeiten, sich an der Schulentwicklung und am Schulleben zu beteiligen:<\/span><\/p>\n<ul>\n<li><span style=\"font-family: tahoma,arial,helvetica,sans-serif;font-size: 10pt\">als Elternvertreter\/in in der Klassenkonferenz, <\/span><\/li>\n<li><span style=\"font-family: tahoma,arial,helvetica,sans-serif;font-size: 10pt\">in Fachkonferenzen, <\/span><\/li>\n<li><span style=\"font-family: tahoma,arial,helvetica,sans-serif;font-size: 10pt\">in der Gesamtkonferenz oder im Schulvorstand, <\/span><\/li>\n<li><span style=\"font-family: tahoma,arial,helvetica,sans-serif;font-size: 10pt\">bei Ausfl\u00fcgen, Feiern und anderen Aktionen <\/span><\/li>\n<li><span style=\"font-family: tahoma,arial,helvetica,sans-serif;font-size: 10pt\">sowie im Schulf\u00f6rderverein. <\/span><\/li>\n<\/ul>\n<p><span style=\"font-family: tahoma,arial,helvetica,sans-serif;font-size: 10pt\">Wir w\u00fcrden uns freuen, Sie bald in einem der Gremien oder im Rahmen der anderweitigen elterlichen Mitarbeit begr\u00fc\u00dfen zu d\u00fcrfen!<\/span><\/p>\n<p><span style=\"font-family: tahoma,arial,helvetica,sans-serif;font-size: 8pt\">zur Seite: <a href=\"http:\/\/wordpress.nibis.de\/gsrautheim\/schulelternrat\/\" target=\"_blank\">Elternvertreter im Schulvorstand <\/a><\/span><\/p>\n<p><span style=\"font-family: tahoma,arial,helvetica,sans-serif;font-size: 8pt\">zur Seite: <a href=\"http:\/\/wordpress.nibis.de\/gsrautheim\/schulelternrat-2\/\" target=\"_blank\">Schulelternrat<\/a><\/span><\/p>\n<p><span style=\"font-family: tahoma,arial,helvetica,sans-serif;font-size: 8pt\"><a href=\"http:\/\/wordpress.nibis.de\/gsrautheim\/a-bis-zett\/\">zur\u00fcck<\/a><\/span><\/p>\n","protected":false},"excerpt":{"rendered":"<p>Es gibt f\u00fcr Sie als Eltern zahlreiche M\u00f6glichkeiten, sich an der Schulentwicklung und am Schulleben zu beteiligen: als Elternvertreter\/in in der Klassenkonferenz, in Fachkonferenzen, in der Gesamtkonferenz oder im Schulvorstand, bei Ausfl\u00fcgen, Feiern und anderen Aktionen sowie im Schulf\u00f6rderverein. Wir w\u00fcrden uns freuen, Sie bald in einem der Gremien oder im Rahmen der anderweitigen elterlichen &hellip; <a href=\"https:\/\/wordpress.nibis.de\/gsrautheim\/elternmitwirkung-in-der-schule\/\" class=\"more-link\"><span class=\"screen-reader-text\">Elternmitwirkung in der Schule<\/span> weiterlesen <span class=\"meta-nav\">&rarr;<\/span><\/a><\/p>\n","protected":false},"author":635,"featured_media":0,"parent":0,"menu_order":0,"comment_status":"closed","ping_status":"closed","template":"","meta":{"footnotes":""},"class_list":["post-416","page","type-page","status-publish","hentry"],"_links":{"self":[{"href":"https:\/\/wordpress.nibis.de\/gsrautheim\/wp-json\/wp\/v2\/pages\/416","targetHints":{"allow":["GET"]}}],"collection":[{"href":"https:\/\/wordpress.nibis.de\/gsrautheim\/wp-json\/wp\/v2\/pages"}],"about":[{"href":"https:\/\/wordpress.nibis.de\/gsrautheim\/wp-json\/wp\/v2\/types\/page"}],"author":[{"embeddable":true,"href":"https:\/\/wordpress.nibis.de\/gsrautheim\/wp-json\/wp\/v2\/users\/635"}],"replies":[{"embeddable":true,"href":"https:\/\/wordpress.nibis.de\/gsrautheim\/wp-json\/wp\/v2\/comments?post=416"}],"version-history":[{"count":2,"href":"https:\/\/wordpress.nibis.de\/gsrautheim\/wp-json\/wp\/v2\/pages\/416\/revisions"}],"predecessor-version":[{"id":485,"href":"https:\/\/wordpress.nibis.de\/gsrautheim\/wp-json\/wp\/v2\/pages\/416\/revisions\/485"}],"wp:attachment":[{"href":"https:\/\/wordpress.nibis.de\/gsrautheim\/wp-json\/wp\/v2\/media?parent=416"}],"curies":[{"name":"wp","href":"https:\/\/api.w.org\/{rel}","templated":true}]}}