{"id":431,"date":"2014-12-01T19:44:23","date_gmt":"2014-12-01T18:44:23","guid":{"rendered":"http:\/\/wordpress.nibis.de\/gsrautheim\/?page_id=431"},"modified":"2014-12-01T21:16:51","modified_gmt":"2014-12-01T20:16:51","slug":"englisch","status":"publish","type":"page","link":"https:\/\/wordpress.nibis.de\/gsrautheim\/englisch\/","title":{"rendered":"Englisch"},"content":{"rendered":"<p><span style=\"font-family: tahoma,arial,helvetica,sans-serif;font-size: 10pt\">Ab der 3. Klasse werden zwei Stunden w\u00f6chentlich im Fach Englisch erteilt. In spielerischer Form erlernen die Sch\u00fclerinnen und Sch\u00fcler erste Vokabeln und Redewendungen. Eine Zensur wird erst im 4. Schuljahr erteilt.<\/span><\/p>\n<p><span style=\"font-size: 8pt;font-family: tahoma,arial,helvetica,sans-serif\"><span style=\"font-size: 10pt\">\u00a0<\/span><a href=\"http:\/\/wordpress.nibis.de\/gsrautheim\/files\/2014\/12\/Elternbrief-Englischunterricht-in-der-GS.pdf\">Elternbrief Englischunterricht<\/a><\/span><\/p>\n<p><span style=\"font-family: tahoma,arial,helvetica,sans-serif;font-size: 10pt\"><a href=\"http:\/\/wordpress.nibis.de\/gsrautheim\/a-bis-zett\/\">zur\u00fcck<\/a><\/span><\/p>\n","protected":false},"excerpt":{"rendered":"<p>Ab der 3. Klasse werden zwei Stunden w\u00f6chentlich im Fach Englisch erteilt. In spielerischer Form erlernen die Sch\u00fclerinnen und Sch\u00fcler erste Vokabeln und Redewendungen. Eine Zensur wird erst im 4. Schuljahr erteilt. \u00a0Elternbrief Englischunterricht zur\u00fcck<\/p>\n","protected":false},"author":635,"featured_media":0,"parent":0,"menu_order":0,"comment_status":"closed","ping_status":"closed","template":"","meta":{"footnotes":""},"class_list":["post-431","page","type-page","status-publish","hentry"],"_links":{"self":[{"href":"https:\/\/wordpress.nibis.de\/gsrautheim\/wp-json\/wp\/v2\/pages\/431","targetHints":{"allow":["GET"]}}],"collection":[{"href":"https:\/\/wordpress.nibis.de\/gsrautheim\/wp-json\/wp\/v2\/pages"}],"about":[{"href":"https:\/\/wordpress.nibis.de\/gsrautheim\/wp-json\/wp\/v2\/types\/page"}],"author":[{"embeddable":true,"href":"https:\/\/wordpress.nibis.de\/gsrautheim\/wp-json\/wp\/v2\/users\/635"}],"replies":[{"embeddable":true,"href":"https:\/\/wordpress.nibis.de\/gsrautheim\/wp-json\/wp\/v2\/comments?post=431"}],"version-history":[{"count":5,"href":"https:\/\/wordpress.nibis.de\/gsrautheim\/wp-json\/wp\/v2\/pages\/431\/revisions"}],"predecessor-version":[{"id":486,"href":"https:\/\/wordpress.nibis.de\/gsrautheim\/wp-json\/wp\/v2\/pages\/431\/revisions\/486"}],"wp:attachment":[{"href":"https:\/\/wordpress.nibis.de\/gsrautheim\/wp-json\/wp\/v2\/media?parent=431"}],"curies":[{"name":"wp","href":"https:\/\/api.w.org\/{rel}","templated":true}]}}