{"id":451,"date":"2014-12-01T20:18:40","date_gmt":"2014-12-01T19:18:40","guid":{"rendered":"http:\/\/wordpress.nibis.de\/gsrautheim\/?page_id=451"},"modified":"2014-12-01T20:18:40","modified_gmt":"2014-12-01T19:18:40","slug":"fruehstueck","status":"publish","type":"page","link":"https:\/\/wordpress.nibis.de\/gsrautheim\/fruehstueck\/","title":{"rendered":"Fr\u00fchst\u00fcck"},"content":{"rendered":"<p><span style=\"font-family: tahoma,arial,helvetica,sans-serif;font-size: 10pt\">Kinder und Lehrerinnen fr\u00fchst\u00fccken nach der 2. Stunde ab 9:45 Uhr im Klassenraum gemeinsam, so dass die Kinder in der anschlie\u00dfenden Hofpause ohne Brotdose und Trinkflasche spielen k\u00f6nnen. <\/span><\/p>\n<p><span style=\"font-family: tahoma,arial,helvetica,sans-serif;font-size: 10pt\">Wir bitten darum, gesunde Speisen und Getr\u00e4nke mit in die Schule zu bringen.<\/span><\/p>\n<p>&nbsp;<\/p>\n<p><a href=\"http:\/\/wordpress.nibis.de\/gsrautheim\/a-bis-zett\/\">zur\u00fcck<\/a><\/p>\n<p>&nbsp;<\/p>\n<p>&nbsp;<\/p>\n","protected":false},"excerpt":{"rendered":"<p>Kinder und Lehrerinnen fr\u00fchst\u00fccken nach der 2. Stunde ab 9:45 Uhr im Klassenraum gemeinsam, so dass die Kinder in der anschlie\u00dfenden Hofpause ohne Brotdose und Trinkflasche spielen k\u00f6nnen. Wir bitten darum, gesunde Speisen und Getr\u00e4nke mit in die Schule zu bringen. &nbsp; zur\u00fcck &nbsp; &nbsp;<\/p>\n","protected":false},"author":635,"featured_media":0,"parent":0,"menu_order":0,"comment_status":"closed","ping_status":"closed","template":"","meta":{"footnotes":""},"class_list":["post-451","page","type-page","status-publish","hentry"],"_links":{"self":[{"href":"https:\/\/wordpress.nibis.de\/gsrautheim\/wp-json\/wp\/v2\/pages\/451","targetHints":{"allow":["GET"]}}],"collection":[{"href":"https:\/\/wordpress.nibis.de\/gsrautheim\/wp-json\/wp\/v2\/pages"}],"about":[{"href":"https:\/\/wordpress.nibis.de\/gsrautheim\/wp-json\/wp\/v2\/types\/page"}],"author":[{"embeddable":true,"href":"https:\/\/wordpress.nibis.de\/gsrautheim\/wp-json\/wp\/v2\/users\/635"}],"replies":[{"embeddable":true,"href":"https:\/\/wordpress.nibis.de\/gsrautheim\/wp-json\/wp\/v2\/comments?post=451"}],"version-history":[{"count":1,"href":"https:\/\/wordpress.nibis.de\/gsrautheim\/wp-json\/wp\/v2\/pages\/451\/revisions"}],"predecessor-version":[{"id":452,"href":"https:\/\/wordpress.nibis.de\/gsrautheim\/wp-json\/wp\/v2\/pages\/451\/revisions\/452"}],"wp:attachment":[{"href":"https:\/\/wordpress.nibis.de\/gsrautheim\/wp-json\/wp\/v2\/media?parent=451"}],"curies":[{"name":"wp","href":"https:\/\/api.w.org\/{rel}","templated":true}]}}