{"id":455,"date":"2014-12-01T20:25:07","date_gmt":"2014-12-01T19:25:07","guid":{"rendered":"http:\/\/wordpress.nibis.de\/gsrautheim\/?page_id=455"},"modified":"2025-05-29T20:56:04","modified_gmt":"2025-05-29T19:56:04","slug":"handy","status":"publish","type":"page","link":"https:\/\/wordpress.nibis.de\/gsrautheim\/handy\/","title":{"rendered":"Handy"},"content":{"rendered":"<p><span style=\"font-family: tahoma,arial,helvetica,sans-serif;font-size: 10pt\">Die Sch\u00fclerinnen und Sch\u00fcler <span style=\"font-family: tahoma,arial,helvetica,sans-serif;font-size: 10pt\">d\u00fcrfen <\/span>gem\u00e4\u00df unserer Schulordnung <span style=\"font-family: tahoma,arial,helvetica,sans-serif;font-size: 10pt\">w\u00e4hrend des Schulbetriebs <\/span>keine Smartphones sowie keine elektrischen Ger\u00e4te in die Schule benutzen. Smartphones m\u00fcssen vor dem Betreten des Schulgel\u00e4ndes ausgestellt werden; die Einstellung &#8222;Schulmodus&#8220; gen\u00fcgt nicht.\u00a0<\/span><\/p>\n<p><a href=\"http:\/\/wordpress.nibis.de\/gsrautheim\/schulordnung\/\">Schulordnung<\/a><\/p>\n<p>&nbsp;<\/p>\n","protected":false},"excerpt":{"rendered":"<p>Die Sch\u00fclerinnen und Sch\u00fcler d\u00fcrfen gem\u00e4\u00df unserer Schulordnung w\u00e4hrend des Schulbetriebs keine Smartphones sowie keine elektrischen Ger\u00e4te in die Schule benutzen. Smartphones m\u00fcssen vor dem Betreten des Schulgel\u00e4ndes ausgestellt werden; die Einstellung &#8222;Schulmodus&#8220; gen\u00fcgt nicht.\u00a0 Schulordnung &nbsp;<\/p>\n","protected":false},"author":635,"featured_media":0,"parent":0,"menu_order":0,"comment_status":"closed","ping_status":"closed","template":"","meta":{"footnotes":""},"class_list":["post-455","page","type-page","status-publish","hentry"],"_links":{"self":[{"href":"https:\/\/wordpress.nibis.de\/gsrautheim\/wp-json\/wp\/v2\/pages\/455","targetHints":{"allow":["GET"]}}],"collection":[{"href":"https:\/\/wordpress.nibis.de\/gsrautheim\/wp-json\/wp\/v2\/pages"}],"about":[{"href":"https:\/\/wordpress.nibis.de\/gsrautheim\/wp-json\/wp\/v2\/types\/page"}],"author":[{"embeddable":true,"href":"https:\/\/wordpress.nibis.de\/gsrautheim\/wp-json\/wp\/v2\/users\/635"}],"replies":[{"embeddable":true,"href":"https:\/\/wordpress.nibis.de\/gsrautheim\/wp-json\/wp\/v2\/comments?post=455"}],"version-history":[{"count":4,"href":"https:\/\/wordpress.nibis.de\/gsrautheim\/wp-json\/wp\/v2\/pages\/455\/revisions"}],"predecessor-version":[{"id":6136,"href":"https:\/\/wordpress.nibis.de\/gsrautheim\/wp-json\/wp\/v2\/pages\/455\/revisions\/6136"}],"wp:attachment":[{"href":"https:\/\/wordpress.nibis.de\/gsrautheim\/wp-json\/wp\/v2\/media?parent=455"}],"curies":[{"name":"wp","href":"https:\/\/api.w.org\/{rel}","templated":true}]}}