{"id":4605,"date":"2021-05-04T16:21:43","date_gmt":"2021-05-04T14:21:43","guid":{"rendered":"https:\/\/wordpress.nibis.de\/gsrautheim\/?page_id=4605"},"modified":"2026-04-28T09:34:37","modified_gmt":"2026-04-28T08:34:37","slug":"einschulung-2","status":"publish","type":"page","link":"https:\/\/wordpress.nibis.de\/gsrautheim\/einschulung-2\/","title":{"rendered":"Schulanfang 2027"},"content":{"rendered":"<ul>\n<li><span style=\"font-family: tahoma, arial, helvetica, sans-serif;font-size: 14pt\"><span style=\"font-family: tahoma, arial, helvetica, sans-serif;font-size: 14pt\"><a href=\"https:\/\/wordpress.nibis.de\/gsrautheim\/files\/2026\/04\/Anmeldeformular_Einschulung2027.pdf\" target=\"_blank\" rel=\"noopener\">Anmeldeformular<\/a>\u00a0<\/span><\/span><\/li>\n<li><span style=\"font-family: tahoma, arial, helvetica, sans-serif;font-size: 14pt\"><span style=\"font-family: tahoma, arial, helvetica, sans-serif;font-size: 14pt\"><a href=\"https:\/\/www.braunschweig.de\/leben\/schule_bildung\/schulweg\/schuelerbefoerderung\/individualbefoerderung.php\" target=\"_blank\" rel=\"noopener\">Anmeldung\u00a0 zur &#8222;Taxibef\u00f6rderung&#8220;<\/a> (f\u00fcr Familien mit Wohnsitz in der Mastbruchsiedlung und im Baugebiet &#8222;HdL&#8220;)<\/span><\/span><\/li>\n<li><span style=\"font-size: 14pt\"><a href=\"https:\/\/wordpress.nibis.de\/gsrautheim\/files\/2026\/04\/ErklaerungZurSorgeberechtigung.pdf\" target=\"_blank\" rel=\"noopener\">Erkl\u00e4rung zur Sorgeberechtigung<\/a> f\u00fcr getrennt lebende Erziehungsberechtigte<br \/>\n<\/span><\/li>\n<\/ul>\n","protected":false},"excerpt":{"rendered":"<p>Anmeldeformular\u00a0 Anmeldung\u00a0 zur &#8222;Taxibef\u00f6rderung&#8220; (f\u00fcr Familien mit Wohnsitz in der Mastbruchsiedlung und im Baugebiet &#8222;HdL&#8220;) Erkl\u00e4rung zur Sorgeberechtigung f\u00fcr getrennt lebende Erziehungsberechtigte<\/p>\n","protected":false},"author":635,"featured_media":0,"parent":0,"menu_order":0,"comment_status":"closed","ping_status":"closed","template":"","meta":{"footnotes":""},"class_list":["post-4605","page","type-page","status-publish","hentry"],"_links":{"self":[{"href":"https:\/\/wordpress.nibis.de\/gsrautheim\/wp-json\/wp\/v2\/pages\/4605","targetHints":{"allow":["GET"]}}],"collection":[{"href":"https:\/\/wordpress.nibis.de\/gsrautheim\/wp-json\/wp\/v2\/pages"}],"about":[{"href":"https:\/\/wordpress.nibis.de\/gsrautheim\/wp-json\/wp\/v2\/types\/page"}],"author":[{"embeddable":true,"href":"https:\/\/wordpress.nibis.de\/gsrautheim\/wp-json\/wp\/v2\/users\/635"}],"replies":[{"embeddable":true,"href":"https:\/\/wordpress.nibis.de\/gsrautheim\/wp-json\/wp\/v2\/comments?post=4605"}],"version-history":[{"count":25,"href":"https:\/\/wordpress.nibis.de\/gsrautheim\/wp-json\/wp\/v2\/pages\/4605\/revisions"}],"predecessor-version":[{"id":6636,"href":"https:\/\/wordpress.nibis.de\/gsrautheim\/wp-json\/wp\/v2\/pages\/4605\/revisions\/6636"}],"wp:attachment":[{"href":"https:\/\/wordpress.nibis.de\/gsrautheim\/wp-json\/wp\/v2\/media?parent=4605"}],"curies":[{"name":"wp","href":"https:\/\/api.w.org\/{rel}","templated":true}]}}